 {"id":997,"date":"2024-09-06T17:46:50","date_gmt":"2024-09-06T17:46:50","guid":{"rendered":"https:\/\/papelulandia.es\/producto\/topper-de-gateau-personnalise-serie-marine\/"},"modified":"2025-10-28T15:26:45","modified_gmt":"2025-10-28T14:26:45","slug":"topper-de-gateau-personnalise-serie-marine","status":"publish","type":"product","link":"https:\/\/papelulandia.es\/fr\/Produit\/topper-de-gateau-personnalise-serie-marine\/","title":{"rendered":"Topper de G\u00e2teau Personnalis\u00e9 S\u00e9rie Marine"},"content":{"rendered":"<p>Topper de g\u00e2teau personnalis\u00e9 \u2013 Collection Marine<\/p>\n<ul>\n<li>Connais-tu un amoureux des Octonauts ? Tu cherches une fa\u00e7on unique et sp\u00e9ciale de d\u00e9corer le g\u00e2teau d\u2019anniversaire ? C\u2019est son jour, c\u00e9l\u00e8bre-le de mani\u00e8re inoubliable !<br \/>Ce topper de g\u00e2teau personnalis\u00e9 est con\u00e7u avec soin et tendresse pour cr\u00e9er un moment magique lors de sa journ\u00e9e la plus sp\u00e9ciale de l\u2019ann\u00e9e.   <\/li>\n<\/ul>\n<p>D\u00e9tails du produit :<\/p>\n<ul>\n<li>Mat\u00e9riaux : carton, papier, ac\u00e9tate. D\u00e9coup\u00e9 avec pr\u00e9cision pour une finition parfaite. <\/li>\n<li>Personnalisation : comprend le pr\u00e9nom et l\u2019\u00e2ge du protagoniste du jour.<\/li>\n<li>Design d\u00e9taill\u00e9 et attrayant : avec ses personnages pr\u00e9f\u00e9r\u00e9s !<\/li>\n<li>Taille approximative : 16 cm. <\/li>\n<\/ul>\n<p>Pourquoi choisir mes toppers de g\u00e2teau ?<\/p>\n<ul>\n<li>Uniques et artisanaux : chaque topper est cr\u00e9\u00e9 \u00e0 la main avec soin et d\u00e9licatesse.<\/li>\n<li>Faciles \u00e0 utiliser : Ils se plantent dans le g\u00e2teau \u00e0 l\u2019aide d\u2019un b\u00e2tonnet en vinyle et peuvent \u00eatre r\u00e9utilis\u00e9s pour plusieurs c\u00e9l\u00e9brations (\u00e0 la f\u00eate avec les amis, en famille, le jour de l\u2019anniversaire m\u00eame s\u2019il tombe un jour ouvrable et que vous ne pouvez pas le f\u00eater en grand\u2026). Ensuite, le b\u00e2tonnet peut \u00eatre retir\u00e9 pour utiliser le topper comme d\u00e9coration dans sa chambre. <\/li>\n<li>Design personnalis\u00e9 : Cr\u00e9ez ce moment sp\u00e9cial o\u00f9 il\/elle est le\/la protagoniste, en incluant son nom et son \u00e2ge. <\/li>\n<li>Durables, donnez-leur une seconde vie ! Apr\u00e8s l\u2019avoir utilis\u00e9 lors de la c\u00e9l\u00e9bration, retirez le b\u00e2tonnet transparent et utilisez l\u2019adh\u00e9sif au dos pour le coller sur un mur, une porte ou un meuble de sa chambre, afin de conserver le souvenir de son jour sp\u00e9cial. <\/li>\n<\/ul>\n<p>Faites de ce g\u00e2teau d\u2019anniversaire un moment encore plus sp\u00e9cial cette ann\u00e9e ! Parfait pour les f\u00eates d\u2019anniversaire, les anniversaires de mariage et plus encore. <\/p>\n<p>Ajoutez-le \u00e0 votre panier avec les informations de personnalisation et vous le recevrez bient\u00f4t \u00e0 domicile.<\/p>\n<p>Si la date d\u2019anniversaire est tr\u00e8s proche et que vous doutez de la livraison \u00e0 temps, envoyez-moi un message et nous trouverons la meilleure solution.<\/p>\n<p>Demandez-moi pour tout autre th\u00e8me qui vous int\u00e9resse.<\/p>\n","protected":false},"excerpt":{"rendered":"<p>Cake topper s\u00e9ries pour enfants. D\u00e9coration de g\u00e2teau personnalis\u00e9e. Anniversaires et c\u00e9l\u00e9brations. Moment unique. S\u00e9rie Marina. Anniversaire \u00e0 th\u00e8me.     <\/p>\n<p>Topper de g\u00e2teau personnalis\u00e9 \u2013 Collection Marine<\/p>\n<ul>\n<li>Connais-tu un amoureux des Octonauts ? Tu cherches une fa\u00e7on unique et sp\u00e9ciale de d\u00e9corer le g\u00e2teau d\u2019anniversaire ? C\u2019est son jour, c\u00e9l\u00e8bre-le de mani\u00e8re inoubliable !<br \/>Ce topper de g\u00e2teau personnalis\u00e9 est con\u00e7u avec soin et tendresse pour cr\u00e9er un moment magique lors de sa journ\u00e9e la plus sp\u00e9ciale de l\u2019ann\u00e9e.   <\/li>\n<\/ul>\n","protected":false},"featured_media":998,"comment_status":"open","ping_status":"closed","template":"","meta":{"_eb_attr":"","_uag_custom_page_level_css":"","site-sidebar-layout":"default","site-content-layout":"","ast-site-content-layout":"default","site-content-style":"default","site-sidebar-style":"default","ast-global-header-display":"","ast-banner-title-visibility":"","ast-main-header-display":"","ast-hfb-above-header-display":"","ast-hfb-below-header-display":"","ast-hfb-mobile-header-display":"","site-post-title":"","ast-breadcrumbs-content":"","ast-featured-img":"","footer-sml-layout":"","ast-disable-related-posts":"","theme-transparent-header-meta":"default","adv-header-id-meta":"","stick-header-meta":"","header-above-stick-meta":"","header-main-stick-meta":"","header-below-stick-meta":"","astra-migrate-meta-layouts":"set","ast-page-background-enabled":"default","ast-page-background-meta":{"desktop":{"background-color":"var(--ast-global-color-4)","background-image":"","background-repeat":"repeat","background-position":"center center","background-size":"auto","background-attachment":"scroll","background-type":"","background-media":"","overlay-type":"","overlay-color":"","overlay-opacity":"","overlay-gradient":""},"tablet":{"background-color":"","background-image":"","background-repeat":"repeat","background-position":"center center","background-size":"auto","background-attachment":"scroll","background-type":"","background-media":"","overlay-type":"","overlay-color":"","overlay-opacity":"","overlay-gradient":""},"mobile":{"background-color":"","background-image":"","background-repeat":"repeat","background-position":"center center","background-size":"auto","background-attachment":"scroll","background-type":"","background-media":"","overlay-type":"","overlay-color":"","overlay-opacity":"","overlay-gradient":""}},"ast-content-background-meta":{"desktop":{"background-color":"var(--ast-global-color-5)","background-image":"","background-repeat":"repeat","background-position":"center center","background-size":"auto","background-attachment":"scroll","background-type":"","background-media":"","overlay-type":"","overlay-color":"","overlay-opacity":"","overlay-gradient":""},"tablet":{"background-color":"var(--ast-global-color-5)","background-image":"","background-repeat":"repeat","background-position":"center center","background-size":"auto","background-attachment":"scroll","background-type":"","background-media":"","overlay-type":"","overlay-color":"","overlay-opacity":"","overlay-gradient":""},"mobile":{"background-color":"var(--ast-global-color-5)","background-image":"","background-repeat":"repeat","background-position":"center center","background-size":"auto","background-attachment":"scroll","background-type":"","background-media":"","overlay-type":"","overlay-color":"","overlay-opacity":"","overlay-gradient":""}},"advanced_seo_description":"","jetpack_seo_html_title":"","jetpack_seo_noindex":false},"product_brand":[60],"product_cat":[82],"product_tag":[84],"class_list":{"0":"post-997","1":"product","2":"type-product","3":"status-publish","4":"has-post-thumbnail","6":"product_brand-papelulandia","7":"product_cat-anniversaires-et-fetes","8":"product_tag-cake-toppers","9":"desktop-align-center","10":"tablet-align-left","11":"mobile-align-left","12":"tm-no-options","14":"first","15":"instock","16":"taxable","17":"shipping-taxable","18":"purchasable","19":"product-type-simple"},"uagb_featured_image_src":{"full":["https:\/\/papelulandia.es\/wp-content\/uploads\/2024\/09\/2024090619194715-e1725906724249.png",2636,2642,false],"thumbnail":["https:\/\/papelulandia.es\/wp-content\/uploads\/2024\/09\/2024090619194715-e1725906724249-150x150.png",150,150,true],"medium":["https:\/\/papelulandia.es\/wp-content\/uploads\/2024\/09\/2024090619194715-e1725906724249-300x300.png",300,300,true],"medium_large":["https:\/\/papelulandia.es\/wp-content\/uploads\/2024\/09\/2024090619194715-e1725906724249-768x770.png",768,770,true],"large":["https:\/\/papelulandia.es\/wp-content\/uploads\/2024\/09\/2024090619194715-e1725906724249-1022x1024.png",1022,1024,true],"1536x1536":["https:\/\/papelulandia.es\/wp-content\/uploads\/2024\/09\/2024090619194715-e1725906724249-1533x1536.png",1533,1536,true],"2048x2048":["https:\/\/papelulandia.es\/wp-content\/uploads\/2024\/09\/2024090619194715-e1725906724249-2043x2048.png",2043,2048,true],"woocommerce_thumbnail":["https:\/\/papelulandia.es\/wp-content\/uploads\/2024\/09\/2024090619194715-e1725906724249-300x300.png",300,300,true],"woocommerce_single":["https:\/\/papelulandia.es\/wp-content\/uploads\/2024\/09\/2024090619194715-e1725906724249-400x401.png",400,401,true],"woocommerce_gallery_thumbnail":["https:\/\/papelulandia.es\/wp-content\/uploads\/2024\/09\/2024090619194715-e1725906724249-100x100.png",100,100,true],"variation_swatches_image_size":["https:\/\/papelulandia.es\/wp-content\/uploads\/2024\/09\/2024090619194715-e1725906724249-50x50.png",50,50,true],"variation_swatches_tooltip_size":["https:\/\/papelulandia.es\/wp-content\/uploads\/2024\/09\/2024090619194715-e1725906724249-100x100.png",100,100,true],"dgwt-wcas-product-suggestion":["https:\/\/papelulandia.es\/wp-content\/uploads\/2024\/09\/2024090619194715-e1725906724249-64x64.png",64,64,true]},"uagb_author_info":{"display_name":"LUCIA DEL CAMPO GUTIERREZ","author_link":"https:\/\/papelulandia.es\/fr\/author\/"},"uagb_comment_info":0,"uagb_excerpt":"Cake topper s\u00e9ries pour enfants. D\u00e9coration de g\u00e2teau personnalis\u00e9e. Anniversaires et c\u00e9l\u00e9brations. Moment unique. S\u00e9rie Marina. Anniversaire \u00e0 th\u00e8me. Topper de g\u00e2teau personnalis\u00e9 \u2013 Collection Marine Connais-tu un amoureux des Octonauts ? Tu cherches une fa\u00e7on unique et sp\u00e9ciale de d\u00e9corer le g\u00e2teau d\u2019anniversaire ? C\u2019est son jour, c\u00e9l\u00e8bre-le de mani\u00e8re inoubliable !Ce topper de\u2026","jetpack_sharing_enabled":true,"_links":{"self":[{"href":"https:\/\/papelulandia.es\/fr\/wp-json\/wp\/v2\/product\/997","targetHints":{"allow":["GET"]}}],"collection":[{"href":"https:\/\/papelulandia.es\/fr\/wp-json\/wp\/v2\/product"}],"about":[{"href":"https:\/\/papelulandia.es\/fr\/wp-json\/wp\/v2\/types\/product"}],"replies":[{"embeddable":true,"href":"https:\/\/papelulandia.es\/fr\/wp-json\/wp\/v2\/comments?post=997"}],"wp:featuredmedia":[{"embeddable":true,"href":"https:\/\/papelulandia.es\/fr\/wp-json\/wp\/v2\/media\/998"}],"wp:attachment":[{"href":"https:\/\/papelulandia.es\/fr\/wp-json\/wp\/v2\/media?parent=997"}],"wp:term":[{"taxonomy":"product_brand","embeddable":true,"href":"https:\/\/papelulandia.es\/fr\/wp-json\/wp\/v2\/product_brand?post=997"},{"taxonomy":"product_cat","embeddable":true,"href":"https:\/\/papelulandia.es\/fr\/wp-json\/wp\/v2\/product_cat?post=997"},{"taxonomy":"product_tag","embeddable":true,"href":"https:\/\/papelulandia.es\/fr\/wp-json\/wp\/v2\/product_tag?post=997"}],"curies":[{"name":"wp","href":"https:\/\/api.w.org\/{rel}","templated":true}]}}