{"id":868,"date":"2024-08-31T21:44:47","date_gmt":"2024-08-31T20:44:47","guid":{"rendered":"https:\/\/papelulandia.es\/producto\/parchemin-en-papier-vieilli-personnalise\/"},"modified":"2026-05-13T22:03:45","modified_gmt":"2026-05-13T21:03:45","slug":"parchemin-en-papier-vieilli-personnalise","status":"publish","type":"product","link":"https:\/\/papelulandia.es\/fr\/produit\/parchemin-en-papier-vieilli-personnalise\/","title":{"rendered":"Parchemin artisanal personnalis\u00e9 su papier vieilli"},"content":{"rendered":"<h2>Parchemin personnalis\u00e9 sur papier vieilli fait a la main | Papelulandia<\/h2>\n<p>&nbsp;<\/p>\n<p>Parchemin personnalis\u00e9 fait \u00e0 la main sur papier vieilli, id\u00e9al pour les cadeaux, les mariages, les v\u0153ux de mariage, les remises de dipl\u00f4mes et les c\u00e9l\u00e9brations sp\u00e9ciales.<\/p>\n<p>Vous cherchez une fa\u00e7on unique et originale de rendre hommage \u00e0 une personne sp\u00e9ciale ? Vous voulez un parchemin fait main pour lire vos v\u0153ux le jour de votre mariage, \u00e9crire un discours inoubliable ou cr\u00e9er un livre de signatures original ? Vous souhaitez communiquer d&rsquo;une mani\u00e8re unique et particuli\u00e8re ? Avec ce magnifique parchemin en papier vieilli, vous surprendrez et rendrez unique ce moment sp\u00e9cial.  <\/p>\n<p>&nbsp;<\/p>\n<h2>Id\u00e9al pour les mariages, les cadeaux et les c\u00e9l\u00e9brations<\/h2>\n<p>&nbsp;<\/p>\n<ul>\n<li>Pour toutes sortes de c\u00e9l\u00e9brations : Parfait pour les mariages, les v\u0153ux de mariage, les anniversaires, les remises de dipl\u00f4mes, les d\u00e9parts \u00e0 la retraite, les invitations, les livres de signatures, les souvenirs personnalis\u00e9s, la Saint-Valentin, la f\u00eate des p\u00e8res, la f\u00eate des m\u00e8res et bien d&rsquo;autres c\u00e9l\u00e9brations sp\u00e9ciales.<\/li>\n<li>Fabriqu\u00e9 \u00e0 la main \u00e0 Papelulandia avec tous les d\u00e9tails et l&rsquo;amour pour cette personne qui m\u00e9rite tout et que vous avez \u00e0 l&rsquo;esprit : Chaque parchemin personnalis\u00e9 est fabriqu\u00e9 \u00e0 la main dans notre atelier en utilisant des techniques de vieillissement et des finitions uniques pour cr\u00e9er une pi\u00e8ce \u00e9l\u00e9gante, \u00e9motive et totalement personnalis\u00e9e.<\/li>\n<li>Il peut \u00e9galement \u00eatre utilis\u00e9 comme \u00e9l\u00e9ment d\u00e9coratif ou th\u00e9matique pour les salles d&rsquo;\u00e9vasion, les \u00e9v\u00e9nements m\u00e9di\u00e9vaux, les gymkhanas et les c\u00e9l\u00e9brations personnalis\u00e9es.<\/li>\n<\/ul>\n<p>Il est \u00e9galement possible de commander le parchemin sans texte ou avec un texte d&rsquo;introduction, afin que vous ou vos invit\u00e9s puissiez \u00e9crire leurs messages \u00e0 la main.<\/p>\n<ul>\n<li>Disponible dans toutes les tailles jusqu&rsquo;\u00e0 un maximum de 30\u00d760 cm, car nous le cr\u00e9ons sp\u00e9cialement pour vous. (Pour des longueurs plus importantes, veuillez nous contacter et nous vous ferons un devis). Au cours du processus d&rsquo;achat, s\u00e9lectionnez l&rsquo;option de taille qui convient le mieux \u00e0 votre commande et \u00e9crivez-nous pour nous faire part de vos questions afin que nous puissions pr\u00e9parer le cadeau id\u00e9al pour votre moment sp\u00e9cial.<\/li>\n<\/ul>\n<p>Livraisons dans toute l&rsquo;UE.<\/p>\n<ul>\n<li>Si la date est proche et que vous doutez qu&rsquo;il arrivera \u00e0 temps, \u00e9crivez-nous pour v\u00e9rifier si nous pouvons acc\u00e9l\u00e9rer les d\u00e9lais.<\/li>\n<\/ul>\n<h2>Pourquoi choisir Papelulandia ?<\/h2>\n<p>&nbsp;<\/p>\n<ul>\n<li>Parce que nous avons cr\u00e9\u00e9 Papelulandia pour fabriquer \u00e0 la main, dans un petit atelier, des pi\u00e8ces uniques qui font partie de ces moments privil\u00e9gi\u00e9s.<\/li>\n<\/ul>\n<p>Ajoute-le \u00e0 ton panier avec les informations de personnalisation et tu l&rsquo;auras bient\u00f4t chez toi \ud83d\ude42<\/p>\n<p>&nbsp;<\/p>\n<p>*Si la date de la c\u00e9l\u00e9bration est tr\u00e8s proche et que vous doutez qu&rsquo;elle arrive \u00e0 temps, demandez-nous par message et nous chercherons la meilleure alternative*.<\/p>\n<p>Combinez-les avec nos cadeaux personnalis\u00e9s et nos faveurs de mariage faites \u00e0 la main avec soin.<\/p>\n<p>&nbsp;<\/p>\n","protected":false},"excerpt":{"rendered":"<p>Parchemin personnalis\u00e9 en papier vieilli. Retraite, mariage, anniversaire, Saint-Valentin. M\u00e9di\u00e9vale. Livre d&rsquo;or, Votes. Th\u00e9\u00e2tre. Lettre. No\u00ebl. Message du P\u00e8re No\u00ebl. Message des Rois Mages. Message du P\u00e8re No\u00ebl.<\/p>\n","protected":false},"featured_media":874,"comment_status":"open","ping_status":"closed","template":"","meta":{"_eb_attr":"","_uag_custom_page_level_css":"","site-sidebar-layout":"default","site-content-layout":"","ast-site-content-layout":"default","site-content-style":"default","site-sidebar-style":"default","ast-global-header-display":"","ast-banner-title-visibility":"","ast-main-header-display":"","ast-hfb-above-header-display":"","ast-hfb-below-header-display":"","ast-hfb-mobile-header-display":"","site-post-title":"","ast-breadcrumbs-content":"","ast-featured-img":"","footer-sml-layout":"","ast-disable-related-posts":"","theme-transparent-header-meta":"default","adv-header-id-meta":"","stick-header-meta":"","header-above-stick-meta":"","header-main-stick-meta":"","header-below-stick-meta":"","astra-migrate-meta-layouts":"set","ast-page-background-enabled":"default","ast-page-background-meta":{"desktop":{"background-color":"var(--ast-global-color-4)","background-image":"","background-repeat":"repeat","background-position":"center center","background-size":"auto","background-attachment":"scroll","background-type":"","background-media":"","overlay-type":"","overlay-color":"","overlay-opacity":"","overlay-gradient":""},"tablet":{"background-color":"","background-image":"","background-repeat":"repeat","background-position":"center center","background-size":"auto","background-attachment":"scroll","background-type":"","background-media":"","overlay-type":"","overlay-color":"","overlay-opacity":"","overlay-gradient":""},"mobile":{"background-color":"","background-image":"","background-repeat":"repeat","background-position":"center center","background-size":"auto","background-attachment":"scroll","background-type":"","background-media":"","overlay-type":"","overlay-color":"","overlay-opacity":"","overlay-gradient":""}},"ast-content-background-meta":{"desktop":{"background-color":"var(--ast-global-color-5)","background-image":"","background-repeat":"repeat","background-position":"center center","background-size":"auto","background-attachment":"scroll","background-type":"","background-media":"","overlay-type":"","overlay-color":"","overlay-opacity":"","overlay-gradient":""},"tablet":{"background-color":"var(--ast-global-color-5)","background-image":"","background-repeat":"repeat","background-position":"center center","background-size":"auto","background-attachment":"scroll","background-type":"","background-media":"","overlay-type":"","overlay-color":"","overlay-opacity":"","overlay-gradient":""},"mobile":{"background-color":"var(--ast-global-color-5)","background-image":"","background-repeat":"repeat","background-position":"center center","background-size":"auto","background-attachment":"scroll","background-type":"","background-media":"","overlay-type":"","overlay-color":"","overlay-opacity":"","overlay-gradient":""}}},"product_brand":[],"product_cat":[95,94,93],"product_tag":[96,151],"class_list":{"0":"post-868","1":"product","2":"type-product","3":"status-publish","4":"has-post-thumbnail","6":"product_cat-commandes-speciales","7":"product_cat-mariage","8":"product_cat-parchemins-personnalises","9":"product_tag-livres-et-autres-articles-de-papeterie","10":"product_tag-parchemins","11":"desktop-align-center","12":"tablet-align-left","13":"mobile-align-left","14":"tm-has-options","16":"first","17":"instock","18":"taxable","19":"shipping-taxable","20":"purchasable","21":"product-type-variable"},"uagb_featured_image_src":{"full":["https:\/\/papelulandia.es\/wp-content\/uploads\/2024\/08\/PERGAMINO-GRANDE-1.webp",1024,1024,false],"thumbnail":["https:\/\/papelulandia.es\/wp-content\/uploads\/2024\/08\/PERGAMINO-GRANDE-1-150x150.webp",150,150,true],"medium":["https:\/\/papelulandia.es\/wp-content\/uploads\/2024\/08\/PERGAMINO-GRANDE-1-300x300.webp",300,300,true],"medium_large":["https:\/\/papelulandia.es\/wp-content\/uploads\/2024\/08\/PERGAMINO-GRANDE-1-768x768.webp",768,768,true],"large":["https:\/\/papelulandia.es\/wp-content\/uploads\/2024\/08\/PERGAMINO-GRANDE-1.webp",1024,1024,false],"1536x1536":["https:\/\/papelulandia.es\/wp-content\/uploads\/2024\/08\/PERGAMINO-GRANDE-1.webp",1024,1024,false],"2048x2048":["https:\/\/papelulandia.es\/wp-content\/uploads\/2024\/08\/PERGAMINO-GRANDE-1.webp",1024,1024,false],"woocommerce_thumbnail":["https:\/\/papelulandia.es\/wp-content\/uploads\/2024\/08\/PERGAMINO-GRANDE-1-300x300.webp",300,300,true],"woocommerce_single":["https:\/\/papelulandia.es\/wp-content\/uploads\/2024\/08\/PERGAMINO-GRANDE-1-400x400.webp",400,400,true],"woocommerce_gallery_thumbnail":["https:\/\/papelulandia.es\/wp-content\/uploads\/2024\/08\/PERGAMINO-GRANDE-1-100x100.webp",100,100,true],"variation_swatches_image_size":["https:\/\/papelulandia.es\/wp-content\/uploads\/2024\/08\/PERGAMINO-GRANDE-1.webp",50,50,false],"variation_swatches_tooltip_size":["https:\/\/papelulandia.es\/wp-content\/uploads\/2024\/08\/PERGAMINO-GRANDE-1.webp",100,100,false],"dgwt-wcas-product-suggestion":["https:\/\/papelulandia.es\/wp-content\/uploads\/2024\/08\/PERGAMINO-GRANDE-1-64x64.webp",64,64,true]},"uagb_author_info":{"display_name":"LUCIA DEL CAMPO GUTIERREZ","author_link":"https:\/\/papelulandia.es\/fr\/author\/"},"uagb_comment_info":1,"uagb_excerpt":"Parchemin personnalis\u00e9 en papier vieilli. Retraite, mariage, anniversaire, Saint-Valentin. M\u00e9di\u00e9vale. Livre d'or, Votes. Th\u00e9\u00e2tre. Lettre. No\u00ebl. Message du P\u00e8re No\u00ebl. Message des Rois Mages. Message du P\u00e8re No\u00ebl.","jetpack_sharing_enabled":true,"_links":{"self":[{"href":"https:\/\/papelulandia.es\/fr\/wp-json\/wp\/v2\/product\/868","targetHints":{"allow":["GET"]}}],"collection":[{"href":"https:\/\/papelulandia.es\/fr\/wp-json\/wp\/v2\/product"}],"about":[{"href":"https:\/\/papelulandia.es\/fr\/wp-json\/wp\/v2\/types\/product"}],"replies":[{"embeddable":true,"href":"https:\/\/papelulandia.es\/fr\/wp-json\/wp\/v2\/comments?post=868"}],"wp:featuredmedia":[{"embeddable":true,"href":"https:\/\/papelulandia.es\/fr\/wp-json\/wp\/v2\/media\/874"}],"wp:attachment":[{"href":"https:\/\/papelulandia.es\/fr\/wp-json\/wp\/v2\/media?parent=868"}],"wp:term":[{"taxonomy":"product_brand","embeddable":true,"href":"https:\/\/papelulandia.es\/fr\/wp-json\/wp\/v2\/product_brand?post=868"},{"taxonomy":"product_cat","embeddable":true,"href":"https:\/\/papelulandia.es\/fr\/wp-json\/wp\/v2\/product_cat?post=868"},{"taxonomy":"product_tag","embeddable":true,"href":"https:\/\/papelulandia.es\/fr\/wp-json\/wp\/v2\/product_tag?post=868"}],"curies":[{"name":"wp","href":"https:\/\/api.w.org\/{rel}","templated":true}]}}