{"id":3078,"date":"2026-05-09T10:18:33","date_gmt":"2026-05-09T09:18:33","guid":{"rendered":"https:\/\/papelulandia.es\/producto\/lettre-personnalisee-pour-mariage-realisee-sur-commande\/"},"modified":"2026-05-09T10:18:33","modified_gmt":"2026-05-09T09:18:33","slug":"lettre-personnalisee-pour-mariage-realisee-sur-commande","status":"publish","type":"product","link":"https:\/\/papelulandia.es\/fr\/Produit\/lettre-personnalisee-pour-mariage-realisee-sur-commande\/","title":{"rendered":"Lettre personnalis\u00e9e pour mariage, r\u00e9alis\u00e9e sur commande."},"content":{"rendered":"<p class=\"isSelectedEnd\">Lettre personnalis\u00e9e pour mariage, r\u00e9alis\u00e9e sur commande.<\/p>\n<p class=\"isSelectedEnd\">Cr\u00e9ation d&rsquo;une lettre \u00e9l\u00e9gante et raffin\u00e9e \u00e0 offrir ou \u00e0 lire avant le mariage, con\u00e7ue comme un souvenir personnel et intemporel.<\/p>\n<p class=\"isSelectedEnd\">Sur la base du texte et des indications d\u00e9j\u00e0 re\u00e7ues, je pr\u00e9parerai une proposition de composition adapt\u00e9e \u00e0 l&rsquo;esprit souhait\u00e9.<\/p>\n<p>Pr\u00e9sentation raffin\u00e9e, style romantique et savoir-faire.<\/p>\n","protected":false},"excerpt":{"rendered":"<p class=\"isSelectedEnd\">Lettre personnalis\u00e9e pour mariage, r\u00e9alis\u00e9e sur commande.<\/p>\n<p class=\"isSelectedEnd\">Cr\u00e9ation d&rsquo;une lettre \u00e9l\u00e9gante et raffin\u00e9e \u00e0 offrir ou \u00e0 lire avant le mariage, con\u00e7ue comme un souvenir personnel et intemporel.<\/p>\n<p class=\"isSelectedEnd\">Sur la base du texte et des indications d\u00e9j\u00e0 re\u00e7ues, je pr\u00e9parerai une proposition de composition adapt\u00e9e \u00e0 l&rsquo;esprit souhait\u00e9.<\/p>\n<p>Pr\u00e9sentation raffin\u00e9e, style romantique et savoir-faire.<\/p>\n","protected":false},"featured_media":804,"comment_status":"open","ping_status":"closed","template":"","meta":{"_eb_attr":"","_uag_custom_page_level_css":"","site-sidebar-layout":"default","site-content-layout":"","ast-site-content-layout":"default","site-content-style":"default","site-sidebar-style":"default","ast-global-header-display":"","ast-banner-title-visibility":"","ast-main-header-display":"","ast-hfb-above-header-display":"","ast-hfb-below-header-display":"","ast-hfb-mobile-header-display":"","site-post-title":"","ast-breadcrumbs-content":"","ast-featured-img":"","footer-sml-layout":"","ast-disable-related-posts":"","theme-transparent-header-meta":"default","adv-header-id-meta":"","stick-header-meta":"","header-above-stick-meta":"","header-main-stick-meta":"","header-below-stick-meta":"","astra-migrate-meta-layouts":"default","ast-page-background-enabled":"default","ast-page-background-meta":{"desktop":{"background-color":"var(--ast-global-color-4)","background-image":"","background-repeat":"repeat","background-position":"center center","background-size":"auto","background-attachment":"scroll","background-type":"","background-media":"","overlay-type":"","overlay-color":"","overlay-opacity":"","overlay-gradient":""},"tablet":{"background-color":"","background-image":"","background-repeat":"repeat","background-position":"center center","background-size":"auto","background-attachment":"scroll","background-type":"","background-media":"","overlay-type":"","overlay-color":"","overlay-opacity":"","overlay-gradient":""},"mobile":{"background-color":"","background-image":"","background-repeat":"repeat","background-position":"center center","background-size":"auto","background-attachment":"scroll","background-type":"","background-media":"","overlay-type":"","overlay-color":"","overlay-opacity":"","overlay-gradient":""}},"ast-content-background-meta":{"desktop":{"background-color":"var(--ast-global-color-5)","background-image":"","background-repeat":"repeat","background-position":"center center","background-size":"auto","background-attachment":"scroll","background-type":"","background-media":"","overlay-type":"","overlay-color":"","overlay-opacity":"","overlay-gradient":""},"tablet":{"background-color":"var(--ast-global-color-5)","background-image":"","background-repeat":"repeat","background-position":"center center","background-size":"auto","background-attachment":"scroll","background-type":"","background-media":"","overlay-type":"","overlay-color":"","overlay-opacity":"","overlay-gradient":""},"mobile":{"background-color":"var(--ast-global-color-5)","background-image":"","background-repeat":"repeat","background-position":"center center","background-size":"auto","background-attachment":"scroll","background-type":"","background-media":"","overlay-type":"","overlay-color":"","overlay-opacity":"","overlay-gradient":""}}},"product_brand":[],"product_cat":[94],"product_tag":[],"class_list":{"0":"post-3078","1":"product","2":"type-product","3":"status-publish","4":"has-post-thumbnail","6":"product_cat-mariage","7":"desktop-align-center","8":"tablet-align-left","9":"mobile-align-left","10":"tm-no-options","12":"first","13":"instock","14":"taxable","15":"shipping-taxable","16":"purchasable","17":"product-type-simple"},"uagb_featured_image_src":{"full":["https:\/\/papelulandia.es\/wp-content\/uploads\/2025\/09\/IMG-20250427-WA0002.avif",1134,2016,false],"thumbnail":["https:\/\/papelulandia.es\/wp-content\/uploads\/2025\/09\/IMG-20250427-WA0002-150x150.avif",150,150,true],"medium":["https:\/\/papelulandia.es\/wp-content\/uploads\/2025\/09\/IMG-20250427-WA0002-169x300.avif",169,300,true],"medium_large":["https:\/\/papelulandia.es\/wp-content\/uploads\/2025\/09\/IMG-20250427-WA0002-768x1365.avif",768,1365,true],"large":["https:\/\/papelulandia.es\/wp-content\/uploads\/2025\/09\/IMG-20250427-WA0002-576x1024.avif",576,1024,true],"1536x1536":["https:\/\/papelulandia.es\/wp-content\/uploads\/2025\/09\/IMG-20250427-WA0002-864x1536.avif",864,1536,true],"2048x2048":["https:\/\/papelulandia.es\/wp-content\/uploads\/2025\/09\/IMG-20250427-WA0002.avif",1134,2016,false],"woocommerce_thumbnail":["https:\/\/papelulandia.es\/wp-content\/uploads\/2025\/09\/IMG-20250427-WA0002-300x300.avif",300,300,true],"woocommerce_single":["https:\/\/papelulandia.es\/wp-content\/uploads\/2025\/09\/IMG-20250427-WA0002-400x711.avif",400,711,true],"woocommerce_gallery_thumbnail":["https:\/\/papelulandia.es\/wp-content\/uploads\/2025\/09\/IMG-20250427-WA0002-100x100.avif",100,100,true],"variation_swatches_image_size":["https:\/\/papelulandia.es\/wp-content\/uploads\/2025\/09\/IMG-20250427-WA0002-50x50.avif",50,50,true],"variation_swatches_tooltip_size":["https:\/\/papelulandia.es\/wp-content\/uploads\/2025\/09\/IMG-20250427-WA0002-100x100.avif",100,100,true],"dgwt-wcas-product-suggestion":["https:\/\/papelulandia.es\/wp-content\/uploads\/2025\/09\/IMG-20250427-WA0002-64x114.avif",64,114,true]},"uagb_author_info":{"display_name":"LUCIA DEL CAMPO GUTIERREZ","author_link":"https:\/\/papelulandia.es\/fr\/author\/"},"uagb_comment_info":0,"uagb_excerpt":"Lettre personnalis\u00e9e pour mariage, r\u00e9alis\u00e9e sur commande. Cr\u00e9ation d'une lettre \u00e9l\u00e9gante et raffin\u00e9e \u00e0 offrir ou \u00e0 lire avant le mariage, con\u00e7ue comme un souvenir personnel et intemporel. Sur la base du texte et des indications d\u00e9j\u00e0 re\u00e7ues, je pr\u00e9parerai une proposition de composition adapt\u00e9e \u00e0 l'esprit souhait\u00e9. Pr\u00e9sentation raffin\u00e9e, style romantique et savoir-faire.","jetpack_sharing_enabled":true,"_links":{"self":[{"href":"https:\/\/papelulandia.es\/fr\/wp-json\/wp\/v2\/product\/3078","targetHints":{"allow":["GET"]}}],"collection":[{"href":"https:\/\/papelulandia.es\/fr\/wp-json\/wp\/v2\/product"}],"about":[{"href":"https:\/\/papelulandia.es\/fr\/wp-json\/wp\/v2\/types\/product"}],"replies":[{"embeddable":true,"href":"https:\/\/papelulandia.es\/fr\/wp-json\/wp\/v2\/comments?post=3078"}],"wp:featuredmedia":[{"embeddable":true,"href":"https:\/\/papelulandia.es\/fr\/wp-json\/wp\/v2\/media\/804"}],"wp:attachment":[{"href":"https:\/\/papelulandia.es\/fr\/wp-json\/wp\/v2\/media?parent=3078"}],"wp:term":[{"taxonomy":"product_brand","embeddable":true,"href":"https:\/\/papelulandia.es\/fr\/wp-json\/wp\/v2\/product_brand?post=3078"},{"taxonomy":"product_cat","embeddable":true,"href":"https:\/\/papelulandia.es\/fr\/wp-json\/wp\/v2\/product_cat?post=3078"},{"taxonomy":"product_tag","embeddable":true,"href":"https:\/\/papelulandia.es\/fr\/wp-json\/wp\/v2\/product_tag?post=3078"}],"curies":[{"name":"wp","href":"https:\/\/api.w.org\/{rel}","templated":true}]}}