 {"id":3060,"date":"2026-05-04T20:35:39","date_gmt":"2026-05-04T19:35:39","guid":{"rendered":"https:\/\/papelulandia.es\/producto\/cadenas-personnalise-avec-nom-ou-texte-combinaison-de-lettres-cadeau-original-pour-couple-ou-mariage\/"},"modified":"2026-05-04T20:35:39","modified_gmt":"2026-05-04T19:35:39","slug":"cadenas-personnalise-avec-nom-ou-texte-combinaison-de-lettres-cadeau-original-pour-couple-ou-mariage","status":"publish","type":"product","link":"https:\/\/papelulandia.es\/fr\/Produit\/cadenas-personnalise-avec-nom-ou-texte-combinaison-de-lettres-cadeau-original-pour-couple-ou-mariage\/","title":{"rendered":"Cadenas personnalis\u00e9 avec nom ou texte | Combinaison de lettres | Cadeau original pour couple ou mariage"},"content":{"rendered":"<p>Il ne s&rsquo;agit pas d&rsquo;un simple cadenas. C&rsquo;est un mot qui ouvre votre histoire.<br \/>\nCombinez-la avec la bo\u00eete premium et votre parchemin personnalis\u00e9 et vous cr\u00e9erez un moment m\u00e9morable.<\/p>\n<p>Ce cadenas \u00e0 combinaison de lettres personnalis\u00e9 est con\u00e7u pour faire de l&rsquo;ouverture de votre cadeau un moment intriguant et inoubliable.<\/p>\n<p>Choisissez un mot significatif \u2013 comme AMOUR, FAMILLE ou TOUJOURS \u2013 et cr\u00e9ez un petit rituel avant de d\u00e9couvrir ce qu&rsquo;il contient.<\/p>\n<p><strong>COMMENT \u00c7A MARCHE<\/strong><\/p>\n<p>La serrure s&rsquo;ouvre en entrant le mot correct dans la combinaison.<br \/>\nUne fa\u00e7on unique d&rsquo;ajouter du sens, de la surprise et de l&rsquo;enthousiasme \u00e0 votre cadeau.<\/p>\n<p><strong>PERSONNALISATION<\/strong><\/p>\n<p>Vous pouvez choisir un mot de 9 lettres maximum :<\/p>\n<p>Noms, mots sp\u00e9ciaux, date, messages courts<\/p>\n<p>Exemples :<br \/>\nMAMA<br \/>\nAMOUR<br \/>\nTOUJOURS<br \/>\nAMITI\u00c9S<br \/>\nFAMILLE<br \/>\n12JUN18<\/p>\n<p><strong>CARACT\u00c9RISTIQUES<\/strong><\/p>\n<p>Cadenas \u00e0 combinaison de lettres personnalis\u00e9<br \/>\nComprend un syst\u00e8me de verrouillage compatible<br \/>\nFabriqu\u00e9 par impression 3D<br \/>\nMat\u00e9riau : PLA avec finition m\u00e9tallis\u00e9e<br \/>\nL\u00e9ger et \u00e9l\u00e9gant<\/p>\n<p><strong>2 TAILLES DISPONIBLES :<\/strong><br \/>\nChoisissez dans la bo\u00eete de personnalisation celle qui convient le mieux \u00e0 votre projet.<\/p>\n<p>LARGE : 13 cm \u00d7 4,5 cm \u00d7 1,5 cm<br \/>\nPETIT : 10 cm \u00d7 3,2 cm \u00d7 1 cm<\/p>\n<p><strong>IDEAL POUR<\/strong><\/p>\n<p>Bo\u00eetes cadeaux<br \/>\nMariage<br \/>\nAnniversaires<br \/>\nDemandes en mariage<br \/>\nCadeaux affectifs<\/p>\n<p><strong>IMPORTANT<\/strong><br \/>\nProduit d\u00e9coratif, pas un v\u00e9ritable syst\u00e8me de s\u00e9curit\u00e9.<br \/>\nChaque pi\u00e8ce est fabriqu\u00e9e sur commande. Il peut y avoir de l\u00e9g\u00e8res variations inh\u00e9rentes au processus artisanal.<\/p>\n<p><strong>  PRODUCTION<\/strong><br \/>\nChaque cadenas est cr\u00e9\u00e9 pour votre projet sp\u00e9cial. Les d\u00e9lais de production peuvent varier en fonction de la complexit\u00e9 du projet et de la charge de travail de l&rsquo;atelier, mais vous verrez la date de livraison estim\u00e9e lorsque vous s\u00e9lectionnerez le produit dans votre panier.<\/p>\n<p>Contactez-moi si vous avez besoin de le recevoir \u00e0 une date pr\u00e9cise et nous trouverons la meilleure solution possible.<\/p>\n<p><strong>EXP\u00c9DITION<\/strong><\/p>\n<p>Exp\u00e9dition dans toute l&rsquo;Europe.<br \/>\nLes commandes pass\u00e9es en dehors de l&rsquo;UE peuvent \u00eatre soumises \u00e0 des droits d&rsquo;importation.<\/p>\n<p>&nbsp;<\/p>\n<p>Si vous souhaitez cr\u00e9er quelque chose de vraiment sp\u00e9cial, je peux vous aider \u00e0 choisir le mot parfait.<\/p>\n","protected":false},"excerpt":{"rendered":"<p data-start=\"595\" data-end=\"772\">Cadenas personnalis\u00e9 avec nom ou mot secret. Cr\u00e9ez un cadeau unique pour les mariages, les anniversaires ou les couples. Mod\u00e8le original avec combinaison de lettres.<\/p>\n<p data-start=\"595\" data-end=\"772\"><strong data-start=\"595\" data-end=\"661\">Ce n&rsquo;est pas seulement une serrure, c&rsquo;est un mot qui ouvre une histoire.<\/strong><\/p>\n<p data-start=\"595\" data-end=\"772\">Personnalisez-le avec un nom, une date ou un message et faites de l&rsquo;ouverture de votre cadeau un moment inoubliable.<\/p>\n<p data-start=\"774\" data-end=\"822\">Id\u00e9al pour les mariages, les couples et les occasions sp\u00e9ciales de gymkhanas\/salles d&rsquo;\u00e9vasion.<\/p>\n","protected":false},"featured_media":3054,"comment_status":"open","ping_status":"closed","template":"","meta":{"_eb_attr":"","_uag_custom_page_level_css":"","site-sidebar-layout":"default","site-content-layout":"","ast-site-content-layout":"default","site-content-style":"default","site-sidebar-style":"default","ast-global-header-display":"","ast-banner-title-visibility":"","ast-main-header-display":"","ast-hfb-above-header-display":"","ast-hfb-below-header-display":"","ast-hfb-mobile-header-display":"","site-post-title":"","ast-breadcrumbs-content":"","ast-featured-img":"","footer-sml-layout":"","ast-disable-related-posts":"","theme-transparent-header-meta":"default","adv-header-id-meta":"","stick-header-meta":"","header-above-stick-meta":"","header-main-stick-meta":"","header-below-stick-meta":"","astra-migrate-meta-layouts":"default","ast-page-background-enabled":"default","ast-page-background-meta":{"desktop":{"background-color":"var(--ast-global-color-4)","background-image":"","background-repeat":"repeat","background-position":"center center","background-size":"auto","background-attachment":"scroll","background-type":"","background-media":"","overlay-type":"","overlay-color":"","overlay-opacity":"","overlay-gradient":""},"tablet":{"background-color":"","background-image":"","background-repeat":"repeat","background-position":"center center","background-size":"auto","background-attachment":"scroll","background-type":"","background-media":"","overlay-type":"","overlay-color":"","overlay-opacity":"","overlay-gradient":""},"mobile":{"background-color":"","background-image":"","background-repeat":"repeat","background-position":"center center","background-size":"auto","background-attachment":"scroll","background-type":"","background-media":"","overlay-type":"","overlay-color":"","overlay-opacity":"","overlay-gradient":""}},"ast-content-background-meta":{"desktop":{"background-color":"var(--ast-global-color-5)","background-image":"","background-repeat":"repeat","background-position":"center center","background-size":"auto","background-attachment":"scroll","background-type":"","background-media":"","overlay-type":"","overlay-color":"","overlay-opacity":"","overlay-gradient":""},"tablet":{"background-color":"var(--ast-global-color-5)","background-image":"","background-repeat":"repeat","background-position":"center center","background-size":"auto","background-attachment":"scroll","background-type":"","background-media":"","overlay-type":"","overlay-color":"","overlay-opacity":"","overlay-gradient":""},"mobile":{"background-color":"var(--ast-global-color-5)","background-image":"","background-repeat":"repeat","background-position":"center center","background-size":"auto","background-attachment":"scroll","background-type":"","background-media":"","overlay-type":"","overlay-color":"","overlay-opacity":"","overlay-gradient":""}},"advanced_seo_description":"","jetpack_seo_html_title":"","jetpack_seo_noindex":false},"product_brand":[],"product_cat":[95,94],"product_tag":[],"class_list":{"0":"post-3060","1":"product","2":"type-product","3":"status-publish","4":"has-post-thumbnail","6":"product_cat-commandes-speciales","7":"product_cat-mariage","8":"desktop-align-center","9":"tablet-align-left","10":"mobile-align-left","11":"tm-has-options","13":"first","14":"instock","15":"taxable","16":"shipping-taxable","17":"purchasable","18":"product-type-variable"},"uagb_featured_image_src":{"full":["https:\/\/papelulandia.es\/wp-content\/uploads\/2026\/05\/candado-principal-always.avif",595,608,false],"thumbnail":["https:\/\/papelulandia.es\/wp-content\/uploads\/2026\/05\/candado-principal-always-150x150.avif",150,150,true],"medium":["https:\/\/papelulandia.es\/wp-content\/uploads\/2026\/05\/candado-principal-always-294x300.avif",294,300,true],"medium_large":["https:\/\/papelulandia.es\/wp-content\/uploads\/2026\/05\/candado-principal-always.avif",595,608,false],"large":["https:\/\/papelulandia.es\/wp-content\/uploads\/2026\/05\/candado-principal-always.avif",595,608,false],"1536x1536":["https:\/\/papelulandia.es\/wp-content\/uploads\/2026\/05\/candado-principal-always.avif",595,608,false],"2048x2048":["https:\/\/papelulandia.es\/wp-content\/uploads\/2026\/05\/candado-principal-always.avif",595,608,false],"woocommerce_thumbnail":["https:\/\/papelulandia.es\/wp-content\/uploads\/2026\/05\/candado-principal-always-300x300.avif",300,300,true],"woocommerce_single":["https:\/\/papelulandia.es\/wp-content\/uploads\/2026\/05\/candado-principal-always-400x409.avif",400,409,true],"woocommerce_gallery_thumbnail":["https:\/\/papelulandia.es\/wp-content\/uploads\/2026\/05\/candado-principal-always-100x100.avif",100,100,true],"variation_swatches_image_size":["https:\/\/papelulandia.es\/wp-content\/uploads\/2026\/05\/candado-principal-always-50x50.avif",50,50,true],"variation_swatches_tooltip_size":["https:\/\/papelulandia.es\/wp-content\/uploads\/2026\/05\/candado-principal-always-100x100.avif",100,100,true],"dgwt-wcas-product-suggestion":["https:\/\/papelulandia.es\/wp-content\/uploads\/2026\/05\/candado-principal-always-64x65.avif",64,65,true]},"uagb_author_info":{"display_name":"LUCIA DEL CAMPO GUTIERREZ","author_link":"https:\/\/papelulandia.es\/fr\/author\/"},"uagb_comment_info":0,"uagb_excerpt":"Cadenas personnalis\u00e9 avec nom ou mot secret. Cr\u00e9ez un cadeau unique pour les mariages, les anniversaires ou les couples. Mod\u00e8le original avec combinaison de lettres. Ce n'est pas seulement une serrure, c'est un mot qui ouvre une histoire. Personnalisez-le avec un nom, une date ou un message et faites de l'ouverture de votre cadeau un\u2026","jetpack_sharing_enabled":true,"_links":{"self":[{"href":"https:\/\/papelulandia.es\/fr\/wp-json\/wp\/v2\/product\/3060","targetHints":{"allow":["GET"]}}],"collection":[{"href":"https:\/\/papelulandia.es\/fr\/wp-json\/wp\/v2\/product"}],"about":[{"href":"https:\/\/papelulandia.es\/fr\/wp-json\/wp\/v2\/types\/product"}],"replies":[{"embeddable":true,"href":"https:\/\/papelulandia.es\/fr\/wp-json\/wp\/v2\/comments?post=3060"}],"wp:featuredmedia":[{"embeddable":true,"href":"https:\/\/papelulandia.es\/fr\/wp-json\/wp\/v2\/media\/3054"}],"wp:attachment":[{"href":"https:\/\/papelulandia.es\/fr\/wp-json\/wp\/v2\/media?parent=3060"}],"wp:term":[{"taxonomy":"product_brand","embeddable":true,"href":"https:\/\/papelulandia.es\/fr\/wp-json\/wp\/v2\/product_brand?post=3060"},{"taxonomy":"product_cat","embeddable":true,"href":"https:\/\/papelulandia.es\/fr\/wp-json\/wp\/v2\/product_cat?post=3060"},{"taxonomy":"product_tag","embeddable":true,"href":"https:\/\/papelulandia.es\/fr\/wp-json\/wp\/v2\/product_tag?post=3060"}],"curies":[{"name":"wp","href":"https:\/\/api.w.org\/{rel}","templated":true}]}}