 {"id":2944,"date":"2026-04-27T08:33:40","date_gmt":"2026-04-27T07:33:40","guid":{"rendered":"https:\/\/papelulandia.es\/?post_type=product&#038;p=2944"},"modified":"2026-04-27T08:58:12","modified_gmt":"2026-04-27T07:58:12","slug":"parchemins-personnalises-en-papier-vieilli-copia-2","status":"publish","type":"product","link":"https:\/\/papelulandia.es\/fr\/Produit\/parchemins-personnalises-en-papier-vieilli-copia-2\/","title":{"rendered":"Commande sp\u00e9ciale : 2 unit\u00e9s \u00e9gales. Liste des 100 d\u00e9fis"},"content":{"rendered":"<p>Commande sp\u00e9ciale : 2 unit\u00e9s \u00e9gales. Texte tr\u00e8s long, \u00e9num\u00e9rant 100 d\u00e9fis. Chaque rouleau mesure 1 m de long.<\/p>\n<p>&nbsp;<\/p>\n<p>&#8212;&#8212;&#8212;&#8212;&#8212;&#8212;&#8212;&#8212;&#8212;&#8212;&#8212;&#8212;&#8212;&#8212;&#8212;&#8212;&#8212;&#8212;&#8212;&#8212;&#8212;&#8212;&#8212;&#8212;&#8212;&#8212;&#8212;&#8212;&#8212;&#8212;&#8212;&#8212;&#8212;&#8212;&#8212;&#8212;&#8212;&#8212;&#8212;&#8212;&#8212;&#8212;&#8212;<\/p>\n<p>Parchemin en papier personnalis\u00e9 \u00e0 offrir ou \u00e0 signer lors de vos c\u00e9l\u00e9brations.<\/p>\n<p>Vous cherchez une fa\u00e7on unique et originale de rendre hommage \u00e0 une personne sp\u00e9ciale ? Vous voulez un papier fait \u00e0 la main pour lire vos v\u0153ux le jour de votre mariage ? Vous voulez surprendre tout le monde avec votre discours de fin d&rsquo;\u00e9tudes ? Ou peut-\u00eatre un livre d&rsquo;or original ? Vous voulez communiquer d&rsquo;une fa\u00e7on unique et sp\u00e9ciale ? Avec ce magnifique rouleau de papier vieilli, vous surprendrez et rendrez ce moment unique.     <\/p>\n<ul>\n<li>Pour toutes sortes de c\u00e9l\u00e9brations : Dipl\u00f4me, Retraite, Mariage, Anniversaire, Invitations, Souvenirs, F\u00eate des p\u00e8res, F\u00eate des m\u00e8res, F\u00eate des grands-parents, Saint-Valentin, etc&#8230;<\/li>\n<li>Fabriqu\u00e9 \u00e0 la main en Papelulandia avec tous les d\u00e9tails et l&rsquo;amour pour cette personne qui m\u00e9rite tout et que vous avez \u00e0 l&rsquo;esprit.<\/li>\n<\/ul>\n<p>Il est \u00e9galement possible de commander le parchemin sans texte ou avec un texte d&rsquo;introduction, afin que vous ou vos invit\u00e9s puissiez \u00e9crire leurs messages \u00e0 la main.<\/p>\n<ul>\n<li>Disponible dans toutes les tailles jusqu&rsquo;\u00e0 un maximum de 30\u00d760 cm, car nous le cr\u00e9ons sp\u00e9cialement pour vous. (Pour des longueurs plus importantes, veuillez nous contacter et nous vous ferons un devis). Au cours du processus d&rsquo;achat, s\u00e9lectionnez l&rsquo;option de taille qui convient le mieux \u00e0 votre commande et \u00e9crivez-nous pour nous faire part de vos questions afin que nous puissions pr\u00e9parer le cadeau id\u00e9al pour votre moment sp\u00e9cial.<\/li>\n<\/ul>\n<p>Livraisons dans toute l&rsquo;UE.<\/p>\n<ul>\n<li>Si la date est proche et que vous doutez qu&rsquo;il arrivera \u00e0 temps, \u00e9crivez-nous pour v\u00e9rifier si nous pouvons acc\u00e9l\u00e9rer les d\u00e9lais.<\/li>\n<\/ul>\n<p>Pourquoi choisir nos produits ?<\/p>\n<ul>\n<li>Parce que nous avons cr\u00e9\u00e9 Papelulandia pour fabriquer \u00e0 la main, dans un petit atelier, des pi\u00e8ces uniques qui font partie de ces moments privil\u00e9gi\u00e9s.<\/li>\n<\/ul>\n<p>Ajoute-le \u00e0 ton panier avec les informations de personnalisation et tu l&rsquo;auras bient\u00f4t chez toi \ud83d\ude42<\/p>\n<p>*Si la date de la c\u00e9l\u00e9bration est tr\u00e8s proche et que vous doutez qu&rsquo;elle arrive \u00e0 temps, demandez-nous par message et nous chercherons la meilleure alternative*.<\/p>\n<p>&nbsp;<\/p>\n","protected":false},"excerpt":{"rendered":"<p>Commande sp\u00e9ciale : 2 unit\u00e9s \u00e9gales. Texte tr\u00e8s long, \u00e9num\u00e9rant 100 d\u00e9fis. Chaque rouleau mesure 1 m de long.<\/p>\n<p>&#8212;&#8212;&#8212;&#8212;&#8212;&#8212;&#8212;&#8212;&#8212;&#8212;&#8212;&#8212;&#8212;&#8212;&#8212;&#8212;&#8212;&#8212;&#8212;&#8212;&#8212;&#8212;&#8212;&#8212;&#8212;&#8212;&#8212;&#8212;&#8212;-<\/p>\n<p>Parchemin personnalis\u00e9 en papier vieilli. Retraite, mariage, anniversaire, Saint-Valentin. M\u00e9di\u00e9vale. Livre d&rsquo;or, Votes. Th\u00e9\u00e2tre. Lettre. No\u00ebl. Message du P\u00e8re No\u00ebl. Message des Rois Mages. Message du P\u00e8re No\u00ebl.<\/p>\n","protected":false},"featured_media":874,"comment_status":"open","ping_status":"closed","template":"","meta":{"_eb_attr":"","_uag_custom_page_level_css":"","site-sidebar-layout":"default","site-content-layout":"","ast-site-content-layout":"default","site-content-style":"default","site-sidebar-style":"default","ast-global-header-display":"","ast-banner-title-visibility":"","ast-main-header-display":"","ast-hfb-above-header-display":"","ast-hfb-below-header-display":"","ast-hfb-mobile-header-display":"","site-post-title":"","ast-breadcrumbs-content":"","ast-featured-img":"","footer-sml-layout":"","ast-disable-related-posts":"","theme-transparent-header-meta":"default","adv-header-id-meta":"","stick-header-meta":"","header-above-stick-meta":"","header-main-stick-meta":"","header-below-stick-meta":"","astra-migrate-meta-layouts":"set","ast-page-background-enabled":"default","ast-page-background-meta":{"desktop":{"background-color":"var(--ast-global-color-4)","background-image":"","background-repeat":"repeat","background-position":"center center","background-size":"auto","background-attachment":"scroll","background-type":"","background-media":"","overlay-type":"","overlay-color":"","overlay-opacity":"","overlay-gradient":""},"tablet":{"background-color":"","background-image":"","background-repeat":"repeat","background-position":"center center","background-size":"auto","background-attachment":"scroll","background-type":"","background-media":"","overlay-type":"","overlay-color":"","overlay-opacity":"","overlay-gradient":""},"mobile":{"background-color":"","background-image":"","background-repeat":"repeat","background-position":"center center","background-size":"auto","background-attachment":"scroll","background-type":"","background-media":"","overlay-type":"","overlay-color":"","overlay-opacity":"","overlay-gradient":""}},"ast-content-background-meta":{"desktop":{"background-color":"var(--ast-global-color-5)","background-image":"","background-repeat":"repeat","background-position":"center center","background-size":"auto","background-attachment":"scroll","background-type":"","background-media":"","overlay-type":"","overlay-color":"","overlay-opacity":"","overlay-gradient":""},"tablet":{"background-color":"var(--ast-global-color-5)","background-image":"","background-repeat":"repeat","background-position":"center center","background-size":"auto","background-attachment":"scroll","background-type":"","background-media":"","overlay-type":"","overlay-color":"","overlay-opacity":"","overlay-gradient":""},"mobile":{"background-color":"var(--ast-global-color-5)","background-image":"","background-repeat":"repeat","background-position":"center center","background-size":"auto","background-attachment":"scroll","background-type":"","background-media":"","overlay-type":"","overlay-color":"","overlay-opacity":"","overlay-gradient":""}},"advanced_seo_description":"","jetpack_seo_html_title":"","jetpack_seo_noindex":false},"product_brand":[],"product_cat":[95,94,93],"product_tag":[96,151],"class_list":{"0":"post-2944","1":"product","2":"type-product","3":"status-publish","4":"has-post-thumbnail","6":"product_cat-commandes-speciales","7":"product_cat-mariage","8":"product_cat-parchemins-personnalises","9":"product_tag-livres-et-autres-articles-de-papeterie","10":"product_tag-parchemins","11":"desktop-align-center","12":"tablet-align-left","13":"mobile-align-left","14":"tm-no-options","16":"first","17":"instock","18":"sale","19":"taxable","20":"shipping-taxable","21":"purchasable","22":"product-type-simple"},"uagb_featured_image_src":{"full":["https:\/\/papelulandia.es\/wp-content\/uploads\/2024\/08\/PERGAMINO-GRANDE-1.webp",1024,1024,false],"thumbnail":["https:\/\/papelulandia.es\/wp-content\/uploads\/2024\/08\/PERGAMINO-GRANDE-1-150x150.webp",150,150,true],"medium":["https:\/\/papelulandia.es\/wp-content\/uploads\/2024\/08\/PERGAMINO-GRANDE-1-300x300.webp",300,300,true],"medium_large":["https:\/\/papelulandia.es\/wp-content\/uploads\/2024\/08\/PERGAMINO-GRANDE-1-768x768.webp",768,768,true],"large":["https:\/\/papelulandia.es\/wp-content\/uploads\/2024\/08\/PERGAMINO-GRANDE-1.webp",1024,1024,false],"1536x1536":["https:\/\/papelulandia.es\/wp-content\/uploads\/2024\/08\/PERGAMINO-GRANDE-1.webp",1024,1024,false],"2048x2048":["https:\/\/papelulandia.es\/wp-content\/uploads\/2024\/08\/PERGAMINO-GRANDE-1.webp",1024,1024,false],"woocommerce_thumbnail":["https:\/\/papelulandia.es\/wp-content\/uploads\/2024\/08\/PERGAMINO-GRANDE-1-300x300.webp",300,300,true],"woocommerce_single":["https:\/\/papelulandia.es\/wp-content\/uploads\/2024\/08\/PERGAMINO-GRANDE-1-400x400.webp",400,400,true],"woocommerce_gallery_thumbnail":["https:\/\/papelulandia.es\/wp-content\/uploads\/2024\/08\/PERGAMINO-GRANDE-1-100x100.webp",100,100,true],"variation_swatches_image_size":["https:\/\/papelulandia.es\/wp-content\/uploads\/2024\/08\/PERGAMINO-GRANDE-1.webp",50,50,false],"variation_swatches_tooltip_size":["https:\/\/papelulandia.es\/wp-content\/uploads\/2024\/08\/PERGAMINO-GRANDE-1.webp",100,100,false],"dgwt-wcas-product-suggestion":["https:\/\/papelulandia.es\/wp-content\/uploads\/2024\/08\/PERGAMINO-GRANDE-1-64x64.webp",64,64,true]},"uagb_author_info":{"display_name":"LUCIA DEL CAMPO GUTIERREZ","author_link":"https:\/\/papelulandia.es\/fr\/author\/"},"uagb_comment_info":0,"uagb_excerpt":"Commande sp\u00e9ciale : 2 unit\u00e9s \u00e9gales. Texte tr\u00e8s long, \u00e9num\u00e9rant 100 d\u00e9fis. Chaque rouleau mesure 1 m de long. ---------------------------------------------------------------------------------------- Parchemin personnalis\u00e9 en papier vieilli. Retraite, mariage, anniversaire, Saint-Valentin. M\u00e9di\u00e9vale. Livre d'or, Votes. Th\u00e9\u00e2tre. Lettre. No\u00ebl. Message du P\u00e8re No\u00ebl. Message des Rois Mages. Message du P\u00e8re No\u00ebl.","jetpack_sharing_enabled":true,"_links":{"self":[{"href":"https:\/\/papelulandia.es\/fr\/wp-json\/wp\/v2\/product\/2944","targetHints":{"allow":["GET"]}}],"collection":[{"href":"https:\/\/papelulandia.es\/fr\/wp-json\/wp\/v2\/product"}],"about":[{"href":"https:\/\/papelulandia.es\/fr\/wp-json\/wp\/v2\/types\/product"}],"replies":[{"embeddable":true,"href":"https:\/\/papelulandia.es\/fr\/wp-json\/wp\/v2\/comments?post=2944"}],"wp:featuredmedia":[{"embeddable":true,"href":"https:\/\/papelulandia.es\/fr\/wp-json\/wp\/v2\/media\/874"}],"wp:attachment":[{"href":"https:\/\/papelulandia.es\/fr\/wp-json\/wp\/v2\/media?parent=2944"}],"wp:term":[{"taxonomy":"product_brand","embeddable":true,"href":"https:\/\/papelulandia.es\/fr\/wp-json\/wp\/v2\/product_brand?post=2944"},{"taxonomy":"product_cat","embeddable":true,"href":"https:\/\/papelulandia.es\/fr\/wp-json\/wp\/v2\/product_cat?post=2944"},{"taxonomy":"product_tag","embeddable":true,"href":"https:\/\/papelulandia.es\/fr\/wp-json\/wp\/v2\/product_tag?post=2944"}],"curies":[{"name":"wp","href":"https:\/\/api.w.org\/{rel}","templated":true}]}}