 {"id":2273,"date":"2024-08-31T19:44:08","date_gmt":"2024-08-31T19:44:08","guid":{"rendered":"https:\/\/papelulandia.es\/producto\/etiquettes-personnalisees-pour-la-premiere-communion\/"},"modified":"2024-08-31T19:44:08","modified_gmt":"2024-08-31T18:44:08","slug":"etiquettes-personnalisees-pour-la-premiere-communion","status":"publish","type":"product","link":"https:\/\/papelulandia.es\/fr\/Produit\/etiquettes-personnalisees-pour-la-premiere-communion\/","title":{"rendered":"\u00c9tiquettes personnalis\u00e9es pour la premi\u00e8re communion."},"content":{"rendered":"<p>\u00c9tiquettes de premi\u00e8re communion personnalis\u00e9es<\/p>\n<ul>\n<li>Vous cherchez une fa\u00e7on unique et sp\u00e9ciale de d\u00e9corer la c\u00e9l\u00e9bration de votre premi\u00e8re communion ou de votre bapt\u00eame ? C&rsquo;est un moment sp\u00e9cial, c\u00e9l\u00e9brez-le de mani\u00e8re inoubliable ! Ces \u00e9tiquettes personnalis\u00e9es de 9&#215;5 cm sont con\u00e7ues avec amour et soin pour cr\u00e9er un moment magique lors de l&rsquo;une des journ\u00e9es les plus importantes de votre enfant.<\/li>\n<\/ul>\n<p>D\u00e9tails du produit :<\/p>\n<ul>\n<li><strong>Quantit\u00e9 :<\/strong> comprend 18 unit\u00e9s.<\/li>\n<li><strong>Mat\u00e9riau :<\/strong> Papier photo brillant double face, feuille d&rsquo;or. Coupe de pr\u00e9cision pour une finition parfaite.<\/li>\n<li><strong>Personnalisation :<\/strong> Incluez le nom et la date de la c\u00e9l\u00e9bration. Il y a \u00e9galement un trou au dos pour que votre petit protagoniste puisse signer ses remerciements aux invit\u00e9s.<\/li>\n<li><strong>Conception personnalis\u00e9e :<\/strong> Si vous pr\u00e9f\u00e9rez un autre motif sp\u00e9cial \u00e0 la place de la croix avec la colombe, ou d&rsquo;autres couleurs coordonn\u00e9es avec le reste de la c\u00e9l\u00e9bration, \u00e9crivez-moi un message !<\/li>\n<li><strong>Dimensions approximatives :<\/strong> 9 x 4,5 cm.<\/li>\n<\/ul>\n<p>Pourquoi choisir mes \u00e9tiquettes ?<\/p>\n<ul>\n<li><strong>Unique et fait \u00e0 la main<\/strong>: dans mon petit atelier.<\/li>\n<li><strong>Facile \u00e0 utiliser :<\/strong> comprend une boucle pour accrocher les \u00e9tiquettes l\u00e0 o\u00f9 vous le souhaitez.<\/li>\n<li><strong>Conception personnalis\u00e9e :<\/strong> cr\u00e9ez un moment sp\u00e9cial o\u00f9 il\/elle est le\/la protagoniste, en incluant son nom et une date sp\u00e9ciale.<\/li>\n<li><strong>Donnez-lui une seconde vie :<\/strong> apr\u00e8s l&rsquo;avoir utilis\u00e9 lors de la f\u00eate, les invit\u00e9s peuvent conserver l&rsquo;\u00e9tiquette comme souvenir de la f\u00eate.<\/li>\n<\/ul>\n<p>&nbsp;<\/p>\n<ul>\n<li>Rendez leur premi\u00e8re communion encore plus sp\u00e9ciale en les faisant participer \u00e0 la <strong>signature de leurs \u00e9tiquettes<\/strong>!<\/li>\n<\/ul>\n<p>  Ajoutez-le \u00e0 votre panier avec les d\u00e9tails de personnalisation et vous l&rsquo;aurez bient\u00f4t chez vous \ud83d\ude42<\/p>\n<p>\u2013 Si la date de la c\u00e9l\u00e9bration est tr\u00e8s proche et que vous doutez qu&rsquo;elle arrivera \u00e0 temps, demandez-moi par message et nous chercherons la meilleure alternative.<\/p>\n<p><strong>N&rsquo;h\u00e9sitez pas \u00e0 me demander un th\u00e8me personnalis\u00e9.<\/strong><\/p>\n","protected":false},"excerpt":{"rendered":"<p>\u00c9tiquettes de premi\u00e8re communion personnalis\u00e9es Vous cherchez une fa\u00e7on unique et sp\u00e9ciale de d\u00e9corer la c\u00e9l\u00e9bration de votre premi\u00e8re communion [&hellip;]<\/p>\n","protected":false},"featured_media":2142,"comment_status":"open","ping_status":"closed","template":"","meta":{"_eb_attr":"","_uag_custom_page_level_css":"","site-sidebar-layout":"default","site-content-layout":"","ast-site-content-layout":"default","site-content-style":"default","site-sidebar-style":"default","ast-global-header-display":"","ast-banner-title-visibility":"","ast-main-header-display":"","ast-hfb-above-header-display":"","ast-hfb-below-header-display":"","ast-hfb-mobile-header-display":"","site-post-title":"","ast-breadcrumbs-content":"","ast-featured-img":"","footer-sml-layout":"","ast-disable-related-posts":"","theme-transparent-header-meta":"default","adv-header-id-meta":"","stick-header-meta":"","header-above-stick-meta":"","header-main-stick-meta":"","header-below-stick-meta":"","astra-migrate-meta-layouts":"default","ast-page-background-enabled":"default","ast-page-background-meta":{"desktop":{"background-color":"var(--ast-global-color-4)","background-image":"","background-repeat":"repeat","background-position":"center center","background-size":"auto","background-attachment":"scroll","background-type":"","background-media":"","overlay-type":"","overlay-color":"","overlay-opacity":"","overlay-gradient":""},"tablet":{"background-color":"","background-image":"","background-repeat":"repeat","background-position":"center center","background-size":"auto","background-attachment":"scroll","background-type":"","background-media":"","overlay-type":"","overlay-color":"","overlay-opacity":"","overlay-gradient":""},"mobile":{"background-color":"","background-image":"","background-repeat":"repeat","background-position":"center center","background-size":"auto","background-attachment":"scroll","background-type":"","background-media":"","overlay-type":"","overlay-color":"","overlay-opacity":"","overlay-gradient":""}},"ast-content-background-meta":{"desktop":{"background-color":"var(--ast-global-color-5)","background-image":"","background-repeat":"repeat","background-position":"center center","background-size":"auto","background-attachment":"scroll","background-type":"","background-media":"","overlay-type":"","overlay-color":"","overlay-opacity":"","overlay-gradient":""},"tablet":{"background-color":"var(--ast-global-color-5)","background-image":"","background-repeat":"repeat","background-position":"center center","background-size":"auto","background-attachment":"scroll","background-type":"","background-media":"","overlay-type":"","overlay-color":"","overlay-opacity":"","overlay-gradient":""},"mobile":{"background-color":"var(--ast-global-color-5)","background-image":"","background-repeat":"repeat","background-position":"center center","background-size":"auto","background-attachment":"scroll","background-type":"","background-media":"","overlay-type":"","overlay-color":"","overlay-opacity":"","overlay-gradient":""}},"advanced_seo_description":"","jetpack_seo_html_title":"","jetpack_seo_noindex":false},"product_brand":[],"product_cat":[103],"product_tag":[132],"class_list":{"0":"post-2273","1":"product","2":"type-product","3":"status-publish","4":"has-post-thumbnail","6":"product_cat-premiere-communion","7":"product_tag-etiquettes-personnalisees","8":"desktop-align-center","9":"tablet-align-left","10":"mobile-align-left","12":"first","13":"instock","14":"taxable","15":"shipping-taxable","16":"purchasable","17":"product-type-simple"},"uagb_featured_image_src":{"full":["https:\/\/papelulandia.es\/wp-content\/uploads\/2024\/08\/ETIQUETAS-EVENTOS-9CM-1.webp",1200,1600,false],"thumbnail":["https:\/\/papelulandia.es\/wp-content\/uploads\/2024\/08\/ETIQUETAS-EVENTOS-9CM-1-150x150.webp",150,150,true],"medium":["https:\/\/papelulandia.es\/wp-content\/uploads\/2024\/08\/ETIQUETAS-EVENTOS-9CM-1-225x300.webp",225,300,true],"medium_large":["https:\/\/papelulandia.es\/wp-content\/uploads\/2024\/08\/ETIQUETAS-EVENTOS-9CM-1-768x1024.webp",768,1024,true],"large":["https:\/\/papelulandia.es\/wp-content\/uploads\/2024\/08\/ETIQUETAS-EVENTOS-9CM-1-768x1024.webp",768,1024,true],"1536x1536":["https:\/\/papelulandia.es\/wp-content\/uploads\/2024\/08\/ETIQUETAS-EVENTOS-9CM-1-1152x1536.webp",1152,1536,true],"2048x2048":["https:\/\/papelulandia.es\/wp-content\/uploads\/2024\/08\/ETIQUETAS-EVENTOS-9CM-1.webp",1200,1600,false],"woocommerce_thumbnail":["https:\/\/papelulandia.es\/wp-content\/uploads\/2024\/08\/ETIQUETAS-EVENTOS-9CM-1-300x300.webp",300,300,true],"woocommerce_single":["https:\/\/papelulandia.es\/wp-content\/uploads\/2024\/08\/ETIQUETAS-EVENTOS-9CM-1-400x533.webp",400,533,true],"woocommerce_gallery_thumbnail":["https:\/\/papelulandia.es\/wp-content\/uploads\/2024\/08\/ETIQUETAS-EVENTOS-9CM-1-100x100.webp",100,100,true],"variation_swatches_image_size":["https:\/\/papelulandia.es\/wp-content\/uploads\/2024\/08\/ETIQUETAS-EVENTOS-9CM-1.webp",38,50,false],"variation_swatches_tooltip_size":["https:\/\/papelulandia.es\/wp-content\/uploads\/2024\/08\/ETIQUETAS-EVENTOS-9CM-1.webp",75,100,false],"dgwt-wcas-product-suggestion":["https:\/\/papelulandia.es\/wp-content\/uploads\/2024\/08\/ETIQUETAS-EVENTOS-9CM-1-64x85.webp",64,85,true]},"uagb_author_info":{"display_name":"LUCIA DEL CAMPO GUTIERREZ","author_link":"https:\/\/papelulandia.es\/fr\/author\/"},"uagb_comment_info":0,"uagb_excerpt":"\u00c9tiquettes de premi\u00e8re communion personnalis\u00e9es Vous cherchez une fa\u00e7on unique et sp\u00e9ciale de d\u00e9corer la c\u00e9l\u00e9bration de votre premi\u00e8re communion [&hellip;]","jetpack_sharing_enabled":true,"_links":{"self":[{"href":"https:\/\/papelulandia.es\/fr\/wp-json\/wp\/v2\/product\/2273","targetHints":{"allow":["GET"]}}],"collection":[{"href":"https:\/\/papelulandia.es\/fr\/wp-json\/wp\/v2\/product"}],"about":[{"href":"https:\/\/papelulandia.es\/fr\/wp-json\/wp\/v2\/types\/product"}],"replies":[{"embeddable":true,"href":"https:\/\/papelulandia.es\/fr\/wp-json\/wp\/v2\/comments?post=2273"}],"wp:featuredmedia":[{"embeddable":true,"href":"https:\/\/papelulandia.es\/fr\/wp-json\/wp\/v2\/media\/2142"}],"wp:attachment":[{"href":"https:\/\/papelulandia.es\/fr\/wp-json\/wp\/v2\/media?parent=2273"}],"wp:term":[{"taxonomy":"product_brand","embeddable":true,"href":"https:\/\/papelulandia.es\/fr\/wp-json\/wp\/v2\/product_brand?post=2273"},{"taxonomy":"product_cat","embeddable":true,"href":"https:\/\/papelulandia.es\/fr\/wp-json\/wp\/v2\/product_cat?post=2273"},{"taxonomy":"product_tag","embeddable":true,"href":"https:\/\/papelulandia.es\/fr\/wp-json\/wp\/v2\/product_tag?post=2273"}],"curies":[{"name":"wp","href":"https:\/\/api.w.org\/{rel}","templated":true}]}}