 {"id":2015,"date":"2025-06-12T10:52:07","date_gmt":"2025-06-12T09:52:07","guid":{"rendered":"https:\/\/papelulandia.es\/producto\/inspiration-personnalisee-pour-le-point-de-fanion\/"},"modified":"2025-06-12T10:52:07","modified_gmt":"2025-06-12T09:52:07","slug":"inspiration-personnalisee-pour-le-point-de-fanion","status":"publish","type":"product","link":"https:\/\/papelulandia.es\/fr\/Produit\/inspiration-personnalisee-pour-le-point-de-fanion\/","title":{"rendered":"Inspiration personnalis\u00e9e pour le point de fanion"},"content":{"rendered":"<p>  Fanion personnalis\u00e9 pour d\u00e9coration d&rsquo;anniversaire<\/p>\n<ul>\n<li>Connaissez-vous quelqu&rsquo;un qui est amoureux de ce petit extraterrestre ? Vous cherchez une fa\u00e7on unique et sp\u00e9ciale de d\u00e9corer la f\u00eate d&rsquo;anniversaire ? C&rsquo;est votre anniversaire, c\u00e9l\u00e9brez-le de mani\u00e8re inoubliable ! Ce fanion personnalis\u00e9 est con\u00e7u avec amour et soin pour cr\u00e9er un moment magique le jour le plus important de l&rsquo;ann\u00e9e.\ud83e\udeb8<\/li>\n<\/ul>\n<p>D\u00e9tails du produit :<\/p>\n<ul>\n<li>Mat\u00e9riau : carton, papier, ruban adh\u00e9sif. Coupe de pr\u00e9cision pour une finition parfaite.<\/li>\n<li>Personnalisation : Incluez le nom du protagoniste de la journ\u00e9e.<\/li>\n<li>Design d\u00e9taill\u00e9 et attrayant : Avec ses personnages pr\u00e9f\u00e9r\u00e9s !<\/li>\n<\/ul>\n<p>  Pourquoi choisir mes produits ?<\/p>\n<ul>\n<li>Unique et fait \u00e0 la main : Chaque fanion est unique et d\u00e9licatement fait \u00e0 la main.<\/li>\n<li>Facile \u00e0 utiliser : Un ruban d&rsquo;environ 2m. est inclus et peut \u00eatre accroch\u00e9 aux extr\u00e9mit\u00e9s du ruban. Si vous avez besoin d&rsquo;une autre longueur n&rsquo;h\u00e9sitez pas \u00e0 l&rsquo;indiquer dans la personnalisation, je peux la modifier pour vous. Il peut \u00eatre utilis\u00e9 dans plusieurs c\u00e9l\u00e9brations : dans la f\u00eate avec les amis, avec la famille, le jour de l&rsquo;anniversaire m\u00eame s&rsquo;il tombe un jour ouvrable et que vous ne pouvez pas le f\u00eater en grand&#8230;     <\/li>\n<li>Design personnalis\u00e9 : Cr\u00e9ez un moment sp\u00e9cial dont il est le protagoniste, en incluant son nom, sa date d&rsquo;anniversaire ou les lettres de votre choix.  <\/li>\n<li>Durable, donnez-lui une seconde vie : il peut \u00e9galement \u00eatre plac\u00e9 comme d\u00e9coration dans votre chambre si vous indiquez votre nom, et si vous indiquez le nombre d&rsquo;ann\u00e9es, vous pouvez retirer la pi\u00e8ce apr\u00e8s la c\u00e9l\u00e9bration et laisser le reste comme d\u00e9coration.  <\/li>\n<\/ul>\n<p>Rendez son anniversaire encore plus sp\u00e9cial cette ann\u00e9e ! Parfait pour les f\u00eates d&rsquo;anniversaire, les anniversaires et bien plus encore. <\/p>\n<p>  Ajoutez-le \u00e0 votre panier avec les d\u00e9tails de personnalisation et vous l&rsquo;aurez bient\u00f4t chez vous.<\/p>\n<p>  Si la date de l&rsquo;anniversaire est tr\u00e8s proche et que vous doutez qu&rsquo;il arrive \u00e0 temps, demandez-moi par message et nous chercherons la meilleure alternative.<\/p>\n<p>  Demandez-moi tout autre th\u00e8me qui vous int\u00e9resse, je les cr\u00e9erai pour votre \u00e9v\u00e9nement avec beaucoup d&rsquo;amour.<\/p>\n","protected":false},"excerpt":{"rendered":"<p>Banni\u00e8res de s\u00e9ries pour enfants. D\u00e9corations de f\u00eates personnalis\u00e9es. D\u00e9coration d&rsquo;anniversaires et de f\u00eates. Moments uniques.   <\/p>\n","protected":false},"featured_media":1222,"comment_status":"closed","ping_status":"closed","template":"","meta":{"_eb_attr":"","_uag_custom_page_level_css":"","site-sidebar-layout":"default","site-content-layout":"","ast-site-content-layout":"default","site-content-style":"default","site-sidebar-style":"default","ast-global-header-display":"","ast-banner-title-visibility":"","ast-main-header-display":"","ast-hfb-above-header-display":"","ast-hfb-below-header-display":"","ast-hfb-mobile-header-display":"","site-post-title":"","ast-breadcrumbs-content":"","ast-featured-img":"","footer-sml-layout":"","ast-disable-related-posts":"","theme-transparent-header-meta":"default","adv-header-id-meta":"","stick-header-meta":"","header-above-stick-meta":"","header-main-stick-meta":"","header-below-stick-meta":"","astra-migrate-meta-layouts":"default","ast-page-background-enabled":"default","ast-page-background-meta":{"desktop":{"background-color":"var(--ast-global-color-4)","background-image":"","background-repeat":"repeat","background-position":"center center","background-size":"auto","background-attachment":"scroll","background-type":"","background-media":"","overlay-type":"","overlay-color":"","overlay-opacity":"","overlay-gradient":""},"tablet":{"background-color":"","background-image":"","background-repeat":"repeat","background-position":"center center","background-size":"auto","background-attachment":"scroll","background-type":"","background-media":"","overlay-type":"","overlay-color":"","overlay-opacity":"","overlay-gradient":""},"mobile":{"background-color":"","background-image":"","background-repeat":"repeat","background-position":"center center","background-size":"auto","background-attachment":"scroll","background-type":"","background-media":"","overlay-type":"","overlay-color":"","overlay-opacity":"","overlay-gradient":""}},"ast-content-background-meta":{"desktop":{"background-color":"var(--ast-global-color-5)","background-image":"","background-repeat":"repeat","background-position":"center center","background-size":"auto","background-attachment":"scroll","background-type":"","background-media":"","overlay-type":"","overlay-color":"","overlay-opacity":"","overlay-gradient":""},"tablet":{"background-color":"var(--ast-global-color-5)","background-image":"","background-repeat":"repeat","background-position":"center center","background-size":"auto","background-attachment":"scroll","background-type":"","background-media":"","overlay-type":"","overlay-color":"","overlay-opacity":"","overlay-gradient":""},"mobile":{"background-color":"var(--ast-global-color-5)","background-image":"","background-repeat":"repeat","background-position":"center center","background-size":"auto","background-attachment":"scroll","background-type":"","background-media":"","overlay-type":"","overlay-color":"","overlay-opacity":"","overlay-gradient":""}},"advanced_seo_description":"","jetpack_seo_html_title":"","jetpack_seo_noindex":false},"product_brand":[60],"product_cat":[82],"product_tag":[126],"class_list":{"0":"post-2015","1":"product","2":"type-product","3":"status-publish","4":"has-post-thumbnail","6":"product_brand-papelulandia","7":"product_cat-anniversaires-et-fetes","8":"product_tag-fanions","9":"desktop-align-center","10":"tablet-align-left","11":"mobile-align-left","12":"tm-no-options","14":"first","15":"instock","16":"taxable","17":"shipping-taxable","18":"purchasable","19":"product-type-variable"},"uagb_featured_image_src":{"full":["https:\/\/papelulandia.es\/wp-content\/uploads\/2025\/04\/IMG_20250224_122000.avif",1134,1512,false],"thumbnail":["https:\/\/papelulandia.es\/wp-content\/uploads\/2025\/04\/IMG_20250224_122000-150x150.avif",150,150,true],"medium":["https:\/\/papelulandia.es\/wp-content\/uploads\/2025\/04\/IMG_20250224_122000-225x300.avif",225,300,true],"medium_large":["https:\/\/papelulandia.es\/wp-content\/uploads\/2025\/04\/IMG_20250224_122000-768x1024.avif",768,1024,true],"large":["https:\/\/papelulandia.es\/wp-content\/uploads\/2025\/04\/IMG_20250224_122000-768x1024.avif",768,1024,true],"1536x1536":["https:\/\/papelulandia.es\/wp-content\/uploads\/2025\/04\/IMG_20250224_122000.avif",1134,1512,false],"2048x2048":["https:\/\/papelulandia.es\/wp-content\/uploads\/2025\/04\/IMG_20250224_122000.avif",1134,1512,false],"woocommerce_thumbnail":["https:\/\/papelulandia.es\/wp-content\/uploads\/2025\/04\/IMG_20250224_122000-300x300.avif",300,300,true],"woocommerce_single":["https:\/\/papelulandia.es\/wp-content\/uploads\/2025\/04\/IMG_20250224_122000-400x533.avif",400,533,true],"woocommerce_gallery_thumbnail":["https:\/\/papelulandia.es\/wp-content\/uploads\/2025\/04\/IMG_20250224_122000-100x100.avif",100,100,true],"variation_swatches_image_size":["https:\/\/papelulandia.es\/wp-content\/uploads\/2025\/04\/IMG_20250224_122000-50x50.avif",50,50,true],"variation_swatches_tooltip_size":["https:\/\/papelulandia.es\/wp-content\/uploads\/2025\/04\/IMG_20250224_122000-100x100.avif",100,100,true],"dgwt-wcas-product-suggestion":["https:\/\/papelulandia.es\/wp-content\/uploads\/2025\/04\/IMG_20250224_122000-64x85.avif",64,85,true]},"uagb_author_info":{"display_name":"LUCIA DEL CAMPO GUTIERREZ","author_link":"https:\/\/papelulandia.es\/fr\/author\/"},"uagb_comment_info":0,"uagb_excerpt":"Banni\u00e8res de s\u00e9ries pour enfants. D\u00e9corations de f\u00eates personnalis\u00e9es. D\u00e9coration d'anniversaires et de f\u00eates. Moments uniques.","jetpack_sharing_enabled":true,"_links":{"self":[{"href":"https:\/\/papelulandia.es\/fr\/wp-json\/wp\/v2\/product\/2015","targetHints":{"allow":["GET"]}}],"collection":[{"href":"https:\/\/papelulandia.es\/fr\/wp-json\/wp\/v2\/product"}],"about":[{"href":"https:\/\/papelulandia.es\/fr\/wp-json\/wp\/v2\/types\/product"}],"replies":[{"embeddable":true,"href":"https:\/\/papelulandia.es\/fr\/wp-json\/wp\/v2\/comments?post=2015"}],"wp:featuredmedia":[{"embeddable":true,"href":"https:\/\/papelulandia.es\/fr\/wp-json\/wp\/v2\/media\/1222"}],"wp:attachment":[{"href":"https:\/\/papelulandia.es\/fr\/wp-json\/wp\/v2\/media?parent=2015"}],"wp:term":[{"taxonomy":"product_brand","embeddable":true,"href":"https:\/\/papelulandia.es\/fr\/wp-json\/wp\/v2\/product_brand?post=2015"},{"taxonomy":"product_cat","embeddable":true,"href":"https:\/\/papelulandia.es\/fr\/wp-json\/wp\/v2\/product_cat?post=2015"},{"taxonomy":"product_tag","embeddable":true,"href":"https:\/\/papelulandia.es\/fr\/wp-json\/wp\/v2\/product_tag?post=2015"}],"curies":[{"name":"wp","href":"https:\/\/api.w.org\/{rel}","templated":true}]}}