 {"id":1990,"date":"2025-04-19T22:13:04","date_gmt":"2025-04-19T21:13:04","guid":{"rendered":"https:\/\/papelulandia.es\/producto\/cartes-cadeaux-personnalisees-100-unites\/"},"modified":"2025-04-19T22:13:04","modified_gmt":"2025-04-19T21:13:04","slug":"cartes-cadeaux-personnalisees-100-unites","status":"publish","type":"product","link":"https:\/\/papelulandia.es\/fr\/Produit\/cartes-cadeaux-personnalisees-100-unites\/","title":{"rendered":"Cartes cadeaux personnalis\u00e9es 100 unit\u00e9s"},"content":{"rendered":"<p>Cartes personnalis\u00e9es pour cadeaux d&rsquo;invit\u00e9s.<\/p>\n<p>Options de dimensions : 7&#215;5 cm ; 5,5&#215;4 cm ; 5&#215;5 cm.  <\/p>\n<p>Personnalisation : Face ext\u00e9rieure. \u00c9tiquette non pliable, le verso sera blanc pour l&rsquo;\u00e9criture. <\/p>\n<p>Quantit\u00e9 : 100 unit\u00e9s<\/p>\n<p>Diff\u00e9rentes tailles peuvent \u00eatre combin\u00e9es<\/p>\n","protected":false},"excerpt":{"rendered":"<p>Cartes personnalis\u00e9es pour cadeaux d&rsquo;invit\u00e9s. Options de dimensions : 7&#215;5 cm ; 5,5&#215;4 cm ; 5&#215;5 cm. Personnalisation : Face [&hellip;]<\/p>\n","protected":false},"featured_media":1993,"comment_status":"open","ping_status":"closed","template":"","meta":{"_eb_attr":"","_uag_custom_page_level_css":"","site-sidebar-layout":"default","site-content-layout":"","ast-site-content-layout":"default","site-content-style":"default","site-sidebar-style":"default","ast-global-header-display":"","ast-banner-title-visibility":"","ast-main-header-display":"","ast-hfb-above-header-display":"","ast-hfb-below-header-display":"","ast-hfb-mobile-header-display":"","site-post-title":"","ast-breadcrumbs-content":"","ast-featured-img":"","footer-sml-layout":"","ast-disable-related-posts":"","theme-transparent-header-meta":"default","adv-header-id-meta":"","stick-header-meta":"","header-above-stick-meta":"","header-main-stick-meta":"","header-below-stick-meta":"","astra-migrate-meta-layouts":"default","ast-page-background-enabled":"default","ast-page-background-meta":{"desktop":{"background-color":"var(--ast-global-color-4)","background-image":"","background-repeat":"repeat","background-position":"center center","background-size":"auto","background-attachment":"scroll","background-type":"","background-media":"","overlay-type":"","overlay-color":"","overlay-opacity":"","overlay-gradient":""},"tablet":{"background-color":"","background-image":"","background-repeat":"repeat","background-position":"center center","background-size":"auto","background-attachment":"scroll","background-type":"","background-media":"","overlay-type":"","overlay-color":"","overlay-opacity":"","overlay-gradient":""},"mobile":{"background-color":"","background-image":"","background-repeat":"repeat","background-position":"center center","background-size":"auto","background-attachment":"scroll","background-type":"","background-media":"","overlay-type":"","overlay-color":"","overlay-opacity":"","overlay-gradient":""}},"ast-content-background-meta":{"desktop":{"background-color":"var(--ast-global-color-5)","background-image":"","background-repeat":"repeat","background-position":"center center","background-size":"auto","background-attachment":"scroll","background-type":"","background-media":"","overlay-type":"","overlay-color":"","overlay-opacity":"","overlay-gradient":""},"tablet":{"background-color":"var(--ast-global-color-5)","background-image":"","background-repeat":"repeat","background-position":"center center","background-size":"auto","background-attachment":"scroll","background-type":"","background-media":"","overlay-type":"","overlay-color":"","overlay-opacity":"","overlay-gradient":""},"mobile":{"background-color":"var(--ast-global-color-5)","background-image":"","background-repeat":"repeat","background-position":"center center","background-size":"auto","background-attachment":"scroll","background-type":"","background-media":"","overlay-type":"","overlay-color":"","overlay-opacity":"","overlay-gradient":""}},"advanced_seo_description":"","jetpack_seo_html_title":"","jetpack_seo_noindex":false},"product_brand":[60],"product_cat":[82,114,103],"product_tag":[],"class_list":{"0":"post-1990","1":"product","2":"type-product","3":"status-publish","4":"has-post-thumbnail","6":"product_brand-papelulandia","7":"product_cat-anniversaires-et-fetes","8":"product_cat-etiquettes-personnalisees","9":"product_cat-premiere-communion","10":"desktop-align-center","11":"tablet-align-left","12":"mobile-align-left","13":"tm-no-options","15":"first","16":"instock","17":"taxable","18":"shipping-taxable","19":"purchasable","20":"product-type-simple"},"uagb_featured_image_src":{"full":["https:\/\/papelulandia.es\/wp-content\/uploads\/2025\/04\/tarjetas-diego-simples.avif",328,463,false],"thumbnail":["https:\/\/papelulandia.es\/wp-content\/uploads\/2025\/04\/tarjetas-diego-simples-150x150.avif",150,150,true],"medium":["https:\/\/papelulandia.es\/wp-content\/uploads\/2025\/04\/tarjetas-diego-simples-213x300.avif",213,300,true],"medium_large":["https:\/\/papelulandia.es\/wp-content\/uploads\/2025\/04\/tarjetas-diego-simples.avif",328,463,false],"large":["https:\/\/papelulandia.es\/wp-content\/uploads\/2025\/04\/tarjetas-diego-simples.avif",328,463,false],"1536x1536":["https:\/\/papelulandia.es\/wp-content\/uploads\/2025\/04\/tarjetas-diego-simples.avif",328,463,false],"2048x2048":["https:\/\/papelulandia.es\/wp-content\/uploads\/2025\/04\/tarjetas-diego-simples.avif",328,463,false],"woocommerce_thumbnail":["https:\/\/papelulandia.es\/wp-content\/uploads\/2025\/04\/tarjetas-diego-simples-300x300.avif",300,300,true],"woocommerce_single":["https:\/\/papelulandia.es\/wp-content\/uploads\/2025\/04\/tarjetas-diego-simples.avif",328,463,false],"woocommerce_gallery_thumbnail":["https:\/\/papelulandia.es\/wp-content\/uploads\/2025\/04\/tarjetas-diego-simples-100x100.avif",100,100,true],"variation_swatches_image_size":["https:\/\/papelulandia.es\/wp-content\/uploads\/2025\/04\/tarjetas-diego-simples-50x50.avif",50,50,true],"variation_swatches_tooltip_size":["https:\/\/papelulandia.es\/wp-content\/uploads\/2025\/04\/tarjetas-diego-simples-100x100.avif",100,100,true],"dgwt-wcas-product-suggestion":["https:\/\/papelulandia.es\/wp-content\/uploads\/2025\/04\/tarjetas-diego-simples-64x90.avif",64,90,true]},"uagb_author_info":{"display_name":"LUCIA DEL CAMPO GUTIERREZ","author_link":"https:\/\/papelulandia.es\/fr\/author\/"},"uagb_comment_info":0,"uagb_excerpt":"Cartes personnalis\u00e9es pour cadeaux d&rsquo;invit\u00e9s. Options de dimensions : 7&#215;5 cm ; 5,5&#215;4 cm ; 5&#215;5 cm. Personnalisation : Face [&hellip;]","jetpack_sharing_enabled":true,"_links":{"self":[{"href":"https:\/\/papelulandia.es\/fr\/wp-json\/wp\/v2\/product\/1990","targetHints":{"allow":["GET"]}}],"collection":[{"href":"https:\/\/papelulandia.es\/fr\/wp-json\/wp\/v2\/product"}],"about":[{"href":"https:\/\/papelulandia.es\/fr\/wp-json\/wp\/v2\/types\/product"}],"replies":[{"embeddable":true,"href":"https:\/\/papelulandia.es\/fr\/wp-json\/wp\/v2\/comments?post=1990"}],"wp:featuredmedia":[{"embeddable":true,"href":"https:\/\/papelulandia.es\/fr\/wp-json\/wp\/v2\/media\/1993"}],"wp:attachment":[{"href":"https:\/\/papelulandia.es\/fr\/wp-json\/wp\/v2\/media?parent=1990"}],"wp:term":[{"taxonomy":"product_brand","embeddable":true,"href":"https:\/\/papelulandia.es\/fr\/wp-json\/wp\/v2\/product_brand?post=1990"},{"taxonomy":"product_cat","embeddable":true,"href":"https:\/\/papelulandia.es\/fr\/wp-json\/wp\/v2\/product_cat?post=1990"},{"taxonomy":"product_tag","embeddable":true,"href":"https:\/\/papelulandia.es\/fr\/wp-json\/wp\/v2\/product_tag?post=1990"}],"curies":[{"name":"wp","href":"https:\/\/api.w.org\/{rel}","templated":true}]}}