 {"id":1961,"date":"2025-04-12T23:59:27","date_gmt":"2025-04-12T22:59:27","guid":{"rendered":"https:\/\/papelulandia.es\/producto\/reservation-de-fleurs-geantes-en-papier\/"},"modified":"2025-04-12T23:59:27","modified_gmt":"2025-04-12T22:59:27","slug":"reservation-de-fleurs-geantes-en-papier","status":"publish","type":"product","link":"https:\/\/papelulandia.es\/fr\/Produit\/reservation-de-fleurs-geantes-en-papier\/","title":{"rendered":"R\u00e9servation de fleurs g\u00e9antes en papier"},"content":{"rendered":"<p>R\u00e9servez pour passer une commande personnalis\u00e9e pour la production \u00e0 la demande de la fleur\/des fleurs de votre choix : marguerite, rose, pivoine, coquelicot, jacinthe, etc. Faites votre r\u00e9servation et je vous contacterai pour les d\u00e9tails du produit choisi et cr\u00e9erai une commande du produit convenu pour formaliser la vente. <\/p>\n","protected":false},"excerpt":{"rendered":"<p>R\u00e9servez pour passer une commande personnalis\u00e9e pour la production \u00e0 la demande de la fleur\/des fleurs de votre choix : marguerite, rose, pivoine, coquelicot, jacinthe, etc. Faites votre r\u00e9servation et je vous contacterai pour les d\u00e9tails du produit choisi et cr\u00e9erai une commande du produit convenu pour formaliser la vente. <\/p>\n","protected":false},"featured_media":1966,"comment_status":"open","ping_status":"closed","template":"","meta":{"_eb_attr":"","_uag_custom_page_level_css":"","site-sidebar-layout":"default","site-content-layout":"","ast-site-content-layout":"default","site-content-style":"default","site-sidebar-style":"default","ast-global-header-display":"","ast-banner-title-visibility":"","ast-main-header-display":"","ast-hfb-above-header-display":"","ast-hfb-below-header-display":"","ast-hfb-mobile-header-display":"","site-post-title":"","ast-breadcrumbs-content":"","ast-featured-img":"","footer-sml-layout":"","ast-disable-related-posts":"","theme-transparent-header-meta":"default","adv-header-id-meta":"","stick-header-meta":"","header-above-stick-meta":"","header-main-stick-meta":"","header-below-stick-meta":"","astra-migrate-meta-layouts":"default","ast-page-background-enabled":"default","ast-page-background-meta":{"desktop":{"background-color":"var(--ast-global-color-4)","background-image":"","background-repeat":"repeat","background-position":"center center","background-size":"auto","background-attachment":"scroll","background-type":"","background-media":"","overlay-type":"","overlay-color":"","overlay-opacity":"","overlay-gradient":""},"tablet":{"background-color":"","background-image":"","background-repeat":"repeat","background-position":"center center","background-size":"auto","background-attachment":"scroll","background-type":"","background-media":"","overlay-type":"","overlay-color":"","overlay-opacity":"","overlay-gradient":""},"mobile":{"background-color":"","background-image":"","background-repeat":"repeat","background-position":"center center","background-size":"auto","background-attachment":"scroll","background-type":"","background-media":"","overlay-type":"","overlay-color":"","overlay-opacity":"","overlay-gradient":""}},"ast-content-background-meta":{"desktop":{"background-color":"var(--ast-global-color-5)","background-image":"","background-repeat":"repeat","background-position":"center center","background-size":"auto","background-attachment":"scroll","background-type":"","background-media":"","overlay-type":"","overlay-color":"","overlay-opacity":"","overlay-gradient":""},"tablet":{"background-color":"var(--ast-global-color-5)","background-image":"","background-repeat":"repeat","background-position":"center center","background-size":"auto","background-attachment":"scroll","background-type":"","background-media":"","overlay-type":"","overlay-color":"","overlay-opacity":"","overlay-gradient":""},"mobile":{"background-color":"var(--ast-global-color-5)","background-image":"","background-repeat":"repeat","background-position":"center center","background-size":"auto","background-attachment":"scroll","background-type":"","background-media":"","overlay-type":"","overlay-color":"","overlay-opacity":"","overlay-gradient":""}},"advanced_seo_description":"","jetpack_seo_html_title":"","jetpack_seo_noindex":false},"product_brand":[],"product_cat":[109,94],"product_tag":[180,137],"class_list":{"0":"post-1961","1":"product","2":"type-product","3":"status-publish","4":"has-post-thumbnail","6":"product_cat-decorations-3d-en-papier","7":"product_cat-mariage","8":"product_tag-decoration-pour-evenements","9":"product_tag-fleurs-en-papier","10":"desktop-align-center","11":"tablet-align-left","12":"mobile-align-left","13":"tm-no-options","15":"first","16":"instock","17":"taxable","18":"shipping-taxable","19":"purchasable","20":"product-type-simple"},"uagb_featured_image_src":{"full":["https:\/\/papelulandia.es\/wp-content\/uploads\/2025\/04\/PAPELULANDIA_flores-XXL-e1744498718950.avif",806,1143,false],"thumbnail":["https:\/\/papelulandia.es\/wp-content\/uploads\/2025\/04\/PAPELULANDIA_flores-XXL-e1744498718950-150x150.avif",150,150,true],"medium":["https:\/\/papelulandia.es\/wp-content\/uploads\/2025\/04\/PAPELULANDIA_flores-XXL-e1744498718950-212x300.avif",212,300,true],"medium_large":["https:\/\/papelulandia.es\/wp-content\/uploads\/2025\/04\/PAPELULANDIA_flores-XXL-e1744498718950-768x1089.avif",768,1089,true],"large":["https:\/\/papelulandia.es\/wp-content\/uploads\/2025\/04\/PAPELULANDIA_flores-XXL-e1744498718950-722x1024.avif",722,1024,true],"1536x1536":["https:\/\/papelulandia.es\/wp-content\/uploads\/2025\/04\/PAPELULANDIA_flores-XXL-e1744498718950.avif",806,1143,false],"2048x2048":["https:\/\/papelulandia.es\/wp-content\/uploads\/2025\/04\/PAPELULANDIA_flores-XXL-e1744498718950.avif",806,1143,false],"woocommerce_thumbnail":["https:\/\/papelulandia.es\/wp-content\/uploads\/2025\/04\/PAPELULANDIA_flores-XXL-e1744498718950-300x300.avif",300,300,true],"woocommerce_single":["https:\/\/papelulandia.es\/wp-content\/uploads\/2025\/04\/PAPELULANDIA_flores-XXL-e1744498718950-400x567.avif",400,567,true],"woocommerce_gallery_thumbnail":["https:\/\/papelulandia.es\/wp-content\/uploads\/2025\/04\/PAPELULANDIA_flores-XXL-e1744498718950-100x100.avif",100,100,true],"variation_swatches_image_size":["https:\/\/papelulandia.es\/wp-content\/uploads\/2025\/04\/PAPELULANDIA_flores-XXL-e1744498718950-50x50.avif",50,50,true],"variation_swatches_tooltip_size":["https:\/\/papelulandia.es\/wp-content\/uploads\/2025\/04\/PAPELULANDIA_flores-XXL-e1744498718950-100x100.avif",100,100,true],"dgwt-wcas-product-suggestion":["https:\/\/papelulandia.es\/wp-content\/uploads\/2025\/04\/PAPELULANDIA_flores-XXL-e1744498718950-64x91.avif",64,91,true]},"uagb_author_info":{"display_name":"LUCIA DEL CAMPO GUTIERREZ","author_link":"https:\/\/papelulandia.es\/fr\/author\/"},"uagb_comment_info":0,"uagb_excerpt":"R\u00e9servez pour passer une commande personnalis\u00e9e pour la production \u00e0 la demande de la fleur\/des fleurs de votre choix : marguerite, rose, pivoine, coquelicot, jacinthe, etc. Faites votre r\u00e9servation et je vous contacterai pour les d\u00e9tails du produit choisi et cr\u00e9erai une commande du produit convenu pour formaliser la vente.","jetpack_sharing_enabled":true,"_links":{"self":[{"href":"https:\/\/papelulandia.es\/fr\/wp-json\/wp\/v2\/product\/1961","targetHints":{"allow":["GET"]}}],"collection":[{"href":"https:\/\/papelulandia.es\/fr\/wp-json\/wp\/v2\/product"}],"about":[{"href":"https:\/\/papelulandia.es\/fr\/wp-json\/wp\/v2\/types\/product"}],"replies":[{"embeddable":true,"href":"https:\/\/papelulandia.es\/fr\/wp-json\/wp\/v2\/comments?post=1961"}],"wp:featuredmedia":[{"embeddable":true,"href":"https:\/\/papelulandia.es\/fr\/wp-json\/wp\/v2\/media\/1966"}],"wp:attachment":[{"href":"https:\/\/papelulandia.es\/fr\/wp-json\/wp\/v2\/media?parent=1961"}],"wp:term":[{"taxonomy":"product_brand","embeddable":true,"href":"https:\/\/papelulandia.es\/fr\/wp-json\/wp\/v2\/product_brand?post=1961"},{"taxonomy":"product_cat","embeddable":true,"href":"https:\/\/papelulandia.es\/fr\/wp-json\/wp\/v2\/product_cat?post=1961"},{"taxonomy":"product_tag","embeddable":true,"href":"https:\/\/papelulandia.es\/fr\/wp-json\/wp\/v2\/product_tag?post=1961"}],"curies":[{"name":"wp","href":"https:\/\/api.w.org\/{rel}","templated":true}]}}