 {"id":1959,"date":"2025-10-28T14:08:26","date_gmt":"2025-10-28T13:08:26","guid":{"rendered":"https:\/\/papelulandia.es\/producto\/cake-topper-personnalise-stitch-inspiration-beach-with-shaker\/"},"modified":"2025-10-28T14:08:26","modified_gmt":"2025-10-28T13:08:26","slug":"cake-topper-personnalise-stitch-inspiration-beach-with-shaker","status":"publish","type":"product","link":"https:\/\/papelulandia.es\/fr\/Produit\/cake-topper-personnalise-stitch-inspiration-beach-with-shaker\/","title":{"rendered":"Cake Topper personnalis\u00e9 Stitch inspiration Beach with Shaker"},"content":{"rendered":"<p>Cake Topper personnalis\u00e9 pour g\u00e2teau d&rsquo;anniversaire<\/p>\n<ul>\n<li>Connaissez-vous quelqu&rsquo;un qui est amoureux de ce petit extraterrestre ? Vous cherchez une fa\u00e7on unique et sp\u00e9ciale de d\u00e9corer votre g\u00e2teau d&rsquo;anniversaire ? C&rsquo;est votre anniversaire, c\u00e9l\u00e9brez-le de mani\u00e8re inoubliable ! Ce dessus de g\u00e2teau personnalis\u00e9 est con\u00e7u avec amour et soin pour cr\u00e9er un moment magique le jour le plus important de l&rsquo;ann\u00e9e.<\/li>\n<\/ul>\n<p>D\u00e9tails du produit :<\/p>\n<ul>\n<li>Mat\u00e9riau : carton, papier, ac\u00e9tate. Coupe de pr\u00e9cision pour une finition parfaite.<\/li>\n<li>Shaker : Avec des ornements shaker ou mobiles \u00e0 l&rsquo;int\u00e9rieur qui lui donnent une touche brillante et sophistiqu\u00e9e.<\/li>\n<li>Personnalisation : Inclut le nom et l&rsquo;\u00e2ge du h\u00e9ros du jour.<\/li>\n<li>Design d\u00e9taill\u00e9 et attrayant : Avec ses personnages pr\u00e9f\u00e9r\u00e9s !<\/li>\n<li>Taille approximative : 17 cm.<\/li>\n<\/ul>\n<p>Pourquoi choisir mes cake toppers ?<\/p>\n<ul>\n<li>Uniques et faits \u00e0 la main : Chaque topper est unique et fait \u00e0 la main avec d\u00e9licatesse<\/li>\n<li>Faciles \u00e0 utiliser : Se pique dans le g\u00e2teau avec un b\u00e2tonnet en vinyle pouvant \u00eatre r\u00e9utilis\u00e9 lors de plusieurs c\u00e9l\u00e9brations (\u00e0 la f\u00eate avec les amis, avec la famille, le jour de l&rsquo;anniversaire m\u00eame s&rsquo;il tombe un jour de semaine et que vous ne pouvez pas le f\u00eater en grande pompe&#8230;). De plus, le stick peut ensuite \u00eatre retir\u00e9 pour utiliser le topper comme d\u00e9coration de sa chambre. <\/li>\n<li>Design personnalis\u00e9 : Cr\u00e9e ce moment sp\u00e9cial o\u00f9 il est le h\u00e9ros, inclus son nom et son \u00e2ge.<\/li>\n<li>Durables, donnez-leur une seconde vie ! : Apr\u00e8s l&rsquo;avoir utilis\u00e9 lors de la c\u00e9l\u00e9bration, retirez le b\u00e2ton transparent et utilisez l&rsquo;adh\u00e9sif arri\u00e8re pour le coller sur un mur\/porte\/meuble de sa chambre afin que le souvenir de son jour sp\u00e9cial perdure. <\/li>\n<\/ul>\n<p>Fais en sorte que le g\u00e2teau d&rsquo;anniversaire de cette ann\u00e9e soit encore plus sp\u00e9cial ! Parfait pour les f\u00eates d&rsquo;anniversaire, les anniversaires de mariage et plus encore. <\/p>\n<p>Ajoute-le \u00e0 ton panier avec les informations de personnalisation et tu l&rsquo;auras bient\u00f4t chez toi<\/p>\n<p>Je peux cr\u00e9er d&rsquo;autres articles pour les sets personnalis\u00e9s : banni\u00e8res de noms, toppers de cupcakes, bonbonni\u00e8res, autocollants de cadeaux, lettrage 3D, etc. Il vous suffit de me demander et je cr\u00e9erai votre commande conjointe personnalis\u00e9e sans frais d&rsquo;exp\u00e9dition suppl\u00e9mentaires.<\/p>\n<p>Si la date de l&rsquo;anniversaire est tr\u00e8s proche et que tu doutes qu&rsquo;il arrive \u00e0 temps, demande-moi par message et nous chercherons la meilleure solution.<\/p>\n<p>Demande-moi pour tout autre th\u00e8me qui t&rsquo;int\u00e9resse.<\/p>\n","protected":false},"excerpt":{"rendered":"<p>S\u00e9rie d&rsquo;ouvrages pour enfants sur les d\u00e9cors de g\u00e2teaux. D\u00e9coration de g\u00e2teau personnalis\u00e9e. Anniversaires et c\u00e9l\u00e9brations. Un moment unique. D\u00e9coration de g\u00e2teaux au point de croix. G\u00e2teau \u00e0 th\u00e8me. Anniversaire \u00e0 th\u00e8me. F\u00eate personnalis\u00e9e. D\u00e9cor de g\u00e2teau inspir\u00e9 de la plage avec shaker. D\u00e9coration de g\u00e2teau personnalis\u00e9e. C\u00e9l\u00e9brations d&rsquo;anniversaires. F\u00eates \u00e0 th\u00e8me. Ornement pastel.<\/p>\n","protected":false},"featured_media":1087,"comment_status":"closed","ping_status":"closed","template":"","meta":{"_eb_attr":"","_uag_custom_page_level_css":"","site-sidebar-layout":"default","site-content-layout":"","ast-site-content-layout":"default","site-content-style":"default","site-sidebar-style":"default","ast-global-header-display":"","ast-banner-title-visibility":"","ast-main-header-display":"","ast-hfb-above-header-display":"","ast-hfb-below-header-display":"","ast-hfb-mobile-header-display":"","site-post-title":"","ast-breadcrumbs-content":"","ast-featured-img":"","footer-sml-layout":"","ast-disable-related-posts":"","theme-transparent-header-meta":"default","adv-header-id-meta":"","stick-header-meta":"","header-above-stick-meta":"","header-main-stick-meta":"","header-below-stick-meta":"","astra-migrate-meta-layouts":"default","ast-page-background-enabled":"default","ast-page-background-meta":{"desktop":{"background-color":"var(--ast-global-color-4)","background-image":"","background-repeat":"repeat","background-position":"center center","background-size":"auto","background-attachment":"scroll","background-type":"","background-media":"","overlay-type":"","overlay-color":"","overlay-opacity":"","overlay-gradient":""},"tablet":{"background-color":"","background-image":"","background-repeat":"repeat","background-position":"center center","background-size":"auto","background-attachment":"scroll","background-type":"","background-media":"","overlay-type":"","overlay-color":"","overlay-opacity":"","overlay-gradient":""},"mobile":{"background-color":"","background-image":"","background-repeat":"repeat","background-position":"center center","background-size":"auto","background-attachment":"scroll","background-type":"","background-media":"","overlay-type":"","overlay-color":"","overlay-opacity":"","overlay-gradient":""}},"ast-content-background-meta":{"desktop":{"background-color":"var(--ast-global-color-5)","background-image":"","background-repeat":"repeat","background-position":"center center","background-size":"auto","background-attachment":"scroll","background-type":"","background-media":"","overlay-type":"","overlay-color":"","overlay-opacity":"","overlay-gradient":""},"tablet":{"background-color":"var(--ast-global-color-5)","background-image":"","background-repeat":"repeat","background-position":"center center","background-size":"auto","background-attachment":"scroll","background-type":"","background-media":"","overlay-type":"","overlay-color":"","overlay-opacity":"","overlay-gradient":""},"mobile":{"background-color":"var(--ast-global-color-5)","background-image":"","background-repeat":"repeat","background-position":"center center","background-size":"auto","background-attachment":"scroll","background-type":"","background-media":"","overlay-type":"","overlay-color":"","overlay-opacity":"","overlay-gradient":""}},"advanced_seo_description":"","jetpack_seo_html_title":"","jetpack_seo_noindex":false},"product_brand":[60],"product_cat":[82],"product_tag":[84],"class_list":{"0":"post-1959","1":"product","2":"type-product","3":"status-publish","4":"has-post-thumbnail","6":"product_brand-papelulandia","7":"product_cat-anniversaires-et-fetes","8":"product_tag-cake-toppers","9":"desktop-align-center","10":"tablet-align-left","11":"mobile-align-left","12":"tm-no-options","14":"first","15":"instock","16":"taxable","17":"shipping-taxable","18":"purchasable","19":"product-type-simple"},"uagb_featured_image_src":{"full":["https:\/\/papelulandia.es\/wp-content\/uploads\/2025\/10\/CAKE-TOPPER-INSPO-STITCH-PROD.avif",1300,1301,false],"thumbnail":["https:\/\/papelulandia.es\/wp-content\/uploads\/2025\/10\/CAKE-TOPPER-INSPO-STITCH-PROD-150x150.avif",150,150,true],"medium":["https:\/\/papelulandia.es\/wp-content\/uploads\/2025\/10\/CAKE-TOPPER-INSPO-STITCH-PROD-300x300.avif",300,300,true],"medium_large":["https:\/\/papelulandia.es\/wp-content\/uploads\/2025\/10\/CAKE-TOPPER-INSPO-STITCH-PROD-768x769.avif",768,769,true],"large":["https:\/\/papelulandia.es\/wp-content\/uploads\/2025\/10\/CAKE-TOPPER-INSPO-STITCH-PROD-1024x1024.avif",1024,1024,true],"1536x1536":["https:\/\/papelulandia.es\/wp-content\/uploads\/2025\/10\/CAKE-TOPPER-INSPO-STITCH-PROD.avif",1300,1301,false],"2048x2048":["https:\/\/papelulandia.es\/wp-content\/uploads\/2025\/10\/CAKE-TOPPER-INSPO-STITCH-PROD.avif",1300,1301,false],"woocommerce_thumbnail":["https:\/\/papelulandia.es\/wp-content\/uploads\/2025\/10\/CAKE-TOPPER-INSPO-STITCH-PROD-300x300.avif",300,300,true],"woocommerce_single":["https:\/\/papelulandia.es\/wp-content\/uploads\/2025\/10\/CAKE-TOPPER-INSPO-STITCH-PROD-400x400.avif",400,400,true],"woocommerce_gallery_thumbnail":["https:\/\/papelulandia.es\/wp-content\/uploads\/2025\/10\/CAKE-TOPPER-INSPO-STITCH-PROD-100x100.avif",100,100,true],"variation_swatches_image_size":["https:\/\/papelulandia.es\/wp-content\/uploads\/2025\/10\/CAKE-TOPPER-INSPO-STITCH-PROD-50x50.avif",50,50,true],"variation_swatches_tooltip_size":["https:\/\/papelulandia.es\/wp-content\/uploads\/2025\/10\/CAKE-TOPPER-INSPO-STITCH-PROD-100x100.avif",100,100,true],"dgwt-wcas-product-suggestion":["https:\/\/papelulandia.es\/wp-content\/uploads\/2025\/10\/CAKE-TOPPER-INSPO-STITCH-PROD-64x64.avif",64,64,true]},"uagb_author_info":{"display_name":"LUCIA DEL CAMPO GUTIERREZ","author_link":"https:\/\/papelulandia.es\/fr\/author\/"},"uagb_comment_info":0,"uagb_excerpt":"S\u00e9rie d'ouvrages pour enfants sur les d\u00e9cors de g\u00e2teaux. D\u00e9coration de g\u00e2teau personnalis\u00e9e. Anniversaires et c\u00e9l\u00e9brations. Un moment unique. D\u00e9coration de g\u00e2teaux au point de croix. G\u00e2teau \u00e0 th\u00e8me. Anniversaire \u00e0 th\u00e8me. F\u00eate personnalis\u00e9e. D\u00e9cor de g\u00e2teau inspir\u00e9 de la plage avec shaker. D\u00e9coration de g\u00e2teau personnalis\u00e9e. C\u00e9l\u00e9brations d'anniversaires. F\u00eates \u00e0 th\u00e8me. Ornement pastel.","jetpack_sharing_enabled":true,"_links":{"self":[{"href":"https:\/\/papelulandia.es\/fr\/wp-json\/wp\/v2\/product\/1959","targetHints":{"allow":["GET"]}}],"collection":[{"href":"https:\/\/papelulandia.es\/fr\/wp-json\/wp\/v2\/product"}],"about":[{"href":"https:\/\/papelulandia.es\/fr\/wp-json\/wp\/v2\/types\/product"}],"replies":[{"embeddable":true,"href":"https:\/\/papelulandia.es\/fr\/wp-json\/wp\/v2\/comments?post=1959"}],"wp:featuredmedia":[{"embeddable":true,"href":"https:\/\/papelulandia.es\/fr\/wp-json\/wp\/v2\/media\/1087"}],"wp:attachment":[{"href":"https:\/\/papelulandia.es\/fr\/wp-json\/wp\/v2\/media?parent=1959"}],"wp:term":[{"taxonomy":"product_brand","embeddable":true,"href":"https:\/\/papelulandia.es\/fr\/wp-json\/wp\/v2\/product_brand?post=1959"},{"taxonomy":"product_cat","embeddable":true,"href":"https:\/\/papelulandia.es\/fr\/wp-json\/wp\/v2\/product_cat?post=1959"},{"taxonomy":"product_tag","embeddable":true,"href":"https:\/\/papelulandia.es\/fr\/wp-json\/wp\/v2\/product_tag?post=1959"}],"curies":[{"name":"wp","href":"https:\/\/api.w.org\/{rel}","templated":true}]}}