 {"id":1895,"date":"2025-05-09T13:10:18","date_gmt":"2025-05-09T12:10:18","guid":{"rendered":"https:\/\/papelulandia.es\/producto\/narcisse-en-papier-fleur-en-papier-realiste\/"},"modified":"2025-12-04T00:11:16","modified_gmt":"2025-12-03T23:11:16","slug":"narcisse-en-papier-fleur-en-papier-realiste","status":"publish","type":"product","link":"https:\/\/papelulandia.es\/fr\/Produit\/narcisse-en-papier-fleur-en-papier-realiste\/","title":{"rendered":"Narcisse en papier \u2013 Fleur en papier r\u00e9aliste"},"content":{"rendered":"<p>Jonquille en papier \u2013 Fleur r\u00e9aliste en papier cr\u00e9pon avec tige et feuilles. Anniversaire. Combinez et cr\u00e9ez un bouquet parfait qui ne se fanera jamais.  <\/p>\n<p>Fleurs r\u00e9alistes en papier cr\u00e9pon. Choisissez vos jonquilles, vos roses ou vos fleurs pr\u00e9f\u00e9r\u00e9es dans le cadre d&rsquo;une commande personnalis\u00e9e pour la f\u00eate des m\u00e8res, un anniversaire, un d\u00e9part \u00e0 la retraite, une remise de dipl\u00f4me ou une occasion sp\u00e9ciale. <\/p>\n<p>Vous ne savez pas quoi offrir \u00e0 cette personne sp\u00e9ciale ? Vous aimez les fleurs mais vous \u00eates trop g\u00ean\u00e9 pour les couper et les laisser se faner ? Laissez-moi vous aider ! Ces magnifiques fleurs ne se fl\u00e9trissent pas et, gr\u00e2ce \u00e0 elles, vous contribuez \u00e0 une d\u00e9coration durable puisqu&rsquo;elles sont fabriqu\u00e9es en papier. Si vous aimez ce que vous voyez mais que vos fleurs pr\u00e9f\u00e9r\u00e9es sont diff\u00e9rentes, passez-moi une commande personnalis\u00e9e et je les cr\u00e9erai pour vous.    <\/p>\n<p>  Options disponibles :<\/p>\n<p>\u25feNarcisse : cette belle fleur avec sa tige et ses feuilles est id\u00e9ale seule ou dans un bouquet.<\/p>\n<p>\u25feRose : L&rsquo;\u00e9ternelle reine du jardin, id\u00e9ale seule ou en bouquet.<\/p>\n<p>\u25feDaisies : La beaut\u00e9 et la simplicit\u00e9 d&rsquo;une marguerite d\u00e9corera un petit coin ou n&rsquo;importe quelle pi\u00e8ce en formant un bouquet avec elles.<\/p>\n<p>\u25feToute fleur personnalis\u00e9e : \u00c9crivez-moi un message si vous avez des questions et je vous confirmerai si je peux cr\u00e9er les fleurs de vos r\u00eaves.<\/p>\n<p>  Personnalisation :<\/p>\n<p>Cr\u00e9ations sur mesure : si vous souhaitez des fleurs d&rsquo;un type ou d&rsquo;une couleur particuli\u00e8re, je peux les cr\u00e9er pour vous, la limite \u00e9tant votre imagination.<\/p>\n<p>D\u00e9tails personnalis\u00e9s : Vous pouvez inclure une bo\u00eete personnalis\u00e9e pour votre fleur ou une \u00e9tiquette sur votre bouquet avec le nom, la date, le dessin ou le d\u00e9tail de votre choix.<\/p>\n<p>  Comment acheter :<\/p>\n<p>\u25fe Choisissez la ou les options de fleurs que vous pr\u00e9f\u00e9rez et indiquez la couleur dans la personnalisation ou laissez-moi vous conseiller.<\/p>\n<p>\u25fe Veuillez me fournir les donn\u00e9es et d\u00e9tails pour les fleurs personnalis\u00e9es.<\/p>\n<p>\u25fe Si vous souhaitez une bo\u00eete personnalis\u00e9e pour la fleur ou cr\u00e9er un bouquet avec une \u00e9tiquette personnelle, ajoutez cet article au panier et pr\u00e9cisez les d\u00e9tails dans la personnalisation.<\/p>\n<p>  Livraison et exp\u00e9dition :<\/p>\n<p>Je veille \u00e0 vous tenir inform\u00e9 de l&rsquo;\u00e9tat d&rsquo;avancement de votre commande, ce qui vous permet d&rsquo;oublier les autres formalit\u00e9s et de tout pr\u00e9parer avant la date convenue.  <\/p>\n<p>Consultez mes politiques d&rsquo;exp\u00e9dition pour plus d&rsquo;informations sur les livraisons nationales et internationales.<\/p>\n<p>Avec ces belles fleurs, vous aurez le cadeau id\u00e9al !  <\/p>\n<p>Pour les achats de 12 unit\u00e9s ou plus, veuillez me contacter pour une r\u00e9duction sur les frais de port \ud83d\ude42<\/p>\n<p>N&rsquo;h\u00e9sitez pas \u00e0 m&rsquo;\u00e9crire, je vous aiderai pour toute question relative \u00e0 l&rsquo;achat \ud83d\ude09<\/p>\n","protected":false},"excerpt":{"rendered":"<p>Jonquille en papier \u2013 Fleur r\u00e9aliste en papier cr\u00e9pon avec tige et feuilles. Anniversaire. Combinez et cr\u00e9ez un bouquet parfait qui ne se fanera jamais.  <\/p>\n<p>Fleurs r\u00e9alistes en papier cr\u00e9pon. Choisissez vos jonquilles, vos roses ou vos fleurs pr\u00e9f\u00e9r\u00e9es dans le cadre d&rsquo;une commande personnalis\u00e9e pour la f\u00eate des m\u00e8res, un anniversaire, un d\u00e9part \u00e0 la retraite, une remise de dipl\u00f4me ou une occasion sp\u00e9ciale. <\/p>\n<p>Vous ne savez pas quoi offrir \u00e0 cette personne sp\u00e9ciale ? Vous aimez les fleurs mais vous \u00eates trop g\u00ean\u00e9 pour les couper et les laisser se faner ? Laissez-moi vous aider ! Ces magnifiques fleurs ne se fl\u00e9trissent pas et, gr\u00e2ce \u00e0 elles, vous contribuez \u00e0 une d\u00e9coration durable puisqu&rsquo;elles sont fabriqu\u00e9es en papier. Si vous aimez ce que vous voyez mais que vos fleurs pr\u00e9f\u00e9r\u00e9es sont diff\u00e9rentes, passez-moi une commande personnalis\u00e9e et je les cr\u00e9erai pour vous.    <\/p>\n<p>  Options disponibles :<\/p>\n<p>\u25feNarcisse : cette belle fleur avec sa tige et ses feuilles est id\u00e9ale seule ou dans un bouquet.<\/p>\n<p>\u25feRose : L&rsquo;\u00e9ternelle reine du jardin, id\u00e9ale seule ou en bouquet.<\/p>\n<p>\u25feDaisies : La beaut\u00e9 et la simplicit\u00e9 d&rsquo;une marguerite d\u00e9corera un petit coin ou n&rsquo;importe quelle pi\u00e8ce en formant un bouquet avec elles.<\/p>\n<p>\u25feToute fleur personnalis\u00e9e : \u00c9crivez-moi un message si vous avez des questions et je vous confirmerai si je peux cr\u00e9er les fleurs de vos r\u00eaves.<\/p>\n<p>  Personnalisation :<\/p>\n<p>Cr\u00e9ations sur mesure : si vous souhaitez des fleurs d&rsquo;un type ou d&rsquo;une couleur particuli\u00e8re, je peux les cr\u00e9er pour vous, la limite \u00e9tant votre imagination.<\/p>\n<p>D\u00e9tails personnalis\u00e9s : Vous pouvez inclure une bo\u00eete personnalis\u00e9e pour votre fleur ou une \u00e9tiquette sur votre bouquet avec le nom, la date, le dessin ou le d\u00e9tail de votre choix.<\/p>\n","protected":false},"featured_media":1753,"comment_status":"open","ping_status":"closed","template":"","meta":{"_eb_attr":"","_uag_custom_page_level_css":"","site-sidebar-layout":"default","site-content-layout":"","ast-site-content-layout":"default","site-content-style":"default","site-sidebar-style":"default","ast-global-header-display":"","ast-banner-title-visibility":"","ast-main-header-display":"","ast-hfb-above-header-display":"","ast-hfb-below-header-display":"","ast-hfb-mobile-header-display":"","site-post-title":"","ast-breadcrumbs-content":"","ast-featured-img":"","footer-sml-layout":"","ast-disable-related-posts":"","theme-transparent-header-meta":"default","adv-header-id-meta":"","stick-header-meta":"","header-above-stick-meta":"","header-main-stick-meta":"","header-below-stick-meta":"","astra-migrate-meta-layouts":"default","ast-page-background-enabled":"default","ast-page-background-meta":{"desktop":{"background-color":"var(--ast-global-color-4)","background-image":"","background-repeat":"repeat","background-position":"center center","background-size":"auto","background-attachment":"scroll","background-type":"","background-media":"","overlay-type":"","overlay-color":"","overlay-opacity":"","overlay-gradient":""},"tablet":{"background-color":"","background-image":"","background-repeat":"repeat","background-position":"center center","background-size":"auto","background-attachment":"scroll","background-type":"","background-media":"","overlay-type":"","overlay-color":"","overlay-opacity":"","overlay-gradient":""},"mobile":{"background-color":"","background-image":"","background-repeat":"repeat","background-position":"center center","background-size":"auto","background-attachment":"scroll","background-type":"","background-media":"","overlay-type":"","overlay-color":"","overlay-opacity":"","overlay-gradient":""}},"ast-content-background-meta":{"desktop":{"background-color":"var(--ast-global-color-5)","background-image":"","background-repeat":"repeat","background-position":"center center","background-size":"auto","background-attachment":"scroll","background-type":"","background-media":"","overlay-type":"","overlay-color":"","overlay-opacity":"","overlay-gradient":""},"tablet":{"background-color":"var(--ast-global-color-5)","background-image":"","background-repeat":"repeat","background-position":"center center","background-size":"auto","background-attachment":"scroll","background-type":"","background-media":"","overlay-type":"","overlay-color":"","overlay-opacity":"","overlay-gradient":""},"mobile":{"background-color":"var(--ast-global-color-5)","background-image":"","background-repeat":"repeat","background-position":"center center","background-size":"auto","background-attachment":"scroll","background-type":"","background-media":"","overlay-type":"","overlay-color":"","overlay-opacity":"","overlay-gradient":""}},"advanced_seo_description":"","jetpack_seo_html_title":"","jetpack_seo_noindex":false},"product_brand":[60],"product_cat":[95,109],"product_tag":[137],"class_list":{"0":"post-1895","1":"product","2":"type-product","3":"status-publish","4":"has-post-thumbnail","6":"product_brand-papelulandia","7":"product_cat-commandes-speciales","8":"product_cat-decorations-3d-en-papier","9":"product_tag-fleurs-en-papier","10":"desktop-align-center","11":"tablet-align-left","12":"mobile-align-left","13":"tm-no-options","15":"first","16":"instock","17":"taxable","18":"shipping-taxable","19":"purchasable","20":"product-type-variable"},"uagb_featured_image_src":{"full":["https:\/\/papelulandia.es\/wp-content\/uploads\/2025\/03\/IMG_20250504_132057.avif",817,1090,false],"thumbnail":["https:\/\/papelulandia.es\/wp-content\/uploads\/2025\/03\/IMG_20250504_132057-150x150.avif",150,150,true],"medium":["https:\/\/papelulandia.es\/wp-content\/uploads\/2025\/03\/IMG_20250504_132057-225x300.avif",225,300,true],"medium_large":["https:\/\/papelulandia.es\/wp-content\/uploads\/2025\/03\/IMG_20250504_132057-768x1025.avif",768,1025,true],"large":["https:\/\/papelulandia.es\/wp-content\/uploads\/2025\/03\/IMG_20250504_132057-768x1024.avif",768,1024,true],"1536x1536":["https:\/\/papelulandia.es\/wp-content\/uploads\/2025\/03\/IMG_20250504_132057.avif",817,1090,false],"2048x2048":["https:\/\/papelulandia.es\/wp-content\/uploads\/2025\/03\/IMG_20250504_132057.avif",817,1090,false],"woocommerce_thumbnail":["https:\/\/papelulandia.es\/wp-content\/uploads\/2025\/03\/IMG_20250504_132057-300x300.avif",300,300,true],"woocommerce_single":["https:\/\/papelulandia.es\/wp-content\/uploads\/2025\/03\/IMG_20250504_132057-400x534.avif",400,534,true],"woocommerce_gallery_thumbnail":["https:\/\/papelulandia.es\/wp-content\/uploads\/2025\/03\/IMG_20250504_132057-100x100.avif",100,100,true],"variation_swatches_image_size":["https:\/\/papelulandia.es\/wp-content\/uploads\/2025\/03\/IMG_20250504_132057-50x50.avif",50,50,true],"variation_swatches_tooltip_size":["https:\/\/papelulandia.es\/wp-content\/uploads\/2025\/03\/IMG_20250504_132057-100x100.avif",100,100,true],"dgwt-wcas-product-suggestion":["https:\/\/papelulandia.es\/wp-content\/uploads\/2025\/03\/IMG_20250504_132057-64x85.avif",64,85,true]},"uagb_author_info":{"display_name":"LUCIA DEL CAMPO GUTIERREZ","author_link":"https:\/\/papelulandia.es\/fr\/author\/"},"uagb_comment_info":0,"uagb_excerpt":"Jonquille en papier - Fleur r\u00e9aliste en papier cr\u00e9pon avec tige et feuilles. Anniversaire. Combinez et cr\u00e9ez un bouquet parfait qui ne se fanera jamais. Fleurs r\u00e9alistes en papier cr\u00e9pon. Choisissez vos jonquilles, vos roses ou vos fleurs pr\u00e9f\u00e9r\u00e9es dans le cadre d'une commande personnalis\u00e9e pour la f\u00eate des m\u00e8res, un anniversaire, un d\u00e9part \u00e0\u2026","jetpack_sharing_enabled":true,"_links":{"self":[{"href":"https:\/\/papelulandia.es\/fr\/wp-json\/wp\/v2\/product\/1895","targetHints":{"allow":["GET"]}}],"collection":[{"href":"https:\/\/papelulandia.es\/fr\/wp-json\/wp\/v2\/product"}],"about":[{"href":"https:\/\/papelulandia.es\/fr\/wp-json\/wp\/v2\/types\/product"}],"replies":[{"embeddable":true,"href":"https:\/\/papelulandia.es\/fr\/wp-json\/wp\/v2\/comments?post=1895"}],"wp:featuredmedia":[{"embeddable":true,"href":"https:\/\/papelulandia.es\/fr\/wp-json\/wp\/v2\/media\/1753"}],"wp:attachment":[{"href":"https:\/\/papelulandia.es\/fr\/wp-json\/wp\/v2\/media?parent=1895"}],"wp:term":[{"taxonomy":"product_brand","embeddable":true,"href":"https:\/\/papelulandia.es\/fr\/wp-json\/wp\/v2\/product_brand?post=1895"},{"taxonomy":"product_cat","embeddable":true,"href":"https:\/\/papelulandia.es\/fr\/wp-json\/wp\/v2\/product_cat?post=1895"},{"taxonomy":"product_tag","embeddable":true,"href":"https:\/\/papelulandia.es\/fr\/wp-json\/wp\/v2\/product_tag?post=1895"}],"curies":[{"name":"wp","href":"https:\/\/api.w.org\/{rel}","templated":true}]}}