 {"id":1894,"date":"2025-05-06T17:23:43","date_gmt":"2025-05-06T16:23:43","guid":{"rendered":"https:\/\/papelulandia.es\/producto\/agenda-de-mariage-personnalise\/"},"modified":"2025-05-06T17:23:43","modified_gmt":"2025-05-06T16:23:43","slug":"agenda-de-mariage-personnalise","status":"publish","type":"product","link":"https:\/\/papelulandia.es\/fr\/Produit\/agenda-de-mariage-personnalise\/","title":{"rendered":"Agenda de mariage personnalis\u00e9"},"content":{"rendered":"<p>Planificateur de mariage personnalis\u00e9 \u2013 Votre alli\u00e9 id\u00e9al pour le grand jour<\/p>\n<p>Organisez chaque d\u00e9tail de votre mariage avec style et \u00e9motion gr\u00e2ce \u00e0 votre Wedding Planner personnalis\u00e9, con\u00e7u sp\u00e9cialement pour les couples qui r\u00eavent d&rsquo;une f\u00eate inoubliable et qui veulent garder un beau souvenir de tout le processus d&rsquo;organisation et de d\u00e9cision de leur beau mariage. Ce planificateur vous aidera non seulement \u00e0 planifier chaque \u00e9tape de votre grand jour, mais il deviendra \u00e9galement un souvenir unique que vous garderez pour toujours. <\/p>\n<p> <strong>Que comprend-elle ?<\/strong><\/p>\n<p>Rubriques pratiques : budget, liste des invit\u00e9s, fournisseurs, calendrier, id\u00e9es de d\u00e9coration, menu, etc.<\/p>\n<p>Espace pour les notes personnelles, l&rsquo;inspiration et les souvenirs.<\/p>\n<p>Calendrier mensuel et hebdomadaire pour une planification claire et organis\u00e9e.<\/p>\n<p>Poches int\u00e9rieures pour ranger les cartes, les coupures de presse et les informations importantes.<br \/>\nDes autocollants pour d\u00e9finir les couleurs et les nuances de la journ\u00e9e<br \/>\nMod\u00e8les pour la d\u00e9finition des tables et le placement des invit\u00e9s<br \/>\nSignets personnalis\u00e9s<\/p>\n<p><strong>Personnalisation<\/strong><br \/>\nJe personnaliserai la couverture selon vos go\u00fbts ou l&rsquo;esth\u00e9tique de votre mariage en y incluant les noms des mari\u00e9s et la date du mariage. Chaque agenda est fabriqu\u00e9 \u00e0 la main dans notre atelier artisanal, en prenant soin de chaque d\u00e9tail avec d\u00e9vouement et amour.<\/p>\n<p><strong>Id\u00e9al comme cadeau<\/strong><br \/>\nParfait comme cadeau pour la mari\u00e9e de la part de sa meilleure amie, de sa s\u0153ur, de sa m\u00e8re ou m\u00eame du futur mari\u00e9. Un d\u00e9tail significatif qui accompagnera chaque \u00e9motion sur le chemin du grand jour.<\/p>\n<p><strong>Caract\u00e9ristiques techniques<\/strong><\/p>\n<p>Taille : A5<\/p>\n<p>Couverture rigide avec finition personnalis\u00e9e<\/p>\n<p>Reliure \u00e0 spirale ou \u00e0 anneaux m\u00e9talliques<\/p>\n<p>Pages imprim\u00e9es en couleur<\/p>\n<p>Comprend une fermeture \u00e9lastique et un marque-page personnalis\u00e9.<\/p>\n<p>Biros<\/p>\n<p>Faites en sorte que chaque \u00e9tape du voyage vers votre mariage soit aussi sp\u00e9ciale que la destination, profitez des pr\u00e9paratifs, vous vous en souviendrez toute votre vie.<br \/>\nFabriqu\u00e9 avec amour pour vous en Papelulandia.<\/p>\n","protected":false},"excerpt":{"rendered":"<p>  Agenda de mariage personnalis\u00e9  <\/p>\n<p>Le compagnon id\u00e9al pour organiser votre mariage et conserver chaque souvenir avec amour.<br \/>\nJe personnalise la couverture avec vos noms, la date, les couleurs et le th\u00e8me.<br \/>\nComprend des sections cl\u00e9s : invit\u00e9s, budget, id\u00e9es, fournisseurs, calendrier et plus encore.<br \/>\nFabriqu\u00e9 \u00e0 la main dans notre atelier artisanal avec beaucoup d&rsquo;amour.<br \/>\nParfait comme cadeau pour les mari\u00e9s.<\/p>\n<p>  Format A5 : Couverture rigide : Pages en couleur<\/p>\n<p>Fabriqu\u00e9 avec amour, personnalis\u00e9 pour chaque couple afin que vous puissiez garder un souvenir unique de l&rsquo;organisation de votre grand jour.<\/p>\n","protected":false},"featured_media":1899,"comment_status":"open","ping_status":"closed","template":"","meta":{"_eb_attr":"","_uag_custom_page_level_css":"","site-sidebar-layout":"default","site-content-layout":"","ast-site-content-layout":"default","site-content-style":"default","site-sidebar-style":"default","ast-global-header-display":"","ast-banner-title-visibility":"","ast-main-header-display":"","ast-hfb-above-header-display":"","ast-hfb-below-header-display":"","ast-hfb-mobile-header-display":"","site-post-title":"","ast-breadcrumbs-content":"","ast-featured-img":"","footer-sml-layout":"","ast-disable-related-posts":"","theme-transparent-header-meta":"default","adv-header-id-meta":"","stick-header-meta":"","header-above-stick-meta":"","header-main-stick-meta":"","header-below-stick-meta":"","astra-migrate-meta-layouts":"default","ast-page-background-enabled":"default","ast-page-background-meta":{"desktop":{"background-color":"var(--ast-global-color-4)","background-image":"","background-repeat":"repeat","background-position":"center center","background-size":"auto","background-attachment":"scroll","background-type":"","background-media":"","overlay-type":"","overlay-color":"","overlay-opacity":"","overlay-gradient":""},"tablet":{"background-color":"","background-image":"","background-repeat":"repeat","background-position":"center center","background-size":"auto","background-attachment":"scroll","background-type":"","background-media":"","overlay-type":"","overlay-color":"","overlay-opacity":"","overlay-gradient":""},"mobile":{"background-color":"","background-image":"","background-repeat":"repeat","background-position":"center center","background-size":"auto","background-attachment":"scroll","background-type":"","background-media":"","overlay-type":"","overlay-color":"","overlay-opacity":"","overlay-gradient":""}},"ast-content-background-meta":{"desktop":{"background-color":"var(--ast-global-color-5)","background-image":"","background-repeat":"repeat","background-position":"center center","background-size":"auto","background-attachment":"scroll","background-type":"","background-media":"","overlay-type":"","overlay-color":"","overlay-opacity":"","overlay-gradient":""},"tablet":{"background-color":"var(--ast-global-color-5)","background-image":"","background-repeat":"repeat","background-position":"center center","background-size":"auto","background-attachment":"scroll","background-type":"","background-media":"","overlay-type":"","overlay-color":"","overlay-opacity":"","overlay-gradient":""},"mobile":{"background-color":"var(--ast-global-color-5)","background-image":"","background-repeat":"repeat","background-position":"center center","background-size":"auto","background-attachment":"scroll","background-type":"","background-media":"","overlay-type":"","overlay-color":"","overlay-opacity":"","overlay-gradient":""}},"advanced_seo_description":"","jetpack_seo_html_title":"","jetpack_seo_noindex":false},"product_brand":[],"product_cat":[94],"product_tag":[96],"class_list":{"0":"post-1894","1":"product","2":"type-product","3":"status-publish","4":"has-post-thumbnail","6":"product_cat-mariage","7":"product_tag-livres-et-autres-articles-de-papeterie","8":"desktop-align-center","9":"tablet-align-left","10":"mobile-align-left","11":"tm-no-options","13":"first","14":"instock","15":"taxable","16":"shipping-taxable","17":"purchasable","18":"product-type-simple"},"uagb_featured_image_src":{"full":["https:\/\/papelulandia.es\/wp-content\/uploads\/2025\/05\/IMG-20250616-WA0020.avif",1537,2048,false],"thumbnail":["https:\/\/papelulandia.es\/wp-content\/uploads\/2025\/05\/IMG-20250616-WA0020-150x150.avif",150,150,true],"medium":["https:\/\/papelulandia.es\/wp-content\/uploads\/2025\/05\/IMG-20250616-WA0020-225x300.avif",225,300,true],"medium_large":["https:\/\/papelulandia.es\/wp-content\/uploads\/2025\/05\/IMG-20250616-WA0020-768x1023.avif",768,1023,true],"large":["https:\/\/papelulandia.es\/wp-content\/uploads\/2025\/05\/IMG-20250616-WA0020-769x1024.avif",769,1024,true],"1536x1536":["https:\/\/papelulandia.es\/wp-content\/uploads\/2025\/05\/IMG-20250616-WA0020-1153x1536.avif",1153,1536,true],"2048x2048":["https:\/\/papelulandia.es\/wp-content\/uploads\/2025\/05\/IMG-20250616-WA0020.avif",1537,2048,false],"woocommerce_thumbnail":["https:\/\/papelulandia.es\/wp-content\/uploads\/2025\/05\/IMG-20250616-WA0020-300x300.avif",300,300,true],"woocommerce_single":["https:\/\/papelulandia.es\/wp-content\/uploads\/2025\/05\/IMG-20250616-WA0020-400x533.avif",400,533,true],"woocommerce_gallery_thumbnail":["https:\/\/papelulandia.es\/wp-content\/uploads\/2025\/05\/IMG-20250616-WA0020-100x100.avif",100,100,true],"variation_swatches_image_size":["https:\/\/papelulandia.es\/wp-content\/uploads\/2025\/05\/IMG-20250616-WA0020-50x50.avif",50,50,true],"variation_swatches_tooltip_size":["https:\/\/papelulandia.es\/wp-content\/uploads\/2025\/05\/IMG-20250616-WA0020-100x100.avif",100,100,true],"dgwt-wcas-product-suggestion":["https:\/\/papelulandia.es\/wp-content\/uploads\/2025\/05\/IMG-20250616-WA0020-64x85.avif",64,85,true]},"uagb_author_info":{"display_name":"LUCIA DEL CAMPO GUTIERREZ","author_link":"https:\/\/papelulandia.es\/fr\/author\/"},"uagb_comment_info":0,"uagb_excerpt":"Agenda de mariage personnalis\u00e9 Le compagnon id\u00e9al pour organiser votre mariage et conserver chaque souvenir avec amour. Je personnalise la couverture avec vos noms, la date, les couleurs et le th\u00e8me. Comprend des sections cl\u00e9s : invit\u00e9s, budget, id\u00e9es, fournisseurs, calendrier et plus encore. Fabriqu\u00e9 \u00e0 la main dans notre atelier artisanal avec beaucoup d'amour.\u2026","jetpack_sharing_enabled":true,"_links":{"self":[{"href":"https:\/\/papelulandia.es\/fr\/wp-json\/wp\/v2\/product\/1894","targetHints":{"allow":["GET"]}}],"collection":[{"href":"https:\/\/papelulandia.es\/fr\/wp-json\/wp\/v2\/product"}],"about":[{"href":"https:\/\/papelulandia.es\/fr\/wp-json\/wp\/v2\/types\/product"}],"replies":[{"embeddable":true,"href":"https:\/\/papelulandia.es\/fr\/wp-json\/wp\/v2\/comments?post=1894"}],"wp:featuredmedia":[{"embeddable":true,"href":"https:\/\/papelulandia.es\/fr\/wp-json\/wp\/v2\/media\/1899"}],"wp:attachment":[{"href":"https:\/\/papelulandia.es\/fr\/wp-json\/wp\/v2\/media?parent=1894"}],"wp:term":[{"taxonomy":"product_brand","embeddable":true,"href":"https:\/\/papelulandia.es\/fr\/wp-json\/wp\/v2\/product_brand?post=1894"},{"taxonomy":"product_cat","embeddable":true,"href":"https:\/\/papelulandia.es\/fr\/wp-json\/wp\/v2\/product_cat?post=1894"},{"taxonomy":"product_tag","embeddable":true,"href":"https:\/\/papelulandia.es\/fr\/wp-json\/wp\/v2\/product_tag?post=1894"}],"curies":[{"name":"wp","href":"https:\/\/api.w.org\/{rel}","templated":true}]}}