 {"id":1845,"date":"2025-01-28T15:00:07","date_gmt":"2025-01-28T15:00:07","guid":{"rendered":"https:\/\/papelulandia.es\/producto\/dessus-de-gateau-de-premiere-communion-personnalise\/"},"modified":"2025-01-28T15:00:07","modified_gmt":"2025-01-28T14:00:07","slug":"dessus-de-gateau-de-premiere-communion-personnalise","status":"publish","type":"product","link":"https:\/\/papelulandia.es\/fr\/Produit\/dessus-de-gateau-de-premiere-communion-personnalise\/","title":{"rendered":"Dessus de g\u00e2teau de premi\u00e8re communion personnalis\u00e9"},"content":{"rendered":"<p>Cake Topper personnalis\u00e9 pour g\u00e2teau de communion<\/p>\n<ul>\n<li>Si vous cherchez une fa\u00e7on unique et sp\u00e9ciale de d\u00e9corer le g\u00e2teau de communion, vous avez trouv\u00e9 le cadeau id\u00e9al&nbsp;! C&rsquo;est son jour, f\u00eatez-le de mani\u00e8re inoubliable&nbsp;! Ce cake topper personnalis\u00e9 est con\u00e7u avec amour et soin pour cr\u00e9er un moment magique et lui faire sentir qu&rsquo;il est le v\u00e9ritable protagoniste de ce jour. <\/li>\n<\/ul>\n<p>D\u00e9tails du produit :<\/p>\n<ul>\n<li>Mat\u00e9riau : Carton, papier, ac\u00e9tate. D\u00e9coup\u00e9 avec pr\u00e9cision pour une finition parfaite. <\/li>\n<li>Personnalisation&nbsp;: Comprend une image repr\u00e9sentative du petit protagoniste, cr\u00e9\u00e9e \u00e0 partir de son image et des d\u00e9tails que vous nous fournirez, ainsi que son nom.<\/li>\n<li>Design d\u00e9taill\u00e9 et attrayant&nbsp;: Il adorera se voir refl\u00e9t\u00e9&nbsp;!<\/li>\n<li>Taille approximative : 16 cm. <\/li>\n<\/ul>\n<p>Pourquoi choisir mes cake toppers ?<\/p>\n<ul>\n<li>Uniques et faits \u00e0 la main : Chaque topper est unique et fait \u00e0 la main avec d\u00e9licatesse<\/li>\n<li>Faciles \u00e0 utiliser&nbsp;: Il se pique dans le g\u00e2teau avec un b\u00e2tonnet en vinyle et peut \u00eatre r\u00e9utilis\u00e9 lors de plusieurs c\u00e9l\u00e9brations (lors de la f\u00eate avec la famille, avec les amis, ou plus tard avec ceux qui n&rsquo;ont pas pu assister \u00e0 la c\u00e9l\u00e9bration). De plus, le stick peut ensuite \u00eatre retir\u00e9 pour utiliser le topper comme d\u00e9coration de sa chambre. <\/li>\n<li>Conception personnalis\u00e9e : cr\u00e9ez un moment sp\u00e9cial dont vous \u00eates le protagoniste.  <\/li>\n<li>Durables, donnez-leur une seconde vie ! : Apr\u00e8s l&rsquo;avoir utilis\u00e9 lors de la c\u00e9l\u00e9bration, retirez le b\u00e2ton transparent et utilisez l&rsquo;adh\u00e9sif arri\u00e8re pour le coller sur un mur\/porte\/meuble de sa chambre afin que le souvenir de son jour sp\u00e9cial perdure. <\/li>\n<\/ul>\n<p>Faites du g\u00e2teau de communion le dessert le plus sp\u00e9cial&nbsp;!.<\/p>\n<p>Ajoutez-le \u00e0 votre panier avec les donn\u00e9es de personnalisation et je travaillerai sur la proposition personnalis\u00e9e pour que vous l&rsquo;ayez bient\u00f4t \u00e0 votre domicile<\/p>\n<p>Si la date de la communion est tr\u00e8s proche et que vous doutez qu&rsquo;il arrive \u00e0 temps, demandez-moi par message et nous chercherons la meilleure alternative.<\/p>\n<p>Demande-moi pour tout autre th\u00e8me qui t&rsquo;int\u00e9resse.<\/p>\n<p>REMARQUE : Pour l&rsquo;envoi, l&rsquo;entreprise de transport aura besoin d&rsquo;un num\u00e9ro de t\u00e9l\u00e9phone<\/p>\n","protected":false},"excerpt":{"rendered":"<p>D\u00e9cor de g\u00e2teau Premi\u00e8re communion. C\u00e9l\u00e9bration de la famille. D\u00e9coration de g\u00e2teau personnalis\u00e9e. Communions, bapt\u00eames et c\u00e9l\u00e9brations. Un moment unique.<\/p>\n<p>Cake Topper personnalis\u00e9 pour g\u00e2teau de communion<\/p>\n<ul>\n<li>Si vous cherchez une fa\u00e7on unique et sp\u00e9ciale de d\u00e9corer le g\u00e2teau de communion, vous avez trouv\u00e9 le cadeau id\u00e9al&nbsp;! C&rsquo;est son jour, f\u00eatez-le de mani\u00e8re inoubliable&nbsp;! Ce cake topper personnalis\u00e9 est con\u00e7u avec amour et soin pour cr\u00e9er un moment magique et lui faire sentir qu&rsquo;il est le v\u00e9ritable protagoniste de ce jour. <\/li>\n<p>Garniture de g\u00e2teau avec b\u00e2tonnet amovible pour la transformer en ornement d\u00e9coratif pour votre chambre apr\u00e8s utilisation.\n<\/ul>\n","protected":false},"featured_media":1853,"comment_status":"open","ping_status":"closed","template":"","meta":{"_eb_attr":"","_uag_custom_page_level_css":"","site-sidebar-layout":"default","site-content-layout":"","ast-site-content-layout":"default","site-content-style":"default","site-sidebar-style":"default","ast-global-header-display":"","ast-banner-title-visibility":"","ast-main-header-display":"","ast-hfb-above-header-display":"","ast-hfb-below-header-display":"","ast-hfb-mobile-header-display":"","site-post-title":"","ast-breadcrumbs-content":"","ast-featured-img":"","footer-sml-layout":"","ast-disable-related-posts":"","theme-transparent-header-meta":"default","adv-header-id-meta":"","stick-header-meta":"","header-above-stick-meta":"","header-main-stick-meta":"","header-below-stick-meta":"","astra-migrate-meta-layouts":"default","ast-page-background-enabled":"default","ast-page-background-meta":{"desktop":{"background-color":"var(--ast-global-color-4)","background-image":"","background-repeat":"repeat","background-position":"center center","background-size":"auto","background-attachment":"scroll","background-type":"","background-media":"","overlay-type":"","overlay-color":"","overlay-opacity":"","overlay-gradient":""},"tablet":{"background-color":"","background-image":"","background-repeat":"repeat","background-position":"center center","background-size":"auto","background-attachment":"scroll","background-type":"","background-media":"","overlay-type":"","overlay-color":"","overlay-opacity":"","overlay-gradient":""},"mobile":{"background-color":"","background-image":"","background-repeat":"repeat","background-position":"center center","background-size":"auto","background-attachment":"scroll","background-type":"","background-media":"","overlay-type":"","overlay-color":"","overlay-opacity":"","overlay-gradient":""}},"ast-content-background-meta":{"desktop":{"background-color":"var(--ast-global-color-5)","background-image":"","background-repeat":"repeat","background-position":"center center","background-size":"auto","background-attachment":"scroll","background-type":"","background-media":"","overlay-type":"","overlay-color":"","overlay-opacity":"","overlay-gradient":""},"tablet":{"background-color":"var(--ast-global-color-5)","background-image":"","background-repeat":"repeat","background-position":"center center","background-size":"auto","background-attachment":"scroll","background-type":"","background-media":"","overlay-type":"","overlay-color":"","overlay-opacity":"","overlay-gradient":""},"mobile":{"background-color":"var(--ast-global-color-5)","background-image":"","background-repeat":"repeat","background-position":"center center","background-size":"auto","background-attachment":"scroll","background-type":"","background-media":"","overlay-type":"","overlay-color":"","overlay-opacity":"","overlay-gradient":""}},"advanced_seo_description":"","jetpack_seo_html_title":"","jetpack_seo_noindex":false},"product_brand":[60],"product_cat":[103],"product_tag":[84,148],"class_list":{"0":"post-1845","1":"product","2":"type-product","3":"status-publish","4":"has-post-thumbnail","6":"product_brand-papelulandia","7":"product_cat-premiere-communion","8":"product_tag-cake-toppers","9":"product_tag-papeterie-de-table","10":"desktop-align-center","11":"tablet-align-left","12":"mobile-align-left","13":"tm-no-options","15":"first","16":"instock","17":"taxable","18":"shipping-taxable","19":"purchasable","20":"product-type-simple"},"uagb_featured_image_src":{"full":["https:\/\/papelulandia.es\/wp-content\/uploads\/2025\/01\/IMG-20250225-WA0019.jpg",1327,1327,false],"thumbnail":["https:\/\/papelulandia.es\/wp-content\/uploads\/2025\/01\/IMG-20250225-WA0019-150x150.jpg",150,150,true],"medium":["https:\/\/papelulandia.es\/wp-content\/uploads\/2025\/01\/IMG-20250225-WA0019-300x300.jpg",300,300,true],"medium_large":["https:\/\/papelulandia.es\/wp-content\/uploads\/2025\/01\/IMG-20250225-WA0019-768x768.jpg",768,768,true],"large":["https:\/\/papelulandia.es\/wp-content\/uploads\/2025\/01\/IMG-20250225-WA0019-1024x1024.jpg",1024,1024,true],"1536x1536":["https:\/\/papelulandia.es\/wp-content\/uploads\/2025\/01\/IMG-20250225-WA0019.jpg",1327,1327,false],"2048x2048":["https:\/\/papelulandia.es\/wp-content\/uploads\/2025\/01\/IMG-20250225-WA0019.jpg",1327,1327,false],"woocommerce_thumbnail":["https:\/\/papelulandia.es\/wp-content\/uploads\/2025\/01\/IMG-20250225-WA0019-300x300.jpg",300,300,true],"woocommerce_single":["https:\/\/papelulandia.es\/wp-content\/uploads\/2025\/01\/IMG-20250225-WA0019-400x400.jpg",400,400,true],"woocommerce_gallery_thumbnail":["https:\/\/papelulandia.es\/wp-content\/uploads\/2025\/01\/IMG-20250225-WA0019-100x100.jpg",100,100,true],"variation_swatches_image_size":["https:\/\/papelulandia.es\/wp-content\/uploads\/2025\/01\/IMG-20250225-WA0019-50x50.jpg",50,50,true],"variation_swatches_tooltip_size":["https:\/\/papelulandia.es\/wp-content\/uploads\/2025\/01\/IMG-20250225-WA0019-100x100.jpg",100,100,true],"dgwt-wcas-product-suggestion":["https:\/\/papelulandia.es\/wp-content\/uploads\/2025\/01\/IMG-20250225-WA0019-64x64.jpg",64,64,true]},"uagb_author_info":{"display_name":"LUCIA DEL CAMPO GUTIERREZ","author_link":"https:\/\/papelulandia.es\/fr\/author\/"},"uagb_comment_info":0,"uagb_excerpt":"D\u00e9cor de g\u00e2teau Premi\u00e8re communion. C\u00e9l\u00e9bration de la famille. D\u00e9coration de g\u00e2teau personnalis\u00e9e. Communions, bapt\u00eames et c\u00e9l\u00e9brations. Un moment unique. Cake Topper personnalis\u00e9 pour g\u00e2teau de communion Si vous cherchez une fa\u00e7on unique et sp\u00e9ciale de d\u00e9corer le g\u00e2teau de communion, vous avez trouv\u00e9 le cadeau id\u00e9al&nbsp;! C'est son jour, f\u00eatez-le de mani\u00e8re inoubliable&nbsp;! Ce\u2026","jetpack_sharing_enabled":true,"_links":{"self":[{"href":"https:\/\/papelulandia.es\/fr\/wp-json\/wp\/v2\/product\/1845","targetHints":{"allow":["GET"]}}],"collection":[{"href":"https:\/\/papelulandia.es\/fr\/wp-json\/wp\/v2\/product"}],"about":[{"href":"https:\/\/papelulandia.es\/fr\/wp-json\/wp\/v2\/types\/product"}],"replies":[{"embeddable":true,"href":"https:\/\/papelulandia.es\/fr\/wp-json\/wp\/v2\/comments?post=1845"}],"wp:featuredmedia":[{"embeddable":true,"href":"https:\/\/papelulandia.es\/fr\/wp-json\/wp\/v2\/media\/1853"}],"wp:attachment":[{"href":"https:\/\/papelulandia.es\/fr\/wp-json\/wp\/v2\/media?parent=1845"}],"wp:term":[{"taxonomy":"product_brand","embeddable":true,"href":"https:\/\/papelulandia.es\/fr\/wp-json\/wp\/v2\/product_brand?post=1845"},{"taxonomy":"product_cat","embeddable":true,"href":"https:\/\/papelulandia.es\/fr\/wp-json\/wp\/v2\/product_cat?post=1845"},{"taxonomy":"product_tag","embeddable":true,"href":"https:\/\/papelulandia.es\/fr\/wp-json\/wp\/v2\/product_tag?post=1845"}],"curies":[{"name":"wp","href":"https:\/\/api.w.org\/{rel}","templated":true}]}}