{"id":1802,"date":"2025-02-01T20:22:01","date_gmt":"2025-02-01T19:22:01","guid":{"rendered":"https:\/\/papelulandia.es\/producto\/boite-avec-message-et-fleur-artisanale-en-papier\/"},"modified":"2026-05-09T10:33:00","modified_gmt":"2026-05-09T09:33:00","slug":"boite-avec-message-et-fleur-artisanale-en-papier","status":"publish","type":"product","link":"https:\/\/papelulandia.es\/fr\/produit\/boite-avec-message-et-fleur-artisanale-en-papier\/","title":{"rendered":"Bo\u00eete avec message et fleur artisanale en papier"},"content":{"rendered":"<p>Bo\u00eete artisanale avec un message personnalis\u00e9 grav\u00e9 sur une feuille transparente et une petite fleur en papier \u00e0 l&rsquo;int\u00e9rieur<\/p>\n","protected":false},"excerpt":{"rendered":"<p>Bo\u00eete artisanale avec un message personnalis\u00e9 grav\u00e9 sur une feuille transparente et une petite fleur en papier \u00e0 l&rsquo;int\u00e9rieur<\/p>\n","protected":false},"featured_media":1804,"comment_status":"open","ping_status":"closed","template":"","meta":{"_eb_attr":"","_uag_custom_page_level_css":"","site-sidebar-layout":"default","site-content-layout":"","ast-site-content-layout":"default","site-content-style":"default","site-sidebar-style":"default","ast-global-header-display":"","ast-banner-title-visibility":"","ast-main-header-display":"","ast-hfb-above-header-display":"","ast-hfb-below-header-display":"","ast-hfb-mobile-header-display":"","site-post-title":"","ast-breadcrumbs-content":"","ast-featured-img":"","footer-sml-layout":"","ast-disable-related-posts":"","theme-transparent-header-meta":"default","adv-header-id-meta":"","stick-header-meta":"","header-above-stick-meta":"","header-main-stick-meta":"","header-below-stick-meta":"","astra-migrate-meta-layouts":"default","ast-page-background-enabled":"default","ast-page-background-meta":{"desktop":{"background-color":"var(--ast-global-color-4)","background-image":"","background-repeat":"repeat","background-position":"center center","background-size":"auto","background-attachment":"scroll","background-type":"","background-media":"","overlay-type":"","overlay-color":"","overlay-opacity":"","overlay-gradient":""},"tablet":{"background-color":"","background-image":"","background-repeat":"repeat","background-position":"center center","background-size":"auto","background-attachment":"scroll","background-type":"","background-media":"","overlay-type":"","overlay-color":"","overlay-opacity":"","overlay-gradient":""},"mobile":{"background-color":"","background-image":"","background-repeat":"repeat","background-position":"center center","background-size":"auto","background-attachment":"scroll","background-type":"","background-media":"","overlay-type":"","overlay-color":"","overlay-opacity":"","overlay-gradient":""}},"ast-content-background-meta":{"desktop":{"background-color":"var(--ast-global-color-5)","background-image":"","background-repeat":"repeat","background-position":"center center","background-size":"auto","background-attachment":"scroll","background-type":"","background-media":"","overlay-type":"","overlay-color":"","overlay-opacity":"","overlay-gradient":""},"tablet":{"background-color":"var(--ast-global-color-5)","background-image":"","background-repeat":"repeat","background-position":"center center","background-size":"auto","background-attachment":"scroll","background-type":"","background-media":"","overlay-type":"","overlay-color":"","overlay-opacity":"","overlay-gradient":""},"mobile":{"background-color":"var(--ast-global-color-5)","background-image":"","background-repeat":"repeat","background-position":"center center","background-size":"auto","background-attachment":"scroll","background-type":"","background-media":"","overlay-type":"","overlay-color":"","overlay-opacity":"","overlay-gradient":""}}},"product_brand":[],"product_cat":[94],"product_tag":[139,137],"class_list":{"0":"post-1802","1":"product","2":"type-product","3":"status-publish","4":"has-post-thumbnail","6":"product_cat-mariage","7":"product_tag-faire-part-de-mariage","8":"product_tag-fleurs-en-papier","9":"desktop-align-center","10":"tablet-align-left","11":"mobile-align-left","12":"tm-no-options","14":"first","15":"instock","16":"taxable","17":"shipping-taxable","18":"purchasable","19":"product-type-variable"},"uagb_featured_image_src":{"full":["https:\/\/papelulandia.es\/wp-content\/uploads\/2025\/02\/IMG_20250115_181445-e1738438015748.jpg",1680,1510,false],"thumbnail":["https:\/\/papelulandia.es\/wp-content\/uploads\/2025\/02\/IMG_20250115_181445-e1738438015748-150x150.jpg",150,150,true],"medium":["https:\/\/papelulandia.es\/wp-content\/uploads\/2025\/02\/IMG_20250115_181445-e1738438015748-300x270.jpg",300,270,true],"medium_large":["https:\/\/papelulandia.es\/wp-content\/uploads\/2025\/02\/IMG_20250115_181445-e1738438015748-768x690.jpg",768,690,true],"large":["https:\/\/papelulandia.es\/wp-content\/uploads\/2025\/02\/IMG_20250115_181445-e1738438015748-1024x920.jpg",1024,920,true],"1536x1536":["https:\/\/papelulandia.es\/wp-content\/uploads\/2025\/02\/IMG_20250115_181445-e1738438015748-1536x1381.jpg",1536,1381,true],"2048x2048":["https:\/\/papelulandia.es\/wp-content\/uploads\/2025\/02\/IMG_20250115_181445-e1738438015748.jpg",1680,1510,false],"woocommerce_thumbnail":["https:\/\/papelulandia.es\/wp-content\/uploads\/2025\/02\/IMG_20250115_181445-e1738438015748-300x300.jpg",300,300,true],"woocommerce_single":["https:\/\/papelulandia.es\/wp-content\/uploads\/2025\/02\/IMG_20250115_181445-e1738438015748-400x360.jpg",400,360,true],"woocommerce_gallery_thumbnail":["https:\/\/papelulandia.es\/wp-content\/uploads\/2025\/02\/IMG_20250115_181445-e1738438015748-100x100.jpg",100,100,true],"variation_swatches_image_size":["https:\/\/papelulandia.es\/wp-content\/uploads\/2025\/02\/IMG_20250115_181445-e1738438015748-50x50.jpg",50,50,true],"variation_swatches_tooltip_size":["https:\/\/papelulandia.es\/wp-content\/uploads\/2025\/02\/IMG_20250115_181445-e1738438015748-100x100.jpg",100,100,true],"dgwt-wcas-product-suggestion":["https:\/\/papelulandia.es\/wp-content\/uploads\/2025\/02\/IMG_20250115_181445-e1738438015748-64x58.jpg",64,58,true]},"uagb_author_info":{"display_name":"LUCIA DEL CAMPO GUTIERREZ","author_link":"https:\/\/papelulandia.es\/fr\/author\/"},"uagb_comment_info":0,"uagb_excerpt":"Bo\u00eete artisanale avec un message personnalis\u00e9 grav\u00e9 sur une feuille transparente et une petite fleur en papier \u00e0 l'int\u00e9rieur","jetpack_sharing_enabled":true,"_links":{"self":[{"href":"https:\/\/papelulandia.es\/fr\/wp-json\/wp\/v2\/product\/1802","targetHints":{"allow":["GET"]}}],"collection":[{"href":"https:\/\/papelulandia.es\/fr\/wp-json\/wp\/v2\/product"}],"about":[{"href":"https:\/\/papelulandia.es\/fr\/wp-json\/wp\/v2\/types\/product"}],"replies":[{"embeddable":true,"href":"https:\/\/papelulandia.es\/fr\/wp-json\/wp\/v2\/comments?post=1802"}],"wp:featuredmedia":[{"embeddable":true,"href":"https:\/\/papelulandia.es\/fr\/wp-json\/wp\/v2\/media\/1804"}],"wp:attachment":[{"href":"https:\/\/papelulandia.es\/fr\/wp-json\/wp\/v2\/media?parent=1802"}],"wp:term":[{"taxonomy":"product_brand","embeddable":true,"href":"https:\/\/papelulandia.es\/fr\/wp-json\/wp\/v2\/product_brand?post=1802"},{"taxonomy":"product_cat","embeddable":true,"href":"https:\/\/papelulandia.es\/fr\/wp-json\/wp\/v2\/product_cat?post=1802"},{"taxonomy":"product_tag","embeddable":true,"href":"https:\/\/papelulandia.es\/fr\/wp-json\/wp\/v2\/product_tag?post=1802"}],"curies":[{"name":"wp","href":"https:\/\/api.w.org\/{rel}","templated":true}]}}