 {"id":1789,"date":"2024-09-06T17:55:10","date_gmt":"2024-09-06T17:55:10","guid":{"rendered":"https:\/\/papelulandia.es\/producto\/cake-topper-personnalise-petite-sorciere\/"},"modified":"2024-09-06T17:55:10","modified_gmt":"2024-09-06T16:55:10","slug":"cake-topper-personnalise-petite-sorciere","status":"publish","type":"product","link":"https:\/\/papelulandia.es\/fr\/Produit\/cake-topper-personnalise-petite-sorciere\/","title":{"rendered":"Cake Topper Personnalis\u00e9 Petite Sorci\u00e8re"},"content":{"rendered":"<p>Topper de g\u00e2teau personnalis\u00e9 \u2013 Collection Marine<\/p>\n<ul>\n<li>Vous connaissez un passionn\u00e9 des livres d&rsquo;Anna Kadabra ? Vous cherchez une fa\u00e7on unique et sp\u00e9ciale de d\u00e9corer le g\u00e2teau d&rsquo;anniversaire ? C&rsquo;est son anniversaire, c\u00e9l\u00e9brez-le de mani\u00e8re inoubliable ! Ce cake topper personnalis\u00e9 est con\u00e7u avec amour et soin pour cr\u00e9er un moment magique lors de son jour le plus important de l&rsquo;ann\u00e9e.   <\/li>\n<\/ul>\n<p> D\u00e9tails du produit :<\/p>\n<ul>\n<li>Mat\u00e9riaux : carton, papier, ac\u00e9tate. D\u00e9coup\u00e9 avec pr\u00e9cision pour une finition parfaite. <\/li>\n<li>Personnalisation : comprend le pr\u00e9nom et l\u2019\u00e2ge du protagoniste du jour.<\/li>\n<li>Design d\u00e9taill\u00e9 et attrayant : avec ses personnages pr\u00e9f\u00e9r\u00e9s !<\/li>\n<li>Taille approximative : 16 cm. <\/li>\n<\/ul>\n<p> Pourquoi choisir mes cake toppers ?<\/p>\n<ul>\n<li>Uniques et artisanaux : chaque topper est cr\u00e9\u00e9 \u00e0 la main avec soin et d\u00e9licatesse.<\/li>\n<li>Faciles \u00e0 utiliser : Ils se plantent dans le g\u00e2teau \u00e0 l\u2019aide d\u2019un b\u00e2tonnet en vinyle et peuvent \u00eatre r\u00e9utilis\u00e9s pour plusieurs c\u00e9l\u00e9brations (\u00e0 la f\u00eate avec les amis, en famille, le jour de l\u2019anniversaire m\u00eame s\u2019il tombe un jour ouvrable et que vous ne pouvez pas le f\u00eater en grand\u2026). Ensuite, le b\u00e2tonnet peut \u00eatre retir\u00e9 pour utiliser le topper comme d\u00e9coration dans sa chambre. <\/li>\n<li>Design personnalis\u00e9 : Cr\u00e9ez ce moment sp\u00e9cial o\u00f9 il\/elle est le\/la protagoniste, en incluant son nom et son \u00e2ge. <\/li>\n<li>Durables, donnez-leur une seconde vie ! Apr\u00e8s l\u2019avoir utilis\u00e9 lors de la c\u00e9l\u00e9bration, retirez le b\u00e2tonnet transparent et utilisez l\u2019adh\u00e9sif au dos pour le coller sur un mur, une porte ou un meuble de sa chambre, afin de conserver le souvenir de son jour sp\u00e9cial. <\/li>\n<\/ul>\n<p>Faites de ce g\u00e2teau d\u2019anniversaire un moment encore plus sp\u00e9cial cette ann\u00e9e ! Parfait pour les f\u00eates d\u2019anniversaire, les anniversaires de mariage et plus encore. <\/p>\n<p> Ajoutez-le \u00e0 votre panier avec les informations de personnalisation et vous le recevrez bient\u00f4t chez vous.<\/p>\n<p> Si la date de l&rsquo;anniversaire est tr\u00e8s proche et que vous doutez qu&rsquo;il arrive \u00e0 temps, demandez-moi par message et nous chercherons la meilleure alternative.<\/p>\n<p> N&rsquo;h\u00e9sitez pas \u00e0 me demander pour toute autre th\u00e9matique qui vous int\u00e9resse.<\/p>\n<p>REMARQUE : Pour l&rsquo;envoi, l&rsquo;entreprise de transport aura besoin d&rsquo;un num\u00e9ro de t\u00e9l\u00e9phone<\/p>\n","protected":false},"excerpt":{"rendered":"<p>Cake topper s\u00e9ries infantiles. D\u00e9coration de g\u00e2teau personnalis\u00e9e. Anniversaires et c\u00e9l\u00e9brations. Moment unique.   <\/p>\n","protected":false},"featured_media":1790,"comment_status":"closed","ping_status":"closed","template":"","meta":{"_eb_attr":"","_uag_custom_page_level_css":"","site-sidebar-layout":"default","site-content-layout":"","ast-site-content-layout":"default","site-content-style":"default","site-sidebar-style":"default","ast-global-header-display":"","ast-banner-title-visibility":"","ast-main-header-display":"","ast-hfb-above-header-display":"","ast-hfb-below-header-display":"","ast-hfb-mobile-header-display":"","site-post-title":"","ast-breadcrumbs-content":"","ast-featured-img":"","footer-sml-layout":"","ast-disable-related-posts":"","theme-transparent-header-meta":"default","adv-header-id-meta":"","stick-header-meta":"","header-above-stick-meta":"","header-main-stick-meta":"","header-below-stick-meta":"","astra-migrate-meta-layouts":"default","ast-page-background-enabled":"default","ast-page-background-meta":{"desktop":{"background-color":"var(--ast-global-color-4)","background-image":"","background-repeat":"repeat","background-position":"center center","background-size":"auto","background-attachment":"scroll","background-type":"","background-media":"","overlay-type":"","overlay-color":"","overlay-opacity":"","overlay-gradient":""},"tablet":{"background-color":"","background-image":"","background-repeat":"repeat","background-position":"center center","background-size":"auto","background-attachment":"scroll","background-type":"","background-media":"","overlay-type":"","overlay-color":"","overlay-opacity":"","overlay-gradient":""},"mobile":{"background-color":"","background-image":"","background-repeat":"repeat","background-position":"center center","background-size":"auto","background-attachment":"scroll","background-type":"","background-media":"","overlay-type":"","overlay-color":"","overlay-opacity":"","overlay-gradient":""}},"ast-content-background-meta":{"desktop":{"background-color":"var(--ast-global-color-5)","background-image":"","background-repeat":"repeat","background-position":"center center","background-size":"auto","background-attachment":"scroll","background-type":"","background-media":"","overlay-type":"","overlay-color":"","overlay-opacity":"","overlay-gradient":""},"tablet":{"background-color":"var(--ast-global-color-5)","background-image":"","background-repeat":"repeat","background-position":"center center","background-size":"auto","background-attachment":"scroll","background-type":"","background-media":"","overlay-type":"","overlay-color":"","overlay-opacity":"","overlay-gradient":""},"mobile":{"background-color":"var(--ast-global-color-5)","background-image":"","background-repeat":"repeat","background-position":"center center","background-size":"auto","background-attachment":"scroll","background-type":"","background-media":"","overlay-type":"","overlay-color":"","overlay-opacity":"","overlay-gradient":""}},"advanced_seo_description":"","jetpack_seo_html_title":"","jetpack_seo_noindex":false},"product_brand":[60],"product_cat":[82],"product_tag":[84],"class_list":{"0":"post-1789","1":"product","2":"type-product","3":"status-publish","4":"has-post-thumbnail","6":"product_brand-papelulandia","7":"product_cat-anniversaires-et-fetes","8":"product_tag-cake-toppers","9":"desktop-align-center","10":"tablet-align-left","11":"mobile-align-left","12":"tm-no-options","14":"first","15":"instock","16":"taxable","17":"shipping-taxable","18":"purchasable","19":"product-type-simple"},"uagb_featured_image_src":{"full":["https:\/\/papelulandia.es\/wp-content\/uploads\/2024\/09\/KADABRA-1-sin-fondo-1-e1725908501156.png",1223,1223,false],"thumbnail":["https:\/\/papelulandia.es\/wp-content\/uploads\/2024\/09\/KADABRA-1-sin-fondo-1-e1725908501156-150x150.png",150,150,true],"medium":["https:\/\/papelulandia.es\/wp-content\/uploads\/2024\/09\/KADABRA-1-sin-fondo-1-e1725908501156-300x300.png",300,300,true],"medium_large":["https:\/\/papelulandia.es\/wp-content\/uploads\/2024\/09\/KADABRA-1-sin-fondo-1-e1725908501156-768x768.png",768,768,true],"large":["https:\/\/papelulandia.es\/wp-content\/uploads\/2024\/09\/KADABRA-1-sin-fondo-1-e1725908501156-1024x1024.png",1024,1024,true],"1536x1536":["https:\/\/papelulandia.es\/wp-content\/uploads\/2024\/09\/KADABRA-1-sin-fondo-1-1172x1536.png",1172,1536,true],"2048x2048":["https:\/\/papelulandia.es\/wp-content\/uploads\/2024\/09\/KADABRA-1-sin-fondo-1-e1725908501156.png",1223,1223,false],"woocommerce_thumbnail":["https:\/\/papelulandia.es\/wp-content\/uploads\/2024\/09\/KADABRA-1-sin-fondo-1-e1725908501156-300x300.png",300,300,true],"woocommerce_single":["https:\/\/papelulandia.es\/wp-content\/uploads\/2024\/09\/KADABRA-1-sin-fondo-1-e1725908501156-400x400.png",400,400,true],"woocommerce_gallery_thumbnail":["https:\/\/papelulandia.es\/wp-content\/uploads\/2024\/09\/KADABRA-1-sin-fondo-1-e1725908501156-100x100.png",100,100,true],"variation_swatches_image_size":["https:\/\/papelulandia.es\/wp-content\/uploads\/2024\/09\/KADABRA-1-sin-fondo-1-e1725908501156-50x50.png",50,50,true],"variation_swatches_tooltip_size":["https:\/\/papelulandia.es\/wp-content\/uploads\/2024\/09\/KADABRA-1-sin-fondo-1-e1725908501156-100x100.png",100,100,true],"dgwt-wcas-product-suggestion":["https:\/\/papelulandia.es\/wp-content\/uploads\/2024\/09\/KADABRA-1-sin-fondo-1-e1725908501156-64x64.png",64,64,true]},"uagb_author_info":{"display_name":"LUCIA DEL CAMPO GUTIERREZ","author_link":"https:\/\/papelulandia.es\/fr\/author\/"},"uagb_comment_info":0,"uagb_excerpt":"Cake topper s\u00e9ries infantiles. D\u00e9coration de g\u00e2teau personnalis\u00e9e. Anniversaires et c\u00e9l\u00e9brations. Moment unique.","jetpack_sharing_enabled":true,"_links":{"self":[{"href":"https:\/\/papelulandia.es\/fr\/wp-json\/wp\/v2\/product\/1789","targetHints":{"allow":["GET"]}}],"collection":[{"href":"https:\/\/papelulandia.es\/fr\/wp-json\/wp\/v2\/product"}],"about":[{"href":"https:\/\/papelulandia.es\/fr\/wp-json\/wp\/v2\/types\/product"}],"replies":[{"embeddable":true,"href":"https:\/\/papelulandia.es\/fr\/wp-json\/wp\/v2\/comments?post=1789"}],"wp:featuredmedia":[{"embeddable":true,"href":"https:\/\/papelulandia.es\/fr\/wp-json\/wp\/v2\/media\/1790"}],"wp:attachment":[{"href":"https:\/\/papelulandia.es\/fr\/wp-json\/wp\/v2\/media?parent=1789"}],"wp:term":[{"taxonomy":"product_brand","embeddable":true,"href":"https:\/\/papelulandia.es\/fr\/wp-json\/wp\/v2\/product_brand?post=1789"},{"taxonomy":"product_cat","embeddable":true,"href":"https:\/\/papelulandia.es\/fr\/wp-json\/wp\/v2\/product_cat?post=1789"},{"taxonomy":"product_tag","embeddable":true,"href":"https:\/\/papelulandia.es\/fr\/wp-json\/wp\/v2\/product_tag?post=1789"}],"curies":[{"name":"wp","href":"https:\/\/api.w.org\/{rel}","templated":true}]}}