 {"id":1770,"date":"2025-02-04T20:22:55","date_gmt":"2025-02-04T19:22:55","guid":{"rendered":"https:\/\/papelulandia.es\/producto\/personnalisation-des-invitations-prepaiement-phase-de-conception\/"},"modified":"2025-02-04T20:22:55","modified_gmt":"2025-02-04T19:22:55","slug":"personnalisation-des-invitations-prepaiement-phase-de-conception","status":"publish","type":"product","link":"https:\/\/papelulandia.es\/fr\/Produit\/personnalisation-des-invitations-prepaiement-phase-de-conception\/","title":{"rendered":"Personnalisation des invitations \u2013 Pr\u00e9paiement phase de conception"},"content":{"rendered":"<p>Pr\u00e9paiement travail de personnalisation des invitations<\/p>\n<p>Pendant la phase de d\u00e9veloppement et de d\u00e9finition des mat\u00e9riaux d\u00e9finitifs, un pr\u00e9paiement de 30 \u20ac est effectu\u00e9 pour r\u00e9aliser et envoyer les \u00e9chantillons, dont 20 \u20ac repr\u00e9sentent votre engagement dans le processus et vous seront rembours\u00e9s en les d\u00e9duisant du prix final de la commande. Pour le montant final, nous lancerons une commande personnalis\u00e9e qui sera pay\u00e9e une fois que la phase de production des invitations commencera.<\/p>\n<p>Dans cette phase de d\u00e9veloppement, nous travaillerons sur vos id\u00e9es, nous vous proposerons les n\u00f4tres et nous r\u00e9aliserons et vous enverrons les \u00e9chantillons de produits et de mat\u00e9riaux avant la validation de la pi\u00e8ce d\u00e9finitive.<\/p>\n","protected":false},"excerpt":{"rendered":"<p>Pr\u00e9paiement travail de personnalisation des invitations<\/p>\n<p>Pendant la phase de d\u00e9veloppement et de d\u00e9finition des mat\u00e9riaux d\u00e9finitifs, un pr\u00e9paiement de 30 \u20ac est effectu\u00e9 pour r\u00e9aliser et envoyer les \u00e9chantillons, dont 20 \u20ac repr\u00e9sentent votre engagement dans le processus et vous seront rembours\u00e9s en les d\u00e9duisant du prix final de la commande. Pour le montant final, nous lancerons une commande personnalis\u00e9e qui sera pay\u00e9e une fois que la phase de production des invitations commencera.<\/p>\n<p>Dans cette phase de d\u00e9veloppement, nous travaillerons sur vos id\u00e9es, nous vous proposerons les n\u00f4tres et nous r\u00e9aliserons et vous enverrons les \u00e9chantillons de produits et de mat\u00e9riaux avant la validation de la pi\u00e8ce d\u00e9finitive.<\/p>\n","protected":false},"featured_media":1774,"comment_status":"open","ping_status":"closed","template":"","meta":{"_eb_attr":"","_uag_custom_page_level_css":"","site-sidebar-layout":"default","site-content-layout":"","ast-site-content-layout":"default","site-content-style":"default","site-sidebar-style":"default","ast-global-header-display":"","ast-banner-title-visibility":"","ast-main-header-display":"","ast-hfb-above-header-display":"","ast-hfb-below-header-display":"","ast-hfb-mobile-header-display":"","site-post-title":"","ast-breadcrumbs-content":"","ast-featured-img":"","footer-sml-layout":"","ast-disable-related-posts":"","theme-transparent-header-meta":"default","adv-header-id-meta":"","stick-header-meta":"","header-above-stick-meta":"","header-main-stick-meta":"","header-below-stick-meta":"","astra-migrate-meta-layouts":"default","ast-page-background-enabled":"default","ast-page-background-meta":{"desktop":{"background-color":"var(--ast-global-color-4)","background-image":"","background-repeat":"repeat","background-position":"center center","background-size":"auto","background-attachment":"scroll","background-type":"","background-media":"","overlay-type":"","overlay-color":"","overlay-opacity":"","overlay-gradient":""},"tablet":{"background-color":"","background-image":"","background-repeat":"repeat","background-position":"center center","background-size":"auto","background-attachment":"scroll","background-type":"","background-media":"","overlay-type":"","overlay-color":"","overlay-opacity":"","overlay-gradient":""},"mobile":{"background-color":"","background-image":"","background-repeat":"repeat","background-position":"center center","background-size":"auto","background-attachment":"scroll","background-type":"","background-media":"","overlay-type":"","overlay-color":"","overlay-opacity":"","overlay-gradient":""}},"ast-content-background-meta":{"desktop":{"background-color":"var(--ast-global-color-5)","background-image":"","background-repeat":"repeat","background-position":"center center","background-size":"auto","background-attachment":"scroll","background-type":"","background-media":"","overlay-type":"","overlay-color":"","overlay-opacity":"","overlay-gradient":""},"tablet":{"background-color":"var(--ast-global-color-5)","background-image":"","background-repeat":"repeat","background-position":"center center","background-size":"auto","background-attachment":"scroll","background-type":"","background-media":"","overlay-type":"","overlay-color":"","overlay-opacity":"","overlay-gradient":""},"mobile":{"background-color":"var(--ast-global-color-5)","background-image":"","background-repeat":"repeat","background-position":"center center","background-size":"auto","background-attachment":"scroll","background-type":"","background-media":"","overlay-type":"","overlay-color":"","overlay-opacity":"","overlay-gradient":""}},"advanced_seo_description":"","jetpack_seo_html_title":"","jetpack_seo_noindex":false},"product_brand":[],"product_cat":[94],"product_tag":[139],"class_list":{"0":"post-1770","1":"product","2":"type-product","3":"status-publish","4":"has-post-thumbnail","6":"product_cat-mariage","7":"product_tag-faire-part-de-mariage","8":"desktop-align-center","9":"tablet-align-left","10":"mobile-align-left","11":"tm-no-options","13":"first","14":"instock","15":"sold-individually","16":"taxable","17":"shipping-taxable","18":"purchasable","19":"product-type-simple"},"uagb_featured_image_src":{"full":["https:\/\/papelulandia.es\/wp-content\/uploads\/2025\/02\/Captura-propuesta-diseno-invitaciones.png",1379,1602,false],"thumbnail":["https:\/\/papelulandia.es\/wp-content\/uploads\/2025\/02\/Captura-propuesta-diseno-invitaciones-150x150.png",150,150,true],"medium":["https:\/\/papelulandia.es\/wp-content\/uploads\/2025\/02\/Captura-propuesta-diseno-invitaciones-258x300.png",258,300,true],"medium_large":["https:\/\/papelulandia.es\/wp-content\/uploads\/2025\/02\/Captura-propuesta-diseno-invitaciones-768x892.png",768,892,true],"large":["https:\/\/papelulandia.es\/wp-content\/uploads\/2025\/02\/Captura-propuesta-diseno-invitaciones-881x1024.png",881,1024,true],"1536x1536":["https:\/\/papelulandia.es\/wp-content\/uploads\/2025\/02\/Captura-propuesta-diseno-invitaciones-1322x1536.png",1322,1536,true],"2048x2048":["https:\/\/papelulandia.es\/wp-content\/uploads\/2025\/02\/Captura-propuesta-diseno-invitaciones.png",1379,1602,false],"woocommerce_thumbnail":["https:\/\/papelulandia.es\/wp-content\/uploads\/2025\/02\/Captura-propuesta-diseno-invitaciones-300x300.png",300,300,true],"woocommerce_single":["https:\/\/papelulandia.es\/wp-content\/uploads\/2025\/02\/Captura-propuesta-diseno-invitaciones-400x465.png",400,465,true],"woocommerce_gallery_thumbnail":["https:\/\/papelulandia.es\/wp-content\/uploads\/2025\/02\/Captura-propuesta-diseno-invitaciones-100x100.png",100,100,true],"variation_swatches_image_size":["https:\/\/papelulandia.es\/wp-content\/uploads\/2025\/02\/Captura-propuesta-diseno-invitaciones-50x50.png",50,50,true],"variation_swatches_tooltip_size":["https:\/\/papelulandia.es\/wp-content\/uploads\/2025\/02\/Captura-propuesta-diseno-invitaciones-100x100.png",100,100,true],"dgwt-wcas-product-suggestion":["https:\/\/papelulandia.es\/wp-content\/uploads\/2025\/02\/Captura-propuesta-diseno-invitaciones-64x74.png",64,74,true]},"uagb_author_info":{"display_name":"LUCIA DEL CAMPO GUTIERREZ","author_link":"https:\/\/papelulandia.es\/fr\/author\/"},"uagb_comment_info":0,"uagb_excerpt":"Pr\u00e9paiement travail de personnalisation des invitations Pendant la phase de d\u00e9veloppement et de d\u00e9finition des mat\u00e9riaux d\u00e9finitifs, un pr\u00e9paiement de 30 \u20ac est effectu\u00e9 pour r\u00e9aliser et envoyer les \u00e9chantillons, dont 20 \u20ac repr\u00e9sentent votre engagement dans le processus et vous seront rembours\u00e9s en les d\u00e9duisant du prix final de la commande. Pour le montant\u2026","jetpack_sharing_enabled":true,"_links":{"self":[{"href":"https:\/\/papelulandia.es\/fr\/wp-json\/wp\/v2\/product\/1770","targetHints":{"allow":["GET"]}}],"collection":[{"href":"https:\/\/papelulandia.es\/fr\/wp-json\/wp\/v2\/product"}],"about":[{"href":"https:\/\/papelulandia.es\/fr\/wp-json\/wp\/v2\/types\/product"}],"replies":[{"embeddable":true,"href":"https:\/\/papelulandia.es\/fr\/wp-json\/wp\/v2\/comments?post=1770"}],"wp:featuredmedia":[{"embeddable":true,"href":"https:\/\/papelulandia.es\/fr\/wp-json\/wp\/v2\/media\/1774"}],"wp:attachment":[{"href":"https:\/\/papelulandia.es\/fr\/wp-json\/wp\/v2\/media?parent=1770"}],"wp:term":[{"taxonomy":"product_brand","embeddable":true,"href":"https:\/\/papelulandia.es\/fr\/wp-json\/wp\/v2\/product_brand?post=1770"},{"taxonomy":"product_cat","embeddable":true,"href":"https:\/\/papelulandia.es\/fr\/wp-json\/wp\/v2\/product_cat?post=1770"},{"taxonomy":"product_tag","embeddable":true,"href":"https:\/\/papelulandia.es\/fr\/wp-json\/wp\/v2\/product_tag?post=1770"}],"curies":[{"name":"wp","href":"https:\/\/api.w.org\/{rel}","templated":true}]}}