 {"id":1742,"date":"2025-03-31T17:58:27","date_gmt":"2025-03-31T16:58:27","guid":{"rendered":"https:\/\/papelulandia.es\/producto\/cake-topper-personnalise-premiere-communion\/"},"modified":"2025-03-31T17:58:27","modified_gmt":"2025-03-31T16:58:27","slug":"cake-topper-personnalise-premiere-communion","status":"publish","type":"product","link":"https:\/\/papelulandia.es\/fr\/Produit\/cake-topper-personnalise-premiere-communion\/","title":{"rendered":"Cake Topper personnalis\u00e9 Premi\u00e8re Communion"},"content":{"rendered":"<p>Cake Topper personnalis\u00e9 pour g\u00e2teau de communion<\/p>\n<ul>\n<li>Si vous cherchez une fa\u00e7on unique et sp\u00e9ciale de d\u00e9corer le g\u00e2teau de communion, vous avez trouv\u00e9 le cadeau id\u00e9al&nbsp;! C&rsquo;est son jour, f\u00eatez-le de mani\u00e8re inoubliable&nbsp;! Ce cake topper personnalis\u00e9 est con\u00e7u avec amour et soin pour cr\u00e9er un moment magique et lui faire sentir qu&rsquo;il est le v\u00e9ritable protagoniste de ce jour. <\/li>\n<\/ul>\n<p>D\u00e9tails du produit&nbsp;:<\/p>\n<ul>\n<li>Mat\u00e9riau&nbsp;: Carton, papier, ac\u00e9tate. D\u00e9coup\u00e9 avec pr\u00e9cision pour une finition parfaite. <\/li>\n<li>Personnalisation&nbsp;: Comprend une image repr\u00e9sentative du petit protagoniste, cr\u00e9\u00e9e \u00e0 partir de son image et des d\u00e9tails que vous nous fournirez, ainsi que son nom.<\/li>\n<li>Design d\u00e9taill\u00e9 et attrayant&nbsp;: Il adorera se voir refl\u00e9t\u00e9&nbsp;!<\/li>\n<li>Taille approximative&nbsp;: 16&nbsp;cm.<\/li>\n<\/ul>\n<p>Pourquoi choisir mes cake toppers&nbsp;?<\/p>\n<ul>\n<li>Uniques et faits \u00e0 la main&nbsp;: Chaque topper est unique et fait \u00e0 la main avec d\u00e9licatesse<\/li>\n<li>Faciles \u00e0 utiliser&nbsp;: Il se pique dans le g\u00e2teau avec un b\u00e2tonnet en vinyle et peut \u00eatre r\u00e9utilis\u00e9 lors de plusieurs c\u00e9l\u00e9brations (lors de la f\u00eate avec la famille, avec les amis, ou plus tard avec ceux qui n&rsquo;ont pas pu assister \u00e0 la c\u00e9l\u00e9bration). De plus, le stick peut ensuite \u00eatre retir\u00e9 pour utiliser le topper comme d\u00e9coration de sa chambre. <\/li>\n<li>Design personnalis\u00e9&nbsp;: Cr\u00e9ez ce moment sp\u00e9cial o\u00f9 il est le protagoniste.<\/li>\n<li>Durables, donnez-lui une seconde vie&nbsp;! Apr\u00e8s l&rsquo;avoir utilis\u00e9 lors de la c\u00e9l\u00e9bration, retirez le stick transparent et utilisez l&rsquo;adh\u00e9sif arri\u00e8re pour le coller sur un mur\/une porte\/un meuble de sa chambre afin que le souvenir de son jour sp\u00e9cial perdure.<\/li>\n<\/ul>\n<p>Faites du g\u00e2teau de communion le dessert le plus sp\u00e9cial&nbsp;!.<\/p>\n<p>Ajoutez-le \u00e0 votre panier avec les donn\u00e9es de personnalisation et je travaillerai sur la proposition personnalis\u00e9e pour que vous l&rsquo;ayez bient\u00f4t \u00e0 votre domicile<\/p>\n<p>Si la date de la communion est tr\u00e8s proche et que vous doutez qu&rsquo;il arrive \u00e0 temps, demandez-moi par message et nous chercherons la meilleure alternative.<\/p>\n<p>Demandez-moi pour tout autre th\u00e8me qui vous int\u00e9resse.<\/p>\n","protected":false},"excerpt":{"rendered":"<p>Cake Topper personnalis\u00e9 pour g\u00e2teau de communion<\/p>\n<ul>\n<li>Si vous cherchez une fa\u00e7on unique et sp\u00e9ciale de d\u00e9corer le g\u00e2teau de communion, vous avez trouv\u00e9 le cadeau id\u00e9al&nbsp;! C&rsquo;est son jour, f\u00eatez-le de mani\u00e8re inoubliable&nbsp;! Ce cake topper personnalis\u00e9 est con\u00e7u avec amour et soin pour cr\u00e9er un moment magique et lui faire sentir qu&rsquo;il est le v\u00e9ritable protagoniste de ce jour. <\/li>\n<\/ul>\n<p>D\u00e9tails du produit&nbsp;:<\/p>\n<ul>\n<li>Mat\u00e9riau&nbsp;: Carton, papier, ac\u00e9tate. D\u00e9coup\u00e9 avec pr\u00e9cision pour une finition parfaite. <\/li>\n<li>Personnalisation&nbsp;: Comprend une image repr\u00e9sentative du petit protagoniste, cr\u00e9\u00e9e \u00e0 partir de son image et des d\u00e9tails que vous nous fournirez, ainsi que son nom.<\/li>\n<li>Design d\u00e9taill\u00e9 et attrayant&nbsp;: Il adorera se voir refl\u00e9t\u00e9&nbsp;!<\/li>\n<li>Taille approximative&nbsp;: 16&nbsp;cm.<\/li>\n<\/ul>\n<p>Pourquoi choisir mes cake toppers&nbsp;?<\/p>\n<ul>\n<li>Uniques et faits \u00e0 la main&nbsp;: Chaque topper est unique et fait \u00e0 la main avec d\u00e9licatesse<\/li>\n<li>Faciles \u00e0 utiliser&nbsp;: Il se pique dans le g\u00e2teau avec un b\u00e2tonnet en vinyle et peut \u00eatre r\u00e9utilis\u00e9 lors de plusieurs c\u00e9l\u00e9brations (lors de la f\u00eate avec la famille, avec les amis, ou plus tard avec ceux qui n&rsquo;ont pas pu assister \u00e0 la c\u00e9l\u00e9bration). De plus, le stick peut ensuite \u00eatre retir\u00e9 pour utiliser le topper comme d\u00e9coration de sa chambre. <\/li>\n<li>Design personnalis\u00e9&nbsp;: Cr\u00e9ez ce moment sp\u00e9cial o\u00f9 il est le protagoniste.<\/li>\n<li>Durables, donnez-lui une seconde vie&nbsp;! Apr\u00e8s l&rsquo;avoir utilis\u00e9 lors de la c\u00e9l\u00e9bration, retirez le stick transparent et utilisez l&rsquo;adh\u00e9sif arri\u00e8re pour le coller sur un mur\/une porte\/un meuble de sa chambre afin que le souvenir de son jour sp\u00e9cial perdure.<\/li>\n<\/ul>\n<p>Faites du g\u00e2teau de communion le dessert le plus sp\u00e9cial&nbsp;!.<\/p>\n<p>Ajoutez-le \u00e0 votre panier avec les donn\u00e9es de personnalisation et je travaillerai sur la proposition personnalis\u00e9e pour que vous l&rsquo;ayez bient\u00f4t \u00e0 votre domicile<\/p>\n<p>Si la date de la communion est tr\u00e8s proche et que vous doutez qu&rsquo;il arrive \u00e0 temps, demandez-moi par message et nous chercherons la meilleure alternative.<\/p>\n<p>Demandez-moi pour tout autre th\u00e8me qui vous int\u00e9resse.<\/p>\n","protected":false},"featured_media":1747,"comment_status":"open","ping_status":"closed","template":"","meta":{"_eb_attr":"","_uag_custom_page_level_css":"","site-sidebar-layout":"default","site-content-layout":"","ast-site-content-layout":"default","site-content-style":"default","site-sidebar-style":"default","ast-global-header-display":"","ast-banner-title-visibility":"","ast-main-header-display":"","ast-hfb-above-header-display":"","ast-hfb-below-header-display":"","ast-hfb-mobile-header-display":"","site-post-title":"","ast-breadcrumbs-content":"","ast-featured-img":"","footer-sml-layout":"","ast-disable-related-posts":"","theme-transparent-header-meta":"default","adv-header-id-meta":"","stick-header-meta":"","header-above-stick-meta":"","header-main-stick-meta":"","header-below-stick-meta":"","astra-migrate-meta-layouts":"default","ast-page-background-enabled":"default","ast-page-background-meta":{"desktop":{"background-color":"var(--ast-global-color-4)","background-image":"","background-repeat":"repeat","background-position":"center center","background-size":"auto","background-attachment":"scroll","background-type":"","background-media":"","overlay-type":"","overlay-color":"","overlay-opacity":"","overlay-gradient":""},"tablet":{"background-color":"","background-image":"","background-repeat":"repeat","background-position":"center center","background-size":"auto","background-attachment":"scroll","background-type":"","background-media":"","overlay-type":"","overlay-color":"","overlay-opacity":"","overlay-gradient":""},"mobile":{"background-color":"","background-image":"","background-repeat":"repeat","background-position":"center center","background-size":"auto","background-attachment":"scroll","background-type":"","background-media":"","overlay-type":"","overlay-color":"","overlay-opacity":"","overlay-gradient":""}},"ast-content-background-meta":{"desktop":{"background-color":"var(--ast-global-color-5)","background-image":"","background-repeat":"repeat","background-position":"center center","background-size":"auto","background-attachment":"scroll","background-type":"","background-media":"","overlay-type":"","overlay-color":"","overlay-opacity":"","overlay-gradient":""},"tablet":{"background-color":"var(--ast-global-color-5)","background-image":"","background-repeat":"repeat","background-position":"center center","background-size":"auto","background-attachment":"scroll","background-type":"","background-media":"","overlay-type":"","overlay-color":"","overlay-opacity":"","overlay-gradient":""},"mobile":{"background-color":"var(--ast-global-color-5)","background-image":"","background-repeat":"repeat","background-position":"center center","background-size":"auto","background-attachment":"scroll","background-type":"","background-media":"","overlay-type":"","overlay-color":"","overlay-opacity":"","overlay-gradient":""}},"advanced_seo_description":"","jetpack_seo_html_title":"","jetpack_seo_noindex":false},"product_brand":[60],"product_cat":[103],"product_tag":[84],"class_list":{"0":"post-1742","1":"product","2":"type-product","3":"status-publish","4":"has-post-thumbnail","6":"product_brand-papelulandia","7":"product_cat-premiere-communion","8":"product_tag-cake-toppers","9":"desktop-align-center","10":"tablet-align-left","11":"mobile-align-left","12":"tm-no-options","14":"first","15":"instock","16":"taxable","17":"shipping-taxable","18":"purchasable","19":"product-type-simple"},"uagb_featured_image_src":{"full":["https:\/\/papelulandia.es\/wp-content\/uploads\/2025\/03\/Ejemplo-Topper-Tarta-Comunion-Diego.avif",469,536,false],"thumbnail":["https:\/\/papelulandia.es\/wp-content\/uploads\/2025\/03\/Ejemplo-Topper-Tarta-Comunion-Diego-150x150.avif",150,150,true],"medium":["https:\/\/papelulandia.es\/wp-content\/uploads\/2025\/03\/Ejemplo-Topper-Tarta-Comunion-Diego-263x300.avif",263,300,true],"medium_large":["https:\/\/papelulandia.es\/wp-content\/uploads\/2025\/03\/Ejemplo-Topper-Tarta-Comunion-Diego.avif",469,536,false],"large":["https:\/\/papelulandia.es\/wp-content\/uploads\/2025\/03\/Ejemplo-Topper-Tarta-Comunion-Diego.avif",469,536,false],"1536x1536":["https:\/\/papelulandia.es\/wp-content\/uploads\/2025\/03\/Ejemplo-Topper-Tarta-Comunion-Diego.avif",469,536,false],"2048x2048":["https:\/\/papelulandia.es\/wp-content\/uploads\/2025\/03\/Ejemplo-Topper-Tarta-Comunion-Diego.avif",469,536,false],"woocommerce_thumbnail":["https:\/\/papelulandia.es\/wp-content\/uploads\/2025\/03\/Ejemplo-Topper-Tarta-Comunion-Diego-300x300.avif",300,300,true],"woocommerce_single":["https:\/\/papelulandia.es\/wp-content\/uploads\/2025\/03\/Ejemplo-Topper-Tarta-Comunion-Diego-400x457.avif",400,457,true],"woocommerce_gallery_thumbnail":["https:\/\/papelulandia.es\/wp-content\/uploads\/2025\/03\/Ejemplo-Topper-Tarta-Comunion-Diego-100x100.avif",100,100,true],"variation_swatches_image_size":["https:\/\/papelulandia.es\/wp-content\/uploads\/2025\/03\/Ejemplo-Topper-Tarta-Comunion-Diego-50x50.avif",50,50,true],"variation_swatches_tooltip_size":["https:\/\/papelulandia.es\/wp-content\/uploads\/2025\/03\/Ejemplo-Topper-Tarta-Comunion-Diego-100x100.avif",100,100,true],"dgwt-wcas-product-suggestion":["https:\/\/papelulandia.es\/wp-content\/uploads\/2025\/03\/Ejemplo-Topper-Tarta-Comunion-Diego-64x73.avif",64,73,true]},"uagb_author_info":{"display_name":"LUCIA DEL CAMPO GUTIERREZ","author_link":"https:\/\/papelulandia.es\/fr\/author\/"},"uagb_comment_info":0,"uagb_excerpt":"Cake Topper personnalis\u00e9 pour g\u00e2teau de communion Si vous cherchez une fa\u00e7on unique et sp\u00e9ciale de d\u00e9corer le g\u00e2teau de communion, vous avez trouv\u00e9 le cadeau id\u00e9al&nbsp;! C'est son jour, f\u00eatez-le de mani\u00e8re inoubliable&nbsp;! Ce cake topper personnalis\u00e9 est con\u00e7u avec amour et soin pour cr\u00e9er un moment magique et lui faire sentir qu'il est\u2026","jetpack_sharing_enabled":true,"_links":{"self":[{"href":"https:\/\/papelulandia.es\/fr\/wp-json\/wp\/v2\/product\/1742","targetHints":{"allow":["GET"]}}],"collection":[{"href":"https:\/\/papelulandia.es\/fr\/wp-json\/wp\/v2\/product"}],"about":[{"href":"https:\/\/papelulandia.es\/fr\/wp-json\/wp\/v2\/types\/product"}],"replies":[{"embeddable":true,"href":"https:\/\/papelulandia.es\/fr\/wp-json\/wp\/v2\/comments?post=1742"}],"wp:featuredmedia":[{"embeddable":true,"href":"https:\/\/papelulandia.es\/fr\/wp-json\/wp\/v2\/media\/1747"}],"wp:attachment":[{"href":"https:\/\/papelulandia.es\/fr\/wp-json\/wp\/v2\/media?parent=1742"}],"wp:term":[{"taxonomy":"product_brand","embeddable":true,"href":"https:\/\/papelulandia.es\/fr\/wp-json\/wp\/v2\/product_brand?post=1742"},{"taxonomy":"product_cat","embeddable":true,"href":"https:\/\/papelulandia.es\/fr\/wp-json\/wp\/v2\/product_cat?post=1742"},{"taxonomy":"product_tag","embeddable":true,"href":"https:\/\/papelulandia.es\/fr\/wp-json\/wp\/v2\/product_tag?post=1742"}],"curies":[{"name":"wp","href":"https:\/\/api.w.org\/{rel}","templated":true}]}}