 {"id":1306,"date":"2025-09-04T09:10:32","date_gmt":"2025-09-04T08:10:32","guid":{"rendered":"https:\/\/papelulandia.es\/producto\/cake-topper-inspire-de-k-pop-demon-hunters\/"},"modified":"2025-12-03T23:20:35","modified_gmt":"2025-12-03T22:20:35","slug":"cake-topper-inspire-de-k-pop-demon-hunters","status":"publish","type":"product","link":"https:\/\/papelulandia.es\/fr\/Produit\/cake-topper-inspire-de-k-pop-demon-hunters\/","title":{"rendered":"Cake topper inspir\u00e9 de K-Pop Demon Hunters"},"content":{"rendered":"<p>Cake topper personnalis\u00e9 inspir\u00e9 de K-Pop Demon Hunters D\u00e9coration de g\u00e2teau personnalis\u00e9e D\u00e9coration de g\u00e2teau d\u2019anniversaire<\/p>\n<p>\u2013 Cake topper personnalis\u00e9 pour g\u00e2teau d\u2019anniversaire : Topper personnalis\u00e9 inspir\u00e9 de K-P <\/p>\n<p>Besoin d&rsquo;un topper pour d\u00e9corer le g\u00e2teau d&rsquo;anniversaire&nbsp;? Vous cherchez une fa\u00e7on unique et sp\u00e9ciale de d\u00e9corer le g\u00e2teau d&rsquo;anniversaire&nbsp;? C&rsquo;est son anniversaire, f\u00eatez-le de mani\u00e8re inoubliable&nbsp;! Ce cake topper personnalis\u00e9 est con\u00e7u avec amour et soin pour cr\u00e9er un moment magique lors de son jour le plus important de l&rsquo;ann\u00e9e. Quelle meilleure th\u00e9matique que de s&rsquo;inspirer des K-pop Demon Hunters&nbsp;!<\/p>\n<p>Confiez-moi votre topper personnalis\u00e9\u2014je cr\u00e9erai le th\u00e8me sp\u00e9cialement pour vous, exclusif \u00e0 votre c\u00e9l\u00e9bration.<\/p>\n<p>\u2013 D\u00e9tails du produit :<\/p>\n<p>Mat\u00e9riaux : carton, papier, ac\u00e9tate. D\u00e9coup\u00e9 avec pr\u00e9cision pour une finition parfaite. <\/p>\n<p>Personnalisation : comprend le pr\u00e9nom et l\u2019\u00e2ge du protagoniste du jour.<\/p>\n<p>Design d\u00e9taill\u00e9 et attrayant : Avec leur th\u00e8me pr\u00e9f\u00e9r\u00e9 !<\/p>\n<p>Taille approximative : 16 cm.<\/p>\n<p>Ajoutez \u00e0 votre commande des mini toppers th\u00e9matiques \u00e0 disposer sur le g\u00e2teau pour rendre le design encore plus sp\u00e9cial ! <\/p>\n<p>\u2013 Pourquoi choisir mes cake toppers ?<\/p>\n<p>Uniques et artisanaux : chaque topper est cr\u00e9\u00e9 \u00e0 la main avec soin et d\u00e9licatesse.<\/p>\n<p>Faciles \u00e0 utiliser : Ils se plantent dans le g\u00e2teau \u00e0 l\u2019aide d\u2019un b\u00e2tonnet en vinyle et peuvent \u00eatre r\u00e9utilis\u00e9s pour plusieurs c\u00e9l\u00e9brations (\u00e0 la f\u00eate avec les amis, en famille, le jour de l\u2019anniversaire m\u00eame s\u2019il tombe un jour ouvrable et que vous ne pouvez pas le f\u00eater en grand\u2026). Ensuite, le b\u00e2tonnet peut \u00eatre retir\u00e9 pour utiliser le topper comme d\u00e9coration dans sa chambre. <\/p>\n<p>Design personnalis\u00e9 : Cr\u00e9ez ce moment sp\u00e9cial o\u00f9 il\/elle est le\/la protagoniste, en incluant son nom et son \u00e2ge. <\/p>\n<p>Offrez-lui une seconde vie : Apr\u00e8s l\u2019avoir utilis\u00e9 lors de la c\u00e9l\u00e9bration, retirez la tige transparente et utilisez l\u2019adh\u00e9sif au dos pour le coller sur un mur, une porte ou un meuble de sa chambre, afin que le souvenir de son jour sp\u00e9cial perdure.<\/p>\n<p>Rendez le g\u00e2teau d\u2019anniversaire de cette ann\u00e9e encore plus sp\u00e9cial ! Parfait pour les anniversaires, les f\u00eates et plus encore. <\/p>\n<p>\u2013 Ajoutez-le \u00e0 votre panier avec les d\u00e9tails de personnalisation, et vous le recevrez bient\u00f4t chez vous.<br \/>\nJe peux cr\u00e9er une guirlande, des bo\u00eetes, des mini toppers ou d\u2019autres d\u00e9corations assorties pour votre f\u00eate ou votre table sucr\u00e9e \u2013 contactez-moi.<\/p>\n<p>\u2013 Si la date d\u2019anniversaire est tr\u00e8s proche et que vous craignez qu\u2019il n\u2019arrive pas \u00e0 temps, envoyez-moi un message et nous trouverons la meilleure solution.<\/p>\n<p>\u2013 Demandez-moi pour tout autre th\u00e8me qui vous int\u00e9resse.<\/p>\n","protected":false},"excerpt":{"rendered":"<p>Cake topper personnalis\u00e9 inspir\u00e9 de K-Pop Demon Hunters D\u00e9coration de g\u00e2teau personnalis\u00e9e D\u00e9coration de g\u00e2teau d\u2019anniversaire<\/p>\n<p>Vous avez besoin d\u2019un topper pour d\u00e9corer le g\u00e2teau d\u2019anniversaire ? Vous cherchez une fa\u00e7on unique et sp\u00e9ciale de d\u00e9corer le g\u00e2teau d\u2019anniversaire ? C\u2019est leur journ\u00e9e sp\u00e9ciale\u2014c\u00e9l\u00e9brez-la de mani\u00e8re inoubliable ! Ce cake topper personnalis\u00e9 est con\u00e7u avec soin et amour pour cr\u00e9er un moment magique lors de leur jour le plus important de l\u2019ann\u00e9e. \ud83e\udeb8 Quelle meilleure th\u00e9matique que de s\u2019inspirer des K-Pop Demon Hunters !<\/p>\n","protected":false},"featured_media":748,"comment_status":"open","ping_status":"closed","template":"","meta":{"_eb_attr":"","_uag_custom_page_level_css":"","site-sidebar-layout":"default","site-content-layout":"","ast-site-content-layout":"default","site-content-style":"default","site-sidebar-style":"default","ast-global-header-display":"","ast-banner-title-visibility":"","ast-main-header-display":"","ast-hfb-above-header-display":"","ast-hfb-below-header-display":"","ast-hfb-mobile-header-display":"","site-post-title":"","ast-breadcrumbs-content":"","ast-featured-img":"","footer-sml-layout":"","ast-disable-related-posts":"","theme-transparent-header-meta":"default","adv-header-id-meta":"","stick-header-meta":"","header-above-stick-meta":"","header-main-stick-meta":"","header-below-stick-meta":"","astra-migrate-meta-layouts":"default","ast-page-background-enabled":"default","ast-page-background-meta":{"desktop":{"background-color":"var(--ast-global-color-4)","background-image":"","background-repeat":"repeat","background-position":"center center","background-size":"auto","background-attachment":"scroll","background-type":"","background-media":"","overlay-type":"","overlay-color":"","overlay-opacity":"","overlay-gradient":""},"tablet":{"background-color":"","background-image":"","background-repeat":"repeat","background-position":"center center","background-size":"auto","background-attachment":"scroll","background-type":"","background-media":"","overlay-type":"","overlay-color":"","overlay-opacity":"","overlay-gradient":""},"mobile":{"background-color":"","background-image":"","background-repeat":"repeat","background-position":"center center","background-size":"auto","background-attachment":"scroll","background-type":"","background-media":"","overlay-type":"","overlay-color":"","overlay-opacity":"","overlay-gradient":""}},"ast-content-background-meta":{"desktop":{"background-color":"var(--ast-global-color-5)","background-image":"","background-repeat":"repeat","background-position":"center center","background-size":"auto","background-attachment":"scroll","background-type":"","background-media":"","overlay-type":"","overlay-color":"","overlay-opacity":"","overlay-gradient":""},"tablet":{"background-color":"var(--ast-global-color-5)","background-image":"","background-repeat":"repeat","background-position":"center center","background-size":"auto","background-attachment":"scroll","background-type":"","background-media":"","overlay-type":"","overlay-color":"","overlay-opacity":"","overlay-gradient":""},"mobile":{"background-color":"var(--ast-global-color-5)","background-image":"","background-repeat":"repeat","background-position":"center center","background-size":"auto","background-attachment":"scroll","background-type":"","background-media":"","overlay-type":"","overlay-color":"","overlay-opacity":"","overlay-gradient":""}},"advanced_seo_description":"","jetpack_seo_html_title":"","jetpack_seo_noindex":false},"product_brand":[60],"product_cat":[82],"product_tag":[84],"class_list":{"0":"post-1306","1":"product","2":"type-product","3":"status-publish","4":"has-post-thumbnail","6":"product_brand-papelulandia","7":"product_cat-anniversaires-et-fetes","8":"product_tag-cake-toppers","9":"desktop-align-center","10":"tablet-align-left","11":"mobile-align-left","12":"tm-no-options","14":"first","15":"instock","16":"sale","17":"taxable","18":"shipping-taxable","19":"purchasable","20":"product-type-simple"},"uagb_featured_image_src":{"full":["https:\/\/papelulandia.es\/wp-content\/uploads\/2025\/09\/wp-1758665117413.avif",1536,2048,false],"thumbnail":["https:\/\/papelulandia.es\/wp-content\/uploads\/2025\/09\/wp-1758665117413-150x150.avif",150,150,true],"medium":["https:\/\/papelulandia.es\/wp-content\/uploads\/2025\/09\/wp-1758665117413-225x300.avif",225,300,true],"medium_large":["https:\/\/papelulandia.es\/wp-content\/uploads\/2025\/09\/wp-1758665117413-768x1024.avif",768,1024,true],"large":["https:\/\/papelulandia.es\/wp-content\/uploads\/2025\/09\/wp-1758665117413-768x1024.avif",768,1024,true],"1536x1536":["https:\/\/papelulandia.es\/wp-content\/uploads\/2025\/09\/wp-1758665117413-1152x1536.avif",1152,1536,true],"2048x2048":["https:\/\/papelulandia.es\/wp-content\/uploads\/2025\/09\/wp-1758665117413.avif",1536,2048,false],"woocommerce_thumbnail":["https:\/\/papelulandia.es\/wp-content\/uploads\/2025\/09\/wp-1758665117413-300x300.avif",300,300,true],"woocommerce_single":["https:\/\/papelulandia.es\/wp-content\/uploads\/2025\/09\/wp-1758665117413-400x533.avif",400,533,true],"woocommerce_gallery_thumbnail":["https:\/\/papelulandia.es\/wp-content\/uploads\/2025\/09\/wp-1758665117413-100x100.avif",100,100,true],"variation_swatches_image_size":["https:\/\/papelulandia.es\/wp-content\/uploads\/2025\/09\/wp-1758665117413-50x50.avif",50,50,true],"variation_swatches_tooltip_size":["https:\/\/papelulandia.es\/wp-content\/uploads\/2025\/09\/wp-1758665117413-100x100.avif",100,100,true],"dgwt-wcas-product-suggestion":["https:\/\/papelulandia.es\/wp-content\/uploads\/2025\/09\/wp-1758665117413-64x85.avif",64,85,true]},"uagb_author_info":{"display_name":"LUCIA DEL CAMPO GUTIERREZ","author_link":"https:\/\/papelulandia.es\/fr\/author\/"},"uagb_comment_info":0,"uagb_excerpt":"Cake topper personnalis\u00e9 inspir\u00e9 de K-Pop Demon Hunters D\u00e9coration de g\u00e2teau personnalis\u00e9e D\u00e9coration de g\u00e2teau d\u2019anniversaire Vous avez besoin d\u2019un topper pour d\u00e9corer le g\u00e2teau d\u2019anniversaire ? Vous cherchez une fa\u00e7on unique et sp\u00e9ciale de d\u00e9corer le g\u00e2teau d\u2019anniversaire ? C\u2019est leur journ\u00e9e sp\u00e9ciale\u2014c\u00e9l\u00e9brez-la de mani\u00e8re inoubliable ! Ce cake topper personnalis\u00e9 est con\u00e7u avec\u2026","jetpack_sharing_enabled":true,"_links":{"self":[{"href":"https:\/\/papelulandia.es\/fr\/wp-json\/wp\/v2\/product\/1306","targetHints":{"allow":["GET"]}}],"collection":[{"href":"https:\/\/papelulandia.es\/fr\/wp-json\/wp\/v2\/product"}],"about":[{"href":"https:\/\/papelulandia.es\/fr\/wp-json\/wp\/v2\/types\/product"}],"replies":[{"embeddable":true,"href":"https:\/\/papelulandia.es\/fr\/wp-json\/wp\/v2\/comments?post=1306"}],"wp:featuredmedia":[{"embeddable":true,"href":"https:\/\/papelulandia.es\/fr\/wp-json\/wp\/v2\/media\/748"}],"wp:attachment":[{"href":"https:\/\/papelulandia.es\/fr\/wp-json\/wp\/v2\/media?parent=1306"}],"wp:term":[{"taxonomy":"product_brand","embeddable":true,"href":"https:\/\/papelulandia.es\/fr\/wp-json\/wp\/v2\/product_brand?post=1306"},{"taxonomy":"product_cat","embeddable":true,"href":"https:\/\/papelulandia.es\/fr\/wp-json\/wp\/v2\/product_cat?post=1306"},{"taxonomy":"product_tag","embeddable":true,"href":"https:\/\/papelulandia.es\/fr\/wp-json\/wp\/v2\/product_tag?post=1306"}],"curies":[{"name":"wp","href":"https:\/\/api.w.org\/{rel}","templated":true}]}}