{"id":1042,"date":"2025-10-28T16:36:17","date_gmt":"2025-10-28T15:36:17","guid":{"rendered":"https:\/\/papelulandia.es\/?post_type=product&#038;p=1042"},"modified":"2025-11-25T14:21:22","modified_gmt":"2025-11-25T13:21:22","slug":"porte-serviettes-personnalise-noel-design-feuilles-de-houx-en-ceramique-copia","status":"publish","type":"product","link":"https:\/\/papelulandia.es\/fr\/Produit\/porte-serviettes-personnalise-noel-design-feuilles-de-houx-en-ceramique-copia\/","title":{"rendered":"Lot de 4 ronds de serviette personnalis\u00e9s en c\u00e9ramique \u2013 Motif de feuilles de houx de No\u00ebl"},"content":{"rendered":"<p>Lot de 4 ronds de serviette personnalis\u00e9s en c\u00e9ramique \u2013 Motif de feuilles de houx de No\u00ebl<\/p>\n<p>\u2013 Rond de serviette personnalis\u00e9 avec nom \u2013 Motif de feuilles de houx entrelac\u00e9es<\/p>\n<p>Cette ann\u00e9e, d\u00e9corez votre table de No\u00ebl avec une touche personnelle et unique. Apportez l\u2019artisanat \u00e0 vos c\u00e9l\u00e9brations familiales en ajoutant chaleur et personnalisation \u00e0 vos moments les plus pr\u00e9cieux.<\/p>\n<p>Chaque porte-serviettes est fabriqu\u00e9 artisanalement en forme de feuilles de houx entrelac\u00e9es, avec une finition d\u00e9corative aux couleurs de No\u00ebl : feuilles aux tons verts, baies rouges et int\u00e9rieur dor\u00e9 apportant un \u00e9clat festif id\u00e9al pour l\u2019occasion.<\/p>\n<p>Ce pack comprend 4 ronds de serviette personnalis\u00e9s avec les noms\/mots que vous choisirez ou indiquerez lors du processus d\u2019achat.<\/p>\n<p>\u2013 D\u00e9tails du produit :<\/p>\n<p>Le pack comprend 4 pi\u00e8ces personnalis\u00e9es, soit avec des noms\/mots diff\u00e9rents, soit les m\u00eames, selon votre choix.<\/p>\n<p>Personnalis\u00e9 avec le nom ou le mot de votre choix (remplissez le champ de personnalisation lors de votre commande).<\/p>\n<p>Id\u00e9al \u00e0 placer sur la table de No\u00ebl, lors de c\u00e9l\u00e9brations familiales ou d\u2019\u00e9v\u00e9nements sp\u00e9ciaux.<\/p>\n<p>Fait \u00e0 la main, il peut donc y avoir de l\u00e9g\u00e8res variations de taille entre les unit\u00e9s, ce qui leur conf\u00e8re un caract\u00e8re unique.<\/p>\n<p>Diam\u00e8tre approximatif : 5,5 cm.<\/p>\n<p>Les couleurs peuvent varier l\u00e9g\u00e8rement en raison de la d\u00e9finition des \u00e9crans.<\/p>\n<p>\u2013 Variantes :<\/p>\n<p>Choisissez parmi les deux options disponibles :<\/p>\n<p>\u2013 CIRCULAIRE ENTRELAC\u00c9 : Porte-serviettes circulaire avec les feuilles entrelac\u00e9es les unes dans les autres formant un cercle.<br \/>\n\u2013 FEUILLES OUVERTES : Porte-serviettes semi-circulaire avec les feuilles s\u00e9par\u00e9es les unes des autres, ne formant pas un cercle complet.<\/p>\n<p>\u2013 Commandes sp\u00e9ciales :<\/p>\n<p>Si vous souhaitez plus de 25 unit\u00e9s, \u00e9crivez-moi avant de passer votre commande. Je vous pr\u00e9parerai une commande personnalis\u00e9e avec un prix sp\u00e9cial selon la quantit\u00e9.<\/p>\n<p>\u2013 Vous pouvez \u00e9crire n\u2019importe quel nom ou mot \u2014 parfait pour personnaliser avec le nom de chaque invit\u00e9, des mots festifs ou des messages sp\u00e9ciaux.<\/p>\n<p>\u2013 Chaque pi\u00e8ce est cr\u00e9\u00e9e avec soin et attention pour que votre table brille de personnalit\u00e9 et d\u2019esprit de No\u00ebl.<\/p>\n<p>\u2013 N\u2019h\u00e9sitez pas \u00e0 me contacter pour toute question ou doute concernant votre commande. No tardar\u00e9 en atenderte y \u00a1Estar\u00e9 encantada de ayudarte!<\/p>\n<p>Porte-serviettes personnalis\u00e9 No\u00ebl Feuilles de houx en c\u00e9ramique Nom de l\u2019invit\u00e9 D\u00e9coration de table de No\u00ebl<\/p>\n","protected":false},"excerpt":{"rendered":"<p>Lot de 4 ronds de serviette personnalis\u00e9s de No\u00ebl Feuilles de houx en c\u00e9ramique Nom de l\u2019invit\u00e9 D\u00e9coration de table de No\u00ebl<\/p>\n<p>Cette ann\u00e9e, d\u00e9corez votre table de No\u00ebl avec une touche personnelle et unique. Apportez l\u2019artisanat \u00e0 vos c\u00e9l\u00e9brations familiales en ajoutant chaleur et personnalisation \u00e0 vos moments les plus pr\u00e9cieux.<\/p>\n<p>Chaque porte-serviettes est fabriqu\u00e9 artisanalement en forme de feuilles de houx entrelac\u00e9es, avec une finition d\u00e9corative aux couleurs de No\u00ebl : feuilles aux tons verts, baies rouges et int\u00e9rieur dor\u00e9 apportant un \u00e9clat festif id\u00e9al pour l\u2019occasion.<\/p>\n<p>Personnalis\u00e9 avec le nom ou le mot de votre choix (remplissez le champ de personnalisation lors de votre commande).<\/p>\n<p>Id\u00e9al \u00e0 placer sur la table de No\u00ebl, lors de c\u00e9l\u00e9brations familiales ou d\u2019\u00e9v\u00e9nements sp\u00e9ciaux.<\/p>\n<p>Fait \u00e0 la main, il peut donc y avoir de l\u00e9g\u00e8res variations de taille entre les unit\u00e9s, ce qui leur conf\u00e8re un caract\u00e8re unique.<\/p>\n","protected":false},"featured_media":1029,"comment_status":"open","ping_status":"closed","template":"","meta":{"_eb_attr":"","_uag_custom_page_level_css":"","site-sidebar-layout":"default","site-content-layout":"","ast-site-content-layout":"default","site-content-style":"default","site-sidebar-style":"default","ast-global-header-display":"","ast-banner-title-visibility":"","ast-main-header-display":"","ast-hfb-above-header-display":"","ast-hfb-below-header-display":"","ast-hfb-mobile-header-display":"","site-post-title":"","ast-breadcrumbs-content":"","ast-featured-img":"","footer-sml-layout":"","ast-disable-related-posts":"","theme-transparent-header-meta":"default","adv-header-id-meta":"","stick-header-meta":"","header-above-stick-meta":"","header-main-stick-meta":"","header-below-stick-meta":"","astra-migrate-meta-layouts":"set","ast-page-background-enabled":"default","ast-page-background-meta":{"desktop":{"background-color":"var(--ast-global-color-4)","background-image":"","background-repeat":"repeat","background-position":"center center","background-size":"auto","background-attachment":"scroll","background-type":"","background-media":"","overlay-type":"","overlay-color":"","overlay-opacity":"","overlay-gradient":""},"tablet":{"background-color":"","background-image":"","background-repeat":"repeat","background-position":"center center","background-size":"auto","background-attachment":"scroll","background-type":"","background-media":"","overlay-type":"","overlay-color":"","overlay-opacity":"","overlay-gradient":""},"mobile":{"background-color":"","background-image":"","background-repeat":"repeat","background-position":"center center","background-size":"auto","background-attachment":"scroll","background-type":"","background-media":"","overlay-type":"","overlay-color":"","overlay-opacity":"","overlay-gradient":""}},"ast-content-background-meta":{"desktop":{"background-color":"var(--ast-global-color-5)","background-image":"","background-repeat":"repeat","background-position":"center center","background-size":"auto","background-attachment":"scroll","background-type":"","background-media":"","overlay-type":"","overlay-color":"","overlay-opacity":"","overlay-gradient":""},"tablet":{"background-color":"var(--ast-global-color-5)","background-image":"","background-repeat":"repeat","background-position":"center center","background-size":"auto","background-attachment":"scroll","background-type":"","background-media":"","overlay-type":"","overlay-color":"","overlay-opacity":"","overlay-gradient":""},"mobile":{"background-color":"var(--ast-global-color-5)","background-image":"","background-repeat":"repeat","background-position":"center center","background-size":"auto","background-attachment":"scroll","background-type":"","background-media":"","overlay-type":"","overlay-color":"","overlay-opacity":"","overlay-gradient":""}}},"product_brand":[],"product_cat":[106],"product_tag":[180],"class_list":{"0":"post-1042","1":"product","2":"type-product","3":"status-publish","4":"has-post-thumbnail","6":"product_cat-noel","7":"product_tag-decoration-pour-evenements","8":"desktop-align-center","9":"tablet-align-left","10":"mobile-align-left","11":"tm-no-options","13":"first","14":"instock","15":"taxable","16":"shipping-taxable","17":"purchasable","18":"product-type-variable"},"uagb_featured_image_src":{"full":["https:\/\/papelulandia.es\/wp-content\/uploads\/2025\/10\/SERVILLETERO-NAVIDENO-HOJAS-ACEBO.avif",1275,1275,false],"thumbnail":["https:\/\/papelulandia.es\/wp-content\/uploads\/2025\/10\/SERVILLETERO-NAVIDENO-HOJAS-ACEBO-150x150.avif",150,150,true],"medium":["https:\/\/papelulandia.es\/wp-content\/uploads\/2025\/10\/SERVILLETERO-NAVIDENO-HOJAS-ACEBO-300x300.avif",300,300,true],"medium_large":["https:\/\/papelulandia.es\/wp-content\/uploads\/2025\/10\/SERVILLETERO-NAVIDENO-HOJAS-ACEBO-768x768.avif",768,768,true],"large":["https:\/\/papelulandia.es\/wp-content\/uploads\/2025\/10\/SERVILLETERO-NAVIDENO-HOJAS-ACEBO-1024x1024.avif",1024,1024,true],"1536x1536":["https:\/\/papelulandia.es\/wp-content\/uploads\/2025\/10\/SERVILLETERO-NAVIDENO-HOJAS-ACEBO.avif",1275,1275,false],"2048x2048":["https:\/\/papelulandia.es\/wp-content\/uploads\/2025\/10\/SERVILLETERO-NAVIDENO-HOJAS-ACEBO.avif",1275,1275,false],"woocommerce_thumbnail":["https:\/\/papelulandia.es\/wp-content\/uploads\/2025\/10\/SERVILLETERO-NAVIDENO-HOJAS-ACEBO-300x300.avif",300,300,true],"woocommerce_single":["https:\/\/papelulandia.es\/wp-content\/uploads\/2025\/10\/SERVILLETERO-NAVIDENO-HOJAS-ACEBO-400x400.avif",400,400,true],"woocommerce_gallery_thumbnail":["https:\/\/papelulandia.es\/wp-content\/uploads\/2025\/10\/SERVILLETERO-NAVIDENO-HOJAS-ACEBO-100x100.avif",100,100,true],"variation_swatches_image_size":["https:\/\/papelulandia.es\/wp-content\/uploads\/2025\/10\/SERVILLETERO-NAVIDENO-HOJAS-ACEBO-50x50.avif",50,50,true],"variation_swatches_tooltip_size":["https:\/\/papelulandia.es\/wp-content\/uploads\/2025\/10\/SERVILLETERO-NAVIDENO-HOJAS-ACEBO-100x100.avif",100,100,true],"dgwt-wcas-product-suggestion":["https:\/\/papelulandia.es\/wp-content\/uploads\/2025\/10\/SERVILLETERO-NAVIDENO-HOJAS-ACEBO-64x64.avif",64,64,true]},"uagb_author_info":{"display_name":"LUCIA DEL CAMPO GUTIERREZ","author_link":"https:\/\/papelulandia.es\/fr\/author\/"},"uagb_comment_info":0,"uagb_excerpt":"Lot de 4 ronds de serviette personnalis\u00e9s de No\u00ebl Feuilles de houx en c\u00e9ramique Nom de l\u2019invit\u00e9 D\u00e9coration de table de No\u00ebl Cette ann\u00e9e, d\u00e9corez votre table de No\u00ebl avec une touche personnelle et unique. Apportez l\u2019artisanat \u00e0 vos c\u00e9l\u00e9brations familiales en ajoutant chaleur et personnalisation \u00e0 vos moments les plus pr\u00e9cieux. Chaque porte-serviettes est\u2026","jetpack_sharing_enabled":true,"_links":{"self":[{"href":"https:\/\/papelulandia.es\/fr\/wp-json\/wp\/v2\/product\/1042","targetHints":{"allow":["GET"]}}],"collection":[{"href":"https:\/\/papelulandia.es\/fr\/wp-json\/wp\/v2\/product"}],"about":[{"href":"https:\/\/papelulandia.es\/fr\/wp-json\/wp\/v2\/types\/product"}],"replies":[{"embeddable":true,"href":"https:\/\/papelulandia.es\/fr\/wp-json\/wp\/v2\/comments?post=1042"}],"wp:featuredmedia":[{"embeddable":true,"href":"https:\/\/papelulandia.es\/fr\/wp-json\/wp\/v2\/media\/1029"}],"wp:attachment":[{"href":"https:\/\/papelulandia.es\/fr\/wp-json\/wp\/v2\/media?parent=1042"}],"wp:term":[{"taxonomy":"product_brand","embeddable":true,"href":"https:\/\/papelulandia.es\/fr\/wp-json\/wp\/v2\/product_brand?post=1042"},{"taxonomy":"product_cat","embeddable":true,"href":"https:\/\/papelulandia.es\/fr\/wp-json\/wp\/v2\/product_cat?post=1042"},{"taxonomy":"product_tag","embeddable":true,"href":"https:\/\/papelulandia.es\/fr\/wp-json\/wp\/v2\/product_tag?post=1042"}],"curies":[{"name":"wp","href":"https:\/\/api.w.org\/{rel}","templated":true}]}}