 {"id":820,"date":"2025-08-08T10:33:17","date_gmt":"2025-08-08T09:33:17","guid":{"rendered":"https:\/\/papelulandia.es\/conditions-generales-de-vente\/"},"modified":"2025-08-08T10:33:17","modified_gmt":"2025-08-08T09:33:17","slug":"conditions-generales-de-vente","status":"publish","type":"page","link":"https:\/\/papelulandia.es\/fr\/conditions-generales-de-vente\/","title":{"rendered":"Conditions g\u00e9n\u00e9rales de vente"},"content":{"rendered":"<header><strong style=\"font-size: revert;\">Salut&nbsp;!<\/strong><span style=\"font-size: revert;\">  Merci de visiter Papelulandia. Avant de faire ton achat, on veut t\u2019expliquer comment \u00e7a marche pour que tout soit clair et facile. <\/span><\/p>\n<\/header>\n<section>\n<h2>1. \u00c0 propos de l\u2019achat<\/h2>\n<p>Quand tu passes une commande chez nous, tu acceptes ces conditions qui r\u00e9gissent l\u2019achat de nos produits artisanaux et personnalis\u00e9s.<\/p>\n<p>On te demande de nous donner des informations correctes pour que la commande arrive bien. C\u2019est ta responsabilit\u00e9 de v\u00e9rifier que les donn\u00e9es soient correctes. Si tu te trompes ou s\u2019il y a une erreur, tu peux nous \u00e9crire \u00e0 <span \n                data-original-string='T3B1QXzbWPEPqgEH9a5cKA==751TDojU1VMWnzYrC5Zn\/ftq3jPvGOqBEI4Y+24I1x9Y4c='\n                class='apbct-email-encoder'\n                title='This contact has been encoded by Anti-Spam by CleanTalk. Click to decode. To finish the decoding make sure that JavaScript is enabled in your browser.'>pe<span class=\"apbct-blur\">*****<\/span>@<span class=\"apbct-blur\">**********<\/span>ia.es<\/span> avant que le produit n\u2019ait \u00e9t\u00e9 envoy\u00e9 et on les corrigera.<\/p>\n<p>Une fois que tu confirmes ta commande, tu recevras un e-mail de confirmation. V\u00e9rifie ta bo\u00eete de spam si tu ne l\u2019as pas re\u00e7u. <\/p>\n<p>Si tu veux changer ou annuler quelque chose, contacte-nous par l\u2019un des moyens disponibles.<\/p>\n<\/section>\n<section>\n<h2>2. Prix et paiement<\/h2>\n<p>Les prix que tu vois incluent toutes les taxes.<\/p>\n<p>Tu paieras au moment de confirmer la commande, en utilisant les m\u00e9thodes qu\u2019on te propose.<\/p>\n<p>Les prix sur le site web peuvent changer, mais ils seront toujours maintenus pour les achats effectu\u00e9s et jusqu\u2019\u00e0 ce que tu re\u00e7oives ta commande.<\/p>\n<\/section>\n<section>\n<h2>3. Envois et livraisons<\/h2>\n<p>On envoie dans toute l\u2019Europe.<\/p>\n<p>Les d\u00e9lais de livraison peuvent varier selon l\u2019endroit o\u00f9 tu vis ou le produit que tu choisis. On te tiendra inform\u00e9 \u00e0 tout moment du suivi et de l\u2019\u00e9tat de ta commande. Malheureusement, on ne peut pas \u00eatre tenus responsables si l\u2019entreprise de livraison a un retard ou un incident.  <\/p>\n<\/section>\n<section>\n<h2>4. Retours et remboursements<\/h2>\n<p>Si quelque chose ne te convainc pas, on t\u2019explique comment le retourner et ce qui se passe avec le remboursement. Tu trouveras toutes les informations disponibles dans la Politique de modifications et de retours.<\/p>\n<\/section>\n<section>\n<h2>5. Propri\u00e9t\u00e9 intellectuelle<\/h2>\n<p>Tout ce que tu vois sur Papelulandia (photos, textes, designs) est \u00e0 nous et il n\u2019est pas permis de l\u2019utiliser sans autorisation.<\/p>\n<\/section>\n<section>\n<h2>6. Exon\u00e9ration de responsabilit\u00e9s<\/h2>\n<p data-start=\"3416\" data-end=\"3469\">Chez Papelulandia, on fait tout avec beaucoup d\u2019affection et notre priorit\u00e9 est de prendre soin de toi en tant que client d\u00e8s le premier contact avec nous, mais&nbsp;:<\/p>\n<ul data-start=\"3471\" data-end=\"3749\">\n<li data-start=\"3471\" data-end=\"3553\">\n<p data-start=\"3473\" data-end=\"3553\">On ne peut pas garantir que toutes les informations sur le site web soient parfaites ou compl\u00e8tes. Si quelque chose ne va pas, on le corrigera et on l\u2019am\u00e9liorera une fois d\u00e9tect\u00e9. <\/p>\n<\/li>\n<li data-start=\"3554\" data-end=\"3688\">\n<p data-start=\"3556\" data-end=\"3688\">On ne se tient pas responsables des dommages indirects qui pourraient d\u00e9couler de l\u2019utilisation du site web ou des produits, sauf si la loi en dispose autrement. On \u00e9valuera chaque cas de mani\u00e8re particuli\u00e8re. <\/p>\n<\/li>\n<\/ul>\n<\/section>\n<section>\n<h2>7. Modifications de ces conditions<\/h2>\n<p>On peut mettre \u00e0 jour ces conditions quand il le faut, mais tu les auras toujours disponibles ici.<\/p>\n<\/section>\n<section>\n<h2>8. Loi et tribunaux<\/h2>\n<p>Papelulandia est r\u00e9gi par la loi espagnole et, s\u2019il y a des probl\u00e8mes, ils seront r\u00e9solus dans les tribunaux de Santander.<\/p>\n<\/section>\n","protected":false},"excerpt":{"rendered":"<p>Salut&nbsp;! Merci de visiter Papelulandia. Avant de faire ton achat, on veut t\u2019expliquer comment \u00e7a marche pour que tout soit [&hellip;]<\/p>\n","protected":false},"author":1,"featured_media":0,"parent":0,"menu_order":0,"comment_status":"closed","ping_status":"closed","template":"","meta":{"_eb_attr":"","_uag_custom_page_level_css":"","site-sidebar-layout":"default","site-content-layout":"","ast-site-content-layout":"default","site-content-style":"default","site-sidebar-style":"default","ast-global-header-display":"","ast-banner-title-visibility":"","ast-main-header-display":"","ast-hfb-above-header-display":"","ast-hfb-below-header-display":"","ast-hfb-mobile-header-display":"","site-post-title":"","ast-breadcrumbs-content":"","ast-featured-img":"","footer-sml-layout":"","ast-disable-related-posts":"","theme-transparent-header-meta":"","adv-header-id-meta":"","stick-header-meta":"","header-above-stick-meta":"","header-main-stick-meta":"","header-below-stick-meta":"","astra-migrate-meta-layouts":"default","ast-page-background-enabled":"default","ast-page-background-meta":{"desktop":{"background-color":"var(--ast-global-color-4)","background-image":"","background-repeat":"repeat","background-position":"center center","background-size":"auto","background-attachment":"scroll","background-type":"","background-media":"","overlay-type":"","overlay-color":"","overlay-opacity":"","overlay-gradient":""},"tablet":{"background-color":"","background-image":"","background-repeat":"repeat","background-position":"center center","background-size":"auto","background-attachment":"scroll","background-type":"","background-media":"","overlay-type":"","overlay-color":"","overlay-opacity":"","overlay-gradient":""},"mobile":{"background-color":"","background-image":"","background-repeat":"repeat","background-position":"center center","background-size":"auto","background-attachment":"scroll","background-type":"","background-media":"","overlay-type":"","overlay-color":"","overlay-opacity":"","overlay-gradient":""}},"ast-content-background-meta":{"desktop":{"background-color":"var(--ast-global-color-5)","background-image":"","background-repeat":"repeat","background-position":"center center","background-size":"auto","background-attachment":"scroll","background-type":"","background-media":"","overlay-type":"","overlay-color":"","overlay-opacity":"","overlay-gradient":""},"tablet":{"background-color":"var(--ast-global-color-5)","background-image":"","background-repeat":"repeat","background-position":"center center","background-size":"auto","background-attachment":"scroll","background-type":"","background-media":"","overlay-type":"","overlay-color":"","overlay-opacity":"","overlay-gradient":""},"mobile":{"background-color":"var(--ast-global-color-5)","background-image":"","background-repeat":"repeat","background-position":"center center","background-size":"auto","background-attachment":"scroll","background-type":"","background-media":"","overlay-type":"","overlay-color":"","overlay-opacity":"","overlay-gradient":""}},"advanced_seo_description":"","jetpack_seo_html_title":"","jetpack_seo_noindex":false,"footnotes":""},"class_list":["post-820","page","type-page","status-publish","hentry"],"uagb_featured_image_src":{"full":false,"thumbnail":false,"medium":false,"medium_large":false,"large":false,"1536x1536":false,"2048x2048":false,"woocommerce_thumbnail":false,"woocommerce_single":false,"woocommerce_gallery_thumbnail":false,"variation_swatches_image_size":false,"variation_swatches_tooltip_size":false,"dgwt-wcas-product-suggestion":false},"uagb_author_info":{"display_name":"LUCIA DEL CAMPO GUTIERREZ","author_link":"https:\/\/papelulandia.es\/fr\/author\/lucamgugmail-com\/"},"uagb_comment_info":0,"uagb_excerpt":"Salut&nbsp;! Merci de visiter Papelulandia. Avant de faire ton achat, on veut t\u2019expliquer comment \u00e7a marche pour que tout soit [&hellip;]","jetpack_sharing_enabled":true,"_links":{"self":[{"href":"https:\/\/papelulandia.es\/fr\/wp-json\/wp\/v2\/pages\/820","targetHints":{"allow":["GET"]}}],"collection":[{"href":"https:\/\/papelulandia.es\/fr\/wp-json\/wp\/v2\/pages"}],"about":[{"href":"https:\/\/papelulandia.es\/fr\/wp-json\/wp\/v2\/types\/page"}],"author":[{"embeddable":true,"href":"https:\/\/papelulandia.es\/fr\/wp-json\/wp\/v2\/users\/1"}],"replies":[{"embeddable":true,"href":"https:\/\/papelulandia.es\/fr\/wp-json\/wp\/v2\/comments?post=820"}],"version-history":[{"count":0,"href":"https:\/\/papelulandia.es\/fr\/wp-json\/wp\/v2\/pages\/820\/revisions"}],"wp:attachment":[{"href":"https:\/\/papelulandia.es\/fr\/wp-json\/wp\/v2\/media?parent=820"}],"curies":[{"name":"wp","href":"https:\/\/api.w.org\/{rel}","templated":true}]}}