 {"id":800,"date":"2025-08-08T13:54:28","date_gmt":"2025-08-08T12:54:28","guid":{"rendered":"https:\/\/papelulandia.es\/a-propos-de-nous\/"},"modified":"2025-08-08T13:54:28","modified_gmt":"2025-08-08T12:54:28","slug":"a-propos-de-nous","status":"publish","type":"page","link":"https:\/\/papelulandia.es\/fr\/a-propos-de-nous\/","title":{"rendered":"\u00c0 propos de nous"},"content":{"rendered":"<p><span style=\"color: #2a4e50; font-size: 1.875rem; font-weight: 600;\">Qu&rsquo;est-ce que Papelulandia ?<\/span><\/p>\n<section>Papelulandia, c&rsquo;est&#8230; un monde magique de papier !. Nous sommes un petit atelier artisanal o\u00f9 le papier se transforme en art. Nous cr\u00e9ons des produits uniques et personnalis\u00e9s avec d\u00e9vouement et beaucoup d&rsquo;affection.<br \/>\nDes parchemins artisanaux aux pi\u00e8ces cr\u00e9atives pour \u00e9v\u00e9nements, nous soignons chaque d\u00e9tail pour que tu re\u00e7oives plus qu&rsquo;un produit : un petit morceau de notre passion pour le fait main.<\/p>\n<h2>Notre philosophie<\/h2>\n<p>Nous croyons en la magie de l&rsquo;artisanat, en l&rsquo;importance des petits d\u00e9tails et en l&rsquo;offre d&rsquo;un traitement proche et personnalis\u00e9.<br \/>\nNous travaillons en pensant que chaque pi\u00e8ce qui sort de Papelulandia raconte une histoire et soit sp\u00e9ciale pour qui la re\u00e7oit.<\/p>\n<\/section>\n<section>\n<h2>O\u00f9 nous trouver<\/h2>\n<p>Notre atelier se trouve dans le nord de l&rsquo;Espagne, dans la jolie ville de Santander. Malheureusement, nous n&rsquo;avons pas de boutique o\u00f9 accueillir le public, mais cela ne nous emp\u00eache pas d&rsquo;\u00eatre proches du client et, de plus, cela nous permet de travailler avec des clients de toute l&rsquo;Europe \ud83d\ude42 <\/p>\n<\/section>\n<p>Pour commander tes cadeaux les plus sp\u00e9ciaux, tu as deux possibilit\u00e9s :<\/p>\n<section>\n<ul>\n<li>Ici, sur Papelulandia.es, notre maison num\u00e9rique :<a href=\"https:\/\/papelulandia.es\" target=\"_blank\" rel=\"noopener\"> Boutique officielle Papelulandia<\/a><\/li>\n<li>Ou dans notre petit si\u00e8ge de <a href=\"https:\/\/www.etsy.com\/shop\/Papelulandia\" target=\"_blank\" rel=\"noopener\">Papelulandia sur Etsy<\/a><\/li>\n<\/ul>\n<p>Tu peux \u00e9galement nous contacter par l&rsquo;un des moyens de contact indiqu\u00e9s sur notre page Contact, ici sur Papelulandia et sur nos r\u00e9seaux sociaux.<\/p>\n<p><img loading=\"lazy\" decoding=\"async\" class=\"size-medium wp-image-715 alignnone\" src=\"https:\/\/papelulandia.es\/wp-content\/uploads\/2025\/09\/IMG-20250427-WA0025-e1756799441931-300x278.avif\" alt=\"\" width=\"300\" height=\"278\" srcset=\"https:\/\/papelulandia.es\/wp-content\/uploads\/2025\/09\/IMG-20250427-WA0025-e1756799441931-300x278.avif 300w, https:\/\/papelulandia.es\/wp-content\/uploads\/2025\/09\/IMG-20250427-WA0025-e1756799441931-1024x949.avif 1024w, https:\/\/papelulandia.es\/wp-content\/uploads\/2025\/09\/IMG-20250427-WA0025-e1756799441931-768x711.avif 768w, https:\/\/papelulandia.es\/wp-content\/uploads\/2025\/09\/IMG-20250427-WA0025-e1756799441931-400x371.avif 400w, https:\/\/papelulandia.es\/wp-content\/uploads\/2025\/09\/IMG-20250427-WA0025-e1756799441931-64x59.avif 64w, https:\/\/papelulandia.es\/wp-content\/uploads\/2025\/09\/IMG-20250427-WA0025-e1756799441931.avif 1522w\" sizes=\"auto, (max-width: 300px) 100vw, 300px\" \/>             <img loading=\"lazy\" decoding=\"async\" class=\"alignnone wp-image-716\" src=\"https:\/\/papelulandia.es\/wp-content\/uploads\/2025\/09\/IMG-20250427-WA0023-300x225.avif\" alt=\"\" width=\"369\" height=\"277\" srcset=\"https:\/\/papelulandia.es\/wp-content\/uploads\/2025\/09\/IMG-20250427-WA0023-300x225.avif 300w, https:\/\/papelulandia.es\/wp-content\/uploads\/2025\/09\/IMG-20250427-WA0023-1024x769.avif 1024w, https:\/\/papelulandia.es\/wp-content\/uploads\/2025\/09\/IMG-20250427-WA0023-768x576.avif 768w, https:\/\/papelulandia.es\/wp-content\/uploads\/2025\/09\/IMG-20250427-WA0023-1536x1153.avif 1536w, https:\/\/papelulandia.es\/wp-content\/uploads\/2025\/09\/IMG-20250427-WA0023-400x300.avif 400w, https:\/\/papelulandia.es\/wp-content\/uploads\/2025\/09\/IMG-20250427-WA0023-64x48.avif 64w, https:\/\/papelulandia.es\/wp-content\/uploads\/2025\/09\/IMG-20250427-WA0023.avif 2048w\" sizes=\"auto, (max-width: 369px) 100vw, 369px\" \/><\/p>\n<p><span style=\"color: #2a4e50; font-size: 1.875rem; font-weight: 600;\">Suis-nous sur les r\u00e9seaux sociaux<\/span><\/p>\n<\/section>\n<section>Nous ne mettons pas \u00e0 jour nos profils sur les r\u00e9seaux sociaux autant que nous le voudrions, car nous privil\u00e9gions le fait d&rsquo;\u00eatre \u00e0 l&rsquo;atelier pour travailler avec le plus grand soin et que tu re\u00e7oives tes commandes les plus sp\u00e9ciales le plus t\u00f4t possible, mais pour ne pas manquer les nouveaut\u00e9s et voir plus de notre travail, suis-nous sur :<\/p>\n<ul>\n<li><a href=\"https:\/\/www.instagram.com\/papelulandia\" target=\"_blank\" rel=\"noopener\">Instagram<\/a> \u2014 \ud835\udde3\ud835\uddd4\ud835\udde3\ud835\uddd8\ud835\udddf\ud835\udde8\ud835\udddf\ud835\uddd4\ud835\udde1\ud835\uddd7\ud835\udddc\ud835\uddd4 | \ud835\ude4b\ud835\ude56\ud835\ude65\ud835\ude5a\ud835\ude61\ud835\ude5a\ud835\ude67\ud835\ude5e\ud835\ude56 \ud835\ude65\ud835\ude5a\ud835\ude67\ud835\ude68\ud835\ude64\ud835\ude63\ud835\ude56\ud835\ude61\ud835\ude5e\ud835\ude6f\ud835\ude56\ud835\ude59\ud835\ude56 \ud83d\udc18<\/li>\n<li><a href=\"https:\/\/www.pinterest.com\/papelulandia\" target=\"_blank\" rel=\"noopener\">Pinterest<\/a> \u2014 \ud835\udde3\ud835\uddd4\ud835\udde3\ud835\uddd8\ud835\udddf\ud835\udde8\ud835\udddf\ud835\uddd4\ud835\udde1\ud835\uddd7\ud835\udddc\ud835\uddd4<\/li>\n<\/ul>\n<\/section>\n<p><img loading=\"lazy\" decoding=\"async\" class=\"size-medium wp-image-363\" src=\"https:\/\/papelulandia.es\/wp-content\/uploads\/2024\/09\/ICONO-TALLER-VERDE-1-300x300.png\" alt=\"IC\u00d4NE ATELIER VERT\" width=\"300\" height=\"300\" srcset=\"https:\/\/papelulandia.es\/wp-content\/uploads\/2024\/09\/ICONO-TALLER-VERDE-1-300x300.png 300w, https:\/\/papelulandia.es\/wp-content\/uploads\/2024\/09\/ICONO-TALLER-VERDE-1-150x150.png 150w, https:\/\/papelulandia.es\/wp-content\/uploads\/2024\/09\/ICONO-TALLER-VERDE-1-100x100.png 100w, https:\/\/papelulandia.es\/wp-content\/uploads\/2024\/09\/ICONO-TALLER-VERDE-1-50x50.png 50w, https:\/\/papelulandia.es\/wp-content\/uploads\/2024\/09\/ICONO-TALLER-VERDE-1-64x64.png 64w, https:\/\/papelulandia.es\/wp-content\/uploads\/2024\/09\/ICONO-TALLER-VERDE-1.png 400w\" sizes=\"auto, (max-width: 300px) 100vw, 300px\" \/><\/p>\n","protected":false},"excerpt":{"rendered":"<p>Qu&rsquo;est-ce que Papelulandia ? Papelulandia, c&rsquo;est&#8230; un monde magique de papier !. Nous sommes un petit atelier artisanal o\u00f9 le [&hellip;]<\/p>\n","protected":false},"author":1,"featured_media":0,"parent":0,"menu_order":0,"comment_status":"closed","ping_status":"closed","template":"","meta":{"_eb_attr":"","_uag_custom_page_level_css":"","site-sidebar-layout":"default","site-content-layout":"","ast-site-content-layout":"default","site-content-style":"default","site-sidebar-style":"default","ast-global-header-display":"","ast-banner-title-visibility":"","ast-main-header-display":"","ast-hfb-above-header-display":"","ast-hfb-below-header-display":"","ast-hfb-mobile-header-display":"","site-post-title":"","ast-breadcrumbs-content":"","ast-featured-img":"","footer-sml-layout":"","ast-disable-related-posts":"","theme-transparent-header-meta":"","adv-header-id-meta":"","stick-header-meta":"","header-above-stick-meta":"","header-main-stick-meta":"","header-below-stick-meta":"","astra-migrate-meta-layouts":"default","ast-page-background-enabled":"default","ast-page-background-meta":{"desktop":{"background-color":"var(--ast-global-color-4)","background-image":"","background-repeat":"repeat","background-position":"center center","background-size":"auto","background-attachment":"scroll","background-type":"","background-media":"","overlay-type":"","overlay-color":"","overlay-opacity":"","overlay-gradient":""},"tablet":{"background-color":"","background-image":"","background-repeat":"repeat","background-position":"center center","background-size":"auto","background-attachment":"scroll","background-type":"","background-media":"","overlay-type":"","overlay-color":"","overlay-opacity":"","overlay-gradient":""},"mobile":{"background-color":"","background-image":"","background-repeat":"repeat","background-position":"center center","background-size":"auto","background-attachment":"scroll","background-type":"","background-media":"","overlay-type":"","overlay-color":"","overlay-opacity":"","overlay-gradient":""}},"ast-content-background-meta":{"desktop":{"background-color":"var(--ast-global-color-5)","background-image":"","background-repeat":"repeat","background-position":"center center","background-size":"auto","background-attachment":"scroll","background-type":"","background-media":"","overlay-type":"","overlay-color":"","overlay-opacity":"","overlay-gradient":""},"tablet":{"background-color":"var(--ast-global-color-5)","background-image":"","background-repeat":"repeat","background-position":"center center","background-size":"auto","background-attachment":"scroll","background-type":"","background-media":"","overlay-type":"","overlay-color":"","overlay-opacity":"","overlay-gradient":""},"mobile":{"background-color":"var(--ast-global-color-5)","background-image":"","background-repeat":"repeat","background-position":"center center","background-size":"auto","background-attachment":"scroll","background-type":"","background-media":"","overlay-type":"","overlay-color":"","overlay-opacity":"","overlay-gradient":""}},"advanced_seo_description":"","jetpack_seo_html_title":"","jetpack_seo_noindex":false,"footnotes":""},"class_list":["post-800","page","type-page","status-publish","hentry"],"uagb_featured_image_src":{"full":false,"thumbnail":false,"medium":false,"medium_large":false,"large":false,"1536x1536":false,"2048x2048":false,"woocommerce_thumbnail":false,"woocommerce_single":false,"woocommerce_gallery_thumbnail":false,"variation_swatches_image_size":false,"variation_swatches_tooltip_size":false,"dgwt-wcas-product-suggestion":false},"uagb_author_info":{"display_name":"LUCIA DEL CAMPO GUTIERREZ","author_link":"https:\/\/papelulandia.es\/fr\/author\/lucamgugmail-com\/"},"uagb_comment_info":0,"uagb_excerpt":"Qu&rsquo;est-ce que Papelulandia ? Papelulandia, c&rsquo;est&#8230; un monde magique de papier !. Nous sommes un petit atelier artisanal o\u00f9 le [&hellip;]","jetpack_sharing_enabled":true,"_links":{"self":[{"href":"https:\/\/papelulandia.es\/fr\/wp-json\/wp\/v2\/pages\/800","targetHints":{"allow":["GET"]}}],"collection":[{"href":"https:\/\/papelulandia.es\/fr\/wp-json\/wp\/v2\/pages"}],"about":[{"href":"https:\/\/papelulandia.es\/fr\/wp-json\/wp\/v2\/types\/page"}],"author":[{"embeddable":true,"href":"https:\/\/papelulandia.es\/fr\/wp-json\/wp\/v2\/users\/1"}],"replies":[{"embeddable":true,"href":"https:\/\/papelulandia.es\/fr\/wp-json\/wp\/v2\/comments?post=800"}],"version-history":[{"count":0,"href":"https:\/\/papelulandia.es\/fr\/wp-json\/wp\/v2\/pages\/800\/revisions"}],"wp:attachment":[{"href":"https:\/\/papelulandia.es\/fr\/wp-json\/wp\/v2\/media?parent=800"}],"curies":[{"name":"wp","href":"https:\/\/api.w.org\/{rel}","templated":true}]}}