 {"id":913,"date":"2024-08-31T21:44:47","date_gmt":"2024-08-31T20:44:47","guid":{"rendered":"https:\/\/papelulandia.es\/producto\/personalisierte-pergamentrolle-aus-gealtertem-papier\/"},"modified":"2026-04-24T07:47:51","modified_gmt":"2026-04-24T06:47:51","slug":"personalisierte-pergamentrolle-aus-gealtertem-papier","status":"publish","type":"product","link":"https:\/\/papelulandia.es\/de\/Produkt\/personalisierte-pergamentrolle-aus-gealtertem-papier\/","title":{"rendered":"Personalisiertes Pergamentpapier im Antik-Look"},"content":{"rendered":"<p>Personalisiertes Pergamentpapier als Geschenk oder G\u00e4stebuch f\u00fcr Ihre Feier.<\/p>\n<p>Suchen Sie nach einer einzigartigen und originellen M\u00f6glichkeit, diese besondere Person zu ehren? W\u00fcnschen Sie sich ein handgefertigtes Papier, um Ihre Eheversprechen am Hochzeitstag zu verlesen? M\u00f6chten Sie alle mit Ihrer Abschlussrede \u00fcberraschen? Oder vielleicht ein originelles G\u00e4stebuch? M\u00f6chten Sie auf einzigartige und besondere Weise kommunizieren? Mit diesem wundersch\u00f6nen Pergamentpapier im Antik-Look werden Sie \u00fcberraschen und diesen besonderen Moment einzigartig machen.     <\/p>\n<ul>\n<li>F\u00fcr alle Arten von Feiern: Abschlussdiplom, Ruhestand, Hochzeit, Jubil\u00e4um, Einladungen, Erinnerungen, Vatertag, Muttertag, Gro\u00dfelterntag, Valentinstag usw.<\/li>\n<li>Handgefertigt in Papelulandia mit viel Liebe zum Detail und Zuneigung f\u00fcr diese Person, die alles verdient und die Sie im Sinn haben.<\/li>\n<\/ul>\n<p>Es besteht auch die M\u00f6glichkeit, das Pergament ohne Text oder nur mit einem einleitenden Text zu bestellen, so dass Sie oder Ihre G\u00e4ste Ihre Botschaften handschriftlich verfassen k\u00f6nnen.<\/p>\n<ul>\n<li>Erh\u00e4ltlich in jeder Gr\u00f6\u00dfe mit einem Maximum von 30\u00d760cm, da ich es speziell f\u00fcr Sie anfertige. W\u00e4hlen Sie beim Kauf die Option der Gr\u00f6\u00dfe, die am besten zu Ihrer Bestellung passt, und schreiben Sie mir bei Fragen, damit wir das perfekte Geschenk f\u00fcr Ihren besonderen Moment vorbereiten k\u00f6nnen. <\/li>\n<\/ul>\n<p> Versand in die gesamte EU.<\/p>\n<ul>\n<li>Wenn der Termin n\u00e4her r\u00fcckt und Sie Zweifel haben, ob es rechtzeitig ankommt, schreiben Sie mir, um zu pr\u00fcfen, ob ich die Fristen verk\u00fcrzen kann.<\/li>\n<\/ul>\n<p>Warum meine Produkte w\u00e4hlen?<\/p>\n<ul>\n<li>Weil ich Papelulandia gegr\u00fcndet habe, um in meiner kleinen Werkstatt handgefertigte, einzigartige St\u00fccke herzustellen, die Teil dieser besonderen Momente sind<\/li>\n<\/ul>\n<p> F\u00fcgen Sie es zusammen mit den Personalisierungsdaten in Ihren Warenkorb und bald haben Sie es bei Ihnen zu Hause \ud83d\ude42<\/p>\n<p>*Wenn der Termin der Feier sehr nahe ist und Sie Zweifel haben, ob es rechtzeitig ankommt, fragen Sie mich per Nachricht und wir suchen nach der besten Alternative*<\/p>\n","protected":false},"excerpt":{"rendered":"<p>Personalisiertes Pergamentpapier im Antik-Look. Ruhestand, Hochzeit, Jubil\u00e4um, Valentinstag. Mittelalterlich. G\u00e4stebuch, Gel\u00fcbde. Theater. Brief. Weihnachten. Nachricht vom Weihnachtsmann. Nachricht von den Heiligen Drei K\u00f6nigen. Nachricht vom Weihnachtsmann         <\/p>\n","protected":false},"featured_media":902,"comment_status":"open","ping_status":"closed","template":"","meta":{"_eb_attr":"","_uag_custom_page_level_css":"","site-sidebar-layout":"default","site-content-layout":"","ast-site-content-layout":"default","site-content-style":"default","site-sidebar-style":"default","ast-global-header-display":"","ast-banner-title-visibility":"","ast-main-header-display":"","ast-hfb-above-header-display":"","ast-hfb-below-header-display":"","ast-hfb-mobile-header-display":"","site-post-title":"","ast-breadcrumbs-content":"","ast-featured-img":"","footer-sml-layout":"","ast-disable-related-posts":"","theme-transparent-header-meta":"default","adv-header-id-meta":"","stick-header-meta":"","header-above-stick-meta":"","header-main-stick-meta":"","header-below-stick-meta":"","astra-migrate-meta-layouts":"set","ast-page-background-enabled":"default","ast-page-background-meta":{"desktop":{"background-color":"var(--ast-global-color-4)","background-image":"","background-repeat":"repeat","background-position":"center center","background-size":"auto","background-attachment":"scroll","background-type":"","background-media":"","overlay-type":"","overlay-color":"","overlay-opacity":"","overlay-gradient":""},"tablet":{"background-color":"","background-image":"","background-repeat":"repeat","background-position":"center center","background-size":"auto","background-attachment":"scroll","background-type":"","background-media":"","overlay-type":"","overlay-color":"","overlay-opacity":"","overlay-gradient":""},"mobile":{"background-color":"","background-image":"","background-repeat":"repeat","background-position":"center center","background-size":"auto","background-attachment":"scroll","background-type":"","background-media":"","overlay-type":"","overlay-color":"","overlay-opacity":"","overlay-gradient":""}},"ast-content-background-meta":{"desktop":{"background-color":"var(--ast-global-color-5)","background-image":"","background-repeat":"repeat","background-position":"center center","background-size":"auto","background-attachment":"scroll","background-type":"","background-media":"","overlay-type":"","overlay-color":"","overlay-opacity":"","overlay-gradient":""},"tablet":{"background-color":"var(--ast-global-color-5)","background-image":"","background-repeat":"repeat","background-position":"center center","background-size":"auto","background-attachment":"scroll","background-type":"","background-media":"","overlay-type":"","overlay-color":"","overlay-opacity":"","overlay-gradient":""},"mobile":{"background-color":"var(--ast-global-color-5)","background-image":"","background-repeat":"repeat","background-position":"center center","background-size":"auto","background-attachment":"scroll","background-type":"","background-media":"","overlay-type":"","overlay-color":"","overlay-opacity":"","overlay-gradient":""}},"advanced_seo_description":"","jetpack_seo_html_title":"","jetpack_seo_noindex":false},"product_brand":[],"product_cat":[108,101,90],"product_tag":[124,152],"class_list":{"0":"post-913","1":"product","2":"type-product","3":"status-publish","4":"has-post-thumbnail","6":"product_cat-hochzeit","7":"product_cat-personalisierte-pergamentrolle","8":"product_cat-sonderbestellungen","9":"product_tag-bucher-und-sonstige-papierwaren","10":"product_tag-pergamentrolle","11":"desktop-align-center","12":"tablet-align-left","13":"mobile-align-left","14":"tm-has-options","16":"first","17":"instock","18":"taxable","19":"shipping-taxable","20":"purchasable","21":"product-type-variable"},"uagb_featured_image_src":{"full":["https:\/\/papelulandia.es\/wp-content\/uploads\/2024\/08\/PERGAMINO-GRANDE-1.webp",1024,1024,false],"thumbnail":["https:\/\/papelulandia.es\/wp-content\/uploads\/2024\/08\/PERGAMINO-GRANDE-1-150x150.webp",150,150,true],"medium":["https:\/\/papelulandia.es\/wp-content\/uploads\/2024\/08\/PERGAMINO-GRANDE-1-300x300.webp",300,300,true],"medium_large":["https:\/\/papelulandia.es\/wp-content\/uploads\/2024\/08\/PERGAMINO-GRANDE-1-768x768.webp",768,768,true],"large":["https:\/\/papelulandia.es\/wp-content\/uploads\/2024\/08\/PERGAMINO-GRANDE-1.webp",1024,1024,false],"1536x1536":["https:\/\/papelulandia.es\/wp-content\/uploads\/2024\/08\/PERGAMINO-GRANDE-1.webp",1024,1024,false],"2048x2048":["https:\/\/papelulandia.es\/wp-content\/uploads\/2024\/08\/PERGAMINO-GRANDE-1.webp",1024,1024,false],"woocommerce_thumbnail":["https:\/\/papelulandia.es\/wp-content\/uploads\/2024\/08\/PERGAMINO-GRANDE-1-300x300.webp",300,300,true],"woocommerce_single":["https:\/\/papelulandia.es\/wp-content\/uploads\/2024\/08\/PERGAMINO-GRANDE-1-400x400.webp",400,400,true],"woocommerce_gallery_thumbnail":["https:\/\/papelulandia.es\/wp-content\/uploads\/2024\/08\/PERGAMINO-GRANDE-1-100x100.webp",100,100,true],"variation_swatches_image_size":["https:\/\/papelulandia.es\/wp-content\/uploads\/2024\/08\/PERGAMINO-GRANDE-1.webp",50,50,false],"variation_swatches_tooltip_size":["https:\/\/papelulandia.es\/wp-content\/uploads\/2024\/08\/PERGAMINO-GRANDE-1.webp",100,100,false],"dgwt-wcas-product-suggestion":["https:\/\/papelulandia.es\/wp-content\/uploads\/2024\/08\/PERGAMINO-GRANDE-1-64x64.webp",64,64,true]},"uagb_author_info":{"display_name":"LUCIA DEL CAMPO GUTIERREZ","author_link":"https:\/\/papelulandia.es\/de\/author\/"},"uagb_comment_info":1,"uagb_excerpt":"Personalisiertes Pergamentpapier im Antik-Look. Ruhestand, Hochzeit, Jubil\u00e4um, Valentinstag. Mittelalterlich. G\u00e4stebuch, Gel\u00fcbde. Theater. Brief. Weihnachten. Nachricht vom Weihnachtsmann. Nachricht von den Heiligen Drei K\u00f6nigen. Nachricht vom Weihnachtsmann","jetpack_sharing_enabled":true,"_links":{"self":[{"href":"https:\/\/papelulandia.es\/de\/wp-json\/wp\/v2\/product\/913","targetHints":{"allow":["GET"]}}],"collection":[{"href":"https:\/\/papelulandia.es\/de\/wp-json\/wp\/v2\/product"}],"about":[{"href":"https:\/\/papelulandia.es\/de\/wp-json\/wp\/v2\/types\/product"}],"replies":[{"embeddable":true,"href":"https:\/\/papelulandia.es\/de\/wp-json\/wp\/v2\/comments?post=913"}],"wp:featuredmedia":[{"embeddable":true,"href":"https:\/\/papelulandia.es\/de\/wp-json\/wp\/v2\/media\/902"}],"wp:attachment":[{"href":"https:\/\/papelulandia.es\/de\/wp-json\/wp\/v2\/media?parent=913"}],"wp:term":[{"taxonomy":"product_brand","embeddable":true,"href":"https:\/\/papelulandia.es\/de\/wp-json\/wp\/v2\/product_brand?post=913"},{"taxonomy":"product_cat","embeddable":true,"href":"https:\/\/papelulandia.es\/de\/wp-json\/wp\/v2\/product_cat?post=913"},{"taxonomy":"product_tag","embeddable":true,"href":"https:\/\/papelulandia.es\/de\/wp-json\/wp\/v2\/product_tag?post=913"}],"curies":[{"name":"wp","href":"https:\/\/api.w.org\/{rel}","templated":true}]}}