 {"id":853,"date":"2024-09-01T17:14:21","date_gmt":"2024-09-01T17:14:21","guid":{"rendered":"https:\/\/papelulandia.es\/producto\/papierrose-realistische-papierblume-aus-krepppapier-mit-stiel-und-blaettern\/"},"modified":"2026-03-04T15:55:50","modified_gmt":"2026-03-04T14:55:50","slug":"papierrose-realistische-papierblume-aus-krepppapier-mit-stiel-und-blaettern","status":"publish","type":"product","link":"https:\/\/papelulandia.es\/de\/Produkt\/papierrose-realistische-papierblume-aus-krepppapier-mit-stiel-und-blaettern\/","title":{"rendered":"Papierrose \u2013 Realistische Papierblume aus Krepppapier mit Stiel und Bl\u00e4ttern."},"content":{"rendered":"<p>Realistische Blumen aus Krepppapier. W\u00e4hlen Sie Ihre Rosen, G\u00e4nsebl\u00fcmchen oder Ihre Lieblingsblumen nach individueller Bestellung. <\/p>\n<ul>\n<li>Wei\u00dft du nicht, was du dieser besonderen Person schenken sollst? Liebst du Blumen, aber es tut dir leid, sie zu schneiden und welken zu sehen? Lass mich dir helfen! Diese wundersch\u00f6nen Rosen welken nicht, und mit ihnen tr\u00e4gst du zu einer nachhaltigen Dekoration bei, da sie aus Papier gefertigt sind. Wenn dir gef\u00e4llt, was du siehst, aber deine Lieblingsblumen andere sind, gib eine individuelle Bestellung auf und ich werde sie f\u00fcr dich anfertigen.<\/li>\n<\/ul>\n<p>\u2013 Verf\u00fcgbare Optionen:<\/p>\n<p><strong>\u25feRose:<\/strong> Diese wundersch\u00f6ne Blume mit ihrem Stiel und ihren Bl\u00e4ttern sieht einzeln oder als Strau\u00df ideal aus.<\/p>\n<p><strong>\u25feG\u00e4nsebl\u00fcmchen:<\/strong> Die Sch\u00f6nheit und Einfachheit eines G\u00e4nsebl\u00fcmchens schm\u00fcckt eine kleine Ecke oder jeden Raum, wenn man mit ihnen einen Strau\u00df bildet.<\/p>\n<p>\u25fe<strong>Jede personalisierte Blume:<\/strong> Schreiben Sie mir eine Nachricht, wenn Sie Zweifel haben, und ich best\u00e4tige Ihnen, ob ich die Blumen Ihrer Tr\u00e4ume kreieren kann.<\/p>\n<p>\u2013 Personalisierung:<\/p>\n<ul>\n<li><strong>Ma\u00dfgeschneiderte Designs:<\/strong> Wenn Sie Blumen einer bestimmten Art oder Farbe w\u00fcnschen, kann ich diese f\u00fcr Sie erstellen, die Grenze ist Ihre Fantasie.<\/li>\n<li><strong>Personalisierte Details:<\/strong> Sie k\u00f6nnen eine personalisierte Schachtel f\u00fcr Ihre Blume oder ein Etikett an Ihrem Strau\u00df mit dem Namen, Datum, der Zeichnung oder dem Detail Ihrer Wahl hinzuf\u00fcgen.<\/li>\n<\/ul>\n<p>\u2013 So Geben Sie Ihre Bestellung Auf:<\/p>\n<p>\u25fe W\u00e4hlen Sie die Option oder Optionen der Blumen, die Sie bevorzugen, und schreiben Sie mir die Farbe in die Personalisierung oder lassen Sie sich von mir beraten.<\/p>\n<p>\u25fe Geben Sie mir die Daten und Details f\u00fcr die personalisierten Blumen.<\/p>\n<p>\u25fe Wenn Sie eine personalisierte Schachtel f\u00fcr die Blume w\u00fcnschen oder einen Strau\u00df mit einem pers\u00f6nlichen Etikett erstellen m\u00f6chten, legen Sie diesen Artikel ebenfalls in den Warenkorb und geben Sie die Details in der Personalisierung an<\/p>\n<p>-Lieferung &amp; Versand:<\/p>\n<p>Ich sorge daf\u00fcr, dass ich Sie \u00fcber den Fortschritt Ihrer Bestellung informiere und Ihnen helfe, weitere Formalit\u00e4ten zu vergessen und alles vor dem vereinbarten Termin fertig zu erhalten.<\/p>\n<p>Weitere Informationen zu nationalen und internationalen Lieferungen finden Sie in meinen Versandrichtlinien.<\/p>\n<p>Mit diesen wundersch\u00f6nen Blumen haben Sie das perfekte Detail!<\/p>\n<p>Bei Bestellungen ab 12 St\u00fcck fragen Sie mich nach einem Gutschein f\u00fcr die Versandkosten \ud83d\ude42<\/p>\n<p>Z\u00f6gern Sie nicht, mir zu schreiben, ich helfe Ihnen bei Fragen zum Kauf \ud83d\ude09<\/p>\n","protected":false},"excerpt":{"rendered":"<p>Realistische Blumen aus Krepppapier. W\u00e4hlen Sie Ihre Rosen, G\u00e4nsebl\u00fcmchen oder Ihre Lieblingsblumen nach individueller Bestellung. Wei\u00dft du nicht, was du [&hellip;]<\/p>\n","protected":false},"featured_media":860,"comment_status":"open","ping_status":"closed","template":"","meta":{"_eb_attr":"","_uag_custom_page_level_css":"","site-sidebar-layout":"default","site-content-layout":"","ast-site-content-layout":"default","site-content-style":"default","site-sidebar-style":"default","ast-global-header-display":"","ast-banner-title-visibility":"","ast-main-header-display":"","ast-hfb-above-header-display":"","ast-hfb-below-header-display":"","ast-hfb-mobile-header-display":"","site-post-title":"","ast-breadcrumbs-content":"","ast-featured-img":"","footer-sml-layout":"","ast-disable-related-posts":"","theme-transparent-header-meta":"default","adv-header-id-meta":"","stick-header-meta":"","header-above-stick-meta":"","header-main-stick-meta":"","header-below-stick-meta":"","astra-migrate-meta-layouts":"default","ast-page-background-enabled":"default","ast-page-background-meta":{"desktop":{"background-color":"var(--ast-global-color-4)","background-image":"","background-repeat":"repeat","background-position":"center center","background-size":"auto","background-attachment":"scroll","background-type":"","background-media":"","overlay-type":"","overlay-color":"","overlay-opacity":"","overlay-gradient":""},"tablet":{"background-color":"","background-image":"","background-repeat":"repeat","background-position":"center center","background-size":"auto","background-attachment":"scroll","background-type":"","background-media":"","overlay-type":"","overlay-color":"","overlay-opacity":"","overlay-gradient":""},"mobile":{"background-color":"","background-image":"","background-repeat":"repeat","background-position":"center center","background-size":"auto","background-attachment":"scroll","background-type":"","background-media":"","overlay-type":"","overlay-color":"","overlay-opacity":"","overlay-gradient":""}},"ast-content-background-meta":{"desktop":{"background-color":"var(--ast-global-color-5)","background-image":"","background-repeat":"repeat","background-position":"center center","background-size":"auto","background-attachment":"scroll","background-type":"","background-media":"","overlay-type":"","overlay-color":"","overlay-opacity":"","overlay-gradient":""},"tablet":{"background-color":"var(--ast-global-color-5)","background-image":"","background-repeat":"repeat","background-position":"center center","background-size":"auto","background-attachment":"scroll","background-type":"","background-media":"","overlay-type":"","overlay-color":"","overlay-opacity":"","overlay-gradient":""},"mobile":{"background-color":"var(--ast-global-color-5)","background-image":"","background-repeat":"repeat","background-position":"center center","background-size":"auto","background-attachment":"scroll","background-type":"","background-media":"","overlay-type":"","overlay-color":"","overlay-opacity":"","overlay-gradient":""}},"advanced_seo_description":"","jetpack_seo_html_title":"","jetpack_seo_noindex":false},"product_brand":[],"product_cat":[91,90],"product_tag":[92],"class_list":{"0":"post-853","1":"product","2":"type-product","3":"status-publish","4":"has-post-thumbnail","6":"product_cat-3d-papierdekorationen","7":"product_cat-sonderbestellungen","8":"product_tag-papierblumen","9":"desktop-align-center","10":"tablet-align-left","11":"mobile-align-left","12":"tm-no-options","14":"first","15":"instock","16":"taxable","17":"shipping-taxable","18":"purchasable","19":"product-type-simple"},"uagb_featured_image_src":{"full":["https:\/\/papelulandia.es\/wp-content\/uploads\/2024\/09\/FLOR-PAPEL-ROSA-1-sin-fondo.png",970,1293,false],"thumbnail":["https:\/\/papelulandia.es\/wp-content\/uploads\/2024\/09\/FLOR-PAPEL-ROSA-1-sin-fondo-150x150.png",150,150,true],"medium":["https:\/\/papelulandia.es\/wp-content\/uploads\/2024\/09\/FLOR-PAPEL-ROSA-1-sin-fondo-225x300.png",225,300,true],"medium_large":["https:\/\/papelulandia.es\/wp-content\/uploads\/2024\/09\/FLOR-PAPEL-ROSA-1-sin-fondo-768x1024.png",768,1024,true],"large":["https:\/\/papelulandia.es\/wp-content\/uploads\/2024\/09\/FLOR-PAPEL-ROSA-1-sin-fondo-768x1024.png",768,1024,true],"1536x1536":["https:\/\/papelulandia.es\/wp-content\/uploads\/2024\/09\/FLOR-PAPEL-ROSA-1-sin-fondo.png",970,1293,false],"2048x2048":["https:\/\/papelulandia.es\/wp-content\/uploads\/2024\/09\/FLOR-PAPEL-ROSA-1-sin-fondo.png",970,1293,false],"woocommerce_thumbnail":["https:\/\/papelulandia.es\/wp-content\/uploads\/2024\/09\/FLOR-PAPEL-ROSA-1-sin-fondo-300x300.png",300,300,true],"woocommerce_single":["https:\/\/papelulandia.es\/wp-content\/uploads\/2024\/09\/FLOR-PAPEL-ROSA-1-sin-fondo-400x533.png",400,533,true],"woocommerce_gallery_thumbnail":["https:\/\/papelulandia.es\/wp-content\/uploads\/2024\/09\/FLOR-PAPEL-ROSA-1-sin-fondo-100x100.png",100,100,true],"variation_swatches_image_size":["https:\/\/papelulandia.es\/wp-content\/uploads\/2024\/09\/FLOR-PAPEL-ROSA-1-sin-fondo-50x50.png",50,50,true],"variation_swatches_tooltip_size":["https:\/\/papelulandia.es\/wp-content\/uploads\/2024\/09\/FLOR-PAPEL-ROSA-1-sin-fondo-100x100.png",100,100,true],"dgwt-wcas-product-suggestion":["https:\/\/papelulandia.es\/wp-content\/uploads\/2024\/09\/FLOR-PAPEL-ROSA-1-sin-fondo-64x85.png",64,85,true]},"uagb_author_info":{"display_name":"LUCIA DEL CAMPO GUTIERREZ","author_link":"https:\/\/papelulandia.es\/de\/author\/"},"uagb_comment_info":0,"uagb_excerpt":"Realistische Blumen aus Krepppapier. W\u00e4hlen Sie Ihre Rosen, G\u00e4nsebl\u00fcmchen oder Ihre Lieblingsblumen nach individueller Bestellung. Wei\u00dft du nicht, was du [&hellip;]","jetpack_sharing_enabled":true,"_links":{"self":[{"href":"https:\/\/papelulandia.es\/de\/wp-json\/wp\/v2\/product\/853","targetHints":{"allow":["GET"]}}],"collection":[{"href":"https:\/\/papelulandia.es\/de\/wp-json\/wp\/v2\/product"}],"about":[{"href":"https:\/\/papelulandia.es\/de\/wp-json\/wp\/v2\/types\/product"}],"replies":[{"embeddable":true,"href":"https:\/\/papelulandia.es\/de\/wp-json\/wp\/v2\/comments?post=853"}],"wp:featuredmedia":[{"embeddable":true,"href":"https:\/\/papelulandia.es\/de\/wp-json\/wp\/v2\/media\/860"}],"wp:attachment":[{"href":"https:\/\/papelulandia.es\/de\/wp-json\/wp\/v2\/media?parent=853"}],"wp:term":[{"taxonomy":"product_brand","embeddable":true,"href":"https:\/\/papelulandia.es\/de\/wp-json\/wp\/v2\/product_brand?post=853"},{"taxonomy":"product_cat","embeddable":true,"href":"https:\/\/papelulandia.es\/de\/wp-json\/wp\/v2\/product_cat?post=853"},{"taxonomy":"product_tag","embeddable":true,"href":"https:\/\/papelulandia.es\/de\/wp-json\/wp\/v2\/product_tag?post=853"}],"curies":[{"name":"wp","href":"https:\/\/api.w.org\/{rel}","templated":true}]}}