 {"id":852,"date":"2024-08-31T20:02:26","date_gmt":"2024-08-31T20:02:26","guid":{"rendered":"https:\/\/papelulandia.es\/producto\/cake-topper-inspiriert-von-hollow-knight-kirby\/"},"modified":"2026-01-03T20:31:24","modified_gmt":"2026-01-03T19:31:24","slug":"cake-topper-inspiriert-von-hollow-knight-kirby","status":"publish","type":"product","link":"https:\/\/papelulandia.es\/de\/Produkt\/cake-topper-inspiriert-von-hollow-knight-kirby\/","title":{"rendered":"Cake Topper inspiriert von Hollow Knight &amp; Kirby"},"content":{"rendered":"<p>Personalisierter Cake Topper f\u00fcr Geburtstagstorte<\/p>\n<ul>\n<li>Kennen Sie jemanden, der Videospiele liebt? Suchen Sie nach einer einzigartigen und besonderen M\u00f6glichkeit, die Geburtstagstorte zu dekorieren? Es ist sein Jahrestag, feiern Sie ihn unvergesslich! Dieser personalisierte Cake Topper wurde mit Liebe und Sorgfalt entworfen, um einen magischen Moment an seinem wichtigsten Tag des Jahres zu schaffen.   <\/li>\n<\/ul>\n<p>Produktdetails:<\/p>\n<ul>\n<li>Material: Karton, Papier, Acetat. Pr\u00e4zisionsgeschnitten f\u00fcr ein perfektes Finish. <\/li>\n<li>Personalisierung: Inklusive Name und Alter des Protagonisten des Tages.<\/li>\n<li>Detailliertes und auff\u00e4lliges Design: Mit seinen Lieblingsfiguren!<\/li>\n<li>Ungef\u00e4hre Gr\u00f6\u00dfe: 16 cm.<\/li>\n<\/ul>\n<p>Warum meine Cake Topper w\u00e4hlen?<\/p>\n<ul>\n<li>Einzigartig und handgefertigt: Jeder Topper ist einzigartig und mit Sorgfalt handgefertigt<\/li>\n<li>Einfach zu verwenden: Er wird mit einem Vinylstab in den Kuchen gesteckt und kann bei verschiedenen Feiern wiederverwendet werden (auf der Party mit Freunden, mit der Familie, am Geburtstag, auch wenn er auf einen Arbeitstag f\u00e4llt und Sie ihn nicht gro\u00df feiern k\u00f6nnen&#8230;). Au\u00dferdem kann der Stick danach entfernt werden, um den Topper als Dekoration f\u00fcr sein Zimmer zu verwenden. <\/li>\n<li>Personalisiertes Design: Schaffen Sie diesen besonderen Moment, in dem er der Protagonist ist, einschlie\u00dflich seines Namens und der Jahre, die er alt wird.<\/li>\n<li>Nachhaltig, geben Sie ihm\/ihr ein zweites Leben!: Entfernen Sie nach der Verwendung bei der Feier den transparenten Stick und verwenden Sie den Klebstoff auf der R\u00fcckseite, um ihn an einer Wand\/T\u00fcr\/M\u00f6bel in seinem\/ihrem Zimmer zu befestigen, damit die Erinnerung an seinen\/ihren besonderen Tag erhalten bleibt.<\/li>\n<\/ul>\n<p>Machen Sie die Geburtstagstorte dieses Jahr noch spezieller! Perfekt f\u00fcr Geburtstagsfeiern, Jubil\u00e4en und mehr. <\/p>\n<p>F\u00fcgen Sie ihn zusammen mit den Personalisierungsdaten in Ihren Warenkorb und Sie werden ihn bald bei sich zu Hause haben<\/p>\n<p>Wenn der Geburtstagstermin sehr nahe ist und Sie Zweifel haben, ob er rechtzeitig ankommt, fragen Sie mich per Nachricht und wir suchen nach der besten Alternative.<\/p>\n<p>Fragen Sie mich nach jedem anderen Thema, das Sie interessiert.<\/p>\n<p>HINWEIS: F\u00fcr den Versand ben\u00f6tigt das Transportunternehmen eine Telefonnummer<\/p>\n","protected":false},"excerpt":{"rendered":"<p>Cake Topper Videospiele. Party Kirby &amp; Hollow Knight. Personalisierte Tortendekoration. Geburtstage und Feiern. Einzigartiger Moment.    <\/p>\n","protected":false},"featured_media":854,"comment_status":"open","ping_status":"closed","template":"","meta":{"_eb_attr":"","_uag_custom_page_level_css":"","site-sidebar-layout":"default","site-content-layout":"","ast-site-content-layout":"default","site-content-style":"default","site-sidebar-style":"default","ast-global-header-display":"","ast-banner-title-visibility":"","ast-main-header-display":"","ast-hfb-above-header-display":"","ast-hfb-below-header-display":"","ast-hfb-mobile-header-display":"","site-post-title":"","ast-breadcrumbs-content":"","ast-featured-img":"","footer-sml-layout":"","ast-disable-related-posts":"","theme-transparent-header-meta":"default","adv-header-id-meta":"","stick-header-meta":"","header-above-stick-meta":"","header-main-stick-meta":"","header-below-stick-meta":"","astra-migrate-meta-layouts":"default","ast-page-background-enabled":"default","ast-page-background-meta":{"desktop":{"background-color":"var(--ast-global-color-4)","background-image":"","background-repeat":"repeat","background-position":"center center","background-size":"auto","background-attachment":"scroll","background-type":"","background-media":"","overlay-type":"","overlay-color":"","overlay-opacity":"","overlay-gradient":""},"tablet":{"background-color":"","background-image":"","background-repeat":"repeat","background-position":"center center","background-size":"auto","background-attachment":"scroll","background-type":"","background-media":"","overlay-type":"","overlay-color":"","overlay-opacity":"","overlay-gradient":""},"mobile":{"background-color":"","background-image":"","background-repeat":"repeat","background-position":"center center","background-size":"auto","background-attachment":"scroll","background-type":"","background-media":"","overlay-type":"","overlay-color":"","overlay-opacity":"","overlay-gradient":""}},"ast-content-background-meta":{"desktop":{"background-color":"var(--ast-global-color-5)","background-image":"","background-repeat":"repeat","background-position":"center center","background-size":"auto","background-attachment":"scroll","background-type":"","background-media":"","overlay-type":"","overlay-color":"","overlay-opacity":"","overlay-gradient":""},"tablet":{"background-color":"var(--ast-global-color-5)","background-image":"","background-repeat":"repeat","background-position":"center center","background-size":"auto","background-attachment":"scroll","background-type":"","background-media":"","overlay-type":"","overlay-color":"","overlay-opacity":"","overlay-gradient":""},"mobile":{"background-color":"var(--ast-global-color-5)","background-image":"","background-repeat":"repeat","background-position":"center center","background-size":"auto","background-attachment":"scroll","background-type":"","background-media":"","overlay-type":"","overlay-color":"","overlay-opacity":"","overlay-gradient":""}},"advanced_seo_description":"","jetpack_seo_html_title":"","jetpack_seo_noindex":false},"product_brand":[60],"product_cat":[88],"product_tag":[89],"class_list":{"0":"post-852","1":"product","2":"type-product","3":"status-publish","4":"has-post-thumbnail","6":"product_brand-papelulandia","7":"product_cat-geburtstage-und-partys","8":"product_tag-cake-toppers","9":"desktop-align-center","10":"tablet-align-left","11":"mobile-align-left","12":"tm-no-options","14":"first","15":"instock","16":"taxable","17":"shipping-taxable","18":"purchasable","19":"product-type-simple"},"uagb_featured_image_src":{"full":["https:\/\/papelulandia.es\/wp-content\/uploads\/2024\/09\/HOLLOW-Y-KIRBY-1-sin-fondo.png",1221,1628,false],"thumbnail":["https:\/\/papelulandia.es\/wp-content\/uploads\/2024\/09\/HOLLOW-Y-KIRBY-1-sin-fondo-150x150.png",150,150,true],"medium":["https:\/\/papelulandia.es\/wp-content\/uploads\/2024\/09\/HOLLOW-Y-KIRBY-1-sin-fondo-225x300.png",225,300,true],"medium_large":["https:\/\/papelulandia.es\/wp-content\/uploads\/2024\/09\/HOLLOW-Y-KIRBY-1-sin-fondo-768x1024.png",768,1024,true],"large":["https:\/\/papelulandia.es\/wp-content\/uploads\/2024\/09\/HOLLOW-Y-KIRBY-1-sin-fondo-768x1024.png",768,1024,true],"1536x1536":["https:\/\/papelulandia.es\/wp-content\/uploads\/2024\/09\/HOLLOW-Y-KIRBY-1-sin-fondo-1152x1536.png",1152,1536,true],"2048x2048":["https:\/\/papelulandia.es\/wp-content\/uploads\/2024\/09\/HOLLOW-Y-KIRBY-1-sin-fondo.png",1221,1628,false],"woocommerce_thumbnail":["https:\/\/papelulandia.es\/wp-content\/uploads\/2024\/09\/HOLLOW-Y-KIRBY-1-sin-fondo-300x300.png",300,300,true],"woocommerce_single":["https:\/\/papelulandia.es\/wp-content\/uploads\/2024\/09\/HOLLOW-Y-KIRBY-1-sin-fondo-400x533.png",400,533,true],"woocommerce_gallery_thumbnail":["https:\/\/papelulandia.es\/wp-content\/uploads\/2024\/09\/HOLLOW-Y-KIRBY-1-sin-fondo-100x100.png",100,100,true],"variation_swatches_image_size":["https:\/\/papelulandia.es\/wp-content\/uploads\/2024\/09\/HOLLOW-Y-KIRBY-1-sin-fondo-50x50.png",50,50,true],"variation_swatches_tooltip_size":["https:\/\/papelulandia.es\/wp-content\/uploads\/2024\/09\/HOLLOW-Y-KIRBY-1-sin-fondo-100x100.png",100,100,true],"dgwt-wcas-product-suggestion":["https:\/\/papelulandia.es\/wp-content\/uploads\/2024\/09\/HOLLOW-Y-KIRBY-1-sin-fondo-64x85.png",64,85,true]},"uagb_author_info":{"display_name":"LUCIA DEL CAMPO GUTIERREZ","author_link":"https:\/\/papelulandia.es\/de\/author\/"},"uagb_comment_info":0,"uagb_excerpt":"Cake Topper Videospiele. Party Kirby &amp; Hollow Knight. Personalisierte Tortendekoration. Geburtstage und Feiern. Einzigartiger Moment.","jetpack_sharing_enabled":true,"_links":{"self":[{"href":"https:\/\/papelulandia.es\/de\/wp-json\/wp\/v2\/product\/852","targetHints":{"allow":["GET"]}}],"collection":[{"href":"https:\/\/papelulandia.es\/de\/wp-json\/wp\/v2\/product"}],"about":[{"href":"https:\/\/papelulandia.es\/de\/wp-json\/wp\/v2\/types\/product"}],"replies":[{"embeddable":true,"href":"https:\/\/papelulandia.es\/de\/wp-json\/wp\/v2\/comments?post=852"}],"wp:featuredmedia":[{"embeddable":true,"href":"https:\/\/papelulandia.es\/de\/wp-json\/wp\/v2\/media\/854"}],"wp:attachment":[{"href":"https:\/\/papelulandia.es\/de\/wp-json\/wp\/v2\/media?parent=852"}],"wp:term":[{"taxonomy":"product_brand","embeddable":true,"href":"https:\/\/papelulandia.es\/de\/wp-json\/wp\/v2\/product_brand?post=852"},{"taxonomy":"product_cat","embeddable":true,"href":"https:\/\/papelulandia.es\/de\/wp-json\/wp\/v2\/product_cat?post=852"},{"taxonomy":"product_tag","embeddable":true,"href":"https:\/\/papelulandia.es\/de\/wp-json\/wp\/v2\/product_tag?post=852"}],"curies":[{"name":"wp","href":"https:\/\/api.w.org\/{rel}","templated":true}]}}