 {"id":2272,"date":"2024-08-31T19:44:08","date_gmt":"2024-08-31T19:44:08","guid":{"rendered":"https:\/\/papelulandia.es\/producto\/personalisierte-etiketten-zur-erstkommunion\/"},"modified":"2024-08-31T19:44:08","modified_gmt":"2024-08-31T18:44:08","slug":"personalisierte-etiketten-zur-erstkommunion","status":"publish","type":"product","link":"https:\/\/papelulandia.es\/de\/Produkt\/personalisierte-etiketten-zur-erstkommunion\/","title":{"rendered":"Personalisierte Etiketten zur Erstkommunion."},"content":{"rendered":"<p>Personalisierte Etiketten zur Erstkommunion<\/p>\n<ul>\n<li>Sind Sie auf der Suche nach einer einzigartigen und besonderen Art und Weise, Ihre Erstkommunion- oder Tauffeier zu dekorieren? Es ist ein besonderer Moment, feiern Sie ihn auf eine unvergessliche Weise! Diese personalisierten 9&#215;5 cm gro\u00dfen Etiketten wurden mit viel Liebe und Sorgfalt gestaltet, um einen magischen Moment an einem der wichtigsten Tage Ihres Kindes zu schaffen.<\/li>\n<\/ul>\n<p>Produktdetails:<\/p>\n<ul>\n<li><strong>Menge:<\/strong> Umfasst 18 Einheiten.<\/li>\n<li><strong>Material:<\/strong> Beidseitig gl\u00e4nzendes Fotopapier, Goldfolie. Pr\u00e4zisionsschnitt f\u00fcr ein perfektes Finish.<\/li>\n<li><strong>Personalisierung:<\/strong> F\u00fcgen Sie den Namen und das Datum der Feier ein. Auf der R\u00fcckseite befindet sich ein Loch, in das Ihr kleiner Protagonist seinen Dank an die G\u00e4ste eintragen kann.<\/li>\n<li><strong>Personalisiertes Design:<\/strong> Wenn Sie anstelle des Kreuzes mit der Taube ein anderes spezielles Motiv oder andere Farben bevorzugen, die auf den Rest der Feier abgestimmt sind, schreiben Sie mir eine Nachricht!<\/li>\n<li><strong>Ungef\u00e4hre Gr\u00f6\u00dfe:<\/strong> 9 x 4,5cm.<\/li>\n<\/ul>\n<p>Warum meine Etiketten ausw\u00e4hlen?<\/p>\n<ul>\n<li><strong>Einzigartig und handgefertigt<\/strong>: in meiner kleinen Werkstatt.<\/li>\n<li><strong>Einfach zu benutzen:<\/strong> Mit einer Schlaufe zum Aufh\u00e4ngen der Etiketten, wo immer Sie sie brauchen.<\/li>\n<li><strong>Personalisiertes Design:<\/strong> Gestalten Sie diesen besonderen Moment, in dem er\/sie die Hauptperson ist, mit seinem\/ihrem Namen und einem besonderen Datum.<\/li>\n<li><strong>Geben Sie ihm ein zweites Leben:<\/strong> Nachdem Sie es auf der Feier benutzt haben, k\u00f6nnen die G\u00e4ste das Etikett als Erinnerung an die Feier behalten.<\/li>\n<\/ul>\n<p>&nbsp;<\/p>\n<ul>\n<li>Machen Sie ihre Erstkommunion zu etwas ganz Besonderem, indem Sie sie in die <strong>Unterzeichnung der Etiketten<\/strong> einbeziehen!<\/li>\n<\/ul>\n<p>  Legen Sie es zusammen mit den Angaben zur Personalisierung in Ihren Warenkorb und Sie haben es bald zu Hause \ud83d\ude42<\/p>\n<p>\u2013 Wenn das Datum der Feier sehr nah ist und Sie Zweifel haben, ob es rechtzeitig ankommt, fragen Sie mich per Nachricht und wir werden nach der besten Alternative suchen.<\/p>\n<p><strong>Fragen Sie mich nach einem ma\u00dfgeschneiderten Thema.<\/strong><\/p>\n","protected":false},"excerpt":{"rendered":"<p>Personalisierte Etiketten zur Erstkommunion Sind Sie auf der Suche nach einer einzigartigen und besonderen Art und Weise, Ihre Erstkommunion- oder [&hellip;]<\/p>\n","protected":false},"featured_media":2143,"comment_status":"open","ping_status":"closed","template":"","meta":{"_eb_attr":"","_uag_custom_page_level_css":"","site-sidebar-layout":"default","site-content-layout":"","ast-site-content-layout":"default","site-content-style":"default","site-sidebar-style":"default","ast-global-header-display":"","ast-banner-title-visibility":"","ast-main-header-display":"","ast-hfb-above-header-display":"","ast-hfb-below-header-display":"","ast-hfb-mobile-header-display":"","site-post-title":"","ast-breadcrumbs-content":"","ast-featured-img":"","footer-sml-layout":"","ast-disable-related-posts":"","theme-transparent-header-meta":"default","adv-header-id-meta":"","stick-header-meta":"","header-above-stick-meta":"","header-main-stick-meta":"","header-below-stick-meta":"","astra-migrate-meta-layouts":"default","ast-page-background-enabled":"default","ast-page-background-meta":{"desktop":{"background-color":"var(--ast-global-color-4)","background-image":"","background-repeat":"repeat","background-position":"center center","background-size":"auto","background-attachment":"scroll","background-type":"","background-media":"","overlay-type":"","overlay-color":"","overlay-opacity":"","overlay-gradient":""},"tablet":{"background-color":"","background-image":"","background-repeat":"repeat","background-position":"center center","background-size":"auto","background-attachment":"scroll","background-type":"","background-media":"","overlay-type":"","overlay-color":"","overlay-opacity":"","overlay-gradient":""},"mobile":{"background-color":"","background-image":"","background-repeat":"repeat","background-position":"center center","background-size":"auto","background-attachment":"scroll","background-type":"","background-media":"","overlay-type":"","overlay-color":"","overlay-opacity":"","overlay-gradient":""}},"ast-content-background-meta":{"desktop":{"background-color":"var(--ast-global-color-5)","background-image":"","background-repeat":"repeat","background-position":"center center","background-size":"auto","background-attachment":"scroll","background-type":"","background-media":"","overlay-type":"","overlay-color":"","overlay-opacity":"","overlay-gradient":""},"tablet":{"background-color":"var(--ast-global-color-5)","background-image":"","background-repeat":"repeat","background-position":"center center","background-size":"auto","background-attachment":"scroll","background-type":"","background-media":"","overlay-type":"","overlay-color":"","overlay-opacity":"","overlay-gradient":""},"mobile":{"background-color":"var(--ast-global-color-5)","background-image":"","background-repeat":"repeat","background-position":"center center","background-size":"auto","background-attachment":"scroll","background-type":"","background-media":"","overlay-type":"","overlay-color":"","overlay-opacity":"","overlay-gradient":""}},"advanced_seo_description":"","jetpack_seo_html_title":"","jetpack_seo_noindex":false},"product_brand":[],"product_cat":[102],"product_tag":[133],"class_list":{"0":"post-2272","1":"product","2":"type-product","3":"status-publish","4":"has-post-thumbnail","6":"product_cat-erstkommunion","7":"product_tag-etiketten-und-aufkleber","8":"desktop-align-center","9":"tablet-align-left","10":"mobile-align-left","12":"first","13":"instock","14":"taxable","15":"shipping-taxable","16":"purchasable","17":"product-type-simple"},"uagb_featured_image_src":{"full":["https:\/\/papelulandia.es\/wp-content\/uploads\/2024\/08\/ETIQUETAS-EVENTOS-9CM-1.webp",1200,1600,false],"thumbnail":["https:\/\/papelulandia.es\/wp-content\/uploads\/2024\/08\/ETIQUETAS-EVENTOS-9CM-1-150x150.webp",150,150,true],"medium":["https:\/\/papelulandia.es\/wp-content\/uploads\/2024\/08\/ETIQUETAS-EVENTOS-9CM-1-225x300.webp",225,300,true],"medium_large":["https:\/\/papelulandia.es\/wp-content\/uploads\/2024\/08\/ETIQUETAS-EVENTOS-9CM-1-768x1024.webp",768,1024,true],"large":["https:\/\/papelulandia.es\/wp-content\/uploads\/2024\/08\/ETIQUETAS-EVENTOS-9CM-1-768x1024.webp",768,1024,true],"1536x1536":["https:\/\/papelulandia.es\/wp-content\/uploads\/2024\/08\/ETIQUETAS-EVENTOS-9CM-1-1152x1536.webp",1152,1536,true],"2048x2048":["https:\/\/papelulandia.es\/wp-content\/uploads\/2024\/08\/ETIQUETAS-EVENTOS-9CM-1.webp",1200,1600,false],"woocommerce_thumbnail":["https:\/\/papelulandia.es\/wp-content\/uploads\/2024\/08\/ETIQUETAS-EVENTOS-9CM-1-300x300.webp",300,300,true],"woocommerce_single":["https:\/\/papelulandia.es\/wp-content\/uploads\/2024\/08\/ETIQUETAS-EVENTOS-9CM-1-400x533.webp",400,533,true],"woocommerce_gallery_thumbnail":["https:\/\/papelulandia.es\/wp-content\/uploads\/2024\/08\/ETIQUETAS-EVENTOS-9CM-1-100x100.webp",100,100,true],"variation_swatches_image_size":["https:\/\/papelulandia.es\/wp-content\/uploads\/2024\/08\/ETIQUETAS-EVENTOS-9CM-1.webp",38,50,false],"variation_swatches_tooltip_size":["https:\/\/papelulandia.es\/wp-content\/uploads\/2024\/08\/ETIQUETAS-EVENTOS-9CM-1.webp",75,100,false],"dgwt-wcas-product-suggestion":["https:\/\/papelulandia.es\/wp-content\/uploads\/2024\/08\/ETIQUETAS-EVENTOS-9CM-1-64x85.webp",64,85,true]},"uagb_author_info":{"display_name":"LUCIA DEL CAMPO GUTIERREZ","author_link":"https:\/\/papelulandia.es\/de\/author\/"},"uagb_comment_info":0,"uagb_excerpt":"Personalisierte Etiketten zur Erstkommunion Sind Sie auf der Suche nach einer einzigartigen und besonderen Art und Weise, Ihre Erstkommunion- oder [&hellip;]","jetpack_sharing_enabled":true,"_links":{"self":[{"href":"https:\/\/papelulandia.es\/de\/wp-json\/wp\/v2\/product\/2272","targetHints":{"allow":["GET"]}}],"collection":[{"href":"https:\/\/papelulandia.es\/de\/wp-json\/wp\/v2\/product"}],"about":[{"href":"https:\/\/papelulandia.es\/de\/wp-json\/wp\/v2\/types\/product"}],"replies":[{"embeddable":true,"href":"https:\/\/papelulandia.es\/de\/wp-json\/wp\/v2\/comments?post=2272"}],"wp:featuredmedia":[{"embeddable":true,"href":"https:\/\/papelulandia.es\/de\/wp-json\/wp\/v2\/media\/2143"}],"wp:attachment":[{"href":"https:\/\/papelulandia.es\/de\/wp-json\/wp\/v2\/media?parent=2272"}],"wp:term":[{"taxonomy":"product_brand","embeddable":true,"href":"https:\/\/papelulandia.es\/de\/wp-json\/wp\/v2\/product_brand?post=2272"},{"taxonomy":"product_cat","embeddable":true,"href":"https:\/\/papelulandia.es\/de\/wp-json\/wp\/v2\/product_cat?post=2272"},{"taxonomy":"product_tag","embeddable":true,"href":"https:\/\/papelulandia.es\/de\/wp-json\/wp\/v2\/product_tag?post=2272"}],"curies":[{"name":"wp","href":"https:\/\/api.w.org\/{rel}","templated":true}]}}