 {"id":2008,"date":"2025-06-12T10:52:07","date_gmt":"2025-06-12T09:52:07","guid":{"rendered":"https:\/\/papelulandia.es\/producto\/personalisierter-wimpelstich-inspiration\/"},"modified":"2025-06-12T10:52:07","modified_gmt":"2025-06-12T09:52:07","slug":"personalisierter-wimpelstich-inspiration","status":"publish","type":"product","link":"https:\/\/papelulandia.es\/de\/Produkt\/personalisierter-wimpelstich-inspiration\/","title":{"rendered":"Personalisierter Wimpelstich Inspiration"},"content":{"rendered":"<p>  Personalisierter Wimpel f\u00fcr Geburtstagsdekoration<\/p>\n<ul>\n<li>Kennen Sie jemanden, der in diesen kleinen Au\u00dferirdischen verliebt ist? Suchen Sie nach einer einzigartigen und besonderen Art der Dekoration f\u00fcr die Geburtstagsparty? Es ist Ihr Jahrestag, feiern Sie ihn auf unvergessliche Weise! Dieser personalisierte Wimpel wurde mit Liebe und Sorgfalt gestaltet, um einen magischen Moment an Ihrem wichtigsten Tag des Jahres zu schaffen.\ud83e\udeb8.<\/li>\n<\/ul>\n<p>Produktdetails:<\/p>\n<ul>\n<li>Material: Pappe, Papier, Klebeband. Pr\u00e4zisionsschnitt f\u00fcr ein perfektes Finish.<\/li>\n<li>Personalisierung: F\u00fcgen Sie den Namen des Protagonisten des Tages ein.<\/li>\n<li>Detailliertes und auff\u00e4lliges Design: Mit seinen Lieblingsfiguren!<\/li>\n<\/ul>\n<p>  Warum sollten Sie meine Produkte w\u00e4hlen?<\/p>\n<ul>\n<li>Einzigartig und handgefertigt: Jeder Wimpel ist einzigartig und von Hand gefertigt.<\/li>\n<li>Einfach zu verwenden: Ein Band von ca. 2 m L\u00e4nge wird mitgeliefert und kann an den Enden des Bandes aufgeh\u00e4ngt werden. Wenn Sie eine andere L\u00e4nge ben\u00f6tigen, z\u00f6gern Sie nicht, dies bei der Anpassung anzugeben, ich kann es f\u00fcr Sie \u00e4ndern. Es kann bei verschiedenen Feierlichkeiten verwendet werden: bei der Party mit Freunden, mit der Familie, am Tag des Geburtstags, auch wenn dieser auf einen Arbeitstag f\u00e4llt und Sie ihn nicht gro\u00df feiern k\u00f6nnen&#8230;     <\/li>\n<li>Personalisiertes Design: Schaffen Sie einen besonderen Moment, in dem er der Protagonist ist. F\u00fcgen Sie seinen Namen, den Geburtstag oder die von Ihnen gew\u00e4hlten Buchstaben ein.  <\/li>\n<li>Nachhaltig, geben Sie ihm ein zweites Leben!: Es kann auch als Dekoration in Ihrem Zimmer platziert werden, wenn Sie Ihren Namen einf\u00fcgen, und wenn Sie die Anzahl der Jahre einf\u00fcgen, k\u00f6nnen Sie das St\u00fcck nach der Feier herausnehmen und den Rest als Dekoration stehen lassen.  <\/li>\n<\/ul>\n<p>Machen Sie seinen Geburtstag dieses Jahr zu etwas ganz Besonderem! Perfekt f\u00fcr Geburtstagsfeiern, Jubil\u00e4en und mehr. <\/p>\n<p>  Legen Sie es zusammen mit den Angaben zur Personalisierung in Ihren Einkaufswagen und Sie haben es bald zu Hause.<\/p>\n<p>  Wenn das Datum des Geburtstags sehr nah ist und Sie Zweifel haben, ob es rechtzeitig ankommt, fragen Sie mich per Nachricht und wir werden nach der besten Alternative suchen.<\/p>\n<p>  Fragen Sie mich nach jedem anderen Thema, das Sie interessiert, ich werde es mit viel Liebe f\u00fcr Ihre Veranstaltung kreieren.<\/p>\n","protected":false},"excerpt":{"rendered":"<p>Banner f\u00fcr Kinderserien. Personalisierte Partydekoration. Dekoration f\u00fcr Geburtstage und Feste. Einzigartige Momente.   <\/p>\n","protected":false},"featured_media":1223,"comment_status":"closed","ping_status":"closed","template":"","meta":{"_eb_attr":"","_uag_custom_page_level_css":"","site-sidebar-layout":"default","site-content-layout":"","ast-site-content-layout":"default","site-content-style":"default","site-sidebar-style":"default","ast-global-header-display":"","ast-banner-title-visibility":"","ast-main-header-display":"","ast-hfb-above-header-display":"","ast-hfb-below-header-display":"","ast-hfb-mobile-header-display":"","site-post-title":"","ast-breadcrumbs-content":"","ast-featured-img":"","footer-sml-layout":"","ast-disable-related-posts":"","theme-transparent-header-meta":"default","adv-header-id-meta":"","stick-header-meta":"","header-above-stick-meta":"","header-main-stick-meta":"","header-below-stick-meta":"","astra-migrate-meta-layouts":"default","ast-page-background-enabled":"default","ast-page-background-meta":{"desktop":{"background-color":"var(--ast-global-color-4)","background-image":"","background-repeat":"repeat","background-position":"center center","background-size":"auto","background-attachment":"scroll","background-type":"","background-media":"","overlay-type":"","overlay-color":"","overlay-opacity":"","overlay-gradient":""},"tablet":{"background-color":"","background-image":"","background-repeat":"repeat","background-position":"center center","background-size":"auto","background-attachment":"scroll","background-type":"","background-media":"","overlay-type":"","overlay-color":"","overlay-opacity":"","overlay-gradient":""},"mobile":{"background-color":"","background-image":"","background-repeat":"repeat","background-position":"center center","background-size":"auto","background-attachment":"scroll","background-type":"","background-media":"","overlay-type":"","overlay-color":"","overlay-opacity":"","overlay-gradient":""}},"ast-content-background-meta":{"desktop":{"background-color":"var(--ast-global-color-5)","background-image":"","background-repeat":"repeat","background-position":"center center","background-size":"auto","background-attachment":"scroll","background-type":"","background-media":"","overlay-type":"","overlay-color":"","overlay-opacity":"","overlay-gradient":""},"tablet":{"background-color":"var(--ast-global-color-5)","background-image":"","background-repeat":"repeat","background-position":"center center","background-size":"auto","background-attachment":"scroll","background-type":"","background-media":"","overlay-type":"","overlay-color":"","overlay-opacity":"","overlay-gradient":""},"mobile":{"background-color":"var(--ast-global-color-5)","background-image":"","background-repeat":"repeat","background-position":"center center","background-size":"auto","background-attachment":"scroll","background-type":"","background-media":"","overlay-type":"","overlay-color":"","overlay-opacity":"","overlay-gradient":""}},"advanced_seo_description":"","jetpack_seo_html_title":"","jetpack_seo_noindex":false},"product_brand":[60],"product_cat":[88],"product_tag":[127],"class_list":{"0":"post-2008","1":"product","2":"type-product","3":"status-publish","4":"has-post-thumbnail","6":"product_brand-papelulandia","7":"product_cat-geburtstage-und-partys","8":"product_tag-wimpel","9":"desktop-align-center","10":"tablet-align-left","11":"mobile-align-left","12":"tm-no-options","14":"first","15":"instock","16":"taxable","17":"shipping-taxable","18":"purchasable","19":"product-type-variable"},"uagb_featured_image_src":{"full":["https:\/\/papelulandia.es\/wp-content\/uploads\/2025\/04\/IMG_20250224_122000.avif",1134,1512,false],"thumbnail":["https:\/\/papelulandia.es\/wp-content\/uploads\/2025\/04\/IMG_20250224_122000-150x150.avif",150,150,true],"medium":["https:\/\/papelulandia.es\/wp-content\/uploads\/2025\/04\/IMG_20250224_122000-225x300.avif",225,300,true],"medium_large":["https:\/\/papelulandia.es\/wp-content\/uploads\/2025\/04\/IMG_20250224_122000-768x1024.avif",768,1024,true],"large":["https:\/\/papelulandia.es\/wp-content\/uploads\/2025\/04\/IMG_20250224_122000-768x1024.avif",768,1024,true],"1536x1536":["https:\/\/papelulandia.es\/wp-content\/uploads\/2025\/04\/IMG_20250224_122000.avif",1134,1512,false],"2048x2048":["https:\/\/papelulandia.es\/wp-content\/uploads\/2025\/04\/IMG_20250224_122000.avif",1134,1512,false],"woocommerce_thumbnail":["https:\/\/papelulandia.es\/wp-content\/uploads\/2025\/04\/IMG_20250224_122000-300x300.avif",300,300,true],"woocommerce_single":["https:\/\/papelulandia.es\/wp-content\/uploads\/2025\/04\/IMG_20250224_122000-400x533.avif",400,533,true],"woocommerce_gallery_thumbnail":["https:\/\/papelulandia.es\/wp-content\/uploads\/2025\/04\/IMG_20250224_122000-100x100.avif",100,100,true],"variation_swatches_image_size":["https:\/\/papelulandia.es\/wp-content\/uploads\/2025\/04\/IMG_20250224_122000-50x50.avif",50,50,true],"variation_swatches_tooltip_size":["https:\/\/papelulandia.es\/wp-content\/uploads\/2025\/04\/IMG_20250224_122000-100x100.avif",100,100,true],"dgwt-wcas-product-suggestion":["https:\/\/papelulandia.es\/wp-content\/uploads\/2025\/04\/IMG_20250224_122000-64x85.avif",64,85,true]},"uagb_author_info":{"display_name":"LUCIA DEL CAMPO GUTIERREZ","author_link":"https:\/\/papelulandia.es\/de\/author\/"},"uagb_comment_info":0,"uagb_excerpt":"Banner f\u00fcr Kinderserien. Personalisierte Partydekoration. Dekoration f\u00fcr Geburtstage und Feste. Einzigartige Momente.","jetpack_sharing_enabled":true,"_links":{"self":[{"href":"https:\/\/papelulandia.es\/de\/wp-json\/wp\/v2\/product\/2008","targetHints":{"allow":["GET"]}}],"collection":[{"href":"https:\/\/papelulandia.es\/de\/wp-json\/wp\/v2\/product"}],"about":[{"href":"https:\/\/papelulandia.es\/de\/wp-json\/wp\/v2\/types\/product"}],"replies":[{"embeddable":true,"href":"https:\/\/papelulandia.es\/de\/wp-json\/wp\/v2\/comments?post=2008"}],"wp:featuredmedia":[{"embeddable":true,"href":"https:\/\/papelulandia.es\/de\/wp-json\/wp\/v2\/media\/1223"}],"wp:attachment":[{"href":"https:\/\/papelulandia.es\/de\/wp-json\/wp\/v2\/media?parent=2008"}],"wp:term":[{"taxonomy":"product_brand","embeddable":true,"href":"https:\/\/papelulandia.es\/de\/wp-json\/wp\/v2\/product_brand?post=2008"},{"taxonomy":"product_cat","embeddable":true,"href":"https:\/\/papelulandia.es\/de\/wp-json\/wp\/v2\/product_cat?post=2008"},{"taxonomy":"product_tag","embeddable":true,"href":"https:\/\/papelulandia.es\/de\/wp-json\/wp\/v2\/product_tag?post=2008"}],"curies":[{"name":"wp","href":"https:\/\/api.w.org\/{rel}","templated":true}]}}