 {"id":1984,"date":"2025-04-19T21:57:16","date_gmt":"2025-04-19T20:57:16","guid":{"rendered":"https:\/\/papelulandia.es\/producto\/personalisierbare-glasbehaelter\/"},"modified":"2025-12-24T12:32:04","modified_gmt":"2025-12-24T11:32:04","slug":"personalisierbare-glasbehaelter","status":"publish","type":"product","link":"https:\/\/papelulandia.es\/de\/Produkt\/personalisierbare-glasbehaelter\/","title":{"rendered":"Personalisierbare Glasbeh\u00e4lter"},"content":{"rendered":"<p>Individuell gestaltbare Glasgef\u00e4\u00dfe f\u00fcr S\u00fc\u00dfigkeiten oder Gastgeschenke.<\/p>\n<p>Krug 7,3&#215;7 cm hoch silberner Deckel.<\/p>\n<p>Fassungsverm\u00f6gen: 212 ml.<br \/>\nDurchmesser: 7,3 cm.<br \/>\nH\u00f6he: 7,1 cm.<br \/>\nMaterial: Glas.<br \/>\nFarbe: Transparent.<br \/>\nEinband: Silber.<br \/>\nMenge: Packung mit 20 St\u00fcck.<br \/>\nPersonalisierung: Produkt ausw\u00e4hlen Personalisierter runder Aufkleber f\u00fcr den Deckel<\/p>\n","protected":false},"excerpt":{"rendered":"<p>Individuell gestaltbare Glasgef\u00e4\u00dfe f\u00fcr S\u00fc\u00dfigkeiten oder Gastgeschenke.<\/p>\n<p>Krug 7,3&#215;7 cm hoch silberner Deckel.<\/p>\n<p>Fassungsverm\u00f6gen: 212 ml.<br \/>\nDurchmesser: 7,3 cm.<br \/>\nH\u00f6he: 7,1 cm.<br \/>\nMaterial: Glas.<br \/>\nFarbe: Transparent.<br \/>\nEinband: Silber.<br \/>\nMenge: Packung mit 20 St\u00fcck.<br \/>\nPersonalisierung: Produkt ausw\u00e4hlen Personalisierter runder Aufkleber f\u00fcr den Deckel<\/p>\n","protected":false},"featured_media":1229,"comment_status":"open","ping_status":"closed","template":"","meta":{"_eb_attr":"","_uag_custom_page_level_css":"","site-sidebar-layout":"default","site-content-layout":"","ast-site-content-layout":"default","site-content-style":"default","site-sidebar-style":"default","ast-global-header-display":"","ast-banner-title-visibility":"","ast-main-header-display":"","ast-hfb-above-header-display":"","ast-hfb-below-header-display":"","ast-hfb-mobile-header-display":"","site-post-title":"","ast-breadcrumbs-content":"","ast-featured-img":"","footer-sml-layout":"","ast-disable-related-posts":"","theme-transparent-header-meta":"default","adv-header-id-meta":"","stick-header-meta":"","header-above-stick-meta":"","header-main-stick-meta":"","header-below-stick-meta":"","astra-migrate-meta-layouts":"default","ast-page-background-enabled":"default","ast-page-background-meta":{"desktop":{"background-color":"var(--ast-global-color-4)","background-image":"","background-repeat":"repeat","background-position":"center center","background-size":"auto","background-attachment":"scroll","background-type":"","background-media":"","overlay-type":"","overlay-color":"","overlay-opacity":"","overlay-gradient":""},"tablet":{"background-color":"","background-image":"","background-repeat":"repeat","background-position":"center center","background-size":"auto","background-attachment":"scroll","background-type":"","background-media":"","overlay-type":"","overlay-color":"","overlay-opacity":"","overlay-gradient":""},"mobile":{"background-color":"","background-image":"","background-repeat":"repeat","background-position":"center center","background-size":"auto","background-attachment":"scroll","background-type":"","background-media":"","overlay-type":"","overlay-color":"","overlay-opacity":"","overlay-gradient":""}},"ast-content-background-meta":{"desktop":{"background-color":"var(--ast-global-color-5)","background-image":"","background-repeat":"repeat","background-position":"center center","background-size":"auto","background-attachment":"scroll","background-type":"","background-media":"","overlay-type":"","overlay-color":"","overlay-opacity":"","overlay-gradient":""},"tablet":{"background-color":"var(--ast-global-color-5)","background-image":"","background-repeat":"repeat","background-position":"center center","background-size":"auto","background-attachment":"scroll","background-type":"","background-media":"","overlay-type":"","overlay-color":"","overlay-opacity":"","overlay-gradient":""},"mobile":{"background-color":"var(--ast-global-color-5)","background-image":"","background-repeat":"repeat","background-position":"center center","background-size":"auto","background-attachment":"scroll","background-type":"","background-media":"","overlay-type":"","overlay-color":"","overlay-opacity":"","overlay-gradient":""}},"advanced_seo_description":"","jetpack_seo_html_title":"","jetpack_seo_noindex":false},"product_brand":[60],"product_cat":[102,88,108],"product_tag":[],"class_list":{"0":"post-1984","1":"product","2":"type-product","3":"status-publish","4":"has-post-thumbnail","6":"product_brand-papelulandia","7":"product_cat-erstkommunion","8":"product_cat-geburtstage-und-partys","9":"product_cat-hochzeit","10":"desktop-align-center","11":"tablet-align-left","12":"mobile-align-left","13":"tm-no-options","15":"first","16":"instock","17":"taxable","18":"shipping-taxable","19":"purchasable","20":"product-type-simple"},"uagb_featured_image_src":{"full":["https:\/\/papelulandia.es\/wp-content\/uploads\/2025\/04\/IMG_20250421_184909.avif",1271,1695,false],"thumbnail":["https:\/\/papelulandia.es\/wp-content\/uploads\/2025\/04\/IMG_20250421_184909-150x150.avif",150,150,true],"medium":["https:\/\/papelulandia.es\/wp-content\/uploads\/2025\/04\/IMG_20250421_184909-225x300.avif",225,300,true],"medium_large":["https:\/\/papelulandia.es\/wp-content\/uploads\/2025\/04\/IMG_20250421_184909-768x1024.avif",768,1024,true],"large":["https:\/\/papelulandia.es\/wp-content\/uploads\/2025\/04\/IMG_20250421_184909-768x1024.avif",768,1024,true],"1536x1536":["https:\/\/papelulandia.es\/wp-content\/uploads\/2025\/04\/IMG_20250421_184909-1152x1536.avif",1152,1536,true],"2048x2048":["https:\/\/papelulandia.es\/wp-content\/uploads\/2025\/04\/IMG_20250421_184909.avif",1271,1695,false],"woocommerce_thumbnail":["https:\/\/papelulandia.es\/wp-content\/uploads\/2025\/04\/IMG_20250421_184909-300x300.avif",300,300,true],"woocommerce_single":["https:\/\/papelulandia.es\/wp-content\/uploads\/2025\/04\/IMG_20250421_184909-400x533.avif",400,533,true],"woocommerce_gallery_thumbnail":["https:\/\/papelulandia.es\/wp-content\/uploads\/2025\/04\/IMG_20250421_184909-100x100.avif",100,100,true],"variation_swatches_image_size":["https:\/\/papelulandia.es\/wp-content\/uploads\/2025\/04\/IMG_20250421_184909-50x50.avif",50,50,true],"variation_swatches_tooltip_size":["https:\/\/papelulandia.es\/wp-content\/uploads\/2025\/04\/IMG_20250421_184909-100x100.avif",100,100,true],"dgwt-wcas-product-suggestion":["https:\/\/papelulandia.es\/wp-content\/uploads\/2025\/04\/IMG_20250421_184909-64x85.avif",64,85,true]},"uagb_author_info":{"display_name":"LUCIA DEL CAMPO GUTIERREZ","author_link":"https:\/\/papelulandia.es\/de\/author\/"},"uagb_comment_info":0,"uagb_excerpt":"Individuell gestaltbare Glasgef\u00e4\u00dfe f\u00fcr S\u00fc\u00dfigkeiten oder Gastgeschenke. Krug 7,3x7 cm hoch silberner Deckel. Fassungsverm\u00f6gen: 212 ml. Durchmesser: 7,3 cm. H\u00f6he: 7,1 cm. Material: Glas. Farbe: Transparent. Einband: Silber. Menge: Packung mit 20 St\u00fcck. Personalisierung: Produkt ausw\u00e4hlen Personalisierter runder Aufkleber f\u00fcr den Deckel","jetpack_sharing_enabled":true,"_links":{"self":[{"href":"https:\/\/papelulandia.es\/de\/wp-json\/wp\/v2\/product\/1984","targetHints":{"allow":["GET"]}}],"collection":[{"href":"https:\/\/papelulandia.es\/de\/wp-json\/wp\/v2\/product"}],"about":[{"href":"https:\/\/papelulandia.es\/de\/wp-json\/wp\/v2\/types\/product"}],"replies":[{"embeddable":true,"href":"https:\/\/papelulandia.es\/de\/wp-json\/wp\/v2\/comments?post=1984"}],"wp:featuredmedia":[{"embeddable":true,"href":"https:\/\/papelulandia.es\/de\/wp-json\/wp\/v2\/media\/1229"}],"wp:attachment":[{"href":"https:\/\/papelulandia.es\/de\/wp-json\/wp\/v2\/media?parent=1984"}],"wp:term":[{"taxonomy":"product_brand","embeddable":true,"href":"https:\/\/papelulandia.es\/de\/wp-json\/wp\/v2\/product_brand?post=1984"},{"taxonomy":"product_cat","embeddable":true,"href":"https:\/\/papelulandia.es\/de\/wp-json\/wp\/v2\/product_cat?post=1984"},{"taxonomy":"product_tag","embeddable":true,"href":"https:\/\/papelulandia.es\/de\/wp-json\/wp\/v2\/product_tag?post=1984"}],"curies":[{"name":"wp","href":"https:\/\/api.w.org\/{rel}","templated":true}]}}