 {"id":1973,"date":"2025-04-19T22:05:11","date_gmt":"2025-04-19T21:05:11","guid":{"rendered":"https:\/\/papelulandia.es\/producto\/personalisierte-runde-aufkleber-6cm\/"},"modified":"2025-04-19T22:05:11","modified_gmt":"2025-04-19T21:05:11","slug":"personalisierte-runde-aufkleber-6cm","status":"publish","type":"product","link":"https:\/\/papelulandia.es\/de\/Produkt\/personalisierte-runde-aufkleber-6cm\/","title":{"rendered":"Personalisierte runde Aufkleber 6cm."},"content":{"rendered":"<p>Runde Aufkleber f\u00fcr personalisierbaren Deckel (nur Aufkleber)<\/p>\n<p>Durchmesser: 6 cm.<br \/>\nMaterial: Gl\u00e4nzendes Haftpapier<br \/>\nMenge: Packung mit 20 St\u00fcck.<\/p>\n<p>Zur Kombination mit personalisierbaren Glasbeh\u00e4ltern. Ideal f\u00fcr Candy-Bars oder Gastgeschenke. <\/p>\n<p>Beim Kauf beider Produkte: Personalisierbarer Beh\u00e4lter + Aufkleber, werden die Beh\u00e4lter bereits mit den auf die Deckel geklebten Aufklebern versendet, es sei denn, es wird ausdr\u00fccklich etwas anderes angegeben.<\/p>\n","protected":false},"excerpt":{"rendered":"<p>Runde Aufkleber f\u00fcr personalisierbaren Deckel (nur Aufkleber)<\/p>\n<p>Durchmesser: 6 cm.<br \/>\nMaterial: Gl\u00e4nzendes Haftpapier<br \/>\nMenge: Packung mit 20 St\u00fcck.<\/p>\n<p>Zur Kombination mit personalisierbaren Glasbeh\u00e4ltern. Ideal f\u00fcr Candy-Bars oder Gastgeschenke. <\/p>\n<p>Beim Kauf beider Produkte: Personalisierbarer Beh\u00e4lter + Aufkleber, werden die Beh\u00e4lter bereits mit den auf die Deckel geklebten Aufklebern versendet, es sei denn, es wird ausdr\u00fccklich etwas anderes angegeben.<\/p>\n","protected":false},"featured_media":1975,"comment_status":"open","ping_status":"closed","template":"","meta":{"_eb_attr":"","_uag_custom_page_level_css":"","site-sidebar-layout":"default","site-content-layout":"","ast-site-content-layout":"default","site-content-style":"default","site-sidebar-style":"default","ast-global-header-display":"","ast-banner-title-visibility":"","ast-main-header-display":"","ast-hfb-above-header-display":"","ast-hfb-below-header-display":"","ast-hfb-mobile-header-display":"","site-post-title":"","ast-breadcrumbs-content":"","ast-featured-img":"","footer-sml-layout":"","ast-disable-related-posts":"","theme-transparent-header-meta":"default","adv-header-id-meta":"","stick-header-meta":"","header-above-stick-meta":"","header-main-stick-meta":"","header-below-stick-meta":"","astra-migrate-meta-layouts":"default","ast-page-background-enabled":"default","ast-page-background-meta":{"desktop":{"background-color":"var(--ast-global-color-4)","background-image":"","background-repeat":"repeat","background-position":"center center","background-size":"auto","background-attachment":"scroll","background-type":"","background-media":"","overlay-type":"","overlay-color":"","overlay-opacity":"","overlay-gradient":""},"tablet":{"background-color":"","background-image":"","background-repeat":"repeat","background-position":"center center","background-size":"auto","background-attachment":"scroll","background-type":"","background-media":"","overlay-type":"","overlay-color":"","overlay-opacity":"","overlay-gradient":""},"mobile":{"background-color":"","background-image":"","background-repeat":"repeat","background-position":"center center","background-size":"auto","background-attachment":"scroll","background-type":"","background-media":"","overlay-type":"","overlay-color":"","overlay-opacity":"","overlay-gradient":""}},"ast-content-background-meta":{"desktop":{"background-color":"var(--ast-global-color-5)","background-image":"","background-repeat":"repeat","background-position":"center center","background-size":"auto","background-attachment":"scroll","background-type":"","background-media":"","overlay-type":"","overlay-color":"","overlay-opacity":"","overlay-gradient":""},"tablet":{"background-color":"var(--ast-global-color-5)","background-image":"","background-repeat":"repeat","background-position":"center center","background-size":"auto","background-attachment":"scroll","background-type":"","background-media":"","overlay-type":"","overlay-color":"","overlay-opacity":"","overlay-gradient":""},"mobile":{"background-color":"var(--ast-global-color-5)","background-image":"","background-repeat":"repeat","background-position":"center center","background-size":"auto","background-attachment":"scroll","background-type":"","background-media":"","overlay-type":"","overlay-color":"","overlay-opacity":"","overlay-gradient":""}},"advanced_seo_description":"","jetpack_seo_html_title":"","jetpack_seo_noindex":false},"product_brand":[60],"product_cat":[102,88,115],"product_tag":[],"class_list":{"0":"post-1973","1":"product","2":"type-product","3":"status-publish","4":"has-post-thumbnail","6":"product_brand-papelulandia","7":"product_cat-erstkommunion","8":"product_cat-geburtstage-und-partys","9":"product_cat-personalisierte-etiketten","10":"desktop-align-center","11":"tablet-align-left","12":"mobile-align-left","13":"tm-no-options","15":"first","16":"instock","17":"taxable","18":"shipping-taxable","19":"purchasable","20":"product-type-simple"},"uagb_featured_image_src":{"full":["https:\/\/papelulandia.es\/wp-content\/uploads\/2025\/04\/pegatina-tapa-bote.avif",311,362,false],"thumbnail":["https:\/\/papelulandia.es\/wp-content\/uploads\/2025\/04\/pegatina-tapa-bote-150x150.avif",150,150,true],"medium":["https:\/\/papelulandia.es\/wp-content\/uploads\/2025\/04\/pegatina-tapa-bote-258x300.avif",258,300,true],"medium_large":["https:\/\/papelulandia.es\/wp-content\/uploads\/2025\/04\/pegatina-tapa-bote.avif",311,362,false],"large":["https:\/\/papelulandia.es\/wp-content\/uploads\/2025\/04\/pegatina-tapa-bote.avif",311,362,false],"1536x1536":["https:\/\/papelulandia.es\/wp-content\/uploads\/2025\/04\/pegatina-tapa-bote.avif",311,362,false],"2048x2048":["https:\/\/papelulandia.es\/wp-content\/uploads\/2025\/04\/pegatina-tapa-bote.avif",311,362,false],"woocommerce_thumbnail":["https:\/\/papelulandia.es\/wp-content\/uploads\/2025\/04\/pegatina-tapa-bote-300x300.avif",300,300,true],"woocommerce_single":["https:\/\/papelulandia.es\/wp-content\/uploads\/2025\/04\/pegatina-tapa-bote.avif",311,362,false],"woocommerce_gallery_thumbnail":["https:\/\/papelulandia.es\/wp-content\/uploads\/2025\/04\/pegatina-tapa-bote-100x100.avif",100,100,true],"variation_swatches_image_size":["https:\/\/papelulandia.es\/wp-content\/uploads\/2025\/04\/pegatina-tapa-bote-50x50.avif",50,50,true],"variation_swatches_tooltip_size":["https:\/\/papelulandia.es\/wp-content\/uploads\/2025\/04\/pegatina-tapa-bote-100x100.avif",100,100,true],"dgwt-wcas-product-suggestion":["https:\/\/papelulandia.es\/wp-content\/uploads\/2025\/04\/pegatina-tapa-bote-64x74.avif",64,74,true]},"uagb_author_info":{"display_name":"LUCIA DEL CAMPO GUTIERREZ","author_link":"https:\/\/papelulandia.es\/de\/author\/"},"uagb_comment_info":0,"uagb_excerpt":"Runde Aufkleber f\u00fcr personalisierbaren Deckel (nur Aufkleber) Durchmesser: 6 cm. Material: Gl\u00e4nzendes Haftpapier Menge: Packung mit 20 St\u00fcck. Zur Kombination mit personalisierbaren Glasbeh\u00e4ltern. Ideal f\u00fcr Candy-Bars oder Gastgeschenke. Beim Kauf beider Produkte: Personalisierbarer Beh\u00e4lter + Aufkleber, werden die Beh\u00e4lter bereits mit den auf die Deckel geklebten Aufklebern versendet, es sei denn, es wird ausdr\u00fccklich etwas&hellip;","jetpack_sharing_enabled":true,"_links":{"self":[{"href":"https:\/\/papelulandia.es\/de\/wp-json\/wp\/v2\/product\/1973","targetHints":{"allow":["GET"]}}],"collection":[{"href":"https:\/\/papelulandia.es\/de\/wp-json\/wp\/v2\/product"}],"about":[{"href":"https:\/\/papelulandia.es\/de\/wp-json\/wp\/v2\/types\/product"}],"replies":[{"embeddable":true,"href":"https:\/\/papelulandia.es\/de\/wp-json\/wp\/v2\/comments?post=1973"}],"wp:featuredmedia":[{"embeddable":true,"href":"https:\/\/papelulandia.es\/de\/wp-json\/wp\/v2\/media\/1975"}],"wp:attachment":[{"href":"https:\/\/papelulandia.es\/de\/wp-json\/wp\/v2\/media?parent=1973"}],"wp:term":[{"taxonomy":"product_brand","embeddable":true,"href":"https:\/\/papelulandia.es\/de\/wp-json\/wp\/v2\/product_brand?post=1973"},{"taxonomy":"product_cat","embeddable":true,"href":"https:\/\/papelulandia.es\/de\/wp-json\/wp\/v2\/product_cat?post=1973"},{"taxonomy":"product_tag","embeddable":true,"href":"https:\/\/papelulandia.es\/de\/wp-json\/wp\/v2\/product_tag?post=1973"}],"curies":[{"name":"wp","href":"https:\/\/api.w.org\/{rel}","templated":true}]}}