 {"id":1858,"date":"2025-05-09T13:10:18","date_gmt":"2025-05-09T12:10:18","guid":{"rendered":"https:\/\/papelulandia.es\/producto\/papier-narzisse-realistische-papierblume\/"},"modified":"2025-12-04T00:11:15","modified_gmt":"2025-12-03T23:11:15","slug":"papier-narzisse-realistische-papierblume","status":"publish","type":"product","link":"https:\/\/papelulandia.es\/de\/Produkt\/papier-narzisse-realistische-papierblume\/","title":{"rendered":"Papier-Narzisse \u2013 Realistische Papierblume"},"content":{"rendered":"<p>Papiernarzisse \u2013 Realistische Krepppapierblume mit Stiel und Bl\u00e4ttern. Jahrestag. Kombinieren Sie und kreieren Sie einen perfekten Strau\u00df, der niemals verwelken wird.  <\/p>\n<p>Realistische Blumen aus Krepppapier. W\u00e4hlen Sie Ihre Narzissen, Rosen oder Ihre Lieblingsblumen unter personalisierter Bestellung f\u00fcr Muttertag, Jahrestag, Geburtstag, Ruhestand, Abschluss oder Ihren besonderen Anlass. <\/p>\n<p>Sie wissen nicht, was Sie einem besonderen Menschen schenken sollen? Sie lieben Blumen, aber es ist Ihnen zu peinlich, sie zu schneiden und verwelken zu lassen? Lassen Sie mich Ihnen helfen! Diese sch\u00f6nen Blumen verwelken nicht und mit ihnen tragen Sie zu einer nachhaltigen Dekoration bei, da sie aus Papier hergestellt sind. Wenn Ihnen gef\u00e4llt, was Sie sehen, aber Ihre Lieblingsblumen anders sind, geben Sie eine individuelle Bestellung bei mir auf und ich werde sie f\u00fcr Sie anfertigen.    <\/p>\n<p>  Verf\u00fcgbare Optionen:<\/p>\n<p>\u25feNarzisse: Diese sch\u00f6ne Blume mit ihrem St\u00e4ngel und ihren Bl\u00e4ttern ist ideal als Einzelpflanze oder in einem Strau\u00df.<\/p>\n<p>\u25feRose: Die ewige K\u00f6nigin des Gartens, ideal als Einzelpflanze oder im Strau\u00df.<\/p>\n<p>\u25feG\u00e4nsebl\u00fcmchen: Die Sch\u00f6nheit und Schlichtheit eines G\u00e4nsebl\u00fcmchens wird eine kleine Ecke oder jeden Raum schm\u00fccken, wenn Sie einen Strau\u00df mit ihnen bilden.<\/p>\n<p>\u25feJede individuelle Blume: Schreiben Sie mir eine Nachricht, wenn Sie Fragen haben, und ich werde Ihnen best\u00e4tigen, ob ich die Blumen Ihrer Tr\u00e4ume kreieren kann.<\/p>\n<p>  Personalisierung:<\/p>\n<p>Ma\u00dfgeschneiderte Designs: Wenn Sie Blumen einer bestimmten Sorte oder Farbe w\u00fcnschen, kann ich sie f\u00fcr Sie kreieren, die Grenze ist Ihre Fantasie.<\/p>\n<p>Personalisierte Details: Sie k\u00f6nnen eine personalisierte Verpackung f\u00fcr Ihre Blumen oder ein Etikett auf Ihrem Strau\u00df mit dem Namen, dem Datum, einer Zeichnung oder einem Detail Ihrer Wahl anbringen.<\/p>\n<p>  Wie Sie kaufen k\u00f6nnen:<\/p>\n<p>\u25fe W\u00e4hlen Sie die gew\u00fcnschte(n) Blumenart(en) aus und geben Sie die Farbe bei der Personalisierung an oder lassen Sie sich von mir beraten.<\/p>\n<p>\u25fe Bitte geben Sie mir die Daten und Details f\u00fcr die personalisierten Blumen.<\/p>\n<p>\u25fe Wenn Sie eine personalisierte Schachtel f\u00fcr die Blume oder einen Strau\u00df mit einem pers\u00f6nlichen Etikett w\u00fcnschen, f\u00fcgen Sie diesen Artikel Ihrem Warenkorb hinzu und geben Sie die Details bei der Personalisierung an.<\/p>\n<p>  Lieferung und Versand:<\/p>\n<p>Ich stelle sicher, dass ich Sie \u00fcber den Fortschritt Ihrer Bestellung auf dem Laufenden halte, damit Sie sich nicht um weitere Formalit\u00e4ten k\u00fcmmern m\u00fcssen und alles vor dem vereinbarten Termin fertig ist.  <\/p>\n<p>Weitere Informationen zu nationalen und internationalen Lieferungen finden Sie in meinen Versandrichtlinien.<\/p>\n<p>Mit diesen sch\u00f6nen Blumen haben Sie das perfekte Geschenk!  <\/p>\n<p>Beim Kauf von 12 oder mehr Einheiten, kontaktieren Sie mich bitte f\u00fcr einen Rabatt auf die Versandkosten \ud83d\ude42<\/p>\n<p>Z\u00f6gern Sie nicht, mir zu schreiben, ich werde Ihnen bei allen Fragen zum Kauf helfen \ud83d\ude09<\/p>\n","protected":false},"excerpt":{"rendered":"<p>Papiernarzisse \u2013 Realistische Krepppapierblume mit Stiel und Bl\u00e4ttern. Jahrestag. Kombinieren Sie und kreieren Sie einen perfekten Strau\u00df, der niemals verwelken wird.  <\/p>\n<p>Realistische Blumen aus Krepppapier. W\u00e4hlen Sie Ihre Narzissen, Rosen oder Ihre Lieblingsblumen unter personalisierter Bestellung f\u00fcr Muttertag, Jahrestag, Geburtstag, Ruhestand, Abschluss oder Ihren besonderen Anlass. <\/p>\n<p>Sie wissen nicht, was Sie einem besonderen Menschen schenken sollen? Sie lieben Blumen, aber es ist Ihnen zu peinlich, sie zu schneiden und verwelken zu lassen? Lassen Sie mich Ihnen helfen! Diese sch\u00f6nen Blumen verwelken nicht und mit ihnen tragen Sie zu einer nachhaltigen Dekoration bei, da sie aus Papier hergestellt sind. Wenn Ihnen gef\u00e4llt, was Sie sehen, aber Ihre Lieblingsblumen anders sind, geben Sie eine individuelle Bestellung bei mir auf und ich werde sie f\u00fcr Sie anfertigen.    <\/p>\n<p>  Verf\u00fcgbare Optionen:<\/p>\n<p>\u25feNarzisse: Diese sch\u00f6ne Blume mit ihrem St\u00e4ngel und ihren Bl\u00e4ttern ist ideal als Einzelpflanze oder in einem Strau\u00df.<\/p>\n<p>\u25feRose: Die ewige K\u00f6nigin des Gartens, ideal als Einzelpflanze oder im Strau\u00df.<\/p>\n<p>\u25feG\u00e4nsebl\u00fcmchen: Die Sch\u00f6nheit und Schlichtheit eines G\u00e4nsebl\u00fcmchens wird eine kleine Ecke oder jeden Raum schm\u00fccken, wenn Sie einen Strau\u00df mit ihnen bilden.<\/p>\n<p>\u25feJede individuelle Blume: Schreiben Sie mir eine Nachricht, wenn Sie Fragen haben, und ich werde Ihnen best\u00e4tigen, ob ich die Blumen Ihrer Tr\u00e4ume kreieren kann.<\/p>\n<p>  Personalisierung:<\/p>\n<p>Ma\u00dfgeschneiderte Designs: Wenn Sie Blumen einer bestimmten Sorte oder Farbe w\u00fcnschen, kann ich sie f\u00fcr Sie kreieren, die Grenze ist Ihre Fantasie.<\/p>\n<p>Personalisierte Details: Sie k\u00f6nnen eine personalisierte Verpackung f\u00fcr Ihre Blumen oder ein Etikett auf Ihrem Strau\u00df mit dem Namen, dem Datum, einer Zeichnung oder einem Detail Ihrer Wahl anbringen.<\/p>\n","protected":false},"featured_media":1768,"comment_status":"open","ping_status":"closed","template":"","meta":{"_eb_attr":"","_uag_custom_page_level_css":"","site-sidebar-layout":"default","site-content-layout":"","ast-site-content-layout":"default","site-content-style":"default","site-sidebar-style":"default","ast-global-header-display":"","ast-banner-title-visibility":"","ast-main-header-display":"","ast-hfb-above-header-display":"","ast-hfb-below-header-display":"","ast-hfb-mobile-header-display":"","site-post-title":"","ast-breadcrumbs-content":"","ast-featured-img":"","footer-sml-layout":"","ast-disable-related-posts":"","theme-transparent-header-meta":"default","adv-header-id-meta":"","stick-header-meta":"","header-above-stick-meta":"","header-main-stick-meta":"","header-below-stick-meta":"","astra-migrate-meta-layouts":"default","ast-page-background-enabled":"default","ast-page-background-meta":{"desktop":{"background-color":"var(--ast-global-color-4)","background-image":"","background-repeat":"repeat","background-position":"center center","background-size":"auto","background-attachment":"scroll","background-type":"","background-media":"","overlay-type":"","overlay-color":"","overlay-opacity":"","overlay-gradient":""},"tablet":{"background-color":"","background-image":"","background-repeat":"repeat","background-position":"center center","background-size":"auto","background-attachment":"scroll","background-type":"","background-media":"","overlay-type":"","overlay-color":"","overlay-opacity":"","overlay-gradient":""},"mobile":{"background-color":"","background-image":"","background-repeat":"repeat","background-position":"center center","background-size":"auto","background-attachment":"scroll","background-type":"","background-media":"","overlay-type":"","overlay-color":"","overlay-opacity":"","overlay-gradient":""}},"ast-content-background-meta":{"desktop":{"background-color":"var(--ast-global-color-5)","background-image":"","background-repeat":"repeat","background-position":"center center","background-size":"auto","background-attachment":"scroll","background-type":"","background-media":"","overlay-type":"","overlay-color":"","overlay-opacity":"","overlay-gradient":""},"tablet":{"background-color":"var(--ast-global-color-5)","background-image":"","background-repeat":"repeat","background-position":"center center","background-size":"auto","background-attachment":"scroll","background-type":"","background-media":"","overlay-type":"","overlay-color":"","overlay-opacity":"","overlay-gradient":""},"mobile":{"background-color":"var(--ast-global-color-5)","background-image":"","background-repeat":"repeat","background-position":"center center","background-size":"auto","background-attachment":"scroll","background-type":"","background-media":"","overlay-type":"","overlay-color":"","overlay-opacity":"","overlay-gradient":""}},"advanced_seo_description":"","jetpack_seo_html_title":"","jetpack_seo_noindex":false},"product_brand":[60],"product_cat":[91,90],"product_tag":[92],"class_list":{"0":"post-1858","1":"product","2":"type-product","3":"status-publish","4":"has-post-thumbnail","6":"product_brand-papelulandia","7":"product_cat-3d-papierdekorationen","8":"product_cat-sonderbestellungen","9":"product_tag-papierblumen","10":"desktop-align-center","11":"tablet-align-left","12":"mobile-align-left","13":"tm-no-options","15":"first","16":"instock","17":"taxable","18":"shipping-taxable","19":"purchasable","20":"product-type-variable"},"uagb_featured_image_src":{"full":["https:\/\/papelulandia.es\/wp-content\/uploads\/2025\/03\/IMG_20250504_132057.avif",817,1090,false],"thumbnail":["https:\/\/papelulandia.es\/wp-content\/uploads\/2025\/03\/IMG_20250504_132057-150x150.avif",150,150,true],"medium":["https:\/\/papelulandia.es\/wp-content\/uploads\/2025\/03\/IMG_20250504_132057-225x300.avif",225,300,true],"medium_large":["https:\/\/papelulandia.es\/wp-content\/uploads\/2025\/03\/IMG_20250504_132057-768x1025.avif",768,1025,true],"large":["https:\/\/papelulandia.es\/wp-content\/uploads\/2025\/03\/IMG_20250504_132057-768x1024.avif",768,1024,true],"1536x1536":["https:\/\/papelulandia.es\/wp-content\/uploads\/2025\/03\/IMG_20250504_132057.avif",817,1090,false],"2048x2048":["https:\/\/papelulandia.es\/wp-content\/uploads\/2025\/03\/IMG_20250504_132057.avif",817,1090,false],"woocommerce_thumbnail":["https:\/\/papelulandia.es\/wp-content\/uploads\/2025\/03\/IMG_20250504_132057-300x300.avif",300,300,true],"woocommerce_single":["https:\/\/papelulandia.es\/wp-content\/uploads\/2025\/03\/IMG_20250504_132057-400x534.avif",400,534,true],"woocommerce_gallery_thumbnail":["https:\/\/papelulandia.es\/wp-content\/uploads\/2025\/03\/IMG_20250504_132057-100x100.avif",100,100,true],"variation_swatches_image_size":["https:\/\/papelulandia.es\/wp-content\/uploads\/2025\/03\/IMG_20250504_132057-50x50.avif",50,50,true],"variation_swatches_tooltip_size":["https:\/\/papelulandia.es\/wp-content\/uploads\/2025\/03\/IMG_20250504_132057-100x100.avif",100,100,true],"dgwt-wcas-product-suggestion":["https:\/\/papelulandia.es\/wp-content\/uploads\/2025\/03\/IMG_20250504_132057-64x85.avif",64,85,true]},"uagb_author_info":{"display_name":"LUCIA DEL CAMPO GUTIERREZ","author_link":"https:\/\/papelulandia.es\/de\/author\/"},"uagb_comment_info":0,"uagb_excerpt":"Papiernarzisse - Realistische Krepppapierblume mit Stiel und Bl\u00e4ttern. Jahrestag. Kombinieren Sie und kreieren Sie einen perfekten Strau\u00df, der niemals verwelken wird. Realistische Blumen aus Krepppapier. W\u00e4hlen Sie Ihre Narzissen, Rosen oder Ihre Lieblingsblumen unter personalisierter Bestellung f\u00fcr Muttertag, Jahrestag, Geburtstag, Ruhestand, Abschluss oder Ihren besonderen Anlass. Sie wissen nicht, was Sie einem besonderen Menschen schenken&hellip;","jetpack_sharing_enabled":true,"_links":{"self":[{"href":"https:\/\/papelulandia.es\/de\/wp-json\/wp\/v2\/product\/1858","targetHints":{"allow":["GET"]}}],"collection":[{"href":"https:\/\/papelulandia.es\/de\/wp-json\/wp\/v2\/product"}],"about":[{"href":"https:\/\/papelulandia.es\/de\/wp-json\/wp\/v2\/types\/product"}],"replies":[{"embeddable":true,"href":"https:\/\/papelulandia.es\/de\/wp-json\/wp\/v2\/comments?post=1858"}],"wp:featuredmedia":[{"embeddable":true,"href":"https:\/\/papelulandia.es\/de\/wp-json\/wp\/v2\/media\/1768"}],"wp:attachment":[{"href":"https:\/\/papelulandia.es\/de\/wp-json\/wp\/v2\/media?parent=1858"}],"wp:term":[{"taxonomy":"product_brand","embeddable":true,"href":"https:\/\/papelulandia.es\/de\/wp-json\/wp\/v2\/product_brand?post=1858"},{"taxonomy":"product_cat","embeddable":true,"href":"https:\/\/papelulandia.es\/de\/wp-json\/wp\/v2\/product_cat?post=1858"},{"taxonomy":"product_tag","embeddable":true,"href":"https:\/\/papelulandia.es\/de\/wp-json\/wp\/v2\/product_tag?post=1858"}],"curies":[{"name":"wp","href":"https:\/\/api.w.org\/{rel}","templated":true}]}}