 {"id":1815,"date":"2025-04-13T06:48:12","date_gmt":"2025-04-13T05:48:12","guid":{"rendered":"https:\/\/papelulandia.es\/producto\/reservierung-von-3d-papierfiguren\/"},"modified":"2025-04-13T06:48:12","modified_gmt":"2025-04-13T05:48:12","slug":"reservierung-von-3d-papierfiguren","status":"publish","type":"product","link":"https:\/\/papelulandia.es\/de\/Produkt\/reservierung-von-3d-papierfiguren\/","title":{"rendered":"Reservierung von 3D-Papierfiguren"},"content":{"rendered":"<p>Produktreservierung: Reservierung f\u00fcr dekorative 3D-Papierfiguren. F\u00fcr die Dekoration von Veranstaltungen und R\u00e4umen. <\/p>\n<p>Reservierung, um eine individuelle Bestellung f\u00fcr die bedarfsgerechte Anfertigung der gew\u00e4hlten 3D-Figur aufzugeben. Nehmen Sie Ihre Reservierung vor und ich werde Sie kontaktieren, um die Details des gew\u00e4hlten Produkts zu besprechen und eine Bestellung f\u00fcr das vereinbarte Produkt zu erstellen, um den Verkauf abzuschlie\u00dfen. <\/p>\n","protected":false},"excerpt":{"rendered":"<p>Produktreservierung: Reservierung f\u00fcr dekorative 3D-Papierfiguren. F\u00fcr die Dekoration von Veranstaltungen und R\u00e4umen. <\/p>\n<p>Reservierung, um eine individuelle Bestellung f\u00fcr die bedarfsgerechte Anfertigung der gew\u00e4hlten 3D-Figur aufzugeben. Nehmen Sie Ihre Reservierung vor und ich werde Sie kontaktieren, um die Details des gew\u00e4hlten Produkts zu besprechen und eine Bestellung f\u00fcr das vereinbarte Produkt zu erstellen, um den Verkauf abzuschlie\u00dfen. <\/p>\n","protected":false},"featured_media":1816,"comment_status":"open","ping_status":"closed","template":"","meta":{"_eb_attr":"","_uag_custom_page_level_css":"","site-sidebar-layout":"default","site-content-layout":"","ast-site-content-layout":"default","site-content-style":"default","site-sidebar-style":"default","ast-global-header-display":"","ast-banner-title-visibility":"","ast-main-header-display":"","ast-hfb-above-header-display":"","ast-hfb-below-header-display":"","ast-hfb-mobile-header-display":"","site-post-title":"","ast-breadcrumbs-content":"","ast-featured-img":"","footer-sml-layout":"","ast-disable-related-posts":"","theme-transparent-header-meta":"default","adv-header-id-meta":"","stick-header-meta":"","header-above-stick-meta":"","header-main-stick-meta":"","header-below-stick-meta":"","astra-migrate-meta-layouts":"default","ast-page-background-enabled":"default","ast-page-background-meta":{"desktop":{"background-color":"var(--ast-global-color-4)","background-image":"","background-repeat":"repeat","background-position":"center center","background-size":"auto","background-attachment":"scroll","background-type":"","background-media":"","overlay-type":"","overlay-color":"","overlay-opacity":"","overlay-gradient":""},"tablet":{"background-color":"","background-image":"","background-repeat":"repeat","background-position":"center center","background-size":"auto","background-attachment":"scroll","background-type":"","background-media":"","overlay-type":"","overlay-color":"","overlay-opacity":"","overlay-gradient":""},"mobile":{"background-color":"","background-image":"","background-repeat":"repeat","background-position":"center center","background-size":"auto","background-attachment":"scroll","background-type":"","background-media":"","overlay-type":"","overlay-color":"","overlay-opacity":"","overlay-gradient":""}},"ast-content-background-meta":{"desktop":{"background-color":"var(--ast-global-color-5)","background-image":"","background-repeat":"repeat","background-position":"center center","background-size":"auto","background-attachment":"scroll","background-type":"","background-media":"","overlay-type":"","overlay-color":"","overlay-opacity":"","overlay-gradient":""},"tablet":{"background-color":"var(--ast-global-color-5)","background-image":"","background-repeat":"repeat","background-position":"center center","background-size":"auto","background-attachment":"scroll","background-type":"","background-media":"","overlay-type":"","overlay-color":"","overlay-opacity":"","overlay-gradient":""},"mobile":{"background-color":"var(--ast-global-color-5)","background-image":"","background-repeat":"repeat","background-position":"center center","background-size":"auto","background-attachment":"scroll","background-type":"","background-media":"","overlay-type":"","overlay-color":"","overlay-opacity":"","overlay-gradient":""}},"advanced_seo_description":"","jetpack_seo_html_title":"","jetpack_seo_noindex":false},"product_brand":[],"product_cat":[91,108],"product_tag":[136],"class_list":{"0":"post-1815","1":"product","2":"type-product","3":"status-publish","4":"has-post-thumbnail","6":"product_cat-3d-papierdekorationen","7":"product_cat-hochzeit","8":"product_tag-3d-figuren","9":"desktop-align-center","10":"tablet-align-left","11":"mobile-align-left","12":"tm-no-options","14":"first","15":"instock","16":"taxable","17":"shipping-taxable","18":"purchasable","19":"product-type-simple"},"uagb_featured_image_src":{"full":["https:\/\/papelulandia.es\/wp-content\/uploads\/2025\/04\/foto-elefante-3d-png.avif",1080,1080,false],"thumbnail":["https:\/\/papelulandia.es\/wp-content\/uploads\/2025\/04\/foto-elefante-3d-150x150.avif",150,150,true],"medium":["https:\/\/papelulandia.es\/wp-content\/uploads\/2025\/04\/foto-elefante-3d-300x300.avif",300,300,true],"medium_large":["https:\/\/papelulandia.es\/wp-content\/uploads\/2025\/04\/foto-elefante-3d-768x768.avif",768,768,true],"large":["https:\/\/papelulandia.es\/wp-content\/uploads\/2025\/04\/foto-elefante-3d-1024x1024.avif",1024,1024,true],"1536x1536":["https:\/\/papelulandia.es\/wp-content\/uploads\/2025\/04\/foto-elefante-3d-png.avif",1080,1080,false],"2048x2048":["https:\/\/papelulandia.es\/wp-content\/uploads\/2025\/04\/foto-elefante-3d-png.avif",1080,1080,false],"woocommerce_thumbnail":["https:\/\/papelulandia.es\/wp-content\/uploads\/2025\/04\/foto-elefante-3d-300x300.avif",300,300,true],"woocommerce_single":["https:\/\/papelulandia.es\/wp-content\/uploads\/2025\/04\/foto-elefante-3d-400x400.avif",400,400,true],"woocommerce_gallery_thumbnail":["https:\/\/papelulandia.es\/wp-content\/uploads\/2025\/04\/foto-elefante-3d-100x100.avif",100,100,true],"variation_swatches_image_size":["https:\/\/papelulandia.es\/wp-content\/uploads\/2025\/04\/foto-elefante-3d-50x50.avif",50,50,true],"variation_swatches_tooltip_size":["https:\/\/papelulandia.es\/wp-content\/uploads\/2025\/04\/foto-elefante-3d-100x100.avif",100,100,true],"dgwt-wcas-product-suggestion":["https:\/\/papelulandia.es\/wp-content\/uploads\/2025\/04\/foto-elefante-3d-64x64.avif",64,64,true]},"uagb_author_info":{"display_name":"LUCIA DEL CAMPO GUTIERREZ","author_link":"https:\/\/papelulandia.es\/de\/author\/"},"uagb_comment_info":0,"uagb_excerpt":"Produktreservierung: Reservierung f\u00fcr dekorative 3D-Papierfiguren. F\u00fcr die Dekoration von Veranstaltungen und R\u00e4umen. Reservierung, um eine individuelle Bestellung f\u00fcr die bedarfsgerechte Anfertigung der gew\u00e4hlten 3D-Figur aufzugeben. Nehmen Sie Ihre Reservierung vor und ich werde Sie kontaktieren, um die Details des gew\u00e4hlten Produkts zu besprechen und eine Bestellung f\u00fcr das vereinbarte Produkt zu erstellen, um den Verkauf&hellip;","jetpack_sharing_enabled":true,"_links":{"self":[{"href":"https:\/\/papelulandia.es\/de\/wp-json\/wp\/v2\/product\/1815","targetHints":{"allow":["GET"]}}],"collection":[{"href":"https:\/\/papelulandia.es\/de\/wp-json\/wp\/v2\/product"}],"about":[{"href":"https:\/\/papelulandia.es\/de\/wp-json\/wp\/v2\/types\/product"}],"replies":[{"embeddable":true,"href":"https:\/\/papelulandia.es\/de\/wp-json\/wp\/v2\/comments?post=1815"}],"wp:featuredmedia":[{"embeddable":true,"href":"https:\/\/papelulandia.es\/de\/wp-json\/wp\/v2\/media\/1816"}],"wp:attachment":[{"href":"https:\/\/papelulandia.es\/de\/wp-json\/wp\/v2\/media?parent=1815"}],"wp:term":[{"taxonomy":"product_brand","embeddable":true,"href":"https:\/\/papelulandia.es\/de\/wp-json\/wp\/v2\/product_brand?post=1815"},{"taxonomy":"product_cat","embeddable":true,"href":"https:\/\/papelulandia.es\/de\/wp-json\/wp\/v2\/product_cat?post=1815"},{"taxonomy":"product_tag","embeddable":true,"href":"https:\/\/papelulandia.es\/de\/wp-json\/wp\/v2\/product_tag?post=1815"}],"curies":[{"name":"wp","href":"https:\/\/api.w.org\/{rel}","templated":true}]}}