 {"id":1759,"date":"2025-03-31T17:58:27","date_gmt":"2025-03-31T16:58:27","guid":{"rendered":"https:\/\/papelulandia.es\/producto\/personalisierter-cake-topper-zur-erstkommunion\/"},"modified":"2025-03-31T17:58:27","modified_gmt":"2025-03-31T16:58:27","slug":"personalisierter-cake-topper-zur-erstkommunion","status":"publish","type":"product","link":"https:\/\/papelulandia.es\/de\/Produkt\/personalisierter-cake-topper-zur-erstkommunion\/","title":{"rendered":"Personalisierter Cake Topper zur Erstkommunion"},"content":{"rendered":"<p>Personalisierter Cake Topper f\u00fcr die Kommunionstorte<\/p>\n<ul>\n<li>Wenn Sie nach einer einzigartigen und besonderen M\u00f6glichkeit suchen, die Kommunionstorte zu dekorieren, haben Sie das ideale Geschenk gefunden! Es ist sein\/ihr Tag, feiern Sie ihn\/sie unvergesslich! Dieser personalisierte Cake Topper wurde mit Liebe und Sorgfalt entworfen, um einen magischen Moment zu schaffen und ihm\/ihr das Gef\u00fchl zu geben, der\/die wahre Protagonist\/in des Tages zu sein. <\/li>\n<\/ul>\n<p>Produktdetails:<\/p>\n<ul>\n<li>Material: Karton, Papier, Acetat. Pr\u00e4zisionsgeschnitten f\u00fcr ein perfektes Finish. <\/li>\n<li>Personalisierung: Enth\u00e4lt ein repr\u00e4sentatives Bild des kleinen Protagonisten, das aus seinem\/ihrem Bild und den Details, die Sie uns zur Verf\u00fcgung stellen, erstellt wurde, sowie seinen\/ihren Namen.<\/li>\n<li>Detailliertes und auff\u00e4lliges Design: Er\/Sie wird es lieben, sich selbst widergespiegelt zu sehen!<\/li>\n<li>Ungef\u00e4hre Gr\u00f6\u00dfe: 16 cm.<\/li>\n<\/ul>\n<p>Warum meine Cake Topper w\u00e4hlen?<\/p>\n<ul>\n<li>Einzigartig und handgefertigt: Jeder Topper ist einzigartig und mit Sorgfalt handgefertigt<\/li>\n<li>Einfach zu verwenden: Er wird mit einem Vinylstab in den Kuchen gesteckt und kann bei mehreren Feiern wiederverwendet werden (auf der Party mit der Familie, mit Freunden oder sp\u00e4ter mit denen, die nicht an der Feier teilnehmen konnten). Au\u00dferdem kann der Stick anschlie\u00dfend entfernt werden, um den Topper als Dekoration f\u00fcr sein\/ihr Zimmer zu verwenden. <\/li>\n<li>Personalisiertes Design: Schaffen Sie diesen besonderen Moment, in dem er\/sie der\/die Protagonist\/in ist.<\/li>\n<li>Nachhaltig, geben Sie ihm\/ihr ein zweites Leben!: Entfernen Sie nach der Verwendung bei der Feier den transparenten Stick und verwenden Sie den Klebstoff auf der R\u00fcckseite, um ihn an einer Wand\/T\u00fcr\/M\u00f6bel in seinem\/ihrem Zimmer zu befestigen, damit die Erinnerung an seinen\/ihren besonderen Tag erhalten bleibt.<\/li>\n<\/ul>\n<p>Machen Sie die Kommunionstorte zum besonderen Dessert!.<\/p>\n<p>F\u00fcgen Sie ihn\/sie zusammen mit den Personalisierungsdaten in Ihren Warenkorb hinzu und ich werde den personalisierten Vorschlag bearbeiten, damit Sie ihn bald bei sich zu Hause haben.<\/p>\n<p>Wenn der Termin der Kommunion sehr nahe ist und Sie Zweifel haben, ob er\/sie rechtzeitig ankommt, fragen Sie mich per Nachricht und wir suchen nach der besten Alternative.<\/p>\n<p>Fragen Sie mich nach jedem anderen Thema, das Sie interessiert.<\/p>\n","protected":false},"excerpt":{"rendered":"<p>Personalisierter Cake Topper f\u00fcr die Kommunionstorte<\/p>\n<ul>\n<li>Wenn Sie nach einer einzigartigen und besonderen M\u00f6glichkeit suchen, die Kommunionstorte zu dekorieren, haben Sie das ideale Geschenk gefunden! Es ist sein\/ihr Tag, feiern Sie ihn\/sie unvergesslich! Dieser personalisierte Cake Topper wurde mit Liebe und Sorgfalt entworfen, um einen magischen Moment zu schaffen und ihm\/ihr das Gef\u00fchl zu geben, der\/die wahre Protagonist\/in des Tages zu sein. <\/li>\n<\/ul>\n<p>Produktdetails:<\/p>\n<ul>\n<li>Material: Karton, Papier, Acetat. Pr\u00e4zisionsgeschnitten f\u00fcr ein perfektes Finish. <\/li>\n<li>Personalisierung: Enth\u00e4lt ein repr\u00e4sentatives Bild des kleinen Protagonisten, das aus seinem\/ihrem Bild und den Details, die Sie uns zur Verf\u00fcgung stellen, erstellt wurde, sowie seinen\/ihren Namen.<\/li>\n<li>Detailliertes und auff\u00e4lliges Design: Er\/Sie wird es lieben, sich selbst widergespiegelt zu sehen!<\/li>\n<li>Ungef\u00e4hre Gr\u00f6\u00dfe: 16 cm.<\/li>\n<\/ul>\n<p>Warum meine Cake Topper w\u00e4hlen?<\/p>\n<ul>\n<li>Einzigartig und handgefertigt: Jeder Topper ist einzigartig und mit Sorgfalt handgefertigt<\/li>\n<li>Einfach zu verwenden: Er wird mit einem Vinylstab in den Kuchen gesteckt und kann bei mehreren Feiern wiederverwendet werden (auf der Party mit der Familie, mit Freunden oder sp\u00e4ter mit denen, die nicht an der Feier teilnehmen konnten). Au\u00dferdem kann der Stick anschlie\u00dfend entfernt werden, um den Topper als Dekoration f\u00fcr sein\/ihr Zimmer zu verwenden. <\/li>\n<li>Personalisiertes Design: Schaffen Sie diesen besonderen Moment, in dem er\/sie der\/die Protagonist\/in ist.<\/li>\n<li>Nachhaltig, geben Sie ihm\/ihr ein zweites Leben!: Entfernen Sie nach der Verwendung bei der Feier den transparenten Stick und verwenden Sie den Klebstoff auf der R\u00fcckseite, um ihn an einer Wand\/T\u00fcr\/M\u00f6bel in seinem\/ihrem Zimmer zu befestigen, damit die Erinnerung an seinen\/ihren besonderen Tag erhalten bleibt.<\/li>\n<\/ul>\n<p>Machen Sie die Kommunionstorte zum besonderen Dessert!.<\/p>\n<p>F\u00fcgen Sie ihn\/sie zusammen mit den Personalisierungsdaten in Ihren Warenkorb hinzu und ich werde den personalisierten Vorschlag bearbeiten, damit Sie ihn bald bei sich zu Hause haben.<\/p>\n<p>Wenn der Termin der Kommunion sehr nahe ist und Sie Zweifel haben, ob er\/sie rechtzeitig ankommt, fragen Sie mich per Nachricht und wir suchen nach der besten Alternative.<\/p>\n<p>Fragen Sie mich nach jedem anderen Thema, das Sie interessiert.<\/p>\n","protected":false},"featured_media":1763,"comment_status":"open","ping_status":"closed","template":"","meta":{"_eb_attr":"","_uag_custom_page_level_css":"","site-sidebar-layout":"default","site-content-layout":"","ast-site-content-layout":"default","site-content-style":"default","site-sidebar-style":"default","ast-global-header-display":"","ast-banner-title-visibility":"","ast-main-header-display":"","ast-hfb-above-header-display":"","ast-hfb-below-header-display":"","ast-hfb-mobile-header-display":"","site-post-title":"","ast-breadcrumbs-content":"","ast-featured-img":"","footer-sml-layout":"","ast-disable-related-posts":"","theme-transparent-header-meta":"default","adv-header-id-meta":"","stick-header-meta":"","header-above-stick-meta":"","header-main-stick-meta":"","header-below-stick-meta":"","astra-migrate-meta-layouts":"default","ast-page-background-enabled":"default","ast-page-background-meta":{"desktop":{"background-color":"var(--ast-global-color-4)","background-image":"","background-repeat":"repeat","background-position":"center center","background-size":"auto","background-attachment":"scroll","background-type":"","background-media":"","overlay-type":"","overlay-color":"","overlay-opacity":"","overlay-gradient":""},"tablet":{"background-color":"","background-image":"","background-repeat":"repeat","background-position":"center center","background-size":"auto","background-attachment":"scroll","background-type":"","background-media":"","overlay-type":"","overlay-color":"","overlay-opacity":"","overlay-gradient":""},"mobile":{"background-color":"","background-image":"","background-repeat":"repeat","background-position":"center center","background-size":"auto","background-attachment":"scroll","background-type":"","background-media":"","overlay-type":"","overlay-color":"","overlay-opacity":"","overlay-gradient":""}},"ast-content-background-meta":{"desktop":{"background-color":"var(--ast-global-color-5)","background-image":"","background-repeat":"repeat","background-position":"center center","background-size":"auto","background-attachment":"scroll","background-type":"","background-media":"","overlay-type":"","overlay-color":"","overlay-opacity":"","overlay-gradient":""},"tablet":{"background-color":"var(--ast-global-color-5)","background-image":"","background-repeat":"repeat","background-position":"center center","background-size":"auto","background-attachment":"scroll","background-type":"","background-media":"","overlay-type":"","overlay-color":"","overlay-opacity":"","overlay-gradient":""},"mobile":{"background-color":"var(--ast-global-color-5)","background-image":"","background-repeat":"repeat","background-position":"center center","background-size":"auto","background-attachment":"scroll","background-type":"","background-media":"","overlay-type":"","overlay-color":"","overlay-opacity":"","overlay-gradient":""}},"advanced_seo_description":"","jetpack_seo_html_title":"","jetpack_seo_noindex":false},"product_brand":[60],"product_cat":[102],"product_tag":[89],"class_list":{"0":"post-1759","1":"product","2":"type-product","3":"status-publish","4":"has-post-thumbnail","6":"product_brand-papelulandia","7":"product_cat-erstkommunion","8":"product_tag-cake-toppers","9":"desktop-align-center","10":"tablet-align-left","11":"mobile-align-left","12":"tm-no-options","14":"first","15":"instock","16":"taxable","17":"shipping-taxable","18":"purchasable","19":"product-type-simple"},"uagb_featured_image_src":{"full":["https:\/\/papelulandia.es\/wp-content\/uploads\/2025\/03\/Ejemplo-Topper-Tarta-Comunion-Diego.avif",469,536,false],"thumbnail":["https:\/\/papelulandia.es\/wp-content\/uploads\/2025\/03\/Ejemplo-Topper-Tarta-Comunion-Diego-150x150.avif",150,150,true],"medium":["https:\/\/papelulandia.es\/wp-content\/uploads\/2025\/03\/Ejemplo-Topper-Tarta-Comunion-Diego-263x300.avif",263,300,true],"medium_large":["https:\/\/papelulandia.es\/wp-content\/uploads\/2025\/03\/Ejemplo-Topper-Tarta-Comunion-Diego.avif",469,536,false],"large":["https:\/\/papelulandia.es\/wp-content\/uploads\/2025\/03\/Ejemplo-Topper-Tarta-Comunion-Diego.avif",469,536,false],"1536x1536":["https:\/\/papelulandia.es\/wp-content\/uploads\/2025\/03\/Ejemplo-Topper-Tarta-Comunion-Diego.avif",469,536,false],"2048x2048":["https:\/\/papelulandia.es\/wp-content\/uploads\/2025\/03\/Ejemplo-Topper-Tarta-Comunion-Diego.avif",469,536,false],"woocommerce_thumbnail":["https:\/\/papelulandia.es\/wp-content\/uploads\/2025\/03\/Ejemplo-Topper-Tarta-Comunion-Diego-300x300.avif",300,300,true],"woocommerce_single":["https:\/\/papelulandia.es\/wp-content\/uploads\/2025\/03\/Ejemplo-Topper-Tarta-Comunion-Diego-400x457.avif",400,457,true],"woocommerce_gallery_thumbnail":["https:\/\/papelulandia.es\/wp-content\/uploads\/2025\/03\/Ejemplo-Topper-Tarta-Comunion-Diego-100x100.avif",100,100,true],"variation_swatches_image_size":["https:\/\/papelulandia.es\/wp-content\/uploads\/2025\/03\/Ejemplo-Topper-Tarta-Comunion-Diego-50x50.avif",50,50,true],"variation_swatches_tooltip_size":["https:\/\/papelulandia.es\/wp-content\/uploads\/2025\/03\/Ejemplo-Topper-Tarta-Comunion-Diego-100x100.avif",100,100,true],"dgwt-wcas-product-suggestion":["https:\/\/papelulandia.es\/wp-content\/uploads\/2025\/03\/Ejemplo-Topper-Tarta-Comunion-Diego-64x73.avif",64,73,true]},"uagb_author_info":{"display_name":"LUCIA DEL CAMPO GUTIERREZ","author_link":"https:\/\/papelulandia.es\/de\/author\/"},"uagb_comment_info":0,"uagb_excerpt":"Personalisierter Cake Topper f\u00fcr die Kommunionstorte Wenn Sie nach einer einzigartigen und besonderen M\u00f6glichkeit suchen, die Kommunionstorte zu dekorieren, haben Sie das ideale Geschenk gefunden! Es ist sein\/ihr Tag, feiern Sie ihn\/sie unvergesslich! Dieser personalisierte Cake Topper wurde mit Liebe und Sorgfalt entworfen, um einen magischen Moment zu schaffen und ihm\/ihr das Gef\u00fchl zu geben,&hellip;","jetpack_sharing_enabled":true,"_links":{"self":[{"href":"https:\/\/papelulandia.es\/de\/wp-json\/wp\/v2\/product\/1759","targetHints":{"allow":["GET"]}}],"collection":[{"href":"https:\/\/papelulandia.es\/de\/wp-json\/wp\/v2\/product"}],"about":[{"href":"https:\/\/papelulandia.es\/de\/wp-json\/wp\/v2\/types\/product"}],"replies":[{"embeddable":true,"href":"https:\/\/papelulandia.es\/de\/wp-json\/wp\/v2\/comments?post=1759"}],"wp:featuredmedia":[{"embeddable":true,"href":"https:\/\/papelulandia.es\/de\/wp-json\/wp\/v2\/media\/1763"}],"wp:attachment":[{"href":"https:\/\/papelulandia.es\/de\/wp-json\/wp\/v2\/media?parent=1759"}],"wp:term":[{"taxonomy":"product_brand","embeddable":true,"href":"https:\/\/papelulandia.es\/de\/wp-json\/wp\/v2\/product_brand?post=1759"},{"taxonomy":"product_cat","embeddable":true,"href":"https:\/\/papelulandia.es\/de\/wp-json\/wp\/v2\/product_cat?post=1759"},{"taxonomy":"product_tag","embeddable":true,"href":"https:\/\/papelulandia.es\/de\/wp-json\/wp\/v2\/product_tag?post=1759"}],"curies":[{"name":"wp","href":"https:\/\/api.w.org\/{rel}","templated":true}]}}