 {"id":1758,"date":"2025-04-19T22:13:04","date_gmt":"2025-04-19T21:13:04","guid":{"rendered":"https:\/\/papelulandia.es\/producto\/personalisierte-geschenkkarten-100-stueck\/"},"modified":"2025-04-19T22:13:04","modified_gmt":"2025-04-19T21:13:04","slug":"personalisierte-geschenkkarten-100-stueck","status":"publish","type":"product","link":"https:\/\/papelulandia.es\/de\/Produkt\/personalisierte-geschenkkarten-100-stueck\/","title":{"rendered":"Personalisierte Geschenkkarten 100 St\u00fcck"},"content":{"rendered":"<p>Personalisierte Karten als Gastgeschenke.<\/p>\n<p>Messoptionen: 7&#215;5 cm; 5,5&#215;4 cm; 5&#215;5 cm  <\/p>\n<p>Personalisierung: Au\u00dfenseite. Nicht faltbares Etikett, die R\u00fcckseite ist zum Beschreiben wei\u00df. <\/p>\n<p>Menge: 100 St\u00fcck<\/p>\n<p>Verschiedene Gr\u00f6\u00dfen k\u00f6nnen miteinander kombiniert werden<\/p>\n","protected":false},"excerpt":{"rendered":"<p>Personalisierte Karten als Gastgeschenke. Messoptionen: 7&#215;5 cm; 5,5&#215;4 cm; 5&#215;5 cm Personalisierung: Au\u00dfenseite. Nicht faltbares Etikett, die R\u00fcckseite ist zum [&hellip;]<\/p>\n","protected":false},"featured_media":1762,"comment_status":"open","ping_status":"closed","template":"","meta":{"_eb_attr":"","_uag_custom_page_level_css":"","site-sidebar-layout":"default","site-content-layout":"","ast-site-content-layout":"default","site-content-style":"default","site-sidebar-style":"default","ast-global-header-display":"","ast-banner-title-visibility":"","ast-main-header-display":"","ast-hfb-above-header-display":"","ast-hfb-below-header-display":"","ast-hfb-mobile-header-display":"","site-post-title":"","ast-breadcrumbs-content":"","ast-featured-img":"","footer-sml-layout":"","ast-disable-related-posts":"","theme-transparent-header-meta":"default","adv-header-id-meta":"","stick-header-meta":"","header-above-stick-meta":"","header-main-stick-meta":"","header-below-stick-meta":"","astra-migrate-meta-layouts":"default","ast-page-background-enabled":"default","ast-page-background-meta":{"desktop":{"background-color":"var(--ast-global-color-4)","background-image":"","background-repeat":"repeat","background-position":"center center","background-size":"auto","background-attachment":"scroll","background-type":"","background-media":"","overlay-type":"","overlay-color":"","overlay-opacity":"","overlay-gradient":""},"tablet":{"background-color":"","background-image":"","background-repeat":"repeat","background-position":"center center","background-size":"auto","background-attachment":"scroll","background-type":"","background-media":"","overlay-type":"","overlay-color":"","overlay-opacity":"","overlay-gradient":""},"mobile":{"background-color":"","background-image":"","background-repeat":"repeat","background-position":"center center","background-size":"auto","background-attachment":"scroll","background-type":"","background-media":"","overlay-type":"","overlay-color":"","overlay-opacity":"","overlay-gradient":""}},"ast-content-background-meta":{"desktop":{"background-color":"var(--ast-global-color-5)","background-image":"","background-repeat":"repeat","background-position":"center center","background-size":"auto","background-attachment":"scroll","background-type":"","background-media":"","overlay-type":"","overlay-color":"","overlay-opacity":"","overlay-gradient":""},"tablet":{"background-color":"var(--ast-global-color-5)","background-image":"","background-repeat":"repeat","background-position":"center center","background-size":"auto","background-attachment":"scroll","background-type":"","background-media":"","overlay-type":"","overlay-color":"","overlay-opacity":"","overlay-gradient":""},"mobile":{"background-color":"var(--ast-global-color-5)","background-image":"","background-repeat":"repeat","background-position":"center center","background-size":"auto","background-attachment":"scroll","background-type":"","background-media":"","overlay-type":"","overlay-color":"","overlay-opacity":"","overlay-gradient":""}},"advanced_seo_description":"","jetpack_seo_html_title":"","jetpack_seo_noindex":false},"product_brand":[60],"product_cat":[102,88,115],"product_tag":[],"class_list":{"0":"post-1758","1":"product","2":"type-product","3":"status-publish","4":"has-post-thumbnail","6":"product_brand-papelulandia","7":"product_cat-erstkommunion","8":"product_cat-geburtstage-und-partys","9":"product_cat-personalisierte-etiketten","10":"desktop-align-center","11":"tablet-align-left","12":"mobile-align-left","13":"tm-no-options","15":"first","16":"instock","17":"taxable","18":"shipping-taxable","19":"purchasable","20":"product-type-simple"},"uagb_featured_image_src":{"full":["https:\/\/papelulandia.es\/wp-content\/uploads\/2025\/04\/tarjetas-diego-simples.avif",328,463,false],"thumbnail":["https:\/\/papelulandia.es\/wp-content\/uploads\/2025\/04\/tarjetas-diego-simples-150x150.avif",150,150,true],"medium":["https:\/\/papelulandia.es\/wp-content\/uploads\/2025\/04\/tarjetas-diego-simples-213x300.avif",213,300,true],"medium_large":["https:\/\/papelulandia.es\/wp-content\/uploads\/2025\/04\/tarjetas-diego-simples.avif",328,463,false],"large":["https:\/\/papelulandia.es\/wp-content\/uploads\/2025\/04\/tarjetas-diego-simples.avif",328,463,false],"1536x1536":["https:\/\/papelulandia.es\/wp-content\/uploads\/2025\/04\/tarjetas-diego-simples.avif",328,463,false],"2048x2048":["https:\/\/papelulandia.es\/wp-content\/uploads\/2025\/04\/tarjetas-diego-simples.avif",328,463,false],"woocommerce_thumbnail":["https:\/\/papelulandia.es\/wp-content\/uploads\/2025\/04\/tarjetas-diego-simples-300x300.avif",300,300,true],"woocommerce_single":["https:\/\/papelulandia.es\/wp-content\/uploads\/2025\/04\/tarjetas-diego-simples.avif",328,463,false],"woocommerce_gallery_thumbnail":["https:\/\/papelulandia.es\/wp-content\/uploads\/2025\/04\/tarjetas-diego-simples-100x100.avif",100,100,true],"variation_swatches_image_size":["https:\/\/papelulandia.es\/wp-content\/uploads\/2025\/04\/tarjetas-diego-simples-50x50.avif",50,50,true],"variation_swatches_tooltip_size":["https:\/\/papelulandia.es\/wp-content\/uploads\/2025\/04\/tarjetas-diego-simples-100x100.avif",100,100,true],"dgwt-wcas-product-suggestion":["https:\/\/papelulandia.es\/wp-content\/uploads\/2025\/04\/tarjetas-diego-simples-64x90.avif",64,90,true]},"uagb_author_info":{"display_name":"LUCIA DEL CAMPO GUTIERREZ","author_link":"https:\/\/papelulandia.es\/de\/author\/"},"uagb_comment_info":0,"uagb_excerpt":"Personalisierte Karten als Gastgeschenke. Messoptionen: 7&#215;5 cm; 5,5&#215;4 cm; 5&#215;5 cm Personalisierung: Au\u00dfenseite. Nicht faltbares Etikett, die R\u00fcckseite ist zum [&hellip;]","jetpack_sharing_enabled":true,"_links":{"self":[{"href":"https:\/\/papelulandia.es\/de\/wp-json\/wp\/v2\/product\/1758","targetHints":{"allow":["GET"]}}],"collection":[{"href":"https:\/\/papelulandia.es\/de\/wp-json\/wp\/v2\/product"}],"about":[{"href":"https:\/\/papelulandia.es\/de\/wp-json\/wp\/v2\/types\/product"}],"replies":[{"embeddable":true,"href":"https:\/\/papelulandia.es\/de\/wp-json\/wp\/v2\/comments?post=1758"}],"wp:featuredmedia":[{"embeddable":true,"href":"https:\/\/papelulandia.es\/de\/wp-json\/wp\/v2\/media\/1762"}],"wp:attachment":[{"href":"https:\/\/papelulandia.es\/de\/wp-json\/wp\/v2\/media?parent=1758"}],"wp:term":[{"taxonomy":"product_brand","embeddable":true,"href":"https:\/\/papelulandia.es\/de\/wp-json\/wp\/v2\/product_brand?post=1758"},{"taxonomy":"product_cat","embeddable":true,"href":"https:\/\/papelulandia.es\/de\/wp-json\/wp\/v2\/product_cat?post=1758"},{"taxonomy":"product_tag","embeddable":true,"href":"https:\/\/papelulandia.es\/de\/wp-json\/wp\/v2\/product_tag?post=1758"}],"curies":[{"name":"wp","href":"https:\/\/api.w.org\/{rel}","templated":true}]}}