 {"id":1743,"date":"2025-02-04T20:22:55","date_gmt":"2025-02-04T19:22:55","guid":{"rendered":"https:\/\/papelulandia.es\/producto\/personalisierung-einladungen-vorauszahlung-designphase\/"},"modified":"2025-02-04T20:22:55","modified_gmt":"2025-02-04T19:22:55","slug":"personalisierung-einladungen-vorauszahlung-designphase","status":"publish","type":"product","link":"https:\/\/papelulandia.es\/de\/Produkt\/personalisierung-einladungen-vorauszahlung-designphase\/","title":{"rendered":"Personalisierung Einladungen \u2013 Vorauszahlung Designphase"},"content":{"rendered":"<p>Vorauszahlung f\u00fcr die Personalisierung von Einladungen<\/p>\n<p>W\u00e4hrend der Entwicklungsphase und der Festlegung der endg\u00fcltigen Materialien ist eine Vorauszahlung von 30 \u20ac zu leisten, um die Muster zu erstellen und zu versenden, von denen 20 \u20ac Ihr Engagement in diesem Prozess darstellen und Ihnen durch Abzug vom Endpreis der Bestellung zur\u00fcckerstattet werden. F\u00fcr den Endbetrag werden wir eine personalisierte Bestellung aufgeben, die bezahlt wird, sobald die Produktionsphase der Einladungen beginnt.<\/p>\n<p>In dieser Entwicklungsphase werden wir an Ihren Ideen arbeiten, Ihnen unsere vorschlagen und Ihnen die Produkt- und Materialmuster vor der Validierung des endg\u00fcltigen St\u00fccks erstellen und zusenden.<\/p>\n","protected":false},"excerpt":{"rendered":"<p>Vorauszahlung f\u00fcr die Personalisierung von Einladungen<\/p>\n<p>W\u00e4hrend der Entwicklungsphase und der Festlegung der endg\u00fcltigen Materialien ist eine Vorauszahlung von 30 \u20ac zu leisten, um die Muster zu erstellen und zu versenden, von denen 20 \u20ac Ihr Engagement in diesem Prozess darstellen und Ihnen durch Abzug vom Endpreis der Bestellung zur\u00fcckerstattet werden. F\u00fcr den Endbetrag werden wir eine personalisierte Bestellung aufgeben, die bezahlt wird, sobald die Produktionsphase der Einladungen beginnt.<\/p>\n<p>In dieser Entwicklungsphase werden wir an Ihren Ideen arbeiten, Ihnen unsere vorschlagen und Ihnen die Produkt- und Materialmuster vor der Validierung des endg\u00fcltigen St\u00fccks erstellen und zusenden.<\/p>\n","protected":false},"featured_media":1748,"comment_status":"open","ping_status":"closed","template":"","meta":{"_eb_attr":"","_uag_custom_page_level_css":"","site-sidebar-layout":"default","site-content-layout":"","ast-site-content-layout":"default","site-content-style":"default","site-sidebar-style":"default","ast-global-header-display":"","ast-banner-title-visibility":"","ast-main-header-display":"","ast-hfb-above-header-display":"","ast-hfb-below-header-display":"","ast-hfb-mobile-header-display":"","site-post-title":"","ast-breadcrumbs-content":"","ast-featured-img":"","footer-sml-layout":"","ast-disable-related-posts":"","theme-transparent-header-meta":"default","adv-header-id-meta":"","stick-header-meta":"","header-above-stick-meta":"","header-main-stick-meta":"","header-below-stick-meta":"","astra-migrate-meta-layouts":"default","ast-page-background-enabled":"default","ast-page-background-meta":{"desktop":{"background-color":"var(--ast-global-color-4)","background-image":"","background-repeat":"repeat","background-position":"center center","background-size":"auto","background-attachment":"scroll","background-type":"","background-media":"","overlay-type":"","overlay-color":"","overlay-opacity":"","overlay-gradient":""},"tablet":{"background-color":"","background-image":"","background-repeat":"repeat","background-position":"center center","background-size":"auto","background-attachment":"scroll","background-type":"","background-media":"","overlay-type":"","overlay-color":"","overlay-opacity":"","overlay-gradient":""},"mobile":{"background-color":"","background-image":"","background-repeat":"repeat","background-position":"center center","background-size":"auto","background-attachment":"scroll","background-type":"","background-media":"","overlay-type":"","overlay-color":"","overlay-opacity":"","overlay-gradient":""}},"ast-content-background-meta":{"desktop":{"background-color":"var(--ast-global-color-5)","background-image":"","background-repeat":"repeat","background-position":"center center","background-size":"auto","background-attachment":"scroll","background-type":"","background-media":"","overlay-type":"","overlay-color":"","overlay-opacity":"","overlay-gradient":""},"tablet":{"background-color":"var(--ast-global-color-5)","background-image":"","background-repeat":"repeat","background-position":"center center","background-size":"auto","background-attachment":"scroll","background-type":"","background-media":"","overlay-type":"","overlay-color":"","overlay-opacity":"","overlay-gradient":""},"mobile":{"background-color":"var(--ast-global-color-5)","background-image":"","background-repeat":"repeat","background-position":"center center","background-size":"auto","background-attachment":"scroll","background-type":"","background-media":"","overlay-type":"","overlay-color":"","overlay-opacity":"","overlay-gradient":""}},"advanced_seo_description":"","jetpack_seo_html_title":"","jetpack_seo_noindex":false},"product_brand":[],"product_cat":[108],"product_tag":[140],"class_list":{"0":"post-1743","1":"product","2":"type-product","3":"status-publish","4":"has-post-thumbnail","6":"product_cat-hochzeit","7":"product_tag-hochzeitseinladungen","8":"desktop-align-center","9":"tablet-align-left","10":"mobile-align-left","11":"tm-no-options","13":"first","14":"instock","15":"sold-individually","16":"taxable","17":"shipping-taxable","18":"purchasable","19":"product-type-simple"},"uagb_featured_image_src":{"full":["https:\/\/papelulandia.es\/wp-content\/uploads\/2025\/02\/Captura-propuesta-diseno-invitaciones.png",1379,1602,false],"thumbnail":["https:\/\/papelulandia.es\/wp-content\/uploads\/2025\/02\/Captura-propuesta-diseno-invitaciones-150x150.png",150,150,true],"medium":["https:\/\/papelulandia.es\/wp-content\/uploads\/2025\/02\/Captura-propuesta-diseno-invitaciones-258x300.png",258,300,true],"medium_large":["https:\/\/papelulandia.es\/wp-content\/uploads\/2025\/02\/Captura-propuesta-diseno-invitaciones-768x892.png",768,892,true],"large":["https:\/\/papelulandia.es\/wp-content\/uploads\/2025\/02\/Captura-propuesta-diseno-invitaciones-881x1024.png",881,1024,true],"1536x1536":["https:\/\/papelulandia.es\/wp-content\/uploads\/2025\/02\/Captura-propuesta-diseno-invitaciones-1322x1536.png",1322,1536,true],"2048x2048":["https:\/\/papelulandia.es\/wp-content\/uploads\/2025\/02\/Captura-propuesta-diseno-invitaciones.png",1379,1602,false],"woocommerce_thumbnail":["https:\/\/papelulandia.es\/wp-content\/uploads\/2025\/02\/Captura-propuesta-diseno-invitaciones-300x300.png",300,300,true],"woocommerce_single":["https:\/\/papelulandia.es\/wp-content\/uploads\/2025\/02\/Captura-propuesta-diseno-invitaciones-400x465.png",400,465,true],"woocommerce_gallery_thumbnail":["https:\/\/papelulandia.es\/wp-content\/uploads\/2025\/02\/Captura-propuesta-diseno-invitaciones-100x100.png",100,100,true],"variation_swatches_image_size":["https:\/\/papelulandia.es\/wp-content\/uploads\/2025\/02\/Captura-propuesta-diseno-invitaciones-50x50.png",50,50,true],"variation_swatches_tooltip_size":["https:\/\/papelulandia.es\/wp-content\/uploads\/2025\/02\/Captura-propuesta-diseno-invitaciones-100x100.png",100,100,true],"dgwt-wcas-product-suggestion":["https:\/\/papelulandia.es\/wp-content\/uploads\/2025\/02\/Captura-propuesta-diseno-invitaciones-64x74.png",64,74,true]},"uagb_author_info":{"display_name":"LUCIA DEL CAMPO GUTIERREZ","author_link":"https:\/\/papelulandia.es\/de\/author\/"},"uagb_comment_info":0,"uagb_excerpt":"Vorauszahlung f\u00fcr die Personalisierung von Einladungen W\u00e4hrend der Entwicklungsphase und der Festlegung der endg\u00fcltigen Materialien ist eine Vorauszahlung von 30 \u20ac zu leisten, um die Muster zu erstellen und zu versenden, von denen 20 \u20ac Ihr Engagement in diesem Prozess darstellen und Ihnen durch Abzug vom Endpreis der Bestellung zur\u00fcckerstattet werden. F\u00fcr den Endbetrag werden&hellip;","jetpack_sharing_enabled":true,"_links":{"self":[{"href":"https:\/\/papelulandia.es\/de\/wp-json\/wp\/v2\/product\/1743","targetHints":{"allow":["GET"]}}],"collection":[{"href":"https:\/\/papelulandia.es\/de\/wp-json\/wp\/v2\/product"}],"about":[{"href":"https:\/\/papelulandia.es\/de\/wp-json\/wp\/v2\/types\/product"}],"replies":[{"embeddable":true,"href":"https:\/\/papelulandia.es\/de\/wp-json\/wp\/v2\/comments?post=1743"}],"wp:featuredmedia":[{"embeddable":true,"href":"https:\/\/papelulandia.es\/de\/wp-json\/wp\/v2\/media\/1748"}],"wp:attachment":[{"href":"https:\/\/papelulandia.es\/de\/wp-json\/wp\/v2\/media?parent=1743"}],"wp:term":[{"taxonomy":"product_brand","embeddable":true,"href":"https:\/\/papelulandia.es\/de\/wp-json\/wp\/v2\/product_brand?post=1743"},{"taxonomy":"product_cat","embeddable":true,"href":"https:\/\/papelulandia.es\/de\/wp-json\/wp\/v2\/product_cat?post=1743"},{"taxonomy":"product_tag","embeddable":true,"href":"https:\/\/papelulandia.es\/de\/wp-json\/wp\/v2\/product_tag?post=1743"}],"curies":[{"name":"wp","href":"https:\/\/api.w.org\/{rel}","templated":true}]}}