 {"id":1512,"date":"2025-11-21T00:33:06","date_gmt":"2025-11-20T23:33:06","guid":{"rendered":"https:\/\/papelulandia.es\/producto\/mini-pergament-aus-gealtertem-papier-in-einer-transparenten-flasche-mit-einer-botschaft-fuer-weihnachtsgaeste\/"},"modified":"2025-12-04T00:06:50","modified_gmt":"2025-12-03T23:06:50","slug":"mini-pergament-aus-gealtertem-papier-in-einer-transparenten-flasche-mit-einer-botschaft-fuer-weihnachtsgaeste","status":"publish","type":"product","link":"https:\/\/papelulandia.es\/de\/Produkt\/mini-pergament-aus-gealtertem-papier-in-einer-transparenten-flasche-mit-einer-botschaft-fuer-weihnachtsgaeste\/","title":{"rendered":"Antikes Papier Mini-Pergament in transparenter dekorativer Weihnachtsflasche mit Botschaft. Es enth\u00e4lt keine Fl\u00fcssigkeit."},"content":{"rendered":"<p>Minipergament aus antikisiertem Papier in einem transparenten dekorativen Topf. Geschenk f\u00fcr Weihnachtsg\u00e4ste. Personalisierte Botschaften. Botschaft in einer leeren Flasche.<\/p>\n<p>Mini handgefertigte Pergamente aus gealtertem Papier.<\/p>\n<p>Mehrere Optionen:<\/p>\n<p>1. Als einzelnes Pergament, Mindestbestellmenge 10 St\u00fcck. Perfekt als Botschaften f\u00fcr G\u00e4ste bei deiner Hochzeit oder Veranstaltung, f\u00fcr Schnitzeljagden oder als besondere Geschenke. Mit Juteband gebunden. Versendet in einer goldenen Schachtel mit transparentem Deckel.<\/p>\n<p>2. Ein Pergament mit der Option der Lieferung in einer 9 cm Glasflasche mit Weihnachtsetikett. Wird in einer goldenen Schachtel mit transparentem Deckel verschickt.<\/p>\n<p>3. Ein Pergament mit der Option der Lieferung in einer 16 cm transparenten Plastikflasche. Mit Weihnachtsetikett. Wird in einer goldenen Schachtel mit transparentem Deckel verschickt.<\/p>\n<p><strong>\u2013 Produktdetails:<\/strong><\/p>\n<p>Diese Mini-Pergamente sind handgefertigt aus gealtertem Papier und sorgf\u00e4ltig aufgerollt, mit einem Natur-Juteband gebunden. Jeder einzelne hat einen rustikalen und antiken Charme, perfekt, um jeder Gelegenheit eine besondere Note zu verleihen.<\/p>\n<p><strong>\u2013 Vorgeschlagene Verwendungen:<\/strong><\/p>\n<p>Botschaften f\u00fcr G\u00e4ste zu Weihnachten, Hochzeiten, Geburtstagen oder besonderen Anl\u00e4ssen.<\/p>\n<p>Kleine \u201eBotschaften in einer Flasche\u201c, geliefert in kleinen Glasflaschen.<\/p>\n<p>Kreative Geschenke: Schreibe \u00dcberraschungsbotschaften und platziere sie an verschiedenen Stellen f\u00fcr eine Schnitzeljagd oder Schatzsuche.<\/p>\n<p>Botschaft in einer Flasche: Personalisierte Details mit Etiketten mit dem Namen jedes Gastes.<\/p>\n<p>Platziere sie in einem h\u00fcbschen Glas oder einer Box und f\u00fclle sie als \u201eGutschein f\u00fcr\u2026 [was du verschenken m\u00f6chtest]\u201c f\u00fcr ein Weihnachts-, Geburtstags- oder besonderes Jubil\u00e4umsgeschenk. Du kannst auch f\u00fcr jedes gefeierte Jahr einen hinzuf\u00fcgen.<\/p>\n<p><strong>\u2013 Bestelloptionen:<\/strong><\/p>\n<p>Nur Pergamente.<\/p>\n<p>Pergament + 9 cm Glasflasche mit Dekoration und Etikett.<br \/>\nPergament + 16 cm Plastikflasche mit Dekoration und Etikett.<\/p>\n<p>Pergamente + 9 cm Glasflasche + personalisiertes Etikett mit dem Namen des Gastes.<br \/>\nPergamente + 16 cm Plastikflasche + personalisiertes Etikett mit dem Namen des Gastes.<\/p>\n<p>Jedes Pergament ist einzigartig, handgefertigt und mit Liebe gemacht, ideal, um Ihre G\u00e4ste zu \u00fcberraschen oder unvergessliche und originelle Momente zu schaffen.<\/p>\n<p><strong>\u2013 Ma\u00dfe:<\/strong><\/p>\n<p>In Mini-Pergamenten ohne Flasche, Mindestbestellmenge 10 St\u00fcck.<\/p>\n<p>Jedes Mini-Pergament misst im ge\u00f6ffneten Zustand etwa 7 cm x 8 cm.<\/p>\n<p>Die kleinen transparenten Glasflaschen messen 9 cm x 3 cm.<br \/>\nDie transparenten Plastikflaschen messen 16 cm x 4,5 cm.<\/p>\n<p><strong>\u2013 Materialien:<\/strong><\/p>\n<p>Handgefertigtes, hochwertiges gealtertes Papier<\/p>\n<p>Natur-Juteband<\/p>\n<p>Optional Glas- oder Plastikflasche<\/p>\n<p>Dekoration und dekoratives Etikett<\/p>\n<p>Optionale personalisierte Etikett<\/p>\n<p><strong>\u2013 Mit Liebe und Hingabe handgefertigt f\u00fcr dich und deine Liebsten.<\/strong><\/p>\n<p>Wenn du m\u00f6chtest, dass ich die Nachrichten auf die Pergamente schreibe, schicke mir eine Nachricht und ich erstelle eine personalisierte Bestellung f\u00fcr dich.<\/p>\n<p>Hol dir deine und mache dein Event unvergesslich mit einem unvergesslichen Detail!<\/p>\n<p><strong>\u2013 F\u00fcge es deinem Warenkorb hinzu und schlie\u00dfe den Kauf ab.<\/strong> Nutze das Personalisierungsfeld Namen auf den Etiketten hinzuzuf\u00fcgen. Ich werde mich bei dir melden, um alle Details zu best\u00e4tigen \ud83d\ude42<\/p>\n<p>Schreibe deine eigene Nachricht oder kontaktiere mich, und ich erstelle eine Sonderbestellung mit deinem Text auf dem Mini-Pergament.<\/p>\n<p>Wenn der Termin der Feier sehr nah ist und du unsicher bist, ob es rechtzeitig ankommt, schicke mir eine Nachricht und wir finden die beste L\u00f6sung.<\/p>\n<p>Frag mich gerne bei allen Fragen, ich helfe dir gerne bei deinem Kauf.<\/p>\n<p>Dieses Produkt enth\u00e4lt weder Alkohol noch Fl\u00fcssigkeit; es ist eine Botschaft in einer dekorativen Flasche.<\/p>\n","protected":false},"excerpt":{"rendered":"<p>IN MINISCHRIFTROLLEN OHNE FLASCHEN_MINDESTBESTELLMENGE 10 ST\u00dcCK.<\/p>\n<p>MINI-SCHRIFTROLLEN MIT FLASCHE: W\u00c4HLEN SIE 1 EINHEIT (LOSE NICHT VERF\u00dcGBAR) UND F\u00dcGEN SIE SO VIELE HINZU, WIE SIE M\u00d6CHTEN.<\/p>\n<p>&#8212;&#8212;&#8212;&#8212;&#8212;&#8212;&#8212;&#8212;&#8212;&#8212;&#8212;&#8212;&#8212;&#8212;&#8212;&#8212;&#8212;&#8212;&#8212;&#8212;&#8212;&#8212;&#8212;&#8212;&#8212;&#8212;&#8212;&#8212;&#8212;-<\/p>\n<p>Mini-Pergament aus gealtertem Papier in einer transparenten Flasche oder Set aus 10 Mini-Pergamenten ohne Flasche. Geschenk f\u00fcr Weihnachtsg\u00e4ste. Personalisierte Botschaften. Botschaft in einer Flasche.<\/p>\n<p>Schreibe deine eigene Nachricht oder kontaktiere mich, und ich erstelle eine Sonderbestellung mit deinem Text auf dem Mini-Pergament.<\/p>\n<p>Dieses Produkt enth\u00e4lt weder Alkohol noch Fl\u00fcssigkeit; es ist eine Botschaft in einer dekorativen Flasche.<\/p>\n","protected":false},"featured_media":1500,"comment_status":"open","ping_status":"closed","template":"","meta":{"_eb_attr":"","_uag_custom_page_level_css":"","site-sidebar-layout":"default","site-content-layout":"","ast-site-content-layout":"default","site-content-style":"default","site-sidebar-style":"default","ast-global-header-display":"","ast-banner-title-visibility":"","ast-main-header-display":"","ast-hfb-above-header-display":"","ast-hfb-below-header-display":"","ast-hfb-mobile-header-display":"","site-post-title":"","ast-breadcrumbs-content":"","ast-featured-img":"","footer-sml-layout":"","ast-disable-related-posts":"","theme-transparent-header-meta":"default","adv-header-id-meta":"","stick-header-meta":"","header-above-stick-meta":"","header-main-stick-meta":"","header-below-stick-meta":"","astra-migrate-meta-layouts":"default","ast-page-background-enabled":"default","ast-page-background-meta":{"desktop":{"background-color":"var(--ast-global-color-4)","background-image":"","background-repeat":"repeat","background-position":"center center","background-size":"auto","background-attachment":"scroll","background-type":"","background-media":"","overlay-type":"","overlay-color":"","overlay-opacity":"","overlay-gradient":""},"tablet":{"background-color":"","background-image":"","background-repeat":"repeat","background-position":"center center","background-size":"auto","background-attachment":"scroll","background-type":"","background-media":"","overlay-type":"","overlay-color":"","overlay-opacity":"","overlay-gradient":""},"mobile":{"background-color":"","background-image":"","background-repeat":"repeat","background-position":"center center","background-size":"auto","background-attachment":"scroll","background-type":"","background-media":"","overlay-type":"","overlay-color":"","overlay-opacity":"","overlay-gradient":""}},"ast-content-background-meta":{"desktop":{"background-color":"var(--ast-global-color-5)","background-image":"","background-repeat":"repeat","background-position":"center center","background-size":"auto","background-attachment":"scroll","background-type":"","background-media":"","overlay-type":"","overlay-color":"","overlay-opacity":"","overlay-gradient":""},"tablet":{"background-color":"var(--ast-global-color-5)","background-image":"","background-repeat":"repeat","background-position":"center center","background-size":"auto","background-attachment":"scroll","background-type":"","background-media":"","overlay-type":"","overlay-color":"","overlay-opacity":"","overlay-gradient":""},"mobile":{"background-color":"var(--ast-global-color-5)","background-image":"","background-repeat":"repeat","background-position":"center center","background-size":"auto","background-attachment":"scroll","background-type":"","background-media":"","overlay-type":"","overlay-color":"","overlay-opacity":"","overlay-gradient":""}},"advanced_seo_description":"","jetpack_seo_html_title":"","jetpack_seo_noindex":false},"product_brand":[60],"product_cat":[101,107],"product_tag":[152],"class_list":{"0":"post-1512","1":"product","2":"type-product","3":"status-publish","4":"has-post-thumbnail","6":"product_brand-papelulandia","7":"product_cat-personalisierte-pergamentrolle","8":"product_cat-weihnachtsartike","9":"product_tag-pergamentrolle","10":"desktop-align-center","11":"tablet-align-left","12":"mobile-align-left","13":"tm-no-options","15":"first","16":"instock","17":"taxable","18":"shipping-taxable","19":"purchasable","20":"product-type-variable"},"uagb_featured_image_src":{"full":["https:\/\/papelulandia.es\/wp-content\/uploads\/2025\/11\/NAVIDAD.avif",1140,1520,false],"thumbnail":["https:\/\/papelulandia.es\/wp-content\/uploads\/2025\/11\/NAVIDAD-150x150.avif",150,150,true],"medium":["https:\/\/papelulandia.es\/wp-content\/uploads\/2025\/11\/NAVIDAD-225x300.avif",225,300,true],"medium_large":["https:\/\/papelulandia.es\/wp-content\/uploads\/2025\/11\/NAVIDAD-768x1024.avif",768,1024,true],"large":["https:\/\/papelulandia.es\/wp-content\/uploads\/2025\/11\/NAVIDAD-768x1024.avif",768,1024,true],"1536x1536":["https:\/\/papelulandia.es\/wp-content\/uploads\/2025\/11\/NAVIDAD.avif",1140,1520,false],"2048x2048":["https:\/\/papelulandia.es\/wp-content\/uploads\/2025\/11\/NAVIDAD.avif",1140,1520,false],"woocommerce_thumbnail":["https:\/\/papelulandia.es\/wp-content\/uploads\/2025\/11\/NAVIDAD-300x300.avif",300,300,true],"woocommerce_single":["https:\/\/papelulandia.es\/wp-content\/uploads\/2025\/11\/NAVIDAD-400x533.avif",400,533,true],"woocommerce_gallery_thumbnail":["https:\/\/papelulandia.es\/wp-content\/uploads\/2025\/11\/NAVIDAD-100x100.avif",100,100,true],"variation_swatches_image_size":["https:\/\/papelulandia.es\/wp-content\/uploads\/2025\/11\/NAVIDAD-50x50.avif",50,50,true],"variation_swatches_tooltip_size":["https:\/\/papelulandia.es\/wp-content\/uploads\/2025\/11\/NAVIDAD-100x100.avif",100,100,true],"dgwt-wcas-product-suggestion":["https:\/\/papelulandia.es\/wp-content\/uploads\/2025\/11\/NAVIDAD-64x85.avif",64,85,true]},"uagb_author_info":{"display_name":"LUCIA DEL CAMPO GUTIERREZ","author_link":"https:\/\/papelulandia.es\/de\/author\/"},"uagb_comment_info":0,"uagb_excerpt":"IN MINISCHRIFTROLLEN OHNE FLASCHEN_MINDESTBESTELLMENGE 10 ST\u00dcCK. MINI-SCHRIFTROLLEN MIT FLASCHE: W\u00c4HLEN SIE 1 EINHEIT (LOSE NICHT VERF\u00dcGBAR) UND F\u00dcGEN SIE SO VIELE HINZU, WIE SIE M\u00d6CHTEN. ---------------------------------------------------------------------------------------- Mini-Pergament aus gealtertem Papier in einer transparenten Flasche oder Set aus 10 Mini-Pergamenten ohne Flasche. Geschenk f\u00fcr Weihnachtsg\u00e4ste. Personalisierte Botschaften. Botschaft in einer Flasche. Schreibe deine eigene Nachricht oder&hellip;","jetpack_sharing_enabled":true,"_links":{"self":[{"href":"https:\/\/papelulandia.es\/de\/wp-json\/wp\/v2\/product\/1512","targetHints":{"allow":["GET"]}}],"collection":[{"href":"https:\/\/papelulandia.es\/de\/wp-json\/wp\/v2\/product"}],"about":[{"href":"https:\/\/papelulandia.es\/de\/wp-json\/wp\/v2\/types\/product"}],"replies":[{"embeddable":true,"href":"https:\/\/papelulandia.es\/de\/wp-json\/wp\/v2\/comments?post=1512"}],"wp:featuredmedia":[{"embeddable":true,"href":"https:\/\/papelulandia.es\/de\/wp-json\/wp\/v2\/media\/1500"}],"wp:attachment":[{"href":"https:\/\/papelulandia.es\/de\/wp-json\/wp\/v2\/media?parent=1512"}],"wp:term":[{"taxonomy":"product_brand","embeddable":true,"href":"https:\/\/papelulandia.es\/de\/wp-json\/wp\/v2\/product_brand?post=1512"},{"taxonomy":"product_cat","embeddable":true,"href":"https:\/\/papelulandia.es\/de\/wp-json\/wp\/v2\/product_cat?post=1512"},{"taxonomy":"product_tag","embeddable":true,"href":"https:\/\/papelulandia.es\/de\/wp-json\/wp\/v2\/product_tag?post=1512"}],"curies":[{"name":"wp","href":"https:\/\/api.w.org\/{rel}","templated":true}]}}