{"id":1308,"date":"2025-09-04T09:10:32","date_gmt":"2025-09-04T08:10:32","guid":{"rendered":"https:\/\/papelulandia.es\/producto\/cake-topper-inspiriert-von-k-pop-demon-hunters\/"},"modified":"2025-12-03T23:20:37","modified_gmt":"2025-12-03T22:20:37","slug":"cake-topper-inspiriert-von-k-pop-demon-hunters","status":"publish","type":"product","link":"https:\/\/papelulandia.es\/de\/produkt\/cake-topper-inspiriert-von-k-pop-demon-hunters\/","title":{"rendered":"Cake Topper inspiriert von K-Pop Demon Hunters"},"content":{"rendered":"<p>Personalisierter Cake Topper inspiriert von K-Pop Demon Hunters Personalisierte Tortenfigur \/ Torten-Dekoration Geburtstagstortendekoration<\/p>\n<p>\u2013 Personalisierter Cake Topper f\u00fcr Geburtstagstorte: Personalisierter Topper inspiriert von K-Pop Demon Hunters <\/p>\n<p>Ben\u00f6tigen Sie einen Tortenaufsatz zur Dekoration der Geburtstagstorte? Suchen Sie nach einer einzigartigen und besonderen M\u00f6glichkeit, die Geburtstagstorte zu dekorieren? Es ist Ihr Jahrestag, feiern Sie ihn unvergesslich! Dieser personalisierte Tortenaufsatz wurde mit Liebe und Sorgfalt entworfen, um einen magischen Moment an Ihrem wichtigsten Tag des Jahres zu schaffen. Welches Thema w\u00e4re besser geeignet, als sich von den K-Pop-D\u00e4monenj\u00e4gern inspirieren zu lassen!<\/p>\n<p>Vertraue mir deinen personalisierten Topper an \u2013 ich gestalte das Motiv ganz nach deinen W\u00fcnschen, exklusiv f\u00fcr deine Feier.<\/p>\n<p>\u2013 Produktdetails:<\/p>\n<p>Material: Karton, Papier, Acetat. Pr\u00e4zisionsgeschnitten f\u00fcr ein perfektes Finish. <\/p>\n<p>Personalisierung: Inklusive Name und Alter des Protagonisten des Tages.<\/p>\n<p>Detailliertes und Auff\u00e4lliges Design: Mit ihrem Lieblingsthema!<\/p>\n<p>Ungef\u00e4hre Gr\u00f6\u00dfe: 16 cm.<\/p>\n<p>F\u00fcge deiner Bestellung thematische Mini-Topper hinzu, um sie auf der Torte zu verteilen und das Design noch besonderer zu machen! <\/p>\n<p>\u2013 Warum meine Cake Topper w\u00e4hlen?<\/p>\n<p>Einzigartig und handgefertigt: Jeder Topper ist einzigartig und mit Sorgfalt handgefertigt<\/p>\n<p>Einfach zu verwenden: Er wird mit einem Vinylstab in den Kuchen gesteckt und kann bei verschiedenen Feiern wiederverwendet werden (auf der Party mit Freunden, mit der Familie, am Geburtstag, auch wenn er auf einen Arbeitstag f\u00e4llt und Sie ihn nicht gro\u00df feiern k\u00f6nnen&#8230;). Au\u00dferdem kann der Stick danach entfernt werden, um den Topper als Dekoration f\u00fcr sein Zimmer zu verwenden. <\/p>\n<p>Personalisiertes Design: Schaffen Sie diesen besonderen Moment, in dem er der Protagonist ist, einschlie\u00dflich seines Namens und der Jahre, die er alt wird. <\/p>\n<p>Gib ihm ein zweites Leben: Nachdem er bei der Feier verwendet wurde, entferne den transparenten Stab und benutze den Klebestreifen auf der R\u00fcckseite, um ihn an einer Wand, T\u00fcr oder einem M\u00f6belst\u00fcck im Zimmer anzubringen, damit die Erinnerung an ihren besonderen Tag bleibt.<\/p>\n<p>Mach die Geburtstagstorte dieses Jahr noch besonderer! Perfekt f\u00fcr Geburtstagsfeiern, Jubil\u00e4en und mehr. <\/p>\n<p>\u2013 F\u00fcge es deinem Warenkorb zusammen mit den Personalisierungsangaben hinzu, und du wirst es bald zu Hause erhalten.<br \/>\nIch kann eine Girlande, Schachteln, Mini-Topper oder andere passende Dekorationen f\u00fcr deine Party oder den Sweet Table anfertigen \u2013 frag mich einfach.<\/p>\n<p>\u2013 Wenn der Geburtstagstermin sehr nah ist und du unsicher bist, ob es rechtzeitig ankommt, schreib mir eine Nachricht und wir finden die beste L\u00f6sung.<\/p>\n<p>\u2013 Frag mich nach jedem anderen Thema, das dich interessiert.<\/p>\n","protected":false},"excerpt":{"rendered":"<p>Personalisierter Cake Topper inspiriert von K-Pop Demon Hunters Personalisierte Tortenfigur \/ Torten-Dekoration Geburtstagstortendekoration<\/p>\n<p>Brauchst du einen Topper, um die Geburtstagstorte zu dekorieren? Suchst du nach einer einzigartigen und besonderen M\u00f6glichkeit, die Geburtstagstorte zu versch\u00f6nern? Es ist ihr besonderer Tag \u2013 feiere ihn auf unvergessliche Weise! Dieser personalisierte Cake Topper wurde mit Liebe und Sorgfalt entworfen, um einen magischen Moment an ihrem wichtigsten Tag des Jahres zu schaffen. \ud83e\udeb8 Und welches Thema k\u00f6nnte besser passen als die K-Pop Demon Hunters!<\/p>\n","protected":false},"featured_media":748,"comment_status":"open","ping_status":"closed","template":"","meta":{"_eb_attr":"","_uag_custom_page_level_css":"","site-sidebar-layout":"default","site-content-layout":"","ast-site-content-layout":"default","site-content-style":"default","site-sidebar-style":"default","ast-global-header-display":"","ast-banner-title-visibility":"","ast-main-header-display":"","ast-hfb-above-header-display":"","ast-hfb-below-header-display":"","ast-hfb-mobile-header-display":"","site-post-title":"","ast-breadcrumbs-content":"","ast-featured-img":"","footer-sml-layout":"","ast-disable-related-posts":"","theme-transparent-header-meta":"default","adv-header-id-meta":"","stick-header-meta":"","header-above-stick-meta":"","header-main-stick-meta":"","header-below-stick-meta":"","astra-migrate-meta-layouts":"default","ast-page-background-enabled":"default","ast-page-background-meta":{"desktop":{"background-color":"var(--ast-global-color-4)","background-image":"","background-repeat":"repeat","background-position":"center center","background-size":"auto","background-attachment":"scroll","background-type":"","background-media":"","overlay-type":"","overlay-color":"","overlay-opacity":"","overlay-gradient":""},"tablet":{"background-color":"","background-image":"","background-repeat":"repeat","background-position":"center center","background-size":"auto","background-attachment":"scroll","background-type":"","background-media":"","overlay-type":"","overlay-color":"","overlay-opacity":"","overlay-gradient":""},"mobile":{"background-color":"","background-image":"","background-repeat":"repeat","background-position":"center center","background-size":"auto","background-attachment":"scroll","background-type":"","background-media":"","overlay-type":"","overlay-color":"","overlay-opacity":"","overlay-gradient":""}},"ast-content-background-meta":{"desktop":{"background-color":"var(--ast-global-color-5)","background-image":"","background-repeat":"repeat","background-position":"center center","background-size":"auto","background-attachment":"scroll","background-type":"","background-media":"","overlay-type":"","overlay-color":"","overlay-opacity":"","overlay-gradient":""},"tablet":{"background-color":"var(--ast-global-color-5)","background-image":"","background-repeat":"repeat","background-position":"center center","background-size":"auto","background-attachment":"scroll","background-type":"","background-media":"","overlay-type":"","overlay-color":"","overlay-opacity":"","overlay-gradient":""},"mobile":{"background-color":"var(--ast-global-color-5)","background-image":"","background-repeat":"repeat","background-position":"center center","background-size":"auto","background-attachment":"scroll","background-type":"","background-media":"","overlay-type":"","overlay-color":"","overlay-opacity":"","overlay-gradient":""}}},"product_brand":[60],"product_cat":[88],"product_tag":[89],"class_list":{"0":"post-1308","1":"product","2":"type-product","3":"status-publish","4":"has-post-thumbnail","6":"product_brand-papelulandia","7":"product_cat-geburtstage-und-partys","8":"product_tag-cake-toppers","9":"desktop-align-center","10":"tablet-align-left","11":"mobile-align-left","12":"tm-no-options","14":"first","15":"instock","16":"sale","17":"taxable","18":"shipping-taxable","19":"purchasable","20":"product-type-simple"},"uagb_featured_image_src":{"full":["https:\/\/papelulandia.es\/wp-content\/uploads\/2025\/09\/wp-1758665117413.avif",1536,2048,false],"thumbnail":["https:\/\/papelulandia.es\/wp-content\/uploads\/2025\/09\/wp-1758665117413-150x150.avif",150,150,true],"medium":["https:\/\/papelulandia.es\/wp-content\/uploads\/2025\/09\/wp-1758665117413-225x300.avif",225,300,true],"medium_large":["https:\/\/papelulandia.es\/wp-content\/uploads\/2025\/09\/wp-1758665117413-768x1024.avif",768,1024,true],"large":["https:\/\/papelulandia.es\/wp-content\/uploads\/2025\/09\/wp-1758665117413-768x1024.avif",768,1024,true],"1536x1536":["https:\/\/papelulandia.es\/wp-content\/uploads\/2025\/09\/wp-1758665117413-1152x1536.avif",1152,1536,true],"2048x2048":["https:\/\/papelulandia.es\/wp-content\/uploads\/2025\/09\/wp-1758665117413.avif",1536,2048,false],"woocommerce_thumbnail":["https:\/\/papelulandia.es\/wp-content\/uploads\/2025\/09\/wp-1758665117413-300x300.avif",300,300,true],"woocommerce_single":["https:\/\/papelulandia.es\/wp-content\/uploads\/2025\/09\/wp-1758665117413-400x533.avif",400,533,true],"woocommerce_gallery_thumbnail":["https:\/\/papelulandia.es\/wp-content\/uploads\/2025\/09\/wp-1758665117413-100x100.avif",100,100,true],"variation_swatches_image_size":["https:\/\/papelulandia.es\/wp-content\/uploads\/2025\/09\/wp-1758665117413-50x50.avif",50,50,true],"variation_swatches_tooltip_size":["https:\/\/papelulandia.es\/wp-content\/uploads\/2025\/09\/wp-1758665117413-100x100.avif",100,100,true],"dgwt-wcas-product-suggestion":["https:\/\/papelulandia.es\/wp-content\/uploads\/2025\/09\/wp-1758665117413-64x85.avif",64,85,true]},"uagb_author_info":{"display_name":"LUCIA DEL CAMPO GUTIERREZ","author_link":"https:\/\/papelulandia.es\/de\/author\/"},"uagb_comment_info":0,"uagb_excerpt":"Personalisierter Cake Topper inspiriert von K-Pop Demon Hunters Personalisierte Tortenfigur \/ Torten-Dekoration Geburtstagstortendekoration Brauchst du einen Topper, um die Geburtstagstorte zu dekorieren? Suchst du nach einer einzigartigen und besonderen M\u00f6glichkeit, die Geburtstagstorte zu versch\u00f6nern? Es ist ihr besonderer Tag \u2013 feiere ihn auf unvergessliche Weise! Dieser personalisierte Cake Topper wurde mit Liebe und Sorgfalt entworfen,&hellip;","jetpack_sharing_enabled":true,"_links":{"self":[{"href":"https:\/\/papelulandia.es\/de\/wp-json\/wp\/v2\/product\/1308","targetHints":{"allow":["GET"]}}],"collection":[{"href":"https:\/\/papelulandia.es\/de\/wp-json\/wp\/v2\/product"}],"about":[{"href":"https:\/\/papelulandia.es\/de\/wp-json\/wp\/v2\/types\/product"}],"replies":[{"embeddable":true,"href":"https:\/\/papelulandia.es\/de\/wp-json\/wp\/v2\/comments?post=1308"}],"wp:featuredmedia":[{"embeddable":true,"href":"https:\/\/papelulandia.es\/de\/wp-json\/wp\/v2\/media\/748"}],"wp:attachment":[{"href":"https:\/\/papelulandia.es\/de\/wp-json\/wp\/v2\/media?parent=1308"}],"wp:term":[{"taxonomy":"product_brand","embeddable":true,"href":"https:\/\/papelulandia.es\/de\/wp-json\/wp\/v2\/product_brand?post=1308"},{"taxonomy":"product_cat","embeddable":true,"href":"https:\/\/papelulandia.es\/de\/wp-json\/wp\/v2\/product_cat?post=1308"},{"taxonomy":"product_tag","embeddable":true,"href":"https:\/\/papelulandia.es\/de\/wp-json\/wp\/v2\/product_tag?post=1308"}],"curies":[{"name":"wp","href":"https:\/\/api.w.org\/{rel}","templated":true}]}}