{"id":1040,"date":"2025-10-28T16:36:17","date_gmt":"2025-10-28T15:36:17","guid":{"rendered":"https:\/\/papelulandia.es\/?post_type=product&#038;p=1040"},"modified":"2025-10-28T21:08:52","modified_gmt":"2025-10-28T20:08:52","slug":"personalisierter-serviettenhalter-weihnachten-keramikdesign-mit-stechpalmenblattern-copia","status":"publish","type":"product","link":"https:\/\/papelulandia.es\/de\/Produkt\/personalisierter-serviettenhalter-weihnachten-keramikdesign-mit-stechpalmenblattern-copia\/","title":{"rendered":"Set mit 4 personalisierten Serviettenringen aus Keramik \u2013 Design mit Stechpalmenbl\u00e4ttern zu Weihnachten"},"content":{"rendered":"<p>Set mit 4 personalisierten Serviettenringen aus Keramik \u2013 Design mit Stechpalmenbl\u00e4ttern zu Weihnachten<\/p>\n<p>\u2013 Personalisierter Serviettenhalter mit Namen \u2013 Verschlungene Stechpalmenbl\u00e4tter-Design<\/p>\n<p>Schm\u00fccke dieses Jahr deinen Weihnachtstisch mit einer pers\u00f6nlichen und einzigartigen Note. Bringen Sie Handwerkskunst in Ihre Familienfeiern und verleihen Sie Ihren besonderen Momenten W\u00e4rme und pers\u00f6nliche Note.<\/p>\n<p>Jeder Serviettenhalter ist handgefertigt in Form von verschlungenen Stechpalmenbl\u00e4ttern, mit einem dekorativen Finish in Weihnachtsfarben: gr\u00fcn get\u00f6nte Bl\u00e4tter, rote Beeren und ein goldenes Inneres, das einen festlichen Glanz verleiht, ideal f\u00fcr den Anlass.<\/p>\n<p>Dieses Set enth\u00e4lt 4 personalisierte Serviettenringe mit den Namen\/W\u00f6rtern, die Sie w\u00e4hrend des Kaufvorgangs ausw\u00e4hlen oder angeben.<\/p>\n<p>\u2013 Produktdetails:<\/p>\n<p>Das Set enth\u00e4lt 4 personalisierte St\u00fccke, entweder mit verschiedenen Namen\/W\u00f6rtern oder mit denselben, je nach Ihrer Wahl.<\/p>\n<p>Personalisierbar mit dem gew\u00fcnschten Namen oder Wort (f\u00fcllen Sie das Personalisierungsfeld bei Ihrer Bestellung aus).<\/p>\n<p>Ideal f\u00fcr den Weihnachtstisch, Familienfeiern oder besondere Anl\u00e4sse.<\/p>\n<p>Handgefertigt, daher kann es leichte Gr\u00f6\u00dfenabweichungen zwischen den einzelnen St\u00fccken geben, die jedem ein einzigartiges Charakter verleihen.<\/p>\n<p>Ungef\u00e4hre Durchmesser: 5,5 cm.<\/p>\n<p>Die Farben k\u00f6nnen aufgrund der Bildschirmdarstellung leicht variieren.<\/p>\n<p>\u2013 Varianten:<\/p>\n<p>W\u00e4hlen Sie zwischen den beiden verf\u00fcgbaren Optionen: <\/p>\n<p> \u2013 VERSCHLUNGEN KREISF\u00d6RMIG: Kreisf\u00f6rmiger Serviettenhalter mit ineinander verschlungenen Bl\u00e4ttern, die einen Kreis bilden.<br \/>\n \u2013 GE\u00d6FFNETE BL\u00c4TTER: Halbkreisf\u00f6rmiger Serviettenhalter mit Bl\u00e4ttern, die voneinander getrennt sind und keinen vollst\u00e4ndigen Kreis bilden.<\/p>\n<p>\u2013 Sonderbestellungen:<\/p>\n<p>Wenn Sie mehr als 25 Einheiten w\u00fcnschen, schreiben Sie mir bitte, bevor Sie die Bestellung aufgeben. Ich werde Ihnen eine personalisierte Bestellung mit einem Sonderpreis pro Menge anfertigen.<\/p>\n<p>\u2013 Sie k\u00f6nnen jeden Namen oder jedes Wort schreiben \u2014 perfekt zum Personalisieren mit dem Namen jedes Gastes, festlichen Worten oder besonderen Nachrichten.<\/p>\n<p>\u2013 Jedes St\u00fcck wird mit Hingabe und Liebe gefertigt, damit Ihr Tisch mit Pers\u00f6nlichkeit und weihnachtlichem Geist erstrahlt.<\/p>\n<p>\u2013 Z\u00f6gern Sie nicht, mich bei Fragen oder Unsicherheiten zu Ihrer Bestellung zu kontaktieren. Ich werde mich schnell bei Ihnen melden und helfe Ihnen gerne weiter!<\/p>\n<p>Personalisierter Serviettenhalter Weihnachten Stechpalmenbl\u00e4tter aus Keramik Nombre invitado. Weihnachtliche Tischdekoration<\/p>\n","protected":false},"excerpt":{"rendered":"<p>Set mit 4 personalisierten Serviettenringen zu Weihnachten Stechpalmenbl\u00e4tter aus Keramik Nombre invitado. Weihnachtliche Tischdekoration<\/p>\n<p>Schm\u00fccke dieses Jahr deinen Weihnachtstisch mit einer pers\u00f6nlichen und einzigartigen Note. Bringen Sie Handwerkskunst in Ihre Familienfeiern und verleihen Sie Ihren besonderen Momenten W\u00e4rme und pers\u00f6nliche Note.<\/p>\n<p>Jeder Serviettenhalter ist handgefertigt in Form von verschlungenen Stechpalmenbl\u00e4ttern, mit einem dekorativen Finish in Weihnachtsfarben: gr\u00fcn get\u00f6nte Bl\u00e4tter, rote Beeren und ein goldenes Inneres, das einen festlichen Glanz verleiht, ideal f\u00fcr den Anlass.<\/p>\n<p>Personalisierbar mit dem gew\u00fcnschten Namen oder Wort (f\u00fcllen Sie das Personalisierungsfeld bei Ihrer Bestellung aus).<\/p>\n<p>Ideal f\u00fcr den Weihnachtstisch, Familienfeiern oder besondere Anl\u00e4sse.<\/p>\n<p>Handgefertigt, daher kann es leichte Gr\u00f6\u00dfenabweichungen zwischen den einzelnen St\u00fccken geben, die jedem ein einzigartiges Charakter verleihen.<\/p>\n","protected":false},"featured_media":1020,"comment_status":"open","ping_status":"closed","template":"","meta":{"_eb_attr":"","_uag_custom_page_level_css":"","site-sidebar-layout":"default","site-content-layout":"","ast-site-content-layout":"default","site-content-style":"default","site-sidebar-style":"default","ast-global-header-display":"","ast-banner-title-visibility":"","ast-main-header-display":"","ast-hfb-above-header-display":"","ast-hfb-below-header-display":"","ast-hfb-mobile-header-display":"","site-post-title":"","ast-breadcrumbs-content":"","ast-featured-img":"","footer-sml-layout":"","ast-disable-related-posts":"","theme-transparent-header-meta":"default","adv-header-id-meta":"","stick-header-meta":"","header-above-stick-meta":"","header-main-stick-meta":"","header-below-stick-meta":"","astra-migrate-meta-layouts":"set","ast-page-background-enabled":"default","ast-page-background-meta":{"desktop":{"background-color":"var(--ast-global-color-4)","background-image":"","background-repeat":"repeat","background-position":"center center","background-size":"auto","background-attachment":"scroll","background-type":"","background-media":"","overlay-type":"","overlay-color":"","overlay-opacity":"","overlay-gradient":""},"tablet":{"background-color":"","background-image":"","background-repeat":"repeat","background-position":"center center","background-size":"auto","background-attachment":"scroll","background-type":"","background-media":"","overlay-type":"","overlay-color":"","overlay-opacity":"","overlay-gradient":""},"mobile":{"background-color":"","background-image":"","background-repeat":"repeat","background-position":"center center","background-size":"auto","background-attachment":"scroll","background-type":"","background-media":"","overlay-type":"","overlay-color":"","overlay-opacity":"","overlay-gradient":""}},"ast-content-background-meta":{"desktop":{"background-color":"var(--ast-global-color-5)","background-image":"","background-repeat":"repeat","background-position":"center center","background-size":"auto","background-attachment":"scroll","background-type":"","background-media":"","overlay-type":"","overlay-color":"","overlay-opacity":"","overlay-gradient":""},"tablet":{"background-color":"var(--ast-global-color-5)","background-image":"","background-repeat":"repeat","background-position":"center center","background-size":"auto","background-attachment":"scroll","background-type":"","background-media":"","overlay-type":"","overlay-color":"","overlay-opacity":"","overlay-gradient":""},"mobile":{"background-color":"var(--ast-global-color-5)","background-image":"","background-repeat":"repeat","background-position":"center center","background-size":"auto","background-attachment":"scroll","background-type":"","background-media":"","overlay-type":"","overlay-color":"","overlay-opacity":"","overlay-gradient":""}}},"product_brand":[],"product_cat":[107],"product_tag":[181],"class_list":{"0":"post-1040","1":"product","2":"type-product","3":"status-publish","4":"has-post-thumbnail","6":"product_cat-weihnachtsartike","7":"product_tag-veranstaltungsdekoration","8":"desktop-align-center","9":"tablet-align-left","10":"mobile-align-left","11":"tm-no-options","13":"first","14":"instock","15":"taxable","16":"shipping-taxable","17":"purchasable","18":"product-type-variable"},"uagb_featured_image_src":{"full":["https:\/\/papelulandia.es\/wp-content\/uploads\/2025\/10\/SERVILLETERO-NAVIDENO-HOJAS-ACEBO.avif",1275,1275,false],"thumbnail":["https:\/\/papelulandia.es\/wp-content\/uploads\/2025\/10\/SERVILLETERO-NAVIDENO-HOJAS-ACEBO-150x150.avif",150,150,true],"medium":["https:\/\/papelulandia.es\/wp-content\/uploads\/2025\/10\/SERVILLETERO-NAVIDENO-HOJAS-ACEBO-300x300.avif",300,300,true],"medium_large":["https:\/\/papelulandia.es\/wp-content\/uploads\/2025\/10\/SERVILLETERO-NAVIDENO-HOJAS-ACEBO-768x768.avif",768,768,true],"large":["https:\/\/papelulandia.es\/wp-content\/uploads\/2025\/10\/SERVILLETERO-NAVIDENO-HOJAS-ACEBO-1024x1024.avif",1024,1024,true],"1536x1536":["https:\/\/papelulandia.es\/wp-content\/uploads\/2025\/10\/SERVILLETERO-NAVIDENO-HOJAS-ACEBO.avif",1275,1275,false],"2048x2048":["https:\/\/papelulandia.es\/wp-content\/uploads\/2025\/10\/SERVILLETERO-NAVIDENO-HOJAS-ACEBO.avif",1275,1275,false],"woocommerce_thumbnail":["https:\/\/papelulandia.es\/wp-content\/uploads\/2025\/10\/SERVILLETERO-NAVIDENO-HOJAS-ACEBO-300x300.avif",300,300,true],"woocommerce_single":["https:\/\/papelulandia.es\/wp-content\/uploads\/2025\/10\/SERVILLETERO-NAVIDENO-HOJAS-ACEBO-400x400.avif",400,400,true],"woocommerce_gallery_thumbnail":["https:\/\/papelulandia.es\/wp-content\/uploads\/2025\/10\/SERVILLETERO-NAVIDENO-HOJAS-ACEBO-100x100.avif",100,100,true],"variation_swatches_image_size":["https:\/\/papelulandia.es\/wp-content\/uploads\/2025\/10\/SERVILLETERO-NAVIDENO-HOJAS-ACEBO-50x50.avif",50,50,true],"variation_swatches_tooltip_size":["https:\/\/papelulandia.es\/wp-content\/uploads\/2025\/10\/SERVILLETERO-NAVIDENO-HOJAS-ACEBO-100x100.avif",100,100,true],"dgwt-wcas-product-suggestion":["https:\/\/papelulandia.es\/wp-content\/uploads\/2025\/10\/SERVILLETERO-NAVIDENO-HOJAS-ACEBO-64x64.avif",64,64,true]},"uagb_author_info":{"display_name":"LUCIA DEL CAMPO GUTIERREZ","author_link":"https:\/\/papelulandia.es\/de\/author\/"},"uagb_comment_info":0,"uagb_excerpt":"Set mit 4 personalisierten Serviettenringen zu Weihnachten Stechpalmenbl\u00e4tter aus Keramik Nombre invitado. Weihnachtliche Tischdekoration Schm\u00fccke dieses Jahr deinen Weihnachtstisch mit einer pers\u00f6nlichen und einzigartigen Note. Bringen Sie Handwerkskunst in Ihre Familienfeiern und verleihen Sie Ihren besonderen Momenten W\u00e4rme und pers\u00f6nliche Note. Jeder Serviettenhalter ist handgefertigt in Form von verschlungenen Stechpalmenbl\u00e4ttern, mit einem dekorativen Finish in&hellip;","jetpack_sharing_enabled":true,"_links":{"self":[{"href":"https:\/\/papelulandia.es\/de\/wp-json\/wp\/v2\/product\/1040","targetHints":{"allow":["GET"]}}],"collection":[{"href":"https:\/\/papelulandia.es\/de\/wp-json\/wp\/v2\/product"}],"about":[{"href":"https:\/\/papelulandia.es\/de\/wp-json\/wp\/v2\/types\/product"}],"replies":[{"embeddable":true,"href":"https:\/\/papelulandia.es\/de\/wp-json\/wp\/v2\/comments?post=1040"}],"wp:featuredmedia":[{"embeddable":true,"href":"https:\/\/papelulandia.es\/de\/wp-json\/wp\/v2\/media\/1020"}],"wp:attachment":[{"href":"https:\/\/papelulandia.es\/de\/wp-json\/wp\/v2\/media?parent=1040"}],"wp:term":[{"taxonomy":"product_brand","embeddable":true,"href":"https:\/\/papelulandia.es\/de\/wp-json\/wp\/v2\/product_brand?post=1040"},{"taxonomy":"product_cat","embeddable":true,"href":"https:\/\/papelulandia.es\/de\/wp-json\/wp\/v2\/product_cat?post=1040"},{"taxonomy":"product_tag","embeddable":true,"href":"https:\/\/papelulandia.es\/de\/wp-json\/wp\/v2\/product_tag?post=1040"}],"curies":[{"name":"wp","href":"https:\/\/api.w.org\/{rel}","templated":true}]}}