 {"id":814,"date":"2025-08-08T13:54:28","date_gmt":"2025-08-08T12:54:28","guid":{"rendered":"https:\/\/papelulandia.es\/ueber-uns\/"},"modified":"2025-08-08T13:54:28","modified_gmt":"2025-08-08T12:54:28","slug":"ueber-uns","status":"publish","type":"page","link":"https:\/\/papelulandia.es\/de\/ueber-uns\/","title":{"rendered":"\u00dcber uns"},"content":{"rendered":"<p><span style=\"color: #2a4e50; font-size: 1.875rem; font-weight: 600;\">Was ist Papelulandia?<\/span><\/p>\n<section>Papelulandia ist&#8230; eine magische Welt aus Papier! Wir sind eine kleine Handwerkswerkstatt, in der Papier zu Kunst wird. Wir kreieren einzigartige und personalisierte Produkte mit Hingabe und viel Liebe.<br \/>\nVon handgefertigten Pergamenten bis hin zu kreativen St\u00fccken f\u00fcr Veranstaltungen achten wir auf jedes Detail, damit Sie mehr als nur ein Produkt erhalten: ein St\u00fcck unserer Leidenschaft f\u00fcr Handgemachtes.<\/p>\n<h2>Unsere Philosophie<\/h2>\n<p>Wir glauben an die Magie des Handgemachten, an die Bedeutung kleiner Details und daran, einen engen und pers\u00f6nlichen Service zu bieten.<br \/>\nWir arbeiten mit dem Gedanken, dass jedes St\u00fcck, das Papelulandia verl\u00e4sst, eine Geschichte erz\u00e4hlt und f\u00fcr den Empf\u00e4nger etwas Besonderes ist.<\/p>\n<\/section>\n<section>\n<h2>Wo Sie uns finden<\/h2>\n<p>Unsere Werkstatt befindet sich im Norden Spaniens, in der wundersch\u00f6nen Stadt Santander. Leider haben wir kein Ladengesch\u00e4ft, in dem wir Kunden bedienen k\u00f6nnen, aber das hindert uns nicht daran, in der N\u00e4he unserer Kunden zu sein, und es erm\u00f6glicht uns auch, mit Kunden aus ganz Europa zusammenzuarbeiten \ud83d\ude42 <\/p>\n<\/section>\n<p>Um Ihre besonderen Geschenke zu bestellen, haben Sie zwei M\u00f6glichkeiten:<\/p>\n<section>\n<ul>\n<li>Hier, auf Papelulandia.es, unserem digitalen Zuhause: <a href=\"https:\/\/papelulandia.es\" target=\"_blank\" rel=\"noopener\">Offizieller Papelulandia-Shop<\/a><\/li>\n<li>Oder in unserer kleinen Niederlassung von <a href=\"https:\/\/www.etsy.com\/shop\/Papelulandia\" target=\"_blank\" rel=\"noopener\">Papelulandia auf Etsy<\/a><\/li>\n<\/ul>\n<p>Sie k\u00f6nnen uns auch \u00fcber die auf unserer Kontaktseite angegebenen Kontaktm\u00f6glichkeiten hier auf Papelulandia und in unseren sozialen Netzwerken kontaktieren.<\/p>\n<p><img loading=\"lazy\" decoding=\"async\" class=\"size-medium wp-image-715 alignnone\" src=\"https:\/\/papelulandia.es\/wp-content\/uploads\/2025\/09\/IMG-20250427-WA0025-e1756799441931-300x278.avif\" alt=\"\" width=\"300\" height=\"278\" srcset=\"https:\/\/papelulandia.es\/wp-content\/uploads\/2025\/09\/IMG-20250427-WA0025-e1756799441931-300x278.avif 300w, https:\/\/papelulandia.es\/wp-content\/uploads\/2025\/09\/IMG-20250427-WA0025-e1756799441931-1024x949.avif 1024w, https:\/\/papelulandia.es\/wp-content\/uploads\/2025\/09\/IMG-20250427-WA0025-e1756799441931-768x711.avif 768w, https:\/\/papelulandia.es\/wp-content\/uploads\/2025\/09\/IMG-20250427-WA0025-e1756799441931-400x371.avif 400w, https:\/\/papelulandia.es\/wp-content\/uploads\/2025\/09\/IMG-20250427-WA0025-e1756799441931-64x59.avif 64w, https:\/\/papelulandia.es\/wp-content\/uploads\/2025\/09\/IMG-20250427-WA0025-e1756799441931.avif 1522w\" sizes=\"auto, (max-width: 300px) 100vw, 300px\" \/>             <img loading=\"lazy\" decoding=\"async\" class=\"alignnone wp-image-716\" src=\"https:\/\/papelulandia.es\/wp-content\/uploads\/2025\/09\/IMG-20250427-WA0023-300x225.avif\" alt=\"\" width=\"369\" height=\"277\" srcset=\"https:\/\/papelulandia.es\/wp-content\/uploads\/2025\/09\/IMG-20250427-WA0023-300x225.avif 300w, https:\/\/papelulandia.es\/wp-content\/uploads\/2025\/09\/IMG-20250427-WA0023-1024x769.avif 1024w, https:\/\/papelulandia.es\/wp-content\/uploads\/2025\/09\/IMG-20250427-WA0023-768x576.avif 768w, https:\/\/papelulandia.es\/wp-content\/uploads\/2025\/09\/IMG-20250427-WA0023-1536x1153.avif 1536w, https:\/\/papelulandia.es\/wp-content\/uploads\/2025\/09\/IMG-20250427-WA0023-400x300.avif 400w, https:\/\/papelulandia.es\/wp-content\/uploads\/2025\/09\/IMG-20250427-WA0023-64x48.avif 64w, https:\/\/papelulandia.es\/wp-content\/uploads\/2025\/09\/IMG-20250427-WA0023.avif 2048w\" sizes=\"auto, (max-width: 369px) 100vw, 369px\" \/><\/p>\n<p><span style=\"color: #2a4e50; font-size: 1.875rem; font-weight: 600;\">Folgen Sie uns in den sozialen Medien<\/span><\/p>\n<\/section>\n<section>Wir aktualisieren unsere Profile in den sozialen Medien nicht so oft, wie wir m\u00f6chten, da wir es vorziehen, in der Werkstatt zu sein, um mit maximaler Sorgfalt zu arbeiten und sicherzustellen, dass Sie Ihre besonderen Bestellungen so schnell wie m\u00f6glich erhalten. Um jedoch keine Neuigkeiten zu verpassen und mehr von unserer Arbeit zu sehen, folgen Sie uns auf:<\/p>\n<ul>\n<li><a href=\"https:\/\/www.instagram.com\/papelulandia\" target=\"_blank\" rel=\"noopener\">Instagram<\/a> \u2014 \ud835\udde3\ud835\uddd4\ud835\udde3\ud835\uddd8\ud835\udddf\ud835\udde8\ud835\udddf\ud835\uddd4\ud835\udde1\ud835\uddd7\ud835\udddc\ud835\uddd4 | \ud835\ude4b\ud835\ude56\ud835\ude65\ud835\ude5a\ud835\ude61\ud835\ude5a\ud835\ude67\ud835\ude5e\ud835\ude56 \ud835\ude65\ud835\ude5a\ud835\ude67\ud835\ude68\ud835\ude64\ud835\ude63\ud835\ude56\ud835\ude61\ud835\ude5e\ud835\ude6f\ud835\ude56\ud835\ude59\ud835\ude56 \ud83d\udc18<\/li>\n<li><a href=\"https:\/\/www.pinterest.com\/papelulandia\" target=\"_blank\" rel=\"noopener\">Pinterest<\/a> \u2014 \ud835\udde3\ud835\uddd4\ud835\udde3\ud835\uddd8\ud835\udddf\ud835\udde8\ud835\udddf\ud835\uddd4\ud835\udde1\ud835\uddd7\ud835\udddc\ud835\uddd4<\/li>\n<\/ul>\n<\/section>\n<p><img loading=\"lazy\" decoding=\"async\" class=\"size-medium wp-image-363\" src=\"https:\/\/papelulandia.es\/wp-content\/uploads\/2024\/09\/ICONO-TALLER-VERDE-1-300x300.png\" alt=\"GR\u00dcNES WERKSTATT-SYMBOL\" width=\"300\" height=\"300\" srcset=\"https:\/\/papelulandia.es\/wp-content\/uploads\/2024\/09\/ICONO-TALLER-VERDE-1-300x300.png 300w, https:\/\/papelulandia.es\/wp-content\/uploads\/2024\/09\/ICONO-TALLER-VERDE-1-150x150.png 150w, https:\/\/papelulandia.es\/wp-content\/uploads\/2024\/09\/ICONO-TALLER-VERDE-1-100x100.png 100w, https:\/\/papelulandia.es\/wp-content\/uploads\/2024\/09\/ICONO-TALLER-VERDE-1-50x50.png 50w, https:\/\/papelulandia.es\/wp-content\/uploads\/2024\/09\/ICONO-TALLER-VERDE-1-64x64.png 64w, https:\/\/papelulandia.es\/wp-content\/uploads\/2024\/09\/ICONO-TALLER-VERDE-1.png 400w\" sizes=\"auto, (max-width: 300px) 100vw, 300px\" \/><\/p>\n","protected":false},"excerpt":{"rendered":"<p>Was ist Papelulandia? Papelulandia ist&#8230; eine magische Welt aus Papier! Wir sind eine kleine Handwerkswerkstatt, in der Papier zu Kunst [&hellip;]<\/p>\n","protected":false},"author":1,"featured_media":0,"parent":0,"menu_order":0,"comment_status":"closed","ping_status":"closed","template":"","meta":{"_eb_attr":"","_uag_custom_page_level_css":"","site-sidebar-layout":"default","site-content-layout":"","ast-site-content-layout":"default","site-content-style":"default","site-sidebar-style":"default","ast-global-header-display":"","ast-banner-title-visibility":"","ast-main-header-display":"","ast-hfb-above-header-display":"","ast-hfb-below-header-display":"","ast-hfb-mobile-header-display":"","site-post-title":"","ast-breadcrumbs-content":"","ast-featured-img":"","footer-sml-layout":"","ast-disable-related-posts":"","theme-transparent-header-meta":"","adv-header-id-meta":"","stick-header-meta":"","header-above-stick-meta":"","header-main-stick-meta":"","header-below-stick-meta":"","astra-migrate-meta-layouts":"default","ast-page-background-enabled":"default","ast-page-background-meta":{"desktop":{"background-color":"var(--ast-global-color-4)","background-image":"","background-repeat":"repeat","background-position":"center center","background-size":"auto","background-attachment":"scroll","background-type":"","background-media":"","overlay-type":"","overlay-color":"","overlay-opacity":"","overlay-gradient":""},"tablet":{"background-color":"","background-image":"","background-repeat":"repeat","background-position":"center center","background-size":"auto","background-attachment":"scroll","background-type":"","background-media":"","overlay-type":"","overlay-color":"","overlay-opacity":"","overlay-gradient":""},"mobile":{"background-color":"","background-image":"","background-repeat":"repeat","background-position":"center center","background-size":"auto","background-attachment":"scroll","background-type":"","background-media":"","overlay-type":"","overlay-color":"","overlay-opacity":"","overlay-gradient":""}},"ast-content-background-meta":{"desktop":{"background-color":"var(--ast-global-color-5)","background-image":"","background-repeat":"repeat","background-position":"center center","background-size":"auto","background-attachment":"scroll","background-type":"","background-media":"","overlay-type":"","overlay-color":"","overlay-opacity":"","overlay-gradient":""},"tablet":{"background-color":"var(--ast-global-color-5)","background-image":"","background-repeat":"repeat","background-position":"center center","background-size":"auto","background-attachment":"scroll","background-type":"","background-media":"","overlay-type":"","overlay-color":"","overlay-opacity":"","overlay-gradient":""},"mobile":{"background-color":"var(--ast-global-color-5)","background-image":"","background-repeat":"repeat","background-position":"center center","background-size":"auto","background-attachment":"scroll","background-type":"","background-media":"","overlay-type":"","overlay-color":"","overlay-opacity":"","overlay-gradient":""}},"advanced_seo_description":"","jetpack_seo_html_title":"","jetpack_seo_noindex":false,"footnotes":""},"class_list":["post-814","page","type-page","status-publish","hentry"],"uagb_featured_image_src":{"full":false,"thumbnail":false,"medium":false,"medium_large":false,"large":false,"1536x1536":false,"2048x2048":false,"woocommerce_thumbnail":false,"woocommerce_single":false,"woocommerce_gallery_thumbnail":false,"variation_swatches_image_size":false,"variation_swatches_tooltip_size":false,"dgwt-wcas-product-suggestion":false},"uagb_author_info":{"display_name":"LUCIA DEL CAMPO GUTIERREZ","author_link":"https:\/\/papelulandia.es\/de\/author\/lucamgugmail-com\/"},"uagb_comment_info":0,"uagb_excerpt":"Was ist Papelulandia? Papelulandia ist&#8230; eine magische Welt aus Papier! Wir sind eine kleine Handwerkswerkstatt, in der Papier zu Kunst [&hellip;]","jetpack_sharing_enabled":true,"_links":{"self":[{"href":"https:\/\/papelulandia.es\/de\/wp-json\/wp\/v2\/pages\/814","targetHints":{"allow":["GET"]}}],"collection":[{"href":"https:\/\/papelulandia.es\/de\/wp-json\/wp\/v2\/pages"}],"about":[{"href":"https:\/\/papelulandia.es\/de\/wp-json\/wp\/v2\/types\/page"}],"author":[{"embeddable":true,"href":"https:\/\/papelulandia.es\/de\/wp-json\/wp\/v2\/users\/1"}],"replies":[{"embeddable":true,"href":"https:\/\/papelulandia.es\/de\/wp-json\/wp\/v2\/comments?post=814"}],"version-history":[{"count":0,"href":"https:\/\/papelulandia.es\/de\/wp-json\/wp\/v2\/pages\/814\/revisions"}],"wp:attachment":[{"href":"https:\/\/papelulandia.es\/de\/wp-json\/wp\/v2\/media?parent=814"}],"curies":[{"name":"wp","href":"https:\/\/api.w.org\/{rel}","templated":true}]}}