 {"id":801,"date":"2025-08-08T10:33:17","date_gmt":"2025-08-08T09:33:17","guid":{"rendered":"https:\/\/papelulandia.es\/verkaufsbedingungen\/"},"modified":"2025-08-08T10:33:17","modified_gmt":"2025-08-08T09:33:17","slug":"verkaufsbedingungen","status":"publish","type":"page","link":"https:\/\/papelulandia.es\/de\/verkaufsbedingungen\/","title":{"rendered":"Verkaufsbedingungen"},"content":{"rendered":"<header><strong style=\"font-size: revert;\">Hallo!<\/strong><span style=\"font-size: revert;\"> Vielen Dank f\u00fcr Ihren Besuch bei Papelulandia. Bevor Sie Ihren Einkauf t\u00e4tigen, m\u00f6chten wir Ihnen erkl\u00e4ren, wie die Dinge funktionieren, damit alles klar und einfach ist. <\/span><\/p>\n<\/header>\n<section>\n<h2>1. \u00dcber den Kauf<\/h2>\n<p>Wenn Sie eine Bestellung bei uns aufgeben, akzeptieren Sie diese Bedingungen, die den Kauf unserer handgefertigten und personalisierten Produkte regeln.<\/p>\n<p>Wir bitten Sie, uns korrekte Informationen zu geben, damit die Bestellung gut ankommt. Es liegt in Ihrer Verantwortung, dass die Daten korrekt sind. Falls Sie sich irren oder ein Fehler vorliegt, k\u00f6nnen Sie uns an <span \n                data-original-string='EAXcFDDw2vOJlg1xVZN\/QA==751hM++nJqofYFPpzw7X\/PjcO0U4LQhBXOUO+w4l5m3pIE='\n                class='apbct-email-encoder'\n                title='Dieser Kontakt wurde von Anti-Spam by CleanTalk verschl\u00fcsselt. Klicken Sie hier, um ihn zu entschl\u00fcsseln. Um die Entschl\u00fcsselung abzuschlie\u00dfen, stellen Sie sicher, dass JavaScript in Ihrem Browser aktiviert ist.'>pe<span class=\"apbct-blur\">*****<\/span>@<span class=\"apbct-blur\">**********<\/span>ia.es<\/span> schreiben, bevor das Produkt versandt wurde, und wir werden sie korrigieren.<\/p>\n<p>Sobald Sie Ihre Bestellung best\u00e4tigt haben, erhalten Sie eine E-Mail mit der Best\u00e4tigung. \u00dcberpr\u00fcfen Sie Ihren Spam-Ordner, wenn Sie sie nicht erhalten haben. <\/p>\n<p>Wenn Sie etwas \u00e4ndern oder stornieren m\u00f6chten, kontaktieren Sie uns \u00fcber einen der verf\u00fcgbaren Kan\u00e4le.<\/p>\n<\/section>\n<section>\n<h2>2. Preise und Bezahlung<\/h2>\n<p>Die angezeigten Preise enthalten alle Steuern.<\/p>\n<p>Sie zahlen zum Zeitpunkt der Bestellbest\u00e4tigung mit den von uns angebotenen Methoden.<\/p>\n<p>Die Preise auf der Website k\u00f6nnen sich \u00e4ndern, gelten aber immer f\u00fcr get\u00e4tigte K\u00e4ufe und bis Sie Ihre Bestellung erhalten.<\/p>\n<\/section>\n<section>\n<h2>3. Versand und Lieferung<\/h2>\n<p>Wir versenden nach ganz Europa.<\/p>\n<p>Die Lieferzeiten k\u00f6nnen je nach Ihrem Wohnort oder dem von Ihnen gew\u00e4hlten Produkt variieren. Wir halten Sie jederzeit \u00fcber die Sendungsverfolgung und den Status Ihrer Bestellung auf dem Laufenden. Leider k\u00f6nnen wir keine Verantwortung \u00fcbernehmen, wenn es bei der Versandfirma zu Verz\u00f6gerungen oder Zwischenf\u00e4llen kommt.  <\/p>\n<\/section>\n<section>\n<h2>4. R\u00fcckgabe und R\u00fcckerstattung<\/h2>\n<p>Wenn Ihnen etwas nicht gef\u00e4llt, erkl\u00e4ren wir Ihnen, wie Sie es zur\u00fcckgeben k\u00f6nnen und was mit der R\u00fcckerstattung passiert. In den Umtausch- und R\u00fcckgabebedingungen finden Sie alle verf\u00fcgbaren Informationen.<\/p>\n<\/section>\n<section>\n<h2>5. Geistiges Eigentum<\/h2>\n<p>Alles, was Sie in Papelulandia sehen \u2013 Fotos, Texte, Designs \u2013 geh\u00f6rt uns und darf nicht ohne Genehmigung verwendet werden.<\/p>\n<\/section>\n<section>\n<h2>6. Haftungsausschluss<\/h2>\n<p data-start=\"3416\" data-end=\"3469\">Wir bei Papelulandia tun alles mit viel Liebe und unsere Priorit\u00e4t ist es, Sie als Kunden vom ersten Kontakt an zu betreuen, aber:<\/p>\n<ul data-start=\"3471\" data-end=\"3749\">\n<li data-start=\"3471\" data-end=\"3553\">\n<p data-start=\"3473\" data-end=\"3553\">Wir k\u00f6nnen nicht garantieren, dass alle Informationen auf der Website perfekt oder vollst\u00e4ndig sind. Wenn etwas schief geht, werden wir es korrigieren und verbessern, sobald es entdeckt wurde. <\/p>\n<\/li>\n<li data-start=\"3554\" data-end=\"3688\">\n<p data-start=\"3556\" data-end=\"3688\">Wir \u00fcbernehmen keine Haftung f\u00fcr indirekte Sch\u00e4den, die durch die Nutzung der Website oder der Produkte entstehen k\u00f6nnen, es sei denn, das Gesetz schreibt etwas anderes vor. Wir werden jeden Fall einzeln pr\u00fcfen. <\/p>\n<\/li>\n<\/ul>\n<\/section>\n<section>\n<h2>7. \u00c4nderungen dieser Bedingungen<\/h2>\n<p>Wir k\u00f6nnen diese Bedingungen bei Bedarf aktualisieren, aber Sie haben sie immer hier zur Verf\u00fcgung.<\/p>\n<\/section>\n<section>\n<h2>8. Recht und Gerichte<\/h2>\n<p>Papelulandia unterliegt spanischem Recht und Streitigkeiten werden vor den Gerichten von Santander beigelegt.<\/p>\n<\/section>\n","protected":false},"excerpt":{"rendered":"<p>Hallo! Vielen Dank f\u00fcr Ihren Besuch bei Papelulandia. Bevor Sie Ihren Einkauf t\u00e4tigen, m\u00f6chten wir Ihnen erkl\u00e4ren, wie die Dinge [&hellip;]<\/p>\n","protected":false},"author":1,"featured_media":0,"parent":0,"menu_order":0,"comment_status":"closed","ping_status":"closed","template":"","meta":{"_eb_attr":"","_uag_custom_page_level_css":"","site-sidebar-layout":"default","site-content-layout":"","ast-site-content-layout":"default","site-content-style":"default","site-sidebar-style":"default","ast-global-header-display":"","ast-banner-title-visibility":"","ast-main-header-display":"","ast-hfb-above-header-display":"","ast-hfb-below-header-display":"","ast-hfb-mobile-header-display":"","site-post-title":"","ast-breadcrumbs-content":"","ast-featured-img":"","footer-sml-layout":"","ast-disable-related-posts":"","theme-transparent-header-meta":"","adv-header-id-meta":"","stick-header-meta":"","header-above-stick-meta":"","header-main-stick-meta":"","header-below-stick-meta":"","astra-migrate-meta-layouts":"default","ast-page-background-enabled":"default","ast-page-background-meta":{"desktop":{"background-color":"var(--ast-global-color-4)","background-image":"","background-repeat":"repeat","background-position":"center center","background-size":"auto","background-attachment":"scroll","background-type":"","background-media":"","overlay-type":"","overlay-color":"","overlay-opacity":"","overlay-gradient":""},"tablet":{"background-color":"","background-image":"","background-repeat":"repeat","background-position":"center center","background-size":"auto","background-attachment":"scroll","background-type":"","background-media":"","overlay-type":"","overlay-color":"","overlay-opacity":"","overlay-gradient":""},"mobile":{"background-color":"","background-image":"","background-repeat":"repeat","background-position":"center center","background-size":"auto","background-attachment":"scroll","background-type":"","background-media":"","overlay-type":"","overlay-color":"","overlay-opacity":"","overlay-gradient":""}},"ast-content-background-meta":{"desktop":{"background-color":"var(--ast-global-color-5)","background-image":"","background-repeat":"repeat","background-position":"center center","background-size":"auto","background-attachment":"scroll","background-type":"","background-media":"","overlay-type":"","overlay-color":"","overlay-opacity":"","overlay-gradient":""},"tablet":{"background-color":"var(--ast-global-color-5)","background-image":"","background-repeat":"repeat","background-position":"center center","background-size":"auto","background-attachment":"scroll","background-type":"","background-media":"","overlay-type":"","overlay-color":"","overlay-opacity":"","overlay-gradient":""},"mobile":{"background-color":"var(--ast-global-color-5)","background-image":"","background-repeat":"repeat","background-position":"center center","background-size":"auto","background-attachment":"scroll","background-type":"","background-media":"","overlay-type":"","overlay-color":"","overlay-opacity":"","overlay-gradient":""}},"advanced_seo_description":"","jetpack_seo_html_title":"","jetpack_seo_noindex":false,"footnotes":""},"class_list":["post-801","page","type-page","status-publish","hentry"],"uagb_featured_image_src":{"full":false,"thumbnail":false,"medium":false,"medium_large":false,"large":false,"1536x1536":false,"2048x2048":false,"woocommerce_thumbnail":false,"woocommerce_single":false,"woocommerce_gallery_thumbnail":false,"variation_swatches_image_size":false,"variation_swatches_tooltip_size":false,"dgwt-wcas-product-suggestion":false},"uagb_author_info":{"display_name":"LUCIA DEL CAMPO GUTIERREZ","author_link":"https:\/\/papelulandia.es\/de\/author\/lucamgugmail-com\/"},"uagb_comment_info":0,"uagb_excerpt":"Hallo! Vielen Dank f\u00fcr Ihren Besuch bei Papelulandia. Bevor Sie Ihren Einkauf t\u00e4tigen, m\u00f6chten wir Ihnen erkl\u00e4ren, wie die Dinge [&hellip;]","jetpack_sharing_enabled":true,"_links":{"self":[{"href":"https:\/\/papelulandia.es\/de\/wp-json\/wp\/v2\/pages\/801","targetHints":{"allow":["GET"]}}],"collection":[{"href":"https:\/\/papelulandia.es\/de\/wp-json\/wp\/v2\/pages"}],"about":[{"href":"https:\/\/papelulandia.es\/de\/wp-json\/wp\/v2\/types\/page"}],"author":[{"embeddable":true,"href":"https:\/\/papelulandia.es\/de\/wp-json\/wp\/v2\/users\/1"}],"replies":[{"embeddable":true,"href":"https:\/\/papelulandia.es\/de\/wp-json\/wp\/v2\/comments?post=801"}],"version-history":[{"count":0,"href":"https:\/\/papelulandia.es\/de\/wp-json\/wp\/v2\/pages\/801\/revisions"}],"wp:attachment":[{"href":"https:\/\/papelulandia.es\/de\/wp-json\/wp\/v2\/media?parent=801"}],"curies":[{"name":"wp","href":"https:\/\/api.w.org\/{rel}","templated":true}]}}